{"id":9799,"date":"2025-08-24T10:28:47","date_gmt":"2025-08-24T08:28:47","guid":{"rendered":"https:\/\/dreamfilters.de\/?post_type=product&#038;p=9799"},"modified":"2025-09-09T18:20:56","modified_gmt":"2025-09-09T16:20:56","slug":"prosta-zlaczka-z-gwintami-zewnetrznymi-3-8-bsp-3-8-npt-ze-stali-nierdzewnej","status":"publish","type":"product","link":"https:\/\/dreamfilters.de\/pl\/produkt\/prosta-zlaczka-z-gwintami-zewnetrznymi-3-8-bsp-3-8-npt-ze-stali-nierdzewnej\/","title":{"rendered":"Prosta z\u0142\u0105czka z gwintami zewn\u0119trznymi 3\/8&#8243; BSP &#8211; 3\/8&#8243; NPT <br>ze stali nierdzewnej"},"content":{"rendered":"<p>Wysokiej jako\u015bci prosta z\u0142\u0105czka ze stali nierdzewnej 316 do wody i \u017cywno\u015bci. Trwa\u0142a, higieniczna i do wszechstronnego zastosowania.<\/p>\n\n    <div class=\"xs_social_share_widget xs_share_url after_content \t\tmain_content  wslu-style-1 wslu-share-box-shaped wslu-fill-colored wslu-none wslu-share-horizontal wslu-theme-font-no wslu-main_content\">\n\n\t\t\n        <ul>\n\t\t\t        <\/ul>\n    <\/div> \n","protected":false},"excerpt":{"rendered":"<p>[sep] Niezwykle wytrzyma\u0142y i odporny na korozj\u0119 [sep]<br data-start=\"153\" data-end=\"156\" \/>[sep] Bezpieczny dla \u017cywno\u015bci i higieniczny [sep]<br data-start=\"205\" data-end=\"208\" \/>[sep] Wszechstronne zastosowanie [sep]<br data-start=\"246\" data-end=\"249\" \/>[sep] Wysoka wytrzyma\u0142o\u015b\u0107 mechaniczna, precyzyjne wykonanie [sep]<\/p>\n","protected":false},"featured_media":9808,"template":"","meta":{"_acf_changed":false},"product_brand":[],"product_cat":[22,23,29,30],"product_tag":[],"class_list":{"0":"post-9799","1":"product","2":"type-product","3":"status-publish","4":"has-post-thumbnail","6":"product_cat-czesci-wymienne","7":"product_cat-inne","8":"product_cat-czesci-wymienne-do-biur-i-gastronomii","9":"product_cat-inne-do-biur-i-gastronomii","11":"first","12":"instock","13":"taxable","14":"shipping-taxable","15":"purchasable","16":"product-type-simple"},"acf":[],"yoast_head":"<!-- This site is optimized with the Yoast SEO Premium plugin v25.2 (Yoast SEO v27.1.1) - https:\/\/yoast.com\/product\/yoast-seo-premium-wordpress\/ -->\n<title>Prosta z\u0142\u0105czka 3\/8&quot; BSP x 3\/8&quot; NPT - DreamFilters\u00ae<\/title>\n<meta name=\"description\" content=\"Wysokiej jako\u015bci prosta z\u0142\u0105czka ze stali nierdzewnej 316 do wody i \u017cywno\u015bci. Trwa\u0142a, higieniczna i do wszechstronnego zastosowania.\" \/>\n<meta name=\"robots\" content=\"index, follow, max-snippet:-1, max-image-preview:large, max-video-preview:-1\" \/>\n<link rel=\"canonical\" href=\"https:\/\/dreamfilters.de\/pl\/produkt\/prosta-zlaczka-z-gwintami-zewnetrznymi-3-8-bsp-3-8-npt-ze-stali-nierdzewnej\/\" \/>\n<meta property=\"og:locale\" content=\"pl_PL\" \/>\n<meta property=\"og:type\" content=\"article\" \/>\n<meta property=\"og:title\" content=\"Prosta z\u0142\u0105czka z gwintami zewn\u0119trznymi 3\/8&quot; BSP - 3\/8&quot; NPT ze stali nierdzewnej\" \/>\n<meta property=\"og:description\" content=\"Wysokiej jako\u015bci prosta z\u0142\u0105czka ze stali nierdzewnej 316 do wody i \u017cywno\u015bci. Trwa\u0142a, higieniczna i do wszechstronnego zastosowania.\" \/>\n<meta property=\"og:url\" content=\"https:\/\/dreamfilters.de\/pl\/produkt\/prosta-zlaczka-z-gwintami-zewnetrznymi-3-8-bsp-3-8-npt-ze-stali-nierdzewnej\/\" \/>\n<meta property=\"og:site_name\" content=\"DreamFilters\" \/>\n<meta property=\"article:modified_time\" content=\"2025-09-09T16:20:56+00:00\" \/>\n<meta property=\"og:image\" content=\"https:\/\/dreamfilters.de\/wp-content\/uploads\/2025\/08\/3_8-fittings-12.jpg\" \/>\n\t<meta property=\"og:image:width\" content=\"2500\" \/>\n\t<meta property=\"og:image:height\" content=\"2500\" \/>\n\t<meta property=\"og:image:type\" content=\"image\/jpeg\" \/>\n<meta name=\"twitter:card\" content=\"summary_large_image\" \/>\n<meta name=\"twitter:label1\" content=\"Szacowany czas czytania\" \/>\n\t<meta name=\"twitter:data1\" content=\"1 minuta\" \/>\n<script type=\"application\/ld+json\" class=\"yoast-schema-graph\">{\"@context\":\"https:\/\/schema.org\",\"@graph\":[{\"@type\":\"WebPage\",\"@id\":\"https:\/\/dreamfilters.de\/pl\/produkt\/prosta-zlaczka-z-gwintami-zewnetrznymi-3-8-bsp-3-8-npt-ze-stali-nierdzewnej\/\",\"url\":\"https:\/\/dreamfilters.de\/pl\/produkt\/prosta-zlaczka-z-gwintami-zewnetrznymi-3-8-bsp-3-8-npt-ze-stali-nierdzewnej\/\",\"name\":\"Prosta z\u0142\u0105czka 3\/8\\\" BSP x 3\/8\\\" NPT - DreamFilters\u00ae\",\"isPartOf\":{\"@id\":\"https:\/\/dreamfilters.de\/pl\/#website\"},\"primaryImageOfPage\":{\"@id\":\"https:\/\/dreamfilters.de\/pl\/produkt\/prosta-zlaczka-z-gwintami-zewnetrznymi-3-8-bsp-3-8-npt-ze-stali-nierdzewnej\/#primaryimage\"},\"image\":{\"@id\":\"https:\/\/dreamfilters.de\/pl\/produkt\/prosta-zlaczka-z-gwintami-zewnetrznymi-3-8-bsp-3-8-npt-ze-stali-nierdzewnej\/#primaryimage\"},\"thumbnailUrl\":\"https:\/\/dreamfilters.de\/wp-content\/uploads\/2025\/08\/3_8-fittings-12.jpg\",\"datePublished\":\"2025-08-24T08:28:47+00:00\",\"dateModified\":\"2025-09-09T16:20:56+00:00\",\"description\":\"Wysokiej jako\u015bci prosta z\u0142\u0105czka ze stali nierdzewnej 316 do wody i \u017cywno\u015bci. Trwa\u0142a, higieniczna i do wszechstronnego zastosowania.\",\"breadcrumb\":{\"@id\":\"https:\/\/dreamfilters.de\/pl\/produkt\/prosta-zlaczka-z-gwintami-zewnetrznymi-3-8-bsp-3-8-npt-ze-stali-nierdzewnej\/#breadcrumb\"},\"inLanguage\":\"pl-PL\",\"potentialAction\":[{\"@type\":\"ReadAction\",\"target\":[\"https:\/\/dreamfilters.de\/pl\/produkt\/prosta-zlaczka-z-gwintami-zewnetrznymi-3-8-bsp-3-8-npt-ze-stali-nierdzewnej\/\"]}]},{\"@type\":\"ImageObject\",\"inLanguage\":\"pl-PL\",\"@id\":\"https:\/\/dreamfilters.de\/pl\/produkt\/prosta-zlaczka-z-gwintami-zewnetrznymi-3-8-bsp-3-8-npt-ze-stali-nierdzewnej\/#primaryimage\",\"url\":\"https:\/\/dreamfilters.de\/wp-content\/uploads\/2025\/08\/3_8-fittings-12.jpg\",\"contentUrl\":\"https:\/\/dreamfilters.de\/wp-content\/uploads\/2025\/08\/3_8-fittings-12.jpg\",\"width\":2500,\"height\":2500,\"caption\":\"Doppelnippel 3\/8 BSP - 3\/8 NPT aus Edelstahl\"},{\"@type\":\"BreadcrumbList\",\"@id\":\"https:\/\/dreamfilters.de\/pl\/produkt\/prosta-zlaczka-z-gwintami-zewnetrznymi-3-8-bsp-3-8-npt-ze-stali-nierdzewnej\/#breadcrumb\",\"itemListElement\":[{\"@type\":\"ListItem\",\"position\":1,\"name\":\"Strona g\u0142\u00f3wna\",\"item\":\"https:\/\/dreamfilters.de\/pl\/\"},{\"@type\":\"ListItem\",\"position\":2,\"name\":\"Sklep\",\"item\":\"https:\/\/dreamfilters.de\/shop\/\"},{\"@type\":\"ListItem\",\"position\":3,\"name\":\"Prosta z\u0142\u0105czka z gwintami zewn\u0119trznymi 3\/8&#8243; BSP &#8211; 3\/8&#8243; NPT ze stali nierdzewnej\"}]},{\"@type\":\"WebSite\",\"@id\":\"https:\/\/dreamfilters.de\/pl\/#website\",\"url\":\"https:\/\/dreamfilters.de\/pl\/\",\"name\":\"DreamFilters\u00ae\",\"description\":\"Drink water with pleasure\",\"publisher\":{\"@id\":\"https:\/\/dreamfilters.de\/pl\/#organization\"},\"alternateName\":\"DreamFilters\",\"potentialAction\":[{\"@type\":\"SearchAction\",\"target\":{\"@type\":\"EntryPoint\",\"urlTemplate\":\"https:\/\/dreamfilters.de\/pl\/?s={search_term_string}\"},\"query-input\":{\"@type\":\"PropertyValueSpecification\",\"valueRequired\":true,\"valueName\":\"search_term_string\"}}],\"inLanguage\":\"pl-PL\"},{\"@type\":\"Organization\",\"@id\":\"https:\/\/dreamfilters.de\/pl\/#organization\",\"name\":\"DreamFilters\u00ae\",\"url\":\"https:\/\/dreamfilters.de\/pl\/\",\"logo\":{\"@type\":\"ImageObject\",\"inLanguage\":\"pl-PL\",\"@id\":\"https:\/\/dreamfilters.de\/pl\/#\/schema\/logo\/image\/\",\"url\":\"https:\/\/dreamfilters.de\/wp-content\/uploads\/2022\/12\/dream_filters_logo_black_F_CMYK.png\",\"contentUrl\":\"https:\/\/dreamfilters.de\/wp-content\/uploads\/2022\/12\/dream_filters_logo_black_F_CMYK.png\",\"width\":464,\"height\":588,\"caption\":\"DreamFilters\u00ae\"},\"image\":{\"@id\":\"https:\/\/dreamfilters.de\/pl\/#\/schema\/logo\/image\/\"},\"sameAs\":[\"https:\/\/www.youtube.com\/@dreamfilters6095\"]}]}<\/script>\n<!-- \/ Yoast SEO Premium plugin. -->","yoast_head_json":{"title":"Prosta z\u0142\u0105czka 3\/8\" BSP x 3\/8\" NPT - DreamFilters\u00ae","description":"Wysokiej jako\u015bci prosta z\u0142\u0105czka ze stali nierdzewnej 316 do wody i \u017cywno\u015bci. Trwa\u0142a, higieniczna i do wszechstronnego zastosowania.","robots":{"index":"index","follow":"follow","max-snippet":"max-snippet:-1","max-image-preview":"max-image-preview:large","max-video-preview":"max-video-preview:-1"},"canonical":"https:\/\/dreamfilters.de\/pl\/produkt\/prosta-zlaczka-z-gwintami-zewnetrznymi-3-8-bsp-3-8-npt-ze-stali-nierdzewnej\/","og_locale":"pl_PL","og_type":"article","og_title":"Prosta z\u0142\u0105czka z gwintami zewn\u0119trznymi 3\/8\" BSP - 3\/8\" NPT ze stali nierdzewnej","og_description":"Wysokiej jako\u015bci prosta z\u0142\u0105czka ze stali nierdzewnej 316 do wody i \u017cywno\u015bci. Trwa\u0142a, higieniczna i do wszechstronnego zastosowania.","og_url":"https:\/\/dreamfilters.de\/pl\/produkt\/prosta-zlaczka-z-gwintami-zewnetrznymi-3-8-bsp-3-8-npt-ze-stali-nierdzewnej\/","og_site_name":"DreamFilters","article_modified_time":"2025-09-09T16:20:56+00:00","og_image":[{"width":2500,"height":2500,"url":"https:\/\/dreamfilters.de\/wp-content\/uploads\/2025\/08\/3_8-fittings-12.jpg","type":"image\/jpeg"}],"twitter_card":"summary_large_image","twitter_misc":{"Szacowany czas czytania":"1 minuta"},"schema":{"@context":"https:\/\/schema.org","@graph":[{"@type":"WebPage","@id":"https:\/\/dreamfilters.de\/pl\/produkt\/prosta-zlaczka-z-gwintami-zewnetrznymi-3-8-bsp-3-8-npt-ze-stali-nierdzewnej\/","url":"https:\/\/dreamfilters.de\/pl\/produkt\/prosta-zlaczka-z-gwintami-zewnetrznymi-3-8-bsp-3-8-npt-ze-stali-nierdzewnej\/","name":"Prosta z\u0142\u0105czka 3\/8\" BSP x 3\/8\" NPT - DreamFilters\u00ae","isPartOf":{"@id":"https:\/\/dreamfilters.de\/pl\/#website"},"primaryImageOfPage":{"@id":"https:\/\/dreamfilters.de\/pl\/produkt\/prosta-zlaczka-z-gwintami-zewnetrznymi-3-8-bsp-3-8-npt-ze-stali-nierdzewnej\/#primaryimage"},"image":{"@id":"https:\/\/dreamfilters.de\/pl\/produkt\/prosta-zlaczka-z-gwintami-zewnetrznymi-3-8-bsp-3-8-npt-ze-stali-nierdzewnej\/#primaryimage"},"thumbnailUrl":"https:\/\/dreamfilters.de\/wp-content\/uploads\/2025\/08\/3_8-fittings-12.jpg","datePublished":"2025-08-24T08:28:47+00:00","dateModified":"2025-09-09T16:20:56+00:00","description":"Wysokiej jako\u015bci prosta z\u0142\u0105czka ze stali nierdzewnej 316 do wody i \u017cywno\u015bci. Trwa\u0142a, higieniczna i do wszechstronnego zastosowania.","breadcrumb":{"@id":"https:\/\/dreamfilters.de\/pl\/produkt\/prosta-zlaczka-z-gwintami-zewnetrznymi-3-8-bsp-3-8-npt-ze-stali-nierdzewnej\/#breadcrumb"},"inLanguage":"pl-PL","potentialAction":[{"@type":"ReadAction","target":["https:\/\/dreamfilters.de\/pl\/produkt\/prosta-zlaczka-z-gwintami-zewnetrznymi-3-8-bsp-3-8-npt-ze-stali-nierdzewnej\/"]}]},{"@type":"ImageObject","inLanguage":"pl-PL","@id":"https:\/\/dreamfilters.de\/pl\/produkt\/prosta-zlaczka-z-gwintami-zewnetrznymi-3-8-bsp-3-8-npt-ze-stali-nierdzewnej\/#primaryimage","url":"https:\/\/dreamfilters.de\/wp-content\/uploads\/2025\/08\/3_8-fittings-12.jpg","contentUrl":"https:\/\/dreamfilters.de\/wp-content\/uploads\/2025\/08\/3_8-fittings-12.jpg","width":2500,"height":2500,"caption":"Doppelnippel 3\/8 BSP - 3\/8 NPT aus Edelstahl"},{"@type":"BreadcrumbList","@id":"https:\/\/dreamfilters.de\/pl\/produkt\/prosta-zlaczka-z-gwintami-zewnetrznymi-3-8-bsp-3-8-npt-ze-stali-nierdzewnej\/#breadcrumb","itemListElement":[{"@type":"ListItem","position":1,"name":"Strona g\u0142\u00f3wna","item":"https:\/\/dreamfilters.de\/pl\/"},{"@type":"ListItem","position":2,"name":"Sklep","item":"https:\/\/dreamfilters.de\/shop\/"},{"@type":"ListItem","position":3,"name":"Prosta z\u0142\u0105czka z gwintami zewn\u0119trznymi 3\/8&#8243; BSP &#8211; 3\/8&#8243; NPT ze stali nierdzewnej"}]},{"@type":"WebSite","@id":"https:\/\/dreamfilters.de\/pl\/#website","url":"https:\/\/dreamfilters.de\/pl\/","name":"DreamFilters\u00ae","description":"Drink water with pleasure","publisher":{"@id":"https:\/\/dreamfilters.de\/pl\/#organization"},"alternateName":"DreamFilters","potentialAction":[{"@type":"SearchAction","target":{"@type":"EntryPoint","urlTemplate":"https:\/\/dreamfilters.de\/pl\/?s={search_term_string}"},"query-input":{"@type":"PropertyValueSpecification","valueRequired":true,"valueName":"search_term_string"}}],"inLanguage":"pl-PL"},{"@type":"Organization","@id":"https:\/\/dreamfilters.de\/pl\/#organization","name":"DreamFilters\u00ae","url":"https:\/\/dreamfilters.de\/pl\/","logo":{"@type":"ImageObject","inLanguage":"pl-PL","@id":"https:\/\/dreamfilters.de\/pl\/#\/schema\/logo\/image\/","url":"https:\/\/dreamfilters.de\/wp-content\/uploads\/2022\/12\/dream_filters_logo_black_F_CMYK.png","contentUrl":"https:\/\/dreamfilters.de\/wp-content\/uploads\/2022\/12\/dream_filters_logo_black_F_CMYK.png","width":464,"height":588,"caption":"DreamFilters\u00ae"},"image":{"@id":"https:\/\/dreamfilters.de\/pl\/#\/schema\/logo\/image\/"},"sameAs":["https:\/\/www.youtube.com\/@dreamfilters6095"]}]}},"_links":{"self":[{"href":"https:\/\/dreamfilters.de\/pl\/wp-json\/wp\/v2\/product\/9799","targetHints":{"allow":["GET"]}}],"collection":[{"href":"https:\/\/dreamfilters.de\/pl\/wp-json\/wp\/v2\/product"}],"about":[{"href":"https:\/\/dreamfilters.de\/pl\/wp-json\/wp\/v2\/types\/product"}],"wp:featuredmedia":[{"embeddable":true,"href":"https:\/\/dreamfilters.de\/pl\/wp-json\/wp\/v2\/media\/9808"}],"wp:attachment":[{"href":"https:\/\/dreamfilters.de\/pl\/wp-json\/wp\/v2\/media?parent=9799"}],"wp:term":[{"taxonomy":"product_brand","embeddable":true,"href":"https:\/\/dreamfilters.de\/pl\/wp-json\/wp\/v2\/product_brand?post=9799"},{"taxonomy":"product_cat","embeddable":true,"href":"https:\/\/dreamfilters.de\/pl\/wp-json\/wp\/v2\/product_cat?post=9799"},{"taxonomy":"product_tag","embeddable":true,"href":"https:\/\/dreamfilters.de\/pl\/wp-json\/wp\/v2\/product_tag?post=9799"}],"curies":[{"name":"wp","href":"https:\/\/api.w.org\/{rel}","templated":true}]}}