{"id":9609,"date":"2025-08-05T15:33:31","date_gmt":"2025-08-05T13:33:31","guid":{"rendered":"https:\/\/dreamfilters.de\/?post_type=product&#038;p=9609"},"modified":"2026-04-23T00:13:54","modified_gmt":"2026-04-22T22:13:54","slug":"szuflada-teleskopowa-balance-do-thermomixa-tm6-tm5","status":"publish","type":"product","link":"https:\/\/dreamfilters.de\/pl\/produkt\/szuflada-teleskopowa-balance-do-thermomixa-tm6-tm5\/","title":{"rendered":"Szuflada teleskopowa <i>\u201eBalance\u201d<\/i><br>do Thermomixa TM6\/TM5.<br> Wysuwana szuflada nie <br>wymagaj\u0105ca monta\u017cu, z przeciwwag\u0105."},"content":{"rendered":"<p>Wysuwana szuflada Balance do Thermomixa TM6\/TM5 \u2013 stabilna dzi\u0119ki przeciwwadze 22,5\u202fkg, bez wiercenia ani sta\u0142ego monta\u017cu. Elastyczna i gotowa do u\u017cycia od razu!<\/p>\n\n    <div class=\"xs_social_share_widget xs_share_url after_content \t\tmain_content  wslu-style-1 wslu-share-box-shaped wslu-fill-colored wslu-none wslu-share-horizontal wslu-theme-font-no wslu-main_content\">\n\n\t\t\n        <ul>\n\t\t\t        <\/ul>\n    <\/div> \n","protected":false},"excerpt":{"rendered":"<p>[sep] Idealnie dopasowana do Thermomixa TM6\/TM5 [sep]<br \/>\n[sep] Bez monta\u017cu dzi\u0119ki przeciwwadze 22,5\u202fkg [sep]<br \/>\n[sep] Zapobiega uszkodzeniom szafek wisz\u0105cych spowodowanym par\u0105 [sep]<br \/>\n[sep] Poch\u0142ania wibracje podczas siekania i miksowania [sep]<br \/>\n[sep] Stabilna i odporna na przechy\u0142y \u2013 nawet przy pe\u0142nym obci\u0105\u017ceniu [sep]<br \/>\n[sep] Do u\u017cycia od r\u0119ki \u2013 postaw j\u0105 tam, gdzie chcesz [sep]<\/p>\n","protected":false},"featured_media":9615,"template":"","meta":{"_acf_changed":false},"product_brand":[],"product_cat":[366],"product_tag":[],"class_list":{"0":"post-9609","1":"product","2":"type-product","3":"status-publish","4":"has-post-thumbnail","6":"product_cat-teleskopowe-wysuwy-do-urzadzen-kuchennych","7":"product_shipping_class-spedycja","9":"first","10":"instock","11":"sold-individually","12":"taxable","13":"shipping-taxable","14":"purchasable","15":"product-type-simple"},"acf":[],"yoast_head":"<!-- This site is optimized with the Yoast SEO Premium plugin v25.2 (Yoast SEO v27.1.1) - https:\/\/yoast.com\/product\/yoast-seo-premium-wordpress\/ -->\n<title>Szuflada teleskopowa \u201eBalance\u201d do Thermomixa \u2013 bez monta\u017cu.<\/title>\n<meta name=\"description\" content=\"Wysuwana szuflada do Thermomixa TM6\/TM5 \u2013 stabilna dzi\u0119ki przeciwwadze 22,5\u202fkg, bez wiercenia ani sta\u0142ego monta\u017cu. Elastyczna i gotowa do u\u017cycia od razu!\" \/>\n<meta name=\"robots\" content=\"index, follow, max-snippet:-1, max-image-preview:large, max-video-preview:-1\" \/>\n<link rel=\"canonical\" href=\"https:\/\/dreamfilters.de\/pl\/produkt\/szuflada-teleskopowa-balance-do-thermomixa-tm6-tm5\/\" \/>\n<meta property=\"og:locale\" content=\"pl_PL\" \/>\n<meta property=\"og:type\" content=\"article\" \/>\n<meta property=\"og:title\" content=\"Szuflada teleskopowa \u201eBalance\u201ddo Thermomixa TM6\/TM5. Wysuwana szuflada nie wymagaj\u0105ca monta\u017cu, z przeciwwag\u0105.\" \/>\n<meta property=\"og:description\" content=\"Wysuwana szuflada do Thermomixa TM6\/TM5 \u2013 stabilna dzi\u0119ki przeciwwadze 22,5\u202fkg, bez wiercenia ani sta\u0142ego monta\u017cu. Elastyczna i gotowa do u\u017cycia od razu!\" \/>\n<meta property=\"og:url\" content=\"https:\/\/dreamfilters.de\/pl\/produkt\/szuflada-teleskopowa-balance-do-thermomixa-tm6-tm5\/\" \/>\n<meta property=\"og:site_name\" content=\"DreamFilters\" \/>\n<meta property=\"article:modified_time\" content=\"2026-04-22T22:13:54+00:00\" \/>\n<meta property=\"og:image\" content=\"https:\/\/dreamfilters.de\/wp-content\/uploads\/2025\/08\/dreamfilters-teleskopschublade-fuer-thermomix-tm6.jpg\" \/>\n\t<meta property=\"og:image:width\" content=\"2500\" \/>\n\t<meta property=\"og:image:height\" content=\"2501\" \/>\n\t<meta property=\"og:image:type\" content=\"image\/jpeg\" \/>\n<meta name=\"twitter:card\" content=\"summary_large_image\" \/>\n<meta name=\"twitter:label1\" content=\"Szacowany czas czytania\" \/>\n\t<meta name=\"twitter:data1\" content=\"1 minuta\" \/>\n<script type=\"application\/ld+json\" class=\"yoast-schema-graph\">{\"@context\":\"https:\/\/schema.org\",\"@graph\":[{\"@type\":\"WebPage\",\"@id\":\"https:\/\/dreamfilters.de\/pl\/produkt\/szuflada-teleskopowa-balance-do-thermomixa-tm6-tm5\/\",\"url\":\"https:\/\/dreamfilters.de\/pl\/produkt\/szuflada-teleskopowa-balance-do-thermomixa-tm6-tm5\/\",\"name\":\"Szuflada teleskopowa \u201eBalance\u201d do Thermomixa \u2013 bez monta\u017cu.\",\"isPartOf\":{\"@id\":\"https:\/\/dreamfilters.de\/pl\/#website\"},\"primaryImageOfPage\":{\"@id\":\"https:\/\/dreamfilters.de\/pl\/produkt\/szuflada-teleskopowa-balance-do-thermomixa-tm6-tm5\/#primaryimage\"},\"image\":{\"@id\":\"https:\/\/dreamfilters.de\/pl\/produkt\/szuflada-teleskopowa-balance-do-thermomixa-tm6-tm5\/#primaryimage\"},\"thumbnailUrl\":\"https:\/\/dreamfilters.de\/wp-content\/uploads\/2025\/08\/dreamfilters-teleskopschublade-fuer-thermomix-tm6.jpg\",\"datePublished\":\"2025-08-05T13:33:31+00:00\",\"dateModified\":\"2026-04-22T22:13:54+00:00\",\"description\":\"Wysuwana szuflada do Thermomixa TM6\/TM5 \u2013 stabilna dzi\u0119ki przeciwwadze 22,5\u202fkg, bez wiercenia ani sta\u0142ego monta\u017cu. Elastyczna i gotowa do u\u017cycia od razu!\",\"breadcrumb\":{\"@id\":\"https:\/\/dreamfilters.de\/pl\/produkt\/szuflada-teleskopowa-balance-do-thermomixa-tm6-tm5\/#breadcrumb\"},\"inLanguage\":\"pl-PL\",\"potentialAction\":[{\"@type\":\"ReadAction\",\"target\":[\"https:\/\/dreamfilters.de\/pl\/produkt\/szuflada-teleskopowa-balance-do-thermomixa-tm6-tm5\/\"]}]},{\"@type\":\"ImageObject\",\"inLanguage\":\"pl-PL\",\"@id\":\"https:\/\/dreamfilters.de\/pl\/produkt\/szuflada-teleskopowa-balance-do-thermomixa-tm6-tm5\/#primaryimage\",\"url\":\"https:\/\/dreamfilters.de\/wp-content\/uploads\/2025\/08\/dreamfilters-teleskopschublade-fuer-thermomix-tm6.jpg\",\"contentUrl\":\"https:\/\/dreamfilters.de\/wp-content\/uploads\/2025\/08\/dreamfilters-teleskopschublade-fuer-thermomix-tm6.jpg\",\"width\":2500,\"height\":2501,\"caption\":\"Teleskopschublade f\u00fcr Thermomix in Silber\"},{\"@type\":\"BreadcrumbList\",\"@id\":\"https:\/\/dreamfilters.de\/pl\/produkt\/szuflada-teleskopowa-balance-do-thermomixa-tm6-tm5\/#breadcrumb\",\"itemListElement\":[{\"@type\":\"ListItem\",\"position\":1,\"name\":\"Strona g\u0142\u00f3wna\",\"item\":\"https:\/\/dreamfilters.de\/pl\/\"},{\"@type\":\"ListItem\",\"position\":2,\"name\":\"Sklep\",\"item\":\"https:\/\/dreamfilters.de\/shop\/\"},{\"@type\":\"ListItem\",\"position\":3,\"name\":\"Szuflada teleskopowa \u201eBalance\u201ddo Thermomixa TM6\/TM5. Wysuwana szuflada nie wymagaj\u0105ca monta\u017cu, z przeciwwag\u0105.\"}]},{\"@type\":\"WebSite\",\"@id\":\"https:\/\/dreamfilters.de\/pl\/#website\",\"url\":\"https:\/\/dreamfilters.de\/pl\/\",\"name\":\"DreamFilters\u00ae\",\"description\":\"Drink water with pleasure\",\"publisher\":{\"@id\":\"https:\/\/dreamfilters.de\/pl\/#organization\"},\"alternateName\":\"DreamFilters\",\"potentialAction\":[{\"@type\":\"SearchAction\",\"target\":{\"@type\":\"EntryPoint\",\"urlTemplate\":\"https:\/\/dreamfilters.de\/pl\/?s={search_term_string}\"},\"query-input\":{\"@type\":\"PropertyValueSpecification\",\"valueRequired\":true,\"valueName\":\"search_term_string\"}}],\"inLanguage\":\"pl-PL\"},{\"@type\":\"Organization\",\"@id\":\"https:\/\/dreamfilters.de\/pl\/#organization\",\"name\":\"DreamFilters\u00ae\",\"url\":\"https:\/\/dreamfilters.de\/pl\/\",\"logo\":{\"@type\":\"ImageObject\",\"inLanguage\":\"pl-PL\",\"@id\":\"https:\/\/dreamfilters.de\/pl\/#\/schema\/logo\/image\/\",\"url\":\"https:\/\/dreamfilters.de\/wp-content\/uploads\/2022\/12\/dream_filters_logo_black_F_CMYK.png\",\"contentUrl\":\"https:\/\/dreamfilters.de\/wp-content\/uploads\/2022\/12\/dream_filters_logo_black_F_CMYK.png\",\"width\":464,\"height\":588,\"caption\":\"DreamFilters\u00ae\"},\"image\":{\"@id\":\"https:\/\/dreamfilters.de\/pl\/#\/schema\/logo\/image\/\"},\"sameAs\":[\"https:\/\/www.youtube.com\/@dreamfilters6095\"]}]}<\/script>\n<!-- \/ Yoast SEO Premium plugin. -->","yoast_head_json":{"title":"Szuflada teleskopowa \u201eBalance\u201d do Thermomixa \u2013 bez monta\u017cu.","description":"Wysuwana szuflada do Thermomixa TM6\/TM5 \u2013 stabilna dzi\u0119ki przeciwwadze 22,5\u202fkg, bez wiercenia ani sta\u0142ego monta\u017cu. Elastyczna i gotowa do u\u017cycia od razu!","robots":{"index":"index","follow":"follow","max-snippet":"max-snippet:-1","max-image-preview":"max-image-preview:large","max-video-preview":"max-video-preview:-1"},"canonical":"https:\/\/dreamfilters.de\/pl\/produkt\/szuflada-teleskopowa-balance-do-thermomixa-tm6-tm5\/","og_locale":"pl_PL","og_type":"article","og_title":"Szuflada teleskopowa \u201eBalance\u201ddo Thermomixa TM6\/TM5. Wysuwana szuflada nie wymagaj\u0105ca monta\u017cu, z przeciwwag\u0105.","og_description":"Wysuwana szuflada do Thermomixa TM6\/TM5 \u2013 stabilna dzi\u0119ki przeciwwadze 22,5\u202fkg, bez wiercenia ani sta\u0142ego monta\u017cu. Elastyczna i gotowa do u\u017cycia od razu!","og_url":"https:\/\/dreamfilters.de\/pl\/produkt\/szuflada-teleskopowa-balance-do-thermomixa-tm6-tm5\/","og_site_name":"DreamFilters","article_modified_time":"2026-04-22T22:13:54+00:00","og_image":[{"width":2500,"height":2501,"url":"https:\/\/dreamfilters.de\/wp-content\/uploads\/2025\/08\/dreamfilters-teleskopschublade-fuer-thermomix-tm6.jpg","type":"image\/jpeg"}],"twitter_card":"summary_large_image","twitter_misc":{"Szacowany czas czytania":"1 minuta"},"schema":{"@context":"https:\/\/schema.org","@graph":[{"@type":"WebPage","@id":"https:\/\/dreamfilters.de\/pl\/produkt\/szuflada-teleskopowa-balance-do-thermomixa-tm6-tm5\/","url":"https:\/\/dreamfilters.de\/pl\/produkt\/szuflada-teleskopowa-balance-do-thermomixa-tm6-tm5\/","name":"Szuflada teleskopowa \u201eBalance\u201d do Thermomixa \u2013 bez monta\u017cu.","isPartOf":{"@id":"https:\/\/dreamfilters.de\/pl\/#website"},"primaryImageOfPage":{"@id":"https:\/\/dreamfilters.de\/pl\/produkt\/szuflada-teleskopowa-balance-do-thermomixa-tm6-tm5\/#primaryimage"},"image":{"@id":"https:\/\/dreamfilters.de\/pl\/produkt\/szuflada-teleskopowa-balance-do-thermomixa-tm6-tm5\/#primaryimage"},"thumbnailUrl":"https:\/\/dreamfilters.de\/wp-content\/uploads\/2025\/08\/dreamfilters-teleskopschublade-fuer-thermomix-tm6.jpg","datePublished":"2025-08-05T13:33:31+00:00","dateModified":"2026-04-22T22:13:54+00:00","description":"Wysuwana szuflada do Thermomixa TM6\/TM5 \u2013 stabilna dzi\u0119ki przeciwwadze 22,5\u202fkg, bez wiercenia ani sta\u0142ego monta\u017cu. Elastyczna i gotowa do u\u017cycia od razu!","breadcrumb":{"@id":"https:\/\/dreamfilters.de\/pl\/produkt\/szuflada-teleskopowa-balance-do-thermomixa-tm6-tm5\/#breadcrumb"},"inLanguage":"pl-PL","potentialAction":[{"@type":"ReadAction","target":["https:\/\/dreamfilters.de\/pl\/produkt\/szuflada-teleskopowa-balance-do-thermomixa-tm6-tm5\/"]}]},{"@type":"ImageObject","inLanguage":"pl-PL","@id":"https:\/\/dreamfilters.de\/pl\/produkt\/szuflada-teleskopowa-balance-do-thermomixa-tm6-tm5\/#primaryimage","url":"https:\/\/dreamfilters.de\/wp-content\/uploads\/2025\/08\/dreamfilters-teleskopschublade-fuer-thermomix-tm6.jpg","contentUrl":"https:\/\/dreamfilters.de\/wp-content\/uploads\/2025\/08\/dreamfilters-teleskopschublade-fuer-thermomix-tm6.jpg","width":2500,"height":2501,"caption":"Teleskopschublade f\u00fcr Thermomix in Silber"},{"@type":"BreadcrumbList","@id":"https:\/\/dreamfilters.de\/pl\/produkt\/szuflada-teleskopowa-balance-do-thermomixa-tm6-tm5\/#breadcrumb","itemListElement":[{"@type":"ListItem","position":1,"name":"Strona g\u0142\u00f3wna","item":"https:\/\/dreamfilters.de\/pl\/"},{"@type":"ListItem","position":2,"name":"Sklep","item":"https:\/\/dreamfilters.de\/shop\/"},{"@type":"ListItem","position":3,"name":"Szuflada teleskopowa \u201eBalance\u201ddo Thermomixa TM6\/TM5. Wysuwana szuflada nie wymagaj\u0105ca monta\u017cu, z przeciwwag\u0105."}]},{"@type":"WebSite","@id":"https:\/\/dreamfilters.de\/pl\/#website","url":"https:\/\/dreamfilters.de\/pl\/","name":"DreamFilters\u00ae","description":"Drink water with pleasure","publisher":{"@id":"https:\/\/dreamfilters.de\/pl\/#organization"},"alternateName":"DreamFilters","potentialAction":[{"@type":"SearchAction","target":{"@type":"EntryPoint","urlTemplate":"https:\/\/dreamfilters.de\/pl\/?s={search_term_string}"},"query-input":{"@type":"PropertyValueSpecification","valueRequired":true,"valueName":"search_term_string"}}],"inLanguage":"pl-PL"},{"@type":"Organization","@id":"https:\/\/dreamfilters.de\/pl\/#organization","name":"DreamFilters\u00ae","url":"https:\/\/dreamfilters.de\/pl\/","logo":{"@type":"ImageObject","inLanguage":"pl-PL","@id":"https:\/\/dreamfilters.de\/pl\/#\/schema\/logo\/image\/","url":"https:\/\/dreamfilters.de\/wp-content\/uploads\/2022\/12\/dream_filters_logo_black_F_CMYK.png","contentUrl":"https:\/\/dreamfilters.de\/wp-content\/uploads\/2022\/12\/dream_filters_logo_black_F_CMYK.png","width":464,"height":588,"caption":"DreamFilters\u00ae"},"image":{"@id":"https:\/\/dreamfilters.de\/pl\/#\/schema\/logo\/image\/"},"sameAs":["https:\/\/www.youtube.com\/@dreamfilters6095"]}]}},"_links":{"self":[{"href":"https:\/\/dreamfilters.de\/pl\/wp-json\/wp\/v2\/product\/9609","targetHints":{"allow":["GET"]}}],"collection":[{"href":"https:\/\/dreamfilters.de\/pl\/wp-json\/wp\/v2\/product"}],"about":[{"href":"https:\/\/dreamfilters.de\/pl\/wp-json\/wp\/v2\/types\/product"}],"wp:featuredmedia":[{"embeddable":true,"href":"https:\/\/dreamfilters.de\/pl\/wp-json\/wp\/v2\/media\/9615"}],"wp:attachment":[{"href":"https:\/\/dreamfilters.de\/pl\/wp-json\/wp\/v2\/media?parent=9609"}],"wp:term":[{"taxonomy":"product_brand","embeddable":true,"href":"https:\/\/dreamfilters.de\/pl\/wp-json\/wp\/v2\/product_brand?post=9609"},{"taxonomy":"product_cat","embeddable":true,"href":"https:\/\/dreamfilters.de\/pl\/wp-json\/wp\/v2\/product_cat?post=9609"},{"taxonomy":"product_tag","embeddable":true,"href":"https:\/\/dreamfilters.de\/pl\/wp-json\/wp\/v2\/product_tag?post=9609"}],"curies":[{"name":"wp","href":"https:\/\/api.w.org\/{rel}","templated":true}]}}