{"id":9299,"date":"2025-05-27T08:51:10","date_gmt":"2025-06-09T08:33:06","guid":{"rendered":"https:\/\/dreamfilters.de\/?post_type=product&#038;p=9299"},"modified":"2025-06-09T10:37:45","modified_gmt":"2025-06-09T08:37:45","slug":"roczny-zestaw-filtrow-do-aqua-home-led-uv-c","status":"publish","type":"product","link":"https:\/\/dreamfilters.de\/pl\/produkt\/roczny-zestaw-filtrow-do-aqua-home-led-uv-c\/","title":{"rendered":"Roczny zestaw  filtr\u00f3w do<br> Aqua Home LED UV-C"},"content":{"rendered":"<p>Roczny zestaw filtr\u00f3w do Aqua Home LED UV-C, Aqua E-Single i Aqua Single, wyposa\u017cony w cztery modu\u0142y wst\u0119pnej filtracji, modu\u0142 mineralizuj\u0105cy wod\u0119 oraz jeden modu\u0142 z w\u0119glem aktywnym.<\/p>\n\n    <div class=\"xs_social_share_widget xs_share_url after_content \t\tmain_content  wslu-style-1 wslu-share-box-shaped wslu-fill-colored wslu-none wslu-share-horizontal wslu-theme-font-no wslu-main_content\">\n\n\t\t\n        <ul>\n\t\t\t        <\/ul>\n    <\/div> \n","protected":false},"excerpt":{"rendered":"<p>[sep] Filtr sedymentacyjny 5 mikronowy [sep]<br \/>\n[sep] Filtr sedymentacyjny 1 mikron [sep]<br \/>\n[sep] Ultrafiltracja + w\u0142\u00f3kno z w\u0119glem aktywnym i jonami srebra [sep]<br \/>\n[sep] Filtr mineralizuj\u0105cy [sep]<br \/>\n[sep] Filtr z w\u0119glem aktywnym [sep]  <\/p>\n","protected":false},"featured_media":9295,"template":"","meta":{"_acf_changed":false},"product_brand":[],"product_cat":[24,18,21],"product_tag":[],"class_list":{"0":"post-9299","1":"product","2":"type-product","3":"status-publish","4":"has-post-thumbnail","6":"product_cat-dla-domu","7":"product_cat-aqua-home","8":"product_cat-filtry-wymienne","9":"product_shipping_class-paczka-m","11":"first","12":"instock","13":"taxable","14":"shipping-taxable","15":"purchasable","16":"product-type-simple"},"acf":[],"yoast_head":"<!-- This site is optimized with the Yoast SEO Premium plugin v25.2 (Yoast SEO v27.1.1) - https:\/\/yoast.com\/product\/yoast-seo-premium-wordpress\/ -->\n<title>Roczny zestaw filtr\u00f3w do Aqua Home LED UV-C<\/title>\n<meta name=\"description\" content=\"Roczny zestaw filtr\u00f3w do Aqua Home LED UV-C, Aqua E-Single i Aqua Single, wyposa\u017cony w cztery modu\u0142y wst\u0119pnej filtracji, modu\u0142 mineralizuj\u0105cy i w\u0119glowy.\" \/>\n<meta name=\"robots\" content=\"index, follow, max-snippet:-1, max-image-preview:large, max-video-preview:-1\" \/>\n<link rel=\"canonical\" href=\"https:\/\/dreamfilters.de\/pl\/produkt\/roczny-zestaw-filtrow-do-aqua-home-led-uv-c\/\" \/>\n<meta property=\"og:locale\" content=\"pl_PL\" \/>\n<meta property=\"og:type\" content=\"article\" \/>\n<meta property=\"og:title\" content=\"Roczny zestaw filtr\u00f3w do Aqua Home LED UV-C\" \/>\n<meta property=\"og:description\" content=\"Roczny zestaw filtr\u00f3w do Aqua Home LED UV-C, Aqua E-Single i Aqua Single, wyposa\u017cony w cztery modu\u0142y wst\u0119pnej filtracji, modu\u0142 mineralizuj\u0105cy i w\u0119glowy.\" \/>\n<meta property=\"og:url\" content=\"https:\/\/dreamfilters.de\/pl\/produkt\/roczny-zestaw-filtrow-do-aqua-home-led-uv-c\/\" \/>\n<meta property=\"og:site_name\" content=\"DreamFilters\" \/>\n<meta property=\"article:modified_time\" content=\"2025-06-09T08:37:45+00:00\" \/>\n<meta property=\"og:image\" content=\"https:\/\/dreamfilters.de\/wp-content\/uploads\/2025\/05\/jahres-set-fuer-aqua-home-led-uvc.jpg\" \/>\n\t<meta property=\"og:image:width\" content=\"2000\" \/>\n\t<meta property=\"og:image:height\" content=\"2000\" \/>\n\t<meta property=\"og:image:type\" content=\"image\/jpeg\" \/>\n<meta name=\"twitter:card\" content=\"summary_large_image\" \/>\n<meta name=\"twitter:label1\" content=\"Szacowany czas czytania\" \/>\n\t<meta name=\"twitter:data1\" content=\"1 minuta\" \/>\n<script type=\"application\/ld+json\" class=\"yoast-schema-graph\">{\"@context\":\"https:\/\/schema.org\",\"@graph\":[{\"@type\":\"WebPage\",\"@id\":\"https:\/\/dreamfilters.de\/pl\/produkt\/roczny-zestaw-filtrow-do-aqua-home-led-uv-c\/\",\"url\":\"https:\/\/dreamfilters.de\/pl\/produkt\/roczny-zestaw-filtrow-do-aqua-home-led-uv-c\/\",\"name\":\"Roczny zestaw filtr\u00f3w do Aqua Home LED UV-C\",\"isPartOf\":{\"@id\":\"https:\/\/dreamfilters.de\/pl\/#website\"},\"primaryImageOfPage\":{\"@id\":\"https:\/\/dreamfilters.de\/pl\/produkt\/roczny-zestaw-filtrow-do-aqua-home-led-uv-c\/#primaryimage\"},\"image\":{\"@id\":\"https:\/\/dreamfilters.de\/pl\/produkt\/roczny-zestaw-filtrow-do-aqua-home-led-uv-c\/#primaryimage\"},\"thumbnailUrl\":\"https:\/\/dreamfilters.de\/wp-content\/uploads\/2025\/05\/jahres-set-fuer-aqua-home-led-uvc.jpg\",\"datePublished\":\"2025-06-09T08:33:06+00:00\",\"dateModified\":\"2025-06-09T08:37:45+00:00\",\"description\":\"Roczny zestaw filtr\u00f3w do Aqua Home LED UV-C, Aqua E-Single i Aqua Single, wyposa\u017cony w cztery modu\u0142y wst\u0119pnej filtracji, modu\u0142 mineralizuj\u0105cy i w\u0119glowy.\",\"breadcrumb\":{\"@id\":\"https:\/\/dreamfilters.de\/pl\/produkt\/roczny-zestaw-filtrow-do-aqua-home-led-uv-c\/#breadcrumb\"},\"inLanguage\":\"pl-PL\",\"potentialAction\":[{\"@type\":\"ReadAction\",\"target\":[\"https:\/\/dreamfilters.de\/pl\/produkt\/roczny-zestaw-filtrow-do-aqua-home-led-uv-c\/\"]}]},{\"@type\":\"ImageObject\",\"inLanguage\":\"pl-PL\",\"@id\":\"https:\/\/dreamfilters.de\/pl\/produkt\/roczny-zestaw-filtrow-do-aqua-home-led-uv-c\/#primaryimage\",\"url\":\"https:\/\/dreamfilters.de\/wp-content\/uploads\/2025\/05\/jahres-set-fuer-aqua-home-led-uvc.jpg\",\"contentUrl\":\"https:\/\/dreamfilters.de\/wp-content\/uploads\/2025\/05\/jahres-set-fuer-aqua-home-led-uvc.jpg\",\"width\":2000,\"height\":2000,\"caption\":\"Jahresfilter-Set f\u00fcr Aqua Home LED UVC\"},{\"@type\":\"BreadcrumbList\",\"@id\":\"https:\/\/dreamfilters.de\/pl\/produkt\/roczny-zestaw-filtrow-do-aqua-home-led-uv-c\/#breadcrumb\",\"itemListElement\":[{\"@type\":\"ListItem\",\"position\":1,\"name\":\"Strona g\u0142\u00f3wna\",\"item\":\"https:\/\/dreamfilters.de\/pl\/\"},{\"@type\":\"ListItem\",\"position\":2,\"name\":\"Sklep\",\"item\":\"https:\/\/dreamfilters.de\/shop\/\"},{\"@type\":\"ListItem\",\"position\":3,\"name\":\"Roczny zestaw filtr\u00f3w do Aqua Home LED UV-C\"}]},{\"@type\":\"WebSite\",\"@id\":\"https:\/\/dreamfilters.de\/pl\/#website\",\"url\":\"https:\/\/dreamfilters.de\/pl\/\",\"name\":\"DreamFilters\u00ae\",\"description\":\"Drink water with pleasure\",\"publisher\":{\"@id\":\"https:\/\/dreamfilters.de\/pl\/#organization\"},\"alternateName\":\"DreamFilters\",\"potentialAction\":[{\"@type\":\"SearchAction\",\"target\":{\"@type\":\"EntryPoint\",\"urlTemplate\":\"https:\/\/dreamfilters.de\/pl\/?s={search_term_string}\"},\"query-input\":{\"@type\":\"PropertyValueSpecification\",\"valueRequired\":true,\"valueName\":\"search_term_string\"}}],\"inLanguage\":\"pl-PL\"},{\"@type\":\"Organization\",\"@id\":\"https:\/\/dreamfilters.de\/pl\/#organization\",\"name\":\"DreamFilters\u00ae\",\"url\":\"https:\/\/dreamfilters.de\/pl\/\",\"logo\":{\"@type\":\"ImageObject\",\"inLanguage\":\"pl-PL\",\"@id\":\"https:\/\/dreamfilters.de\/pl\/#\/schema\/logo\/image\/\",\"url\":\"https:\/\/dreamfilters.de\/wp-content\/uploads\/2022\/12\/dream_filters_logo_black_F_CMYK.png\",\"contentUrl\":\"https:\/\/dreamfilters.de\/wp-content\/uploads\/2022\/12\/dream_filters_logo_black_F_CMYK.png\",\"width\":464,\"height\":588,\"caption\":\"DreamFilters\u00ae\"},\"image\":{\"@id\":\"https:\/\/dreamfilters.de\/pl\/#\/schema\/logo\/image\/\"},\"sameAs\":[\"https:\/\/www.youtube.com\/@dreamfilters6095\"]}]}<\/script>\n<!-- \/ Yoast SEO Premium plugin. -->","yoast_head_json":{"title":"Roczny zestaw filtr\u00f3w do Aqua Home LED UV-C","description":"Roczny zestaw filtr\u00f3w do Aqua Home LED UV-C, Aqua E-Single i Aqua Single, wyposa\u017cony w cztery modu\u0142y wst\u0119pnej filtracji, modu\u0142 mineralizuj\u0105cy i w\u0119glowy.","robots":{"index":"index","follow":"follow","max-snippet":"max-snippet:-1","max-image-preview":"max-image-preview:large","max-video-preview":"max-video-preview:-1"},"canonical":"https:\/\/dreamfilters.de\/pl\/produkt\/roczny-zestaw-filtrow-do-aqua-home-led-uv-c\/","og_locale":"pl_PL","og_type":"article","og_title":"Roczny zestaw filtr\u00f3w do Aqua Home LED UV-C","og_description":"Roczny zestaw filtr\u00f3w do Aqua Home LED UV-C, Aqua E-Single i Aqua Single, wyposa\u017cony w cztery modu\u0142y wst\u0119pnej filtracji, modu\u0142 mineralizuj\u0105cy i w\u0119glowy.","og_url":"https:\/\/dreamfilters.de\/pl\/produkt\/roczny-zestaw-filtrow-do-aqua-home-led-uv-c\/","og_site_name":"DreamFilters","article_modified_time":"2025-06-09T08:37:45+00:00","og_image":[{"width":2000,"height":2000,"url":"https:\/\/dreamfilters.de\/wp-content\/uploads\/2025\/05\/jahres-set-fuer-aqua-home-led-uvc.jpg","type":"image\/jpeg"}],"twitter_card":"summary_large_image","twitter_misc":{"Szacowany czas czytania":"1 minuta"},"schema":{"@context":"https:\/\/schema.org","@graph":[{"@type":"WebPage","@id":"https:\/\/dreamfilters.de\/pl\/produkt\/roczny-zestaw-filtrow-do-aqua-home-led-uv-c\/","url":"https:\/\/dreamfilters.de\/pl\/produkt\/roczny-zestaw-filtrow-do-aqua-home-led-uv-c\/","name":"Roczny zestaw filtr\u00f3w do Aqua Home LED UV-C","isPartOf":{"@id":"https:\/\/dreamfilters.de\/pl\/#website"},"primaryImageOfPage":{"@id":"https:\/\/dreamfilters.de\/pl\/produkt\/roczny-zestaw-filtrow-do-aqua-home-led-uv-c\/#primaryimage"},"image":{"@id":"https:\/\/dreamfilters.de\/pl\/produkt\/roczny-zestaw-filtrow-do-aqua-home-led-uv-c\/#primaryimage"},"thumbnailUrl":"https:\/\/dreamfilters.de\/wp-content\/uploads\/2025\/05\/jahres-set-fuer-aqua-home-led-uvc.jpg","datePublished":"2025-06-09T08:33:06+00:00","dateModified":"2025-06-09T08:37:45+00:00","description":"Roczny zestaw filtr\u00f3w do Aqua Home LED UV-C, Aqua E-Single i Aqua Single, wyposa\u017cony w cztery modu\u0142y wst\u0119pnej filtracji, modu\u0142 mineralizuj\u0105cy i w\u0119glowy.","breadcrumb":{"@id":"https:\/\/dreamfilters.de\/pl\/produkt\/roczny-zestaw-filtrow-do-aqua-home-led-uv-c\/#breadcrumb"},"inLanguage":"pl-PL","potentialAction":[{"@type":"ReadAction","target":["https:\/\/dreamfilters.de\/pl\/produkt\/roczny-zestaw-filtrow-do-aqua-home-led-uv-c\/"]}]},{"@type":"ImageObject","inLanguage":"pl-PL","@id":"https:\/\/dreamfilters.de\/pl\/produkt\/roczny-zestaw-filtrow-do-aqua-home-led-uv-c\/#primaryimage","url":"https:\/\/dreamfilters.de\/wp-content\/uploads\/2025\/05\/jahres-set-fuer-aqua-home-led-uvc.jpg","contentUrl":"https:\/\/dreamfilters.de\/wp-content\/uploads\/2025\/05\/jahres-set-fuer-aqua-home-led-uvc.jpg","width":2000,"height":2000,"caption":"Jahresfilter-Set f\u00fcr Aqua Home LED UVC"},{"@type":"BreadcrumbList","@id":"https:\/\/dreamfilters.de\/pl\/produkt\/roczny-zestaw-filtrow-do-aqua-home-led-uv-c\/#breadcrumb","itemListElement":[{"@type":"ListItem","position":1,"name":"Strona g\u0142\u00f3wna","item":"https:\/\/dreamfilters.de\/pl\/"},{"@type":"ListItem","position":2,"name":"Sklep","item":"https:\/\/dreamfilters.de\/shop\/"},{"@type":"ListItem","position":3,"name":"Roczny zestaw filtr\u00f3w do Aqua Home LED UV-C"}]},{"@type":"WebSite","@id":"https:\/\/dreamfilters.de\/pl\/#website","url":"https:\/\/dreamfilters.de\/pl\/","name":"DreamFilters\u00ae","description":"Drink water with pleasure","publisher":{"@id":"https:\/\/dreamfilters.de\/pl\/#organization"},"alternateName":"DreamFilters","potentialAction":[{"@type":"SearchAction","target":{"@type":"EntryPoint","urlTemplate":"https:\/\/dreamfilters.de\/pl\/?s={search_term_string}"},"query-input":{"@type":"PropertyValueSpecification","valueRequired":true,"valueName":"search_term_string"}}],"inLanguage":"pl-PL"},{"@type":"Organization","@id":"https:\/\/dreamfilters.de\/pl\/#organization","name":"DreamFilters\u00ae","url":"https:\/\/dreamfilters.de\/pl\/","logo":{"@type":"ImageObject","inLanguage":"pl-PL","@id":"https:\/\/dreamfilters.de\/pl\/#\/schema\/logo\/image\/","url":"https:\/\/dreamfilters.de\/wp-content\/uploads\/2022\/12\/dream_filters_logo_black_F_CMYK.png","contentUrl":"https:\/\/dreamfilters.de\/wp-content\/uploads\/2022\/12\/dream_filters_logo_black_F_CMYK.png","width":464,"height":588,"caption":"DreamFilters\u00ae"},"image":{"@id":"https:\/\/dreamfilters.de\/pl\/#\/schema\/logo\/image\/"},"sameAs":["https:\/\/www.youtube.com\/@dreamfilters6095"]}]}},"_links":{"self":[{"href":"https:\/\/dreamfilters.de\/pl\/wp-json\/wp\/v2\/product\/9299","targetHints":{"allow":["GET"]}}],"collection":[{"href":"https:\/\/dreamfilters.de\/pl\/wp-json\/wp\/v2\/product"}],"about":[{"href":"https:\/\/dreamfilters.de\/pl\/wp-json\/wp\/v2\/types\/product"}],"wp:featuredmedia":[{"embeddable":true,"href":"https:\/\/dreamfilters.de\/pl\/wp-json\/wp\/v2\/media\/9295"}],"wp:attachment":[{"href":"https:\/\/dreamfilters.de\/pl\/wp-json\/wp\/v2\/media?parent=9299"}],"wp:term":[{"taxonomy":"product_brand","embeddable":true,"href":"https:\/\/dreamfilters.de\/pl\/wp-json\/wp\/v2\/product_brand?post=9299"},{"taxonomy":"product_cat","embeddable":true,"href":"https:\/\/dreamfilters.de\/pl\/wp-json\/wp\/v2\/product_cat?post=9299"},{"taxonomy":"product_tag","embeddable":true,"href":"https:\/\/dreamfilters.de\/pl\/wp-json\/wp\/v2\/product_tag?post=9299"}],"curies":[{"name":"wp","href":"https:\/\/api.w.org\/{rel}","templated":true}]}}