{"id":9286,"date":"2025-03-17T14:11:56","date_gmt":"2025-06-08T10:57:06","guid":{"rendered":"https:\/\/dreamfilters.de\/?post_type=product&#038;p=9286"},"modified":"2025-06-09T10:27:52","modified_gmt":"2025-06-09T08:27:52","slug":"zestaw-roczny-filtrow-do-aqua-family-led-uv-c-aqua-e-single-aqua-single","status":"publish","type":"product","link":"https:\/\/dreamfilters.de\/pl\/produkt\/zestaw-roczny-filtrow-do-aqua-family-led-uv-c-aqua-e-single-aqua-single\/","title":{"rendered":"Roczny zestaw  filtr\u00f3w do<br> Aqua Family LED UV-C,<br> Aqua E-Single<br> &#038; Aqua Single"},"content":{"rendered":"<p>Roczny zestaw filtr\u00f3w do Aqua Family LED UV-C, Aqua E-Single i Aqua Single, wyposa\u017cony w cztery modu\u0142y wst\u0119pnej filtracji oraz jeden modu\u0142 mineralizuj\u0105cy wod\u0119.<\/p>\n\n    <div class=\"xs_social_share_widget xs_share_url after_content \t\tmain_content  wslu-style-1 wslu-share-box-shaped wslu-fill-colored wslu-none wslu-share-horizontal wslu-theme-font-no wslu-main_content\">\n\n\t\t\n        <ul>\n\t\t\t        <\/ul>\n    <\/div> \n","protected":false},"excerpt":{"rendered":"<p>[sep] Filtr sedymentacyjny 5 mikronowy [sep] Filtr z w\u0119glem aktywnym [sep]<br \/>\n[sep] Filtr sedymentacyjny 1 mikron [sep]<br \/>\n[sep] Ultrafiltracja + w\u0142\u00f3kno z w\u0119glem aktywnym i jonami srebra [sep]<br \/>\n[sep] Filtr mineralizuj\u0105cy [sep]<\/p>\n","protected":false},"featured_media":8926,"template":"","meta":{"_acf_changed":false},"product_brand":[],"product_cat":[24,17,20,19,21],"product_tag":[],"class_list":{"0":"post-9286","1":"product","2":"type-product","3":"status-publish","4":"has-post-thumbnail","6":"product_cat-dla-domu","7":"product_cat-filtr-do-wody-aqua-family-dla-kuchni","8":"product_cat-aqua-e-single","9":"product_cat-aqua-single","10":"product_cat-filtry-wymienne","11":"product_shipping_class-paczka-m","13":"first","14":"instock","15":"taxable","16":"shipping-taxable","17":"purchasable","18":"product-type-simple"},"acf":[],"yoast_head":"<!-- This site is optimized with the Yoast SEO Premium plugin v25.2 (Yoast SEO v27.1.1) - https:\/\/yoast.com\/product\/yoast-seo-premium-wordpress\/ -->\n<title>Roczny zestaw filtr\u00f3w do Aqua Family LED UV-C, Aqua E-Single &amp; Aqua Single - DreamFilters<\/title>\n<meta name=\"description\" content=\"Roczny zestaw filtr\u00f3w do Aqua Family LED UV-C, Aqua E-Single i Aqua Single, z czterema modu\u0142ami wst\u0119pnej filtracji oraz jednym modu\u0142em mineralizuj\u0105cym.\" \/>\n<meta name=\"robots\" content=\"index, follow, max-snippet:-1, max-image-preview:large, max-video-preview:-1\" \/>\n<link rel=\"canonical\" href=\"https:\/\/dreamfilters.de\/pl\/produkt\/zestaw-roczny-filtrow-do-aqua-family-led-uv-c-aqua-e-single-aqua-single\/\" \/>\n<meta property=\"og:locale\" content=\"pl_PL\" \/>\n<meta property=\"og:type\" content=\"article\" \/>\n<meta property=\"og:title\" content=\"Roczny zestaw filtr\u00f3w do Aqua Family LED UV-C, Aqua E-Single &amp; Aqua Single\" \/>\n<meta property=\"og:description\" content=\"Roczny zestaw filtr\u00f3w do Aqua Family LED UV-C, Aqua E-Single i Aqua Single, z czterema modu\u0142ami wst\u0119pnej filtracji oraz jednym modu\u0142em mineralizuj\u0105cym.\" \/>\n<meta property=\"og:url\" content=\"https:\/\/dreamfilters.de\/pl\/produkt\/zestaw-roczny-filtrow-do-aqua-family-led-uv-c-aqua-e-single-aqua-single\/\" \/>\n<meta property=\"og:site_name\" content=\"DreamFilters\" \/>\n<meta property=\"article:modified_time\" content=\"2025-06-09T08:27:52+00:00\" \/>\n<meta property=\"og:image\" content=\"https:\/\/dreamfilters.de\/wp-content\/uploads\/2025\/03\/jahrespaket-aqua-family-led-uvc.jpg\" \/>\n\t<meta property=\"og:image:width\" content=\"2500\" \/>\n\t<meta property=\"og:image:height\" content=\"2500\" \/>\n\t<meta property=\"og:image:type\" content=\"image\/jpeg\" \/>\n<meta name=\"twitter:card\" content=\"summary_large_image\" \/>\n<meta name=\"twitter:label1\" content=\"Szacowany czas czytania\" \/>\n\t<meta name=\"twitter:data1\" content=\"1 minuta\" \/>\n<script type=\"application\/ld+json\" class=\"yoast-schema-graph\">{\"@context\":\"https:\/\/schema.org\",\"@graph\":[{\"@type\":\"WebPage\",\"@id\":\"https:\/\/dreamfilters.de\/pl\/produkt\/zestaw-roczny-filtrow-do-aqua-family-led-uv-c-aqua-e-single-aqua-single\/\",\"url\":\"https:\/\/dreamfilters.de\/pl\/produkt\/zestaw-roczny-filtrow-do-aqua-family-led-uv-c-aqua-e-single-aqua-single\/\",\"name\":\"Roczny zestaw filtr\u00f3w do Aqua Family LED UV-C, Aqua E-Single & Aqua Single - DreamFilters\",\"isPartOf\":{\"@id\":\"https:\/\/dreamfilters.de\/pl\/#website\"},\"primaryImageOfPage\":{\"@id\":\"https:\/\/dreamfilters.de\/pl\/produkt\/zestaw-roczny-filtrow-do-aqua-family-led-uv-c-aqua-e-single-aqua-single\/#primaryimage\"},\"image\":{\"@id\":\"https:\/\/dreamfilters.de\/pl\/produkt\/zestaw-roczny-filtrow-do-aqua-family-led-uv-c-aqua-e-single-aqua-single\/#primaryimage\"},\"thumbnailUrl\":\"https:\/\/dreamfilters.de\/wp-content\/uploads\/2025\/03\/jahrespaket-aqua-family-led-uvc.jpg\",\"datePublished\":\"2025-06-08T10:57:06+00:00\",\"dateModified\":\"2025-06-09T08:27:52+00:00\",\"description\":\"Roczny zestaw filtr\u00f3w do Aqua Family LED UV-C, Aqua E-Single i Aqua Single, z czterema modu\u0142ami wst\u0119pnej filtracji oraz jednym modu\u0142em mineralizuj\u0105cym.\",\"breadcrumb\":{\"@id\":\"https:\/\/dreamfilters.de\/pl\/produkt\/zestaw-roczny-filtrow-do-aqua-family-led-uv-c-aqua-e-single-aqua-single\/#breadcrumb\"},\"inLanguage\":\"pl-PL\",\"potentialAction\":[{\"@type\":\"ReadAction\",\"target\":[\"https:\/\/dreamfilters.de\/pl\/produkt\/zestaw-roczny-filtrow-do-aqua-family-led-uv-c-aqua-e-single-aqua-single\/\"]}]},{\"@type\":\"ImageObject\",\"inLanguage\":\"pl-PL\",\"@id\":\"https:\/\/dreamfilters.de\/pl\/produkt\/zestaw-roczny-filtrow-do-aqua-family-led-uv-c-aqua-e-single-aqua-single\/#primaryimage\",\"url\":\"https:\/\/dreamfilters.de\/wp-content\/uploads\/2025\/03\/jahrespaket-aqua-family-led-uvc.jpg\",\"contentUrl\":\"https:\/\/dreamfilters.de\/wp-content\/uploads\/2025\/03\/jahrespaket-aqua-family-led-uvc.jpg\",\"width\":2500,\"height\":2500,\"caption\":\"Jahresset f\u00fcr Aqua Family LED UV-C\"},{\"@type\":\"BreadcrumbList\",\"@id\":\"https:\/\/dreamfilters.de\/pl\/produkt\/zestaw-roczny-filtrow-do-aqua-family-led-uv-c-aqua-e-single-aqua-single\/#breadcrumb\",\"itemListElement\":[{\"@type\":\"ListItem\",\"position\":1,\"name\":\"Strona g\u0142\u00f3wna\",\"item\":\"https:\/\/dreamfilters.de\/pl\/\"},{\"@type\":\"ListItem\",\"position\":2,\"name\":\"Sklep\",\"item\":\"https:\/\/dreamfilters.de\/shop\/\"},{\"@type\":\"ListItem\",\"position\":3,\"name\":\"Roczny zestaw filtr\u00f3w do Aqua Family LED UV-C, Aqua E-Single &#038; Aqua Single\"}]},{\"@type\":\"WebSite\",\"@id\":\"https:\/\/dreamfilters.de\/pl\/#website\",\"url\":\"https:\/\/dreamfilters.de\/pl\/\",\"name\":\"DreamFilters\u00ae\",\"description\":\"Drink water with pleasure\",\"publisher\":{\"@id\":\"https:\/\/dreamfilters.de\/pl\/#organization\"},\"alternateName\":\"DreamFilters\",\"potentialAction\":[{\"@type\":\"SearchAction\",\"target\":{\"@type\":\"EntryPoint\",\"urlTemplate\":\"https:\/\/dreamfilters.de\/pl\/?s={search_term_string}\"},\"query-input\":{\"@type\":\"PropertyValueSpecification\",\"valueRequired\":true,\"valueName\":\"search_term_string\"}}],\"inLanguage\":\"pl-PL\"},{\"@type\":\"Organization\",\"@id\":\"https:\/\/dreamfilters.de\/pl\/#organization\",\"name\":\"DreamFilters\u00ae\",\"url\":\"https:\/\/dreamfilters.de\/pl\/\",\"logo\":{\"@type\":\"ImageObject\",\"inLanguage\":\"pl-PL\",\"@id\":\"https:\/\/dreamfilters.de\/pl\/#\/schema\/logo\/image\/\",\"url\":\"https:\/\/dreamfilters.de\/wp-content\/uploads\/2022\/12\/dream_filters_logo_black_F_CMYK.png\",\"contentUrl\":\"https:\/\/dreamfilters.de\/wp-content\/uploads\/2022\/12\/dream_filters_logo_black_F_CMYK.png\",\"width\":464,\"height\":588,\"caption\":\"DreamFilters\u00ae\"},\"image\":{\"@id\":\"https:\/\/dreamfilters.de\/pl\/#\/schema\/logo\/image\/\"},\"sameAs\":[\"https:\/\/www.youtube.com\/@dreamfilters6095\"]}]}<\/script>\n<!-- \/ Yoast SEO Premium plugin. -->","yoast_head_json":{"title":"Roczny zestaw filtr\u00f3w do Aqua Family LED UV-C, Aqua E-Single & Aqua Single - DreamFilters","description":"Roczny zestaw filtr\u00f3w do Aqua Family LED UV-C, Aqua E-Single i Aqua Single, z czterema modu\u0142ami wst\u0119pnej filtracji oraz jednym modu\u0142em mineralizuj\u0105cym.","robots":{"index":"index","follow":"follow","max-snippet":"max-snippet:-1","max-image-preview":"max-image-preview:large","max-video-preview":"max-video-preview:-1"},"canonical":"https:\/\/dreamfilters.de\/pl\/produkt\/zestaw-roczny-filtrow-do-aqua-family-led-uv-c-aqua-e-single-aqua-single\/","og_locale":"pl_PL","og_type":"article","og_title":"Roczny zestaw filtr\u00f3w do Aqua Family LED UV-C, Aqua E-Single & Aqua Single","og_description":"Roczny zestaw filtr\u00f3w do Aqua Family LED UV-C, Aqua E-Single i Aqua Single, z czterema modu\u0142ami wst\u0119pnej filtracji oraz jednym modu\u0142em mineralizuj\u0105cym.","og_url":"https:\/\/dreamfilters.de\/pl\/produkt\/zestaw-roczny-filtrow-do-aqua-family-led-uv-c-aqua-e-single-aqua-single\/","og_site_name":"DreamFilters","article_modified_time":"2025-06-09T08:27:52+00:00","og_image":[{"width":2500,"height":2500,"url":"https:\/\/dreamfilters.de\/wp-content\/uploads\/2025\/03\/jahrespaket-aqua-family-led-uvc.jpg","type":"image\/jpeg"}],"twitter_card":"summary_large_image","twitter_misc":{"Szacowany czas czytania":"1 minuta"},"schema":{"@context":"https:\/\/schema.org","@graph":[{"@type":"WebPage","@id":"https:\/\/dreamfilters.de\/pl\/produkt\/zestaw-roczny-filtrow-do-aqua-family-led-uv-c-aqua-e-single-aqua-single\/","url":"https:\/\/dreamfilters.de\/pl\/produkt\/zestaw-roczny-filtrow-do-aqua-family-led-uv-c-aqua-e-single-aqua-single\/","name":"Roczny zestaw filtr\u00f3w do Aqua Family LED UV-C, Aqua E-Single & Aqua Single - DreamFilters","isPartOf":{"@id":"https:\/\/dreamfilters.de\/pl\/#website"},"primaryImageOfPage":{"@id":"https:\/\/dreamfilters.de\/pl\/produkt\/zestaw-roczny-filtrow-do-aqua-family-led-uv-c-aqua-e-single-aqua-single\/#primaryimage"},"image":{"@id":"https:\/\/dreamfilters.de\/pl\/produkt\/zestaw-roczny-filtrow-do-aqua-family-led-uv-c-aqua-e-single-aqua-single\/#primaryimage"},"thumbnailUrl":"https:\/\/dreamfilters.de\/wp-content\/uploads\/2025\/03\/jahrespaket-aqua-family-led-uvc.jpg","datePublished":"2025-06-08T10:57:06+00:00","dateModified":"2025-06-09T08:27:52+00:00","description":"Roczny zestaw filtr\u00f3w do Aqua Family LED UV-C, Aqua E-Single i Aqua Single, z czterema modu\u0142ami wst\u0119pnej filtracji oraz jednym modu\u0142em mineralizuj\u0105cym.","breadcrumb":{"@id":"https:\/\/dreamfilters.de\/pl\/produkt\/zestaw-roczny-filtrow-do-aqua-family-led-uv-c-aqua-e-single-aqua-single\/#breadcrumb"},"inLanguage":"pl-PL","potentialAction":[{"@type":"ReadAction","target":["https:\/\/dreamfilters.de\/pl\/produkt\/zestaw-roczny-filtrow-do-aqua-family-led-uv-c-aqua-e-single-aqua-single\/"]}]},{"@type":"ImageObject","inLanguage":"pl-PL","@id":"https:\/\/dreamfilters.de\/pl\/produkt\/zestaw-roczny-filtrow-do-aqua-family-led-uv-c-aqua-e-single-aqua-single\/#primaryimage","url":"https:\/\/dreamfilters.de\/wp-content\/uploads\/2025\/03\/jahrespaket-aqua-family-led-uvc.jpg","contentUrl":"https:\/\/dreamfilters.de\/wp-content\/uploads\/2025\/03\/jahrespaket-aqua-family-led-uvc.jpg","width":2500,"height":2500,"caption":"Jahresset f\u00fcr Aqua Family LED UV-C"},{"@type":"BreadcrumbList","@id":"https:\/\/dreamfilters.de\/pl\/produkt\/zestaw-roczny-filtrow-do-aqua-family-led-uv-c-aqua-e-single-aqua-single\/#breadcrumb","itemListElement":[{"@type":"ListItem","position":1,"name":"Strona g\u0142\u00f3wna","item":"https:\/\/dreamfilters.de\/pl\/"},{"@type":"ListItem","position":2,"name":"Sklep","item":"https:\/\/dreamfilters.de\/shop\/"},{"@type":"ListItem","position":3,"name":"Roczny zestaw filtr\u00f3w do Aqua Family LED UV-C, Aqua E-Single &#038; Aqua Single"}]},{"@type":"WebSite","@id":"https:\/\/dreamfilters.de\/pl\/#website","url":"https:\/\/dreamfilters.de\/pl\/","name":"DreamFilters\u00ae","description":"Drink water with pleasure","publisher":{"@id":"https:\/\/dreamfilters.de\/pl\/#organization"},"alternateName":"DreamFilters","potentialAction":[{"@type":"SearchAction","target":{"@type":"EntryPoint","urlTemplate":"https:\/\/dreamfilters.de\/pl\/?s={search_term_string}"},"query-input":{"@type":"PropertyValueSpecification","valueRequired":true,"valueName":"search_term_string"}}],"inLanguage":"pl-PL"},{"@type":"Organization","@id":"https:\/\/dreamfilters.de\/pl\/#organization","name":"DreamFilters\u00ae","url":"https:\/\/dreamfilters.de\/pl\/","logo":{"@type":"ImageObject","inLanguage":"pl-PL","@id":"https:\/\/dreamfilters.de\/pl\/#\/schema\/logo\/image\/","url":"https:\/\/dreamfilters.de\/wp-content\/uploads\/2022\/12\/dream_filters_logo_black_F_CMYK.png","contentUrl":"https:\/\/dreamfilters.de\/wp-content\/uploads\/2022\/12\/dream_filters_logo_black_F_CMYK.png","width":464,"height":588,"caption":"DreamFilters\u00ae"},"image":{"@id":"https:\/\/dreamfilters.de\/pl\/#\/schema\/logo\/image\/"},"sameAs":["https:\/\/www.youtube.com\/@dreamfilters6095"]}]}},"_links":{"self":[{"href":"https:\/\/dreamfilters.de\/pl\/wp-json\/wp\/v2\/product\/9286","targetHints":{"allow":["GET"]}}],"collection":[{"href":"https:\/\/dreamfilters.de\/pl\/wp-json\/wp\/v2\/product"}],"about":[{"href":"https:\/\/dreamfilters.de\/pl\/wp-json\/wp\/v2\/types\/product"}],"wp:featuredmedia":[{"embeddable":true,"href":"https:\/\/dreamfilters.de\/pl\/wp-json\/wp\/v2\/media\/8926"}],"wp:attachment":[{"href":"https:\/\/dreamfilters.de\/pl\/wp-json\/wp\/v2\/media?parent=9286"}],"wp:term":[{"taxonomy":"product_brand","embeddable":true,"href":"https:\/\/dreamfilters.de\/pl\/wp-json\/wp\/v2\/product_brand?post=9286"},{"taxonomy":"product_cat","embeddable":true,"href":"https:\/\/dreamfilters.de\/pl\/wp-json\/wp\/v2\/product_cat?post=9286"},{"taxonomy":"product_tag","embeddable":true,"href":"https:\/\/dreamfilters.de\/pl\/wp-json\/wp\/v2\/product_tag?post=9286"}],"curies":[{"name":"wp","href":"https:\/\/api.w.org\/{rel}","templated":true}]}}