{"id":8807,"date":"2025-02-13T09:57:05","date_gmt":"2025-02-13T08:57:05","guid":{"rendered":"https:\/\/dreamfilters.de\/?post_type=product&#038;p=8807"},"modified":"2025-04-17T12:51:20","modified_gmt":"2025-04-17T10:51:20","slug":"filtr-do-wody-aqua-family-led-uvc","status":"publish","type":"product","link":"https:\/\/dreamfilters.de\/pl\/produkt\/filtr-do-wody-aqua-family-led-uvc\/","title":{"rendered":"Filtr do wody<br> Aqua Family LED UV-C"},"content":{"rendered":"<p>Dzi\u0119ki filtrowi do wody Aqua Family LED UV-C ty i twoi bliscy mo\u017cecie cieszy\u0107 si\u0119 krystalicznie czyst\u0105, zdrow\u0105 i bogat\u0105 w minera\u0142y wod\u0105 bez ogranicze\u0144.<\/p>\n\n    <div class=\"xs_social_share_widget xs_share_url after_content \t\tmain_content  wslu-style-1 wslu-share-box-shaped wslu-fill-colored wslu-none wslu-share-horizontal wslu-theme-font-no wslu-main_content\">\n\n\t\t\n        <ul>\n\t\t\t        <\/ul>\n    <\/div> \n","protected":false},"excerpt":{"rendered":"<p>[sep] Wk\u0142ad 5 mikron\u00f3w [sep] W\u0119giel aktywny [sep] Wk\u0142ad 1 mikron\u00f3w [sep]<br \/>\n[sep] Ultrafiltracja + W\u0142\u00f3kno z w\u0119glem aktywnym z jonami srebra [sep]<br \/>\n[sep] Odwr\u00f3cona osmoza [sep] Remineralizacja wody [sep]<br \/>\n[sep] Dezynfekcja wody \u015bwiat\u0142em ultrafioletowym typu C [sep]<\/p>\n","protected":false},"featured_media":8903,"template":"","meta":{"_acf_changed":false},"product_brand":[],"product_cat":[24,17],"product_tag":[205],"class_list":{"0":"post-8807","1":"product","2":"type-product","3":"status-publish","4":"has-post-thumbnail","6":"product_cat-dla-domu","7":"product_cat-filtr-do-wody-aqua-family-dla-kuchni","8":"product_tag-dreamfilters-pl-2","9":"product_shipping_class-spedycja","11":"first","12":"instock","13":"taxable","14":"shipping-taxable","15":"purchasable","16":"product-type-simple"},"acf":[],"yoast_head":"<!-- This site is optimized with the Yoast SEO Premium plugin v25.2 (Yoast SEO v27.5) - https:\/\/yoast.com\/product\/yoast-seo-premium-wordpress\/ -->\n<title>Filtr do wody Aqua Family LED UV-C - DreamFilters<\/title>\n<meta name=\"description\" content=\"Dzi\u0119ki filtrowi do wody Aqua Family LED UV-C ty i twoi bliscy mo\u017cecie cieszy\u0107 si\u0119 krystalicznie czyst\u0105, zdrow\u0105 i bogat\u0105 w minera\u0142y wod\u0105 bez ogranicze\u0144.\" \/>\n<meta name=\"robots\" content=\"index, follow, max-snippet:-1, max-image-preview:large, max-video-preview:-1\" \/>\n<link rel=\"canonical\" href=\"https:\/\/dreamfilters.de\/pl\/produkt\/filtr-do-wody-aqua-family-led-uvc\/\" \/>\n<meta property=\"og:locale\" content=\"pl_PL\" \/>\n<meta property=\"og:type\" content=\"article\" \/>\n<meta property=\"og:title\" content=\"Filtr do wody Aqua Family LED UV-C\" \/>\n<meta property=\"og:description\" content=\"Dzi\u0119ki filtrowi do wody Aqua Family LED UV-C ty i twoi bliscy mo\u017cecie cieszy\u0107 si\u0119 krystalicznie czyst\u0105, zdrow\u0105 i bogat\u0105 w minera\u0142y wod\u0105 bez ogranicze\u0144.\" \/>\n<meta property=\"og:url\" content=\"https:\/\/dreamfilters.de\/pl\/produkt\/filtr-do-wody-aqua-family-led-uvc\/\" \/>\n<meta property=\"og:site_name\" content=\"DreamFilters\" \/>\n<meta property=\"article:modified_time\" content=\"2025-04-17T10:51:20+00:00\" \/>\n<meta property=\"og:image\" content=\"https:\/\/dreamfilters.de\/wp-content\/uploads\/2025\/03\/dreamfilters-aqua-family-led-uvc-profilbild-new-1024x1024.png\" \/>\n\t<meta property=\"og:image:width\" content=\"1024\" \/>\n\t<meta property=\"og:image:height\" content=\"1024\" \/>\n\t<meta property=\"og:image:type\" content=\"image\/png\" \/>\n<meta name=\"twitter:card\" content=\"summary_large_image\" \/>\n<meta name=\"twitter:label1\" content=\"Szacowany czas czytania\" \/>\n\t<meta name=\"twitter:data1\" content=\"1 minuta\" \/>\n<script type=\"application\/ld+json\" class=\"yoast-schema-graph\">{\"@context\":\"https:\\\/\\\/schema.org\",\"@graph\":[{\"@type\":\"WebPage\",\"@id\":\"https:\\\/\\\/dreamfilters.de\\\/pl\\\/produkt\\\/filtr-do-wody-aqua-family-led-uvc\\\/\",\"url\":\"https:\\\/\\\/dreamfilters.de\\\/pl\\\/produkt\\\/filtr-do-wody-aqua-family-led-uvc\\\/\",\"name\":\"Filtr do wody Aqua Family LED UV-C - DreamFilters\",\"isPartOf\":{\"@id\":\"https:\\\/\\\/dreamfilters.de\\\/pl\\\/#website\"},\"primaryImageOfPage\":{\"@id\":\"https:\\\/\\\/dreamfilters.de\\\/pl\\\/produkt\\\/filtr-do-wody-aqua-family-led-uvc\\\/#primaryimage\"},\"image\":{\"@id\":\"https:\\\/\\\/dreamfilters.de\\\/pl\\\/produkt\\\/filtr-do-wody-aqua-family-led-uvc\\\/#primaryimage\"},\"thumbnailUrl\":\"https:\\\/\\\/dreamfilters.de\\\/wp-content\\\/uploads\\\/2025\\\/03\\\/dreamfilters-aqua-family-led-uvc-profilbild-new.png\",\"datePublished\":\"2025-02-13T08:57:05+00:00\",\"dateModified\":\"2025-04-17T10:51:20+00:00\",\"description\":\"Dzi\u0119ki filtrowi do wody Aqua Family LED UV-C ty i twoi bliscy mo\u017cecie cieszy\u0107 si\u0119 krystalicznie czyst\u0105, zdrow\u0105 i bogat\u0105 w minera\u0142y wod\u0105 bez ogranicze\u0144.\",\"breadcrumb\":{\"@id\":\"https:\\\/\\\/dreamfilters.de\\\/pl\\\/produkt\\\/filtr-do-wody-aqua-family-led-uvc\\\/#breadcrumb\"},\"inLanguage\":\"pl-PL\",\"potentialAction\":[{\"@type\":\"ReadAction\",\"target\":[\"https:\\\/\\\/dreamfilters.de\\\/pl\\\/produkt\\\/filtr-do-wody-aqua-family-led-uvc\\\/\"]}]},{\"@type\":\"ImageObject\",\"inLanguage\":\"pl-PL\",\"@id\":\"https:\\\/\\\/dreamfilters.de\\\/pl\\\/produkt\\\/filtr-do-wody-aqua-family-led-uvc\\\/#primaryimage\",\"url\":\"https:\\\/\\\/dreamfilters.de\\\/wp-content\\\/uploads\\\/2025\\\/03\\\/dreamfilters-aqua-family-led-uvc-profilbild-new.png\",\"contentUrl\":\"https:\\\/\\\/dreamfilters.de\\\/wp-content\\\/uploads\\\/2025\\\/03\\\/dreamfilters-aqua-family-led-uvc-profilbild-new.png\",\"width\":2098,\"height\":2098,\"caption\":\"Wasserfilter Aqua Family LED UV-C\"},{\"@type\":\"BreadcrumbList\",\"@id\":\"https:\\\/\\\/dreamfilters.de\\\/pl\\\/produkt\\\/filtr-do-wody-aqua-family-led-uvc\\\/#breadcrumb\",\"itemListElement\":[{\"@type\":\"ListItem\",\"position\":1,\"name\":\"Strona g\u0142\u00f3wna\",\"item\":\"https:\\\/\\\/dreamfilters.de\\\/pl\\\/\"},{\"@type\":\"ListItem\",\"position\":2,\"name\":\"Sklep\",\"item\":\"https:\\\/\\\/dreamfilters.de\\\/shop\\\/\"},{\"@type\":\"ListItem\",\"position\":3,\"name\":\"Filtr do wody Aqua Family LED UV-C\"}]},{\"@type\":\"WebSite\",\"@id\":\"https:\\\/\\\/dreamfilters.de\\\/pl\\\/#website\",\"url\":\"https:\\\/\\\/dreamfilters.de\\\/pl\\\/\",\"name\":\"DreamFilters\u00ae\",\"description\":\"Drink water with pleasure\",\"publisher\":{\"@id\":\"https:\\\/\\\/dreamfilters.de\\\/pl\\\/#organization\"},\"alternateName\":\"DreamFilters\",\"potentialAction\":[{\"@type\":\"SearchAction\",\"target\":{\"@type\":\"EntryPoint\",\"urlTemplate\":\"https:\\\/\\\/dreamfilters.de\\\/pl\\\/?s={search_term_string}\"},\"query-input\":{\"@type\":\"PropertyValueSpecification\",\"valueRequired\":true,\"valueName\":\"search_term_string\"}}],\"inLanguage\":\"pl-PL\"},{\"@type\":\"Organization\",\"@id\":\"https:\\\/\\\/dreamfilters.de\\\/pl\\\/#organization\",\"name\":\"DreamFilters\u00ae\",\"url\":\"https:\\\/\\\/dreamfilters.de\\\/pl\\\/\",\"logo\":{\"@type\":\"ImageObject\",\"inLanguage\":\"pl-PL\",\"@id\":\"https:\\\/\\\/dreamfilters.de\\\/pl\\\/#\\\/schema\\\/logo\\\/image\\\/\",\"url\":\"https:\\\/\\\/dreamfilters.de\\\/wp-content\\\/uploads\\\/2022\\\/12\\\/dream_filters_logo_black_F_CMYK.png\",\"contentUrl\":\"https:\\\/\\\/dreamfilters.de\\\/wp-content\\\/uploads\\\/2022\\\/12\\\/dream_filters_logo_black_F_CMYK.png\",\"width\":464,\"height\":588,\"caption\":\"DreamFilters\u00ae\"},\"image\":{\"@id\":\"https:\\\/\\\/dreamfilters.de\\\/pl\\\/#\\\/schema\\\/logo\\\/image\\\/\"},\"sameAs\":[\"https:\\\/\\\/www.youtube.com\\\/@dreamfilters6095\"]}]}<\/script>\n<!-- \/ Yoast SEO Premium plugin. -->","yoast_head_json":{"title":"Filtr do wody Aqua Family LED UV-C - DreamFilters","description":"Dzi\u0119ki filtrowi do wody Aqua Family LED UV-C ty i twoi bliscy mo\u017cecie cieszy\u0107 si\u0119 krystalicznie czyst\u0105, zdrow\u0105 i bogat\u0105 w minera\u0142y wod\u0105 bez ogranicze\u0144.","robots":{"index":"index","follow":"follow","max-snippet":"max-snippet:-1","max-image-preview":"max-image-preview:large","max-video-preview":"max-video-preview:-1"},"canonical":"https:\/\/dreamfilters.de\/pl\/produkt\/filtr-do-wody-aqua-family-led-uvc\/","og_locale":"pl_PL","og_type":"article","og_title":"Filtr do wody Aqua Family LED UV-C","og_description":"Dzi\u0119ki filtrowi do wody Aqua Family LED UV-C ty i twoi bliscy mo\u017cecie cieszy\u0107 si\u0119 krystalicznie czyst\u0105, zdrow\u0105 i bogat\u0105 w minera\u0142y wod\u0105 bez ogranicze\u0144.","og_url":"https:\/\/dreamfilters.de\/pl\/produkt\/filtr-do-wody-aqua-family-led-uvc\/","og_site_name":"DreamFilters","article_modified_time":"2025-04-17T10:51:20+00:00","og_image":[{"width":1024,"height":1024,"url":"https:\/\/dreamfilters.de\/wp-content\/uploads\/2025\/03\/dreamfilters-aqua-family-led-uvc-profilbild-new-1024x1024.png","type":"image\/png"}],"twitter_card":"summary_large_image","twitter_misc":{"Szacowany czas czytania":"1 minuta"},"schema":{"@context":"https:\/\/schema.org","@graph":[{"@type":"WebPage","@id":"https:\/\/dreamfilters.de\/pl\/produkt\/filtr-do-wody-aqua-family-led-uvc\/","url":"https:\/\/dreamfilters.de\/pl\/produkt\/filtr-do-wody-aqua-family-led-uvc\/","name":"Filtr do wody Aqua Family LED UV-C - DreamFilters","isPartOf":{"@id":"https:\/\/dreamfilters.de\/pl\/#website"},"primaryImageOfPage":{"@id":"https:\/\/dreamfilters.de\/pl\/produkt\/filtr-do-wody-aqua-family-led-uvc\/#primaryimage"},"image":{"@id":"https:\/\/dreamfilters.de\/pl\/produkt\/filtr-do-wody-aqua-family-led-uvc\/#primaryimage"},"thumbnailUrl":"https:\/\/dreamfilters.de\/wp-content\/uploads\/2025\/03\/dreamfilters-aqua-family-led-uvc-profilbild-new.png","datePublished":"2025-02-13T08:57:05+00:00","dateModified":"2025-04-17T10:51:20+00:00","description":"Dzi\u0119ki filtrowi do wody Aqua Family LED UV-C ty i twoi bliscy mo\u017cecie cieszy\u0107 si\u0119 krystalicznie czyst\u0105, zdrow\u0105 i bogat\u0105 w minera\u0142y wod\u0105 bez ogranicze\u0144.","breadcrumb":{"@id":"https:\/\/dreamfilters.de\/pl\/produkt\/filtr-do-wody-aqua-family-led-uvc\/#breadcrumb"},"inLanguage":"pl-PL","potentialAction":[{"@type":"ReadAction","target":["https:\/\/dreamfilters.de\/pl\/produkt\/filtr-do-wody-aqua-family-led-uvc\/"]}]},{"@type":"ImageObject","inLanguage":"pl-PL","@id":"https:\/\/dreamfilters.de\/pl\/produkt\/filtr-do-wody-aqua-family-led-uvc\/#primaryimage","url":"https:\/\/dreamfilters.de\/wp-content\/uploads\/2025\/03\/dreamfilters-aqua-family-led-uvc-profilbild-new.png","contentUrl":"https:\/\/dreamfilters.de\/wp-content\/uploads\/2025\/03\/dreamfilters-aqua-family-led-uvc-profilbild-new.png","width":2098,"height":2098,"caption":"Wasserfilter Aqua Family LED UV-C"},{"@type":"BreadcrumbList","@id":"https:\/\/dreamfilters.de\/pl\/produkt\/filtr-do-wody-aqua-family-led-uvc\/#breadcrumb","itemListElement":[{"@type":"ListItem","position":1,"name":"Strona g\u0142\u00f3wna","item":"https:\/\/dreamfilters.de\/pl\/"},{"@type":"ListItem","position":2,"name":"Sklep","item":"https:\/\/dreamfilters.de\/shop\/"},{"@type":"ListItem","position":3,"name":"Filtr do wody Aqua Family LED UV-C"}]},{"@type":"WebSite","@id":"https:\/\/dreamfilters.de\/pl\/#website","url":"https:\/\/dreamfilters.de\/pl\/","name":"DreamFilters\u00ae","description":"Drink water with pleasure","publisher":{"@id":"https:\/\/dreamfilters.de\/pl\/#organization"},"alternateName":"DreamFilters","potentialAction":[{"@type":"SearchAction","target":{"@type":"EntryPoint","urlTemplate":"https:\/\/dreamfilters.de\/pl\/?s={search_term_string}"},"query-input":{"@type":"PropertyValueSpecification","valueRequired":true,"valueName":"search_term_string"}}],"inLanguage":"pl-PL"},{"@type":"Organization","@id":"https:\/\/dreamfilters.de\/pl\/#organization","name":"DreamFilters\u00ae","url":"https:\/\/dreamfilters.de\/pl\/","logo":{"@type":"ImageObject","inLanguage":"pl-PL","@id":"https:\/\/dreamfilters.de\/pl\/#\/schema\/logo\/image\/","url":"https:\/\/dreamfilters.de\/wp-content\/uploads\/2022\/12\/dream_filters_logo_black_F_CMYK.png","contentUrl":"https:\/\/dreamfilters.de\/wp-content\/uploads\/2022\/12\/dream_filters_logo_black_F_CMYK.png","width":464,"height":588,"caption":"DreamFilters\u00ae"},"image":{"@id":"https:\/\/dreamfilters.de\/pl\/#\/schema\/logo\/image\/"},"sameAs":["https:\/\/www.youtube.com\/@dreamfilters6095"]}]}},"_links":{"self":[{"href":"https:\/\/dreamfilters.de\/pl\/wp-json\/wp\/v2\/product\/8807","targetHints":{"allow":["GET"]}}],"collection":[{"href":"https:\/\/dreamfilters.de\/pl\/wp-json\/wp\/v2\/product"}],"about":[{"href":"https:\/\/dreamfilters.de\/pl\/wp-json\/wp\/v2\/types\/product"}],"wp:featuredmedia":[{"embeddable":true,"href":"https:\/\/dreamfilters.de\/pl\/wp-json\/wp\/v2\/media\/8903"}],"wp:attachment":[{"href":"https:\/\/dreamfilters.de\/pl\/wp-json\/wp\/v2\/media?parent=8807"}],"wp:term":[{"taxonomy":"product_brand","embeddable":true,"href":"https:\/\/dreamfilters.de\/pl\/wp-json\/wp\/v2\/product_brand?post=8807"},{"taxonomy":"product_cat","embeddable":true,"href":"https:\/\/dreamfilters.de\/pl\/wp-json\/wp\/v2\/product_cat?post=8807"},{"taxonomy":"product_tag","embeddable":true,"href":"https:\/\/dreamfilters.de\/pl\/wp-json\/wp\/v2\/product_tag?post=8807"}],"curies":[{"name":"wp","href":"https:\/\/api.w.org\/{rel}","templated":true}]}}