{"id":8626,"date":"2025-01-12T12:04:56","date_gmt":"2025-01-12T11:04:56","guid":{"rendered":"https:\/\/dreamfilters.de\/?post_type=product&#038;p=8626"},"modified":"2025-08-22T15:06:11","modified_gmt":"2025-08-22T13:06:11","slug":"dreamfilters-liniowy-2-calowy-wklad-mineralizacyjny-do-systemow-osmozy-odwroconej","status":"publish","type":"product","link":"https:\/\/dreamfilters.de\/pl\/produkt\/dreamfilters-liniowy-2-calowy-wklad-mineralizacyjny-do-systemow-osmozy-odwroconej\/","title":{"rendered":"Liniowy 2-calowy<br> wk\u0142ad mineralizacyjny <br> do system\u00f3w osmozy odwr\u00f3conej."},"content":{"rendered":"<p>2-calowy, liniowy filtr mineralizacyjny jest wykonany z z\u0142\u00f3\u017c dolomitu, kt\u00f3re wzbogacaj\u0105 wod\u0119 w niezb\u0119dne minera\u0142y, takie jak magnez i wap\u0144, po jej przefiltrowaniu. W procesie tym warto\u015b\u0107 pH jest podnoszona do zakresu 7,5\u20139, co skutkuje powstaniem wody alkalicznej.<\/p>\n\n    <div class=\"xs_social_share_widget xs_share_url after_content \t\tmain_content  wslu-style-1 wslu-share-box-shaped wslu-fill-colored wslu-none wslu-share-horizontal wslu-theme-font-no wslu-main_content\">\n\n\t\t\n        <ul>\n\t\t\t        <\/ul>\n    <\/div> \n","protected":false},"excerpt":{"rendered":"<p>[sep] \u0141atwy do zainstalowania [sep] Materia\u0142 klasy spo\u017cywczej<br \/>\n[sep] Mineralizacja za pomoc\u0105 naturalnych ska\u0142 dolomitowych<\/p>\n","protected":false},"featured_media":8630,"template":"","meta":{"_acf_changed":false},"product_brand":[],"product_cat":[21,22,23,28,29,30],"product_tag":[],"class_list":{"0":"post-8626","1":"product","2":"type-product","3":"status-publish","4":"has-post-thumbnail","6":"product_cat-filtry-wymienne","7":"product_cat-czesci-wymienne","8":"product_cat-inne","9":"product_cat-filtry-wymienne-filtry-dla-biznesu","10":"product_cat-czesci-wymienne-do-biur-i-gastronomii","11":"product_cat-inne-do-biur-i-gastronomii","12":"product_shipping_class-paczka-s","14":"first","15":"instock","16":"taxable","17":"shipping-taxable","18":"purchasable","19":"product-type-simple"},"acf":[],"yoast_head":"<!-- This site is optimized with the Yoast SEO Premium plugin v25.2 (Yoast SEO v27.1.1) - https:\/\/yoast.com\/product\/yoast-seo-premium-wordpress\/ -->\n<title>Liniowy 2&quot; wk\u0142ad mineralizuj\u0105cy do system\u00f3w osmozy odwr\u00f3conej.<\/title>\n<meta name=\"description\" content=\"Filtr mineralizacyjny jest wykonany z z\u0142\u00f3\u017c dolomitu, kt\u00f3re wzbogacaj\u0105 wod\u0119 po jej przefiltrowaniu w niezb\u0119dne minera\u0142y, takie jak magnez i wap\u0144.\" \/>\n<meta name=\"robots\" content=\"index, follow, max-snippet:-1, max-image-preview:large, max-video-preview:-1\" \/>\n<link rel=\"canonical\" href=\"https:\/\/dreamfilters.de\/pl\/produkt\/dreamfilters-liniowy-2-calowy-wklad-mineralizacyjny-do-systemow-osmozy-odwroconej\/\" \/>\n<meta property=\"og:locale\" content=\"pl_PL\" \/>\n<meta property=\"og:type\" content=\"article\" \/>\n<meta property=\"og:title\" content=\"Liniowy 2-calowy wk\u0142ad mineralizacyjny  do system\u00f3w osmozy odwr\u00f3conej.\" \/>\n<meta property=\"og:description\" content=\"Filtr mineralizacyjny jest wykonany z z\u0142\u00f3\u017c dolomitu, kt\u00f3re wzbogacaj\u0105 wod\u0119 po jej przefiltrowaniu w niezb\u0119dne minera\u0142y, takie jak magnez i wap\u0144.\" \/>\n<meta property=\"og:url\" content=\"https:\/\/dreamfilters.de\/pl\/produkt\/dreamfilters-liniowy-2-calowy-wklad-mineralizacyjny-do-systemow-osmozy-odwroconej\/\" \/>\n<meta property=\"og:site_name\" content=\"DreamFilters\" \/>\n<meta property=\"article:modified_time\" content=\"2025-08-22T13:06:11+00:00\" \/>\n<meta property=\"og:image\" content=\"https:\/\/dreamfilters.de\/wp-content\/uploads\/2025\/01\/dreamfilters-mineralisierungsfilter-mineral-filter-for-ro.jpg\" \/>\n\t<meta property=\"og:image:width\" content=\"2500\" \/>\n\t<meta property=\"og:image:height\" content=\"2107\" \/>\n\t<meta property=\"og:image:type\" content=\"image\/jpeg\" \/>\n<meta name=\"twitter:card\" content=\"summary_large_image\" \/>\n<meta name=\"twitter:label1\" content=\"Szacowany czas czytania\" \/>\n\t<meta name=\"twitter:data1\" content=\"1 minuta\" \/>\n<script type=\"application\/ld+json\" class=\"yoast-schema-graph\">{\"@context\":\"https:\/\/schema.org\",\"@graph\":[{\"@type\":\"WebPage\",\"@id\":\"https:\/\/dreamfilters.de\/pl\/produkt\/dreamfilters-liniowy-2-calowy-wklad-mineralizacyjny-do-systemow-osmozy-odwroconej\/\",\"url\":\"https:\/\/dreamfilters.de\/pl\/produkt\/dreamfilters-liniowy-2-calowy-wklad-mineralizacyjny-do-systemow-osmozy-odwroconej\/\",\"name\":\"Liniowy 2\\\" wk\u0142ad mineralizuj\u0105cy do system\u00f3w osmozy odwr\u00f3conej.\",\"isPartOf\":{\"@id\":\"https:\/\/dreamfilters.de\/pl\/#website\"},\"primaryImageOfPage\":{\"@id\":\"https:\/\/dreamfilters.de\/pl\/produkt\/dreamfilters-liniowy-2-calowy-wklad-mineralizacyjny-do-systemow-osmozy-odwroconej\/#primaryimage\"},\"image\":{\"@id\":\"https:\/\/dreamfilters.de\/pl\/produkt\/dreamfilters-liniowy-2-calowy-wklad-mineralizacyjny-do-systemow-osmozy-odwroconej\/#primaryimage\"},\"thumbnailUrl\":\"https:\/\/dreamfilters.de\/wp-content\/uploads\/2025\/01\/dreamfilters-mineralisierungsfilter-mineral-filter-for-ro.jpg\",\"datePublished\":\"2025-01-12T11:04:56+00:00\",\"dateModified\":\"2025-08-22T13:06:11+00:00\",\"description\":\"Filtr mineralizacyjny jest wykonany z z\u0142\u00f3\u017c dolomitu, kt\u00f3re wzbogacaj\u0105 wod\u0119 po jej przefiltrowaniu w niezb\u0119dne minera\u0142y, takie jak magnez i wap\u0144.\",\"breadcrumb\":{\"@id\":\"https:\/\/dreamfilters.de\/pl\/produkt\/dreamfilters-liniowy-2-calowy-wklad-mineralizacyjny-do-systemow-osmozy-odwroconej\/#breadcrumb\"},\"inLanguage\":\"pl-PL\",\"potentialAction\":[{\"@type\":\"ReadAction\",\"target\":[\"https:\/\/dreamfilters.de\/pl\/produkt\/dreamfilters-liniowy-2-calowy-wklad-mineralizacyjny-do-systemow-osmozy-odwroconej\/\"]}]},{\"@type\":\"ImageObject\",\"inLanguage\":\"pl-PL\",\"@id\":\"https:\/\/dreamfilters.de\/pl\/produkt\/dreamfilters-liniowy-2-calowy-wklad-mineralizacyjny-do-systemow-osmozy-odwroconej\/#primaryimage\",\"url\":\"https:\/\/dreamfilters.de\/wp-content\/uploads\/2025\/01\/dreamfilters-mineralisierungsfilter-mineral-filter-for-ro.jpg\",\"contentUrl\":\"https:\/\/dreamfilters.de\/wp-content\/uploads\/2025\/01\/dreamfilters-mineralisierungsfilter-mineral-filter-for-ro.jpg\",\"width\":2500,\"height\":2107,\"caption\":\"2 Zoll Inline Mineralisierungsfilter f\u00fcr Osmoseanlagen.\"},{\"@type\":\"BreadcrumbList\",\"@id\":\"https:\/\/dreamfilters.de\/pl\/produkt\/dreamfilters-liniowy-2-calowy-wklad-mineralizacyjny-do-systemow-osmozy-odwroconej\/#breadcrumb\",\"itemListElement\":[{\"@type\":\"ListItem\",\"position\":1,\"name\":\"Strona g\u0142\u00f3wna\",\"item\":\"https:\/\/dreamfilters.de\/pl\/\"},{\"@type\":\"ListItem\",\"position\":2,\"name\":\"Sklep\",\"item\":\"https:\/\/dreamfilters.de\/shop\/\"},{\"@type\":\"ListItem\",\"position\":3,\"name\":\"Liniowy 2-calowy wk\u0142ad mineralizacyjny do system\u00f3w osmozy odwr\u00f3conej.\"}]},{\"@type\":\"WebSite\",\"@id\":\"https:\/\/dreamfilters.de\/pl\/#website\",\"url\":\"https:\/\/dreamfilters.de\/pl\/\",\"name\":\"DreamFilters\u00ae\",\"description\":\"Drink water with pleasure\",\"publisher\":{\"@id\":\"https:\/\/dreamfilters.de\/pl\/#organization\"},\"alternateName\":\"DreamFilters\",\"potentialAction\":[{\"@type\":\"SearchAction\",\"target\":{\"@type\":\"EntryPoint\",\"urlTemplate\":\"https:\/\/dreamfilters.de\/pl\/?s={search_term_string}\"},\"query-input\":{\"@type\":\"PropertyValueSpecification\",\"valueRequired\":true,\"valueName\":\"search_term_string\"}}],\"inLanguage\":\"pl-PL\"},{\"@type\":\"Organization\",\"@id\":\"https:\/\/dreamfilters.de\/pl\/#organization\",\"name\":\"DreamFilters\u00ae\",\"url\":\"https:\/\/dreamfilters.de\/pl\/\",\"logo\":{\"@type\":\"ImageObject\",\"inLanguage\":\"pl-PL\",\"@id\":\"https:\/\/dreamfilters.de\/pl\/#\/schema\/logo\/image\/\",\"url\":\"https:\/\/dreamfilters.de\/wp-content\/uploads\/2022\/12\/dream_filters_logo_black_F_CMYK.png\",\"contentUrl\":\"https:\/\/dreamfilters.de\/wp-content\/uploads\/2022\/12\/dream_filters_logo_black_F_CMYK.png\",\"width\":464,\"height\":588,\"caption\":\"DreamFilters\u00ae\"},\"image\":{\"@id\":\"https:\/\/dreamfilters.de\/pl\/#\/schema\/logo\/image\/\"},\"sameAs\":[\"https:\/\/www.youtube.com\/@dreamfilters6095\"]}]}<\/script>\n<!-- \/ Yoast SEO Premium plugin. -->","yoast_head_json":{"title":"Liniowy 2\" wk\u0142ad mineralizuj\u0105cy do system\u00f3w osmozy odwr\u00f3conej.","description":"Filtr mineralizacyjny jest wykonany z z\u0142\u00f3\u017c dolomitu, kt\u00f3re wzbogacaj\u0105 wod\u0119 po jej przefiltrowaniu w niezb\u0119dne minera\u0142y, takie jak magnez i wap\u0144.","robots":{"index":"index","follow":"follow","max-snippet":"max-snippet:-1","max-image-preview":"max-image-preview:large","max-video-preview":"max-video-preview:-1"},"canonical":"https:\/\/dreamfilters.de\/pl\/produkt\/dreamfilters-liniowy-2-calowy-wklad-mineralizacyjny-do-systemow-osmozy-odwroconej\/","og_locale":"pl_PL","og_type":"article","og_title":"Liniowy 2-calowy wk\u0142ad mineralizacyjny  do system\u00f3w osmozy odwr\u00f3conej.","og_description":"Filtr mineralizacyjny jest wykonany z z\u0142\u00f3\u017c dolomitu, kt\u00f3re wzbogacaj\u0105 wod\u0119 po jej przefiltrowaniu w niezb\u0119dne minera\u0142y, takie jak magnez i wap\u0144.","og_url":"https:\/\/dreamfilters.de\/pl\/produkt\/dreamfilters-liniowy-2-calowy-wklad-mineralizacyjny-do-systemow-osmozy-odwroconej\/","og_site_name":"DreamFilters","article_modified_time":"2025-08-22T13:06:11+00:00","og_image":[{"width":2500,"height":2107,"url":"https:\/\/dreamfilters.de\/wp-content\/uploads\/2025\/01\/dreamfilters-mineralisierungsfilter-mineral-filter-for-ro.jpg","type":"image\/jpeg"}],"twitter_card":"summary_large_image","twitter_misc":{"Szacowany czas czytania":"1 minuta"},"schema":{"@context":"https:\/\/schema.org","@graph":[{"@type":"WebPage","@id":"https:\/\/dreamfilters.de\/pl\/produkt\/dreamfilters-liniowy-2-calowy-wklad-mineralizacyjny-do-systemow-osmozy-odwroconej\/","url":"https:\/\/dreamfilters.de\/pl\/produkt\/dreamfilters-liniowy-2-calowy-wklad-mineralizacyjny-do-systemow-osmozy-odwroconej\/","name":"Liniowy 2\" wk\u0142ad mineralizuj\u0105cy do system\u00f3w osmozy odwr\u00f3conej.","isPartOf":{"@id":"https:\/\/dreamfilters.de\/pl\/#website"},"primaryImageOfPage":{"@id":"https:\/\/dreamfilters.de\/pl\/produkt\/dreamfilters-liniowy-2-calowy-wklad-mineralizacyjny-do-systemow-osmozy-odwroconej\/#primaryimage"},"image":{"@id":"https:\/\/dreamfilters.de\/pl\/produkt\/dreamfilters-liniowy-2-calowy-wklad-mineralizacyjny-do-systemow-osmozy-odwroconej\/#primaryimage"},"thumbnailUrl":"https:\/\/dreamfilters.de\/wp-content\/uploads\/2025\/01\/dreamfilters-mineralisierungsfilter-mineral-filter-for-ro.jpg","datePublished":"2025-01-12T11:04:56+00:00","dateModified":"2025-08-22T13:06:11+00:00","description":"Filtr mineralizacyjny jest wykonany z z\u0142\u00f3\u017c dolomitu, kt\u00f3re wzbogacaj\u0105 wod\u0119 po jej przefiltrowaniu w niezb\u0119dne minera\u0142y, takie jak magnez i wap\u0144.","breadcrumb":{"@id":"https:\/\/dreamfilters.de\/pl\/produkt\/dreamfilters-liniowy-2-calowy-wklad-mineralizacyjny-do-systemow-osmozy-odwroconej\/#breadcrumb"},"inLanguage":"pl-PL","potentialAction":[{"@type":"ReadAction","target":["https:\/\/dreamfilters.de\/pl\/produkt\/dreamfilters-liniowy-2-calowy-wklad-mineralizacyjny-do-systemow-osmozy-odwroconej\/"]}]},{"@type":"ImageObject","inLanguage":"pl-PL","@id":"https:\/\/dreamfilters.de\/pl\/produkt\/dreamfilters-liniowy-2-calowy-wklad-mineralizacyjny-do-systemow-osmozy-odwroconej\/#primaryimage","url":"https:\/\/dreamfilters.de\/wp-content\/uploads\/2025\/01\/dreamfilters-mineralisierungsfilter-mineral-filter-for-ro.jpg","contentUrl":"https:\/\/dreamfilters.de\/wp-content\/uploads\/2025\/01\/dreamfilters-mineralisierungsfilter-mineral-filter-for-ro.jpg","width":2500,"height":2107,"caption":"2 Zoll Inline Mineralisierungsfilter f\u00fcr Osmoseanlagen."},{"@type":"BreadcrumbList","@id":"https:\/\/dreamfilters.de\/pl\/produkt\/dreamfilters-liniowy-2-calowy-wklad-mineralizacyjny-do-systemow-osmozy-odwroconej\/#breadcrumb","itemListElement":[{"@type":"ListItem","position":1,"name":"Strona g\u0142\u00f3wna","item":"https:\/\/dreamfilters.de\/pl\/"},{"@type":"ListItem","position":2,"name":"Sklep","item":"https:\/\/dreamfilters.de\/shop\/"},{"@type":"ListItem","position":3,"name":"Liniowy 2-calowy wk\u0142ad mineralizacyjny do system\u00f3w osmozy odwr\u00f3conej."}]},{"@type":"WebSite","@id":"https:\/\/dreamfilters.de\/pl\/#website","url":"https:\/\/dreamfilters.de\/pl\/","name":"DreamFilters\u00ae","description":"Drink water with pleasure","publisher":{"@id":"https:\/\/dreamfilters.de\/pl\/#organization"},"alternateName":"DreamFilters","potentialAction":[{"@type":"SearchAction","target":{"@type":"EntryPoint","urlTemplate":"https:\/\/dreamfilters.de\/pl\/?s={search_term_string}"},"query-input":{"@type":"PropertyValueSpecification","valueRequired":true,"valueName":"search_term_string"}}],"inLanguage":"pl-PL"},{"@type":"Organization","@id":"https:\/\/dreamfilters.de\/pl\/#organization","name":"DreamFilters\u00ae","url":"https:\/\/dreamfilters.de\/pl\/","logo":{"@type":"ImageObject","inLanguage":"pl-PL","@id":"https:\/\/dreamfilters.de\/pl\/#\/schema\/logo\/image\/","url":"https:\/\/dreamfilters.de\/wp-content\/uploads\/2022\/12\/dream_filters_logo_black_F_CMYK.png","contentUrl":"https:\/\/dreamfilters.de\/wp-content\/uploads\/2022\/12\/dream_filters_logo_black_F_CMYK.png","width":464,"height":588,"caption":"DreamFilters\u00ae"},"image":{"@id":"https:\/\/dreamfilters.de\/pl\/#\/schema\/logo\/image\/"},"sameAs":["https:\/\/www.youtube.com\/@dreamfilters6095"]}]}},"_links":{"self":[{"href":"https:\/\/dreamfilters.de\/pl\/wp-json\/wp\/v2\/product\/8626","targetHints":{"allow":["GET"]}}],"collection":[{"href":"https:\/\/dreamfilters.de\/pl\/wp-json\/wp\/v2\/product"}],"about":[{"href":"https:\/\/dreamfilters.de\/pl\/wp-json\/wp\/v2\/types\/product"}],"wp:featuredmedia":[{"embeddable":true,"href":"https:\/\/dreamfilters.de\/pl\/wp-json\/wp\/v2\/media\/8630"}],"wp:attachment":[{"href":"https:\/\/dreamfilters.de\/pl\/wp-json\/wp\/v2\/media?parent=8626"}],"wp:term":[{"taxonomy":"product_brand","embeddable":true,"href":"https:\/\/dreamfilters.de\/pl\/wp-json\/wp\/v2\/product_brand?post=8626"},{"taxonomy":"product_cat","embeddable":true,"href":"https:\/\/dreamfilters.de\/pl\/wp-json\/wp\/v2\/product_cat?post=8626"},{"taxonomy":"product_tag","embeddable":true,"href":"https:\/\/dreamfilters.de\/pl\/wp-json\/wp\/v2\/product_tag?post=8626"}],"curies":[{"name":"wp","href":"https:\/\/api.w.org\/{rel}","templated":true}]}}