{"id":8367,"date":"2024-07-22T16:15:00","date_gmt":"2024-07-22T14:15:00","guid":{"rendered":"https:\/\/dreamfilters.de\/?post_type=product&#038;p=8367"},"modified":"2025-01-22T15:05:59","modified_gmt":"2025-01-22T14:05:59","slug":"waz-wody-pitnejdo-filtra-do-wodyjohn-guest-1-41-metr","status":"publish","type":"product","link":"https:\/\/dreamfilters.de\/pl\/produkt\/waz-wody-pitnejdo-filtra-do-wodyjohn-guest-1-41-metr\/","title":{"rendered":"W\u0105\u017c wody pitnej<br>do filtra do wody<br>John Guest 1\/4&#8243;<br>(1 metr)"},"content":{"rendered":"<div class=\"flex-shrink-0 flex flex-col relative items-end\">\n<div>\n<div class=\"pt-0\">\n<div class=\"gizmo-bot-avatar flex h-8 w-8 items-center justify-center overflow-hidden rounded-full\">\n<div class=\"relative p-1 rounded-sm flex items-center justify-center bg-token-main-surface-primary text-token-text-primary h-8 w-8\">W\u0105\u017c do wody pitnej o \u015brednicy 1\/4&#8243;, u\u017cywany mi\u0119dzy innymi w filtrach do wody z odwr\u00f3con\u0105 osmoz\u0105 do filtrowanej wody.<\/div>\n<\/div>\n<\/div>\n<\/div>\n<\/div>\n\n    <div class=\"xs_social_share_widget xs_share_url after_content \t\tmain_content  wslu-style-1 wslu-share-box-shaped wslu-fill-colored wslu-none wslu-share-horizontal wslu-theme-font-no wslu-main_content\">\n\n\t\t\n        <ul>\n\t\t\t        <\/ul>\n    <\/div> \n","protected":false},"excerpt":{"rendered":"<p>[sep] \u0141atwy w instalacji [sep] Materia\u0142 najwy\u017cszej jako\u015bci spo\u017cywczej<\/p>\n","protected":false},"featured_media":8371,"template":"","meta":{"_acf_changed":false},"product_brand":[],"product_cat":[22,23,29,30],"product_tag":[],"class_list":{"0":"post-8367","1":"product","2":"type-product","3":"status-publish","4":"has-post-thumbnail","6":"product_cat-czesci-wymienne","7":"product_cat-inne","8":"product_cat-czesci-wymienne-do-biur-i-gastronomii","9":"product_cat-inne-do-biur-i-gastronomii","10":"product_shipping_class-paczka-s","12":"first","13":"instock","14":"taxable","15":"shipping-taxable","16":"purchasable","17":"product-type-simple"},"acf":[],"yoast_head":"<!-- This site is optimized with the Yoast SEO Premium plugin v25.2 (Yoast SEO v27.5) - https:\/\/yoast.com\/product\/yoast-seo-premium-wordpress\/ -->\n<title>W\u0105\u017c wody pitnejdo filtra do wodyJohn Guest 1\/4&quot;(1 metr) - DreamFilters<\/title>\n<meta name=\"description\" content=\"W\u0105\u017c do wody pitnej o \u015brednicy 1\/4 cala, u\u017cywany mi\u0119dzy innymi w filtrach do wody z odwr\u00f3con\u0105 osmoz\u0105 do transportu czystej wody.\" \/>\n<meta name=\"robots\" content=\"index, follow, max-snippet:-1, max-image-preview:large, max-video-preview:-1\" \/>\n<link rel=\"canonical\" href=\"https:\/\/dreamfilters.de\/pl\/produkt\/waz-wody-pitnejdo-filtra-do-wodyjohn-guest-1-41-metr\/\" \/>\n<meta property=\"og:locale\" content=\"pl_PL\" \/>\n<meta property=\"og:type\" content=\"article\" \/>\n<meta property=\"og:title\" content=\"W\u0105\u017c wody pitnejdo filtra do wodyJohn Guest 1\/4&quot;(1 metr)\" \/>\n<meta property=\"og:description\" content=\"W\u0105\u017c do wody pitnej o \u015brednicy 1\/4 cala, u\u017cywany mi\u0119dzy innymi w filtrach do wody z odwr\u00f3con\u0105 osmoz\u0105 do transportu czystej wody.\" \/>\n<meta property=\"og:url\" content=\"https:\/\/dreamfilters.de\/pl\/produkt\/waz-wody-pitnejdo-filtra-do-wodyjohn-guest-1-41-metr\/\" \/>\n<meta property=\"og:site_name\" content=\"DreamFilters\" \/>\n<meta property=\"article:modified_time\" content=\"2025-01-22T14:05:59+00:00\" \/>\n<meta property=\"og:image\" content=\"https:\/\/dreamfilters.de\/wp-content\/uploads\/2024\/07\/IMG_0021-Edit.jpg\" \/>\n\t<meta property=\"og:image:width\" content=\"1500\" \/>\n\t<meta property=\"og:image:height\" content=\"1500\" \/>\n\t<meta property=\"og:image:type\" content=\"image\/jpeg\" \/>\n<meta name=\"twitter:card\" content=\"summary_large_image\" \/>\n<meta name=\"twitter:label1\" content=\"Szacowany czas czytania\" \/>\n\t<meta name=\"twitter:data1\" content=\"1 minuta\" \/>\n<script type=\"application\/ld+json\" class=\"yoast-schema-graph\">{\"@context\":\"https:\\\/\\\/schema.org\",\"@graph\":[{\"@type\":\"WebPage\",\"@id\":\"https:\\\/\\\/dreamfilters.de\\\/pl\\\/produkt\\\/waz-wody-pitnejdo-filtra-do-wodyjohn-guest-1-41-metr\\\/\",\"url\":\"https:\\\/\\\/dreamfilters.de\\\/pl\\\/produkt\\\/waz-wody-pitnejdo-filtra-do-wodyjohn-guest-1-41-metr\\\/\",\"name\":\"W\u0105\u017c wody pitnej do filtra do wody John Guest 1\\\/4\\\" (1 metr) - DreamFilters\",\"isPartOf\":{\"@id\":\"https:\\\/\\\/dreamfilters.de\\\/pl\\\/#website\"},\"primaryImageOfPage\":{\"@id\":\"https:\\\/\\\/dreamfilters.de\\\/pl\\\/produkt\\\/waz-wody-pitnejdo-filtra-do-wodyjohn-guest-1-41-metr\\\/#primaryimage\"},\"image\":{\"@id\":\"https:\\\/\\\/dreamfilters.de\\\/pl\\\/produkt\\\/waz-wody-pitnejdo-filtra-do-wodyjohn-guest-1-41-metr\\\/#primaryimage\"},\"thumbnailUrl\":\"https:\\\/\\\/dreamfilters.de\\\/wp-content\\\/uploads\\\/2024\\\/07\\\/IMG_0021-Edit.jpg\",\"datePublished\":\"2024-07-22T14:15:00+00:00\",\"dateModified\":\"2025-01-22T14:05:59+00:00\",\"description\":\"W\u0105\u017c do wody pitnej o \u015brednicy 1\\\/4 cala, u\u017cywany mi\u0119dzy innymi w filtrach do wody z odwr\u00f3con\u0105 osmoz\u0105 do transportu czystej wody.\",\"breadcrumb\":{\"@id\":\"https:\\\/\\\/dreamfilters.de\\\/pl\\\/produkt\\\/waz-wody-pitnejdo-filtra-do-wodyjohn-guest-1-41-metr\\\/#breadcrumb\"},\"inLanguage\":\"pl-PL\",\"potentialAction\":[{\"@type\":\"ReadAction\",\"target\":[\"https:\\\/\\\/dreamfilters.de\\\/pl\\\/produkt\\\/waz-wody-pitnejdo-filtra-do-wodyjohn-guest-1-41-metr\\\/\"]}]},{\"@type\":\"ImageObject\",\"inLanguage\":\"pl-PL\",\"@id\":\"https:\\\/\\\/dreamfilters.de\\\/pl\\\/produkt\\\/waz-wody-pitnejdo-filtra-do-wodyjohn-guest-1-41-metr\\\/#primaryimage\",\"url\":\"https:\\\/\\\/dreamfilters.de\\\/wp-content\\\/uploads\\\/2024\\\/07\\\/IMG_0021-Edit.jpg\",\"contentUrl\":\"https:\\\/\\\/dreamfilters.de\\\/wp-content\\\/uploads\\\/2024\\\/07\\\/IMG_0021-Edit.jpg\",\"width\":1500,\"height\":1500,\"caption\":\"Trinkwasserschlauch 1\\\/4 Zoll f\u00fcr Wasserfilter\"},{\"@type\":\"BreadcrumbList\",\"@id\":\"https:\\\/\\\/dreamfilters.de\\\/pl\\\/produkt\\\/waz-wody-pitnejdo-filtra-do-wodyjohn-guest-1-41-metr\\\/#breadcrumb\",\"itemListElement\":[{\"@type\":\"ListItem\",\"position\":1,\"name\":\"Strona g\u0142\u00f3wna\",\"item\":\"https:\\\/\\\/dreamfilters.de\\\/pl\\\/\"},{\"@type\":\"ListItem\",\"position\":2,\"name\":\"Sklep\",\"item\":\"https:\\\/\\\/dreamfilters.de\\\/shop\\\/\"},{\"@type\":\"ListItem\",\"position\":3,\"name\":\"W\u0105\u017c wody pitnejdo filtra do wodyJohn Guest 1\\\/4&#8243;(1 metr)\"}]},{\"@type\":\"WebSite\",\"@id\":\"https:\\\/\\\/dreamfilters.de\\\/pl\\\/#website\",\"url\":\"https:\\\/\\\/dreamfilters.de\\\/pl\\\/\",\"name\":\"DreamFilters\u00ae\",\"description\":\"Drink water with pleasure\",\"publisher\":{\"@id\":\"https:\\\/\\\/dreamfilters.de\\\/pl\\\/#organization\"},\"alternateName\":\"DreamFilters\",\"potentialAction\":[{\"@type\":\"SearchAction\",\"target\":{\"@type\":\"EntryPoint\",\"urlTemplate\":\"https:\\\/\\\/dreamfilters.de\\\/pl\\\/?s={search_term_string}\"},\"query-input\":{\"@type\":\"PropertyValueSpecification\",\"valueRequired\":true,\"valueName\":\"search_term_string\"}}],\"inLanguage\":\"pl-PL\"},{\"@type\":\"Organization\",\"@id\":\"https:\\\/\\\/dreamfilters.de\\\/pl\\\/#organization\",\"name\":\"DreamFilters\u00ae\",\"url\":\"https:\\\/\\\/dreamfilters.de\\\/pl\\\/\",\"logo\":{\"@type\":\"ImageObject\",\"inLanguage\":\"pl-PL\",\"@id\":\"https:\\\/\\\/dreamfilters.de\\\/pl\\\/#\\\/schema\\\/logo\\\/image\\\/\",\"url\":\"https:\\\/\\\/dreamfilters.de\\\/wp-content\\\/uploads\\\/2022\\\/12\\\/dream_filters_logo_black_F_CMYK.png\",\"contentUrl\":\"https:\\\/\\\/dreamfilters.de\\\/wp-content\\\/uploads\\\/2022\\\/12\\\/dream_filters_logo_black_F_CMYK.png\",\"width\":464,\"height\":588,\"caption\":\"DreamFilters\u00ae\"},\"image\":{\"@id\":\"https:\\\/\\\/dreamfilters.de\\\/pl\\\/#\\\/schema\\\/logo\\\/image\\\/\"},\"sameAs\":[\"https:\\\/\\\/www.youtube.com\\\/@dreamfilters6095\"]}]}<\/script>\n<!-- \/ Yoast SEO Premium plugin. -->","yoast_head_json":{"title":"W\u0105\u017c wody pitnejdo filtra do wodyJohn Guest 1\/4\"(1 metr) - DreamFilters","description":"W\u0105\u017c do wody pitnej o \u015brednicy 1\/4 cala, u\u017cywany mi\u0119dzy innymi w filtrach do wody z odwr\u00f3con\u0105 osmoz\u0105 do transportu czystej wody.","robots":{"index":"index","follow":"follow","max-snippet":"max-snippet:-1","max-image-preview":"max-image-preview:large","max-video-preview":"max-video-preview:-1"},"canonical":"https:\/\/dreamfilters.de\/pl\/produkt\/waz-wody-pitnejdo-filtra-do-wodyjohn-guest-1-41-metr\/","og_locale":"pl_PL","og_type":"article","og_title":"W\u0105\u017c wody pitnejdo filtra do wodyJohn Guest 1\/4\"(1 metr)","og_description":"W\u0105\u017c do wody pitnej o \u015brednicy 1\/4 cala, u\u017cywany mi\u0119dzy innymi w filtrach do wody z odwr\u00f3con\u0105 osmoz\u0105 do transportu czystej wody.","og_url":"https:\/\/dreamfilters.de\/pl\/produkt\/waz-wody-pitnejdo-filtra-do-wodyjohn-guest-1-41-metr\/","og_site_name":"DreamFilters","article_modified_time":"2025-01-22T14:05:59+00:00","og_image":[{"width":1500,"height":1500,"url":"https:\/\/dreamfilters.de\/wp-content\/uploads\/2024\/07\/IMG_0021-Edit.jpg","type":"image\/jpeg"}],"twitter_card":"summary_large_image","twitter_misc":{"Szacowany czas czytania":"1 minuta"},"schema":{"@context":"https:\/\/schema.org","@graph":[{"@type":"WebPage","@id":"https:\/\/dreamfilters.de\/pl\/produkt\/waz-wody-pitnejdo-filtra-do-wodyjohn-guest-1-41-metr\/","url":"https:\/\/dreamfilters.de\/pl\/produkt\/waz-wody-pitnejdo-filtra-do-wodyjohn-guest-1-41-metr\/","name":"W\u0105\u017c wody pitnej do filtra do wody John Guest 1\/4\" (1 metr) - DreamFilters","isPartOf":{"@id":"https:\/\/dreamfilters.de\/pl\/#website"},"primaryImageOfPage":{"@id":"https:\/\/dreamfilters.de\/pl\/produkt\/waz-wody-pitnejdo-filtra-do-wodyjohn-guest-1-41-metr\/#primaryimage"},"image":{"@id":"https:\/\/dreamfilters.de\/pl\/produkt\/waz-wody-pitnejdo-filtra-do-wodyjohn-guest-1-41-metr\/#primaryimage"},"thumbnailUrl":"https:\/\/dreamfilters.de\/wp-content\/uploads\/2024\/07\/IMG_0021-Edit.jpg","datePublished":"2024-07-22T14:15:00+00:00","dateModified":"2025-01-22T14:05:59+00:00","description":"W\u0105\u017c do wody pitnej o \u015brednicy 1\/4 cala, u\u017cywany mi\u0119dzy innymi w filtrach do wody z odwr\u00f3con\u0105 osmoz\u0105 do transportu czystej wody.","breadcrumb":{"@id":"https:\/\/dreamfilters.de\/pl\/produkt\/waz-wody-pitnejdo-filtra-do-wodyjohn-guest-1-41-metr\/#breadcrumb"},"inLanguage":"pl-PL","potentialAction":[{"@type":"ReadAction","target":["https:\/\/dreamfilters.de\/pl\/produkt\/waz-wody-pitnejdo-filtra-do-wodyjohn-guest-1-41-metr\/"]}]},{"@type":"ImageObject","inLanguage":"pl-PL","@id":"https:\/\/dreamfilters.de\/pl\/produkt\/waz-wody-pitnejdo-filtra-do-wodyjohn-guest-1-41-metr\/#primaryimage","url":"https:\/\/dreamfilters.de\/wp-content\/uploads\/2024\/07\/IMG_0021-Edit.jpg","contentUrl":"https:\/\/dreamfilters.de\/wp-content\/uploads\/2024\/07\/IMG_0021-Edit.jpg","width":1500,"height":1500,"caption":"Trinkwasserschlauch 1\/4 Zoll f\u00fcr Wasserfilter"},{"@type":"BreadcrumbList","@id":"https:\/\/dreamfilters.de\/pl\/produkt\/waz-wody-pitnejdo-filtra-do-wodyjohn-guest-1-41-metr\/#breadcrumb","itemListElement":[{"@type":"ListItem","position":1,"name":"Strona g\u0142\u00f3wna","item":"https:\/\/dreamfilters.de\/pl\/"},{"@type":"ListItem","position":2,"name":"Sklep","item":"https:\/\/dreamfilters.de\/shop\/"},{"@type":"ListItem","position":3,"name":"W\u0105\u017c wody pitnejdo filtra do wodyJohn Guest 1\/4&#8243;(1 metr)"}]},{"@type":"WebSite","@id":"https:\/\/dreamfilters.de\/pl\/#website","url":"https:\/\/dreamfilters.de\/pl\/","name":"DreamFilters\u00ae","description":"Drink water with pleasure","publisher":{"@id":"https:\/\/dreamfilters.de\/pl\/#organization"},"alternateName":"DreamFilters","potentialAction":[{"@type":"SearchAction","target":{"@type":"EntryPoint","urlTemplate":"https:\/\/dreamfilters.de\/pl\/?s={search_term_string}"},"query-input":{"@type":"PropertyValueSpecification","valueRequired":true,"valueName":"search_term_string"}}],"inLanguage":"pl-PL"},{"@type":"Organization","@id":"https:\/\/dreamfilters.de\/pl\/#organization","name":"DreamFilters\u00ae","url":"https:\/\/dreamfilters.de\/pl\/","logo":{"@type":"ImageObject","inLanguage":"pl-PL","@id":"https:\/\/dreamfilters.de\/pl\/#\/schema\/logo\/image\/","url":"https:\/\/dreamfilters.de\/wp-content\/uploads\/2022\/12\/dream_filters_logo_black_F_CMYK.png","contentUrl":"https:\/\/dreamfilters.de\/wp-content\/uploads\/2022\/12\/dream_filters_logo_black_F_CMYK.png","width":464,"height":588,"caption":"DreamFilters\u00ae"},"image":{"@id":"https:\/\/dreamfilters.de\/pl\/#\/schema\/logo\/image\/"},"sameAs":["https:\/\/www.youtube.com\/@dreamfilters6095"]}]}},"_links":{"self":[{"href":"https:\/\/dreamfilters.de\/pl\/wp-json\/wp\/v2\/product\/8367","targetHints":{"allow":["GET"]}}],"collection":[{"href":"https:\/\/dreamfilters.de\/pl\/wp-json\/wp\/v2\/product"}],"about":[{"href":"https:\/\/dreamfilters.de\/pl\/wp-json\/wp\/v2\/types\/product"}],"wp:featuredmedia":[{"embeddable":true,"href":"https:\/\/dreamfilters.de\/pl\/wp-json\/wp\/v2\/media\/8371"}],"wp:attachment":[{"href":"https:\/\/dreamfilters.de\/pl\/wp-json\/wp\/v2\/media?parent=8367"}],"wp:term":[{"taxonomy":"product_brand","embeddable":true,"href":"https:\/\/dreamfilters.de\/pl\/wp-json\/wp\/v2\/product_brand?post=8367"},{"taxonomy":"product_cat","embeddable":true,"href":"https:\/\/dreamfilters.de\/pl\/wp-json\/wp\/v2\/product_cat?post=8367"},{"taxonomy":"product_tag","embeddable":true,"href":"https:\/\/dreamfilters.de\/pl\/wp-json\/wp\/v2\/product_tag?post=8367"}],"curies":[{"name":"wp","href":"https:\/\/api.w.org\/{rel}","templated":true}]}}