{"id":8361,"date":"2024-07-22T15:46:35","date_gmt":"2024-07-22T13:46:35","guid":{"rendered":"https:\/\/dreamfilters.de\/?post_type=product&#038;p=8361"},"modified":"2025-07-15T18:40:18","modified_gmt":"2025-07-15T16:40:18","slug":"waz-do-wody-pitnejo-wewnetrzna-10mmo-zewnetrzna-15mm1-metr","status":"publish","type":"product","link":"https:\/\/dreamfilters.de\/pl\/produkt\/waz-do-wody-pitnejo-wewnetrzna-10mmo-zewnetrzna-15mm1-metr\/","title":{"rendered":"W\u0105\u017c do wody pitnej<br>\u00d8 wewn\u0119trzna &#8211; 10mm<br>\u00d8 zewn\u0119trzna &#8211; 15mm<br>(1 metr)"},"content":{"rendered":"<p>W\u0105\u017c do wody pitnej LILIE \u2013 odporny na temperatur\u0119 i elastyczny. Optymalne rozwi\u0105zanie do pe\u0142nej instalacji w poje\u017adzie. Nadaje si\u0119 do bezpo\u015bredniego pod\u0142\u0105czenia do bojlera bez dodatkowych os\u0142on ochronnych. Zatwierdzony przez wiod\u0105cych producent\u00f3w bojler\u00f3w.<\/p>\n\n    <div class=\"xs_social_share_widget xs_share_url after_content \t\tmain_content  wslu-style-1 wslu-share-box-shaped wslu-fill-colored wslu-none wslu-share-horizontal wslu-theme-font-no wslu-main_content\">\n\n\t\t\n        <ul>\n\t\t\t        <\/ul>\n    <\/div> \n","protected":false},"excerpt":{"rendered":"<p>[sep] \u0141atwy w instalacji [sep] Materia\u0142 najwy\u017cszej jako\u015bci spo\u017cywczej<\/p>\n","protected":false},"featured_media":9477,"template":"","meta":{"_acf_changed":false},"product_brand":[],"product_cat":[22,23,29,30],"product_tag":[],"class_list":{"0":"post-8361","1":"product","2":"type-product","3":"status-publish","4":"has-post-thumbnail","6":"product_cat-czesci-wymienne","7":"product_cat-inne","8":"product_cat-czesci-wymienne-do-biur-i-gastronomii","9":"product_cat-inne-do-biur-i-gastronomii","10":"product_shipping_class-paczka-m","12":"first","13":"instock","14":"taxable","15":"shipping-taxable","16":"purchasable","17":"product-type-simple"},"acf":[],"yoast_head":"<!-- This site is optimized with the Yoast SEO Premium plugin v25.2 (Yoast SEO v27.1.1) - https:\/\/yoast.com\/product\/yoast-seo-premium-wordpress\/ -->\n<title>W\u0105\u017c do wody pitnej, \u00d8 wewn\u0119trzna - 10mm, \u00d8 zewn\u0119trzna - 15mm<\/title>\n<meta name=\"description\" content=\"W\u0105\u017c do wody pitnej LILIE 10-15mm , 88110 - odporny na temperatur\u0119 i elastyczny. Optymalne rozwi\u0105zanie do pe\u0142nej instalacji w poje\u017adzie.\" \/>\n<meta name=\"robots\" content=\"index, follow, max-snippet:-1, max-image-preview:large, max-video-preview:-1\" \/>\n<link rel=\"canonical\" href=\"https:\/\/dreamfilters.de\/pl\/produkt\/waz-do-wody-pitnejo-wewnetrzna-10mmo-zewnetrzna-15mm1-metr\/\" \/>\n<meta property=\"og:locale\" content=\"pl_PL\" \/>\n<meta property=\"og:type\" content=\"article\" \/>\n<meta property=\"og:title\" content=\"W\u0105\u017c do wody pitnej\u00d8 wewn\u0119trzna - 10mm\u00d8 zewn\u0119trzna - 15mm(1 metr)\" \/>\n<meta property=\"og:description\" content=\"W\u0105\u017c do wody pitnej LILIE 10-15mm , 88110 - odporny na temperatur\u0119 i elastyczny. Optymalne rozwi\u0105zanie do pe\u0142nej instalacji w poje\u017adzie.\" \/>\n<meta property=\"og:url\" content=\"https:\/\/dreamfilters.de\/pl\/produkt\/waz-do-wody-pitnejo-wewnetrzna-10mmo-zewnetrzna-15mm1-metr\/\" \/>\n<meta property=\"og:site_name\" content=\"DreamFilters\" \/>\n<meta property=\"article:modified_time\" content=\"2025-07-15T16:40:18+00:00\" \/>\n<meta property=\"og:image\" content=\"https:\/\/dreamfilters.de\/wp-content\/uploads\/2024\/07\/Bildschirmfoto-2025-07-15-um-17.55.55.png\" \/>\n\t<meta property=\"og:image:width\" content=\"2516\" \/>\n\t<meta property=\"og:image:height\" content=\"1998\" \/>\n\t<meta property=\"og:image:type\" content=\"image\/png\" \/>\n<meta name=\"twitter:card\" content=\"summary_large_image\" \/>\n<meta name=\"twitter:label1\" content=\"Szacowany czas czytania\" \/>\n\t<meta name=\"twitter:data1\" content=\"1 minuta\" \/>\n<script type=\"application\/ld+json\" class=\"yoast-schema-graph\">{\"@context\":\"https:\/\/schema.org\",\"@graph\":[{\"@type\":\"WebPage\",\"@id\":\"https:\/\/dreamfilters.de\/pl\/produkt\/waz-do-wody-pitnejo-wewnetrzna-10mmo-zewnetrzna-15mm1-metr\/\",\"url\":\"https:\/\/dreamfilters.de\/pl\/produkt\/waz-do-wody-pitnejo-wewnetrzna-10mmo-zewnetrzna-15mm1-metr\/\",\"name\":\"W\u0105\u017c do wody pitnej, \u00d8 wewn\u0119trzna - 10mm, \u00d8 zewn\u0119trzna - 15mm\",\"isPartOf\":{\"@id\":\"https:\/\/dreamfilters.de\/pl\/#website\"},\"primaryImageOfPage\":{\"@id\":\"https:\/\/dreamfilters.de\/pl\/produkt\/waz-do-wody-pitnejo-wewnetrzna-10mmo-zewnetrzna-15mm1-metr\/#primaryimage\"},\"image\":{\"@id\":\"https:\/\/dreamfilters.de\/pl\/produkt\/waz-do-wody-pitnejo-wewnetrzna-10mmo-zewnetrzna-15mm1-metr\/#primaryimage\"},\"thumbnailUrl\":\"https:\/\/dreamfilters.de\/wp-content\/uploads\/2024\/07\/Bildschirmfoto-2025-07-15-um-17.55.55.png\",\"datePublished\":\"2024-07-22T13:46:35+00:00\",\"dateModified\":\"2025-07-15T16:40:18+00:00\",\"description\":\"W\u0105\u017c do wody pitnej LILIE 10-15mm , 88110 - odporny na temperatur\u0119 i elastyczny. Optymalne rozwi\u0105zanie do pe\u0142nej instalacji w poje\u017adzie.\",\"breadcrumb\":{\"@id\":\"https:\/\/dreamfilters.de\/pl\/produkt\/waz-do-wody-pitnejo-wewnetrzna-10mmo-zewnetrzna-15mm1-metr\/#breadcrumb\"},\"inLanguage\":\"pl-PL\",\"potentialAction\":[{\"@type\":\"ReadAction\",\"target\":[\"https:\/\/dreamfilters.de\/pl\/produkt\/waz-do-wody-pitnejo-wewnetrzna-10mmo-zewnetrzna-15mm1-metr\/\"]}]},{\"@type\":\"ImageObject\",\"inLanguage\":\"pl-PL\",\"@id\":\"https:\/\/dreamfilters.de\/pl\/produkt\/waz-do-wody-pitnejo-wewnetrzna-10mmo-zewnetrzna-15mm1-metr\/#primaryimage\",\"url\":\"https:\/\/dreamfilters.de\/wp-content\/uploads\/2024\/07\/Bildschirmfoto-2025-07-15-um-17.55.55.png\",\"contentUrl\":\"https:\/\/dreamfilters.de\/wp-content\/uploads\/2024\/07\/Bildschirmfoto-2025-07-15-um-17.55.55.png\",\"width\":2516,\"height\":1998,\"caption\":\"Lilie Trinkwasserschlauch f\u00fcr Kaltwasser 10 x 15 mm.\"},{\"@type\":\"BreadcrumbList\",\"@id\":\"https:\/\/dreamfilters.de\/pl\/produkt\/waz-do-wody-pitnejo-wewnetrzna-10mmo-zewnetrzna-15mm1-metr\/#breadcrumb\",\"itemListElement\":[{\"@type\":\"ListItem\",\"position\":1,\"name\":\"Strona g\u0142\u00f3wna\",\"item\":\"https:\/\/dreamfilters.de\/pl\/\"},{\"@type\":\"ListItem\",\"position\":2,\"name\":\"Sklep\",\"item\":\"https:\/\/dreamfilters.de\/shop\/\"},{\"@type\":\"ListItem\",\"position\":3,\"name\":\"W\u0105\u017c do wody pitnej\u00d8 wewn\u0119trzna &#8211; 10mm\u00d8 zewn\u0119trzna &#8211; 15mm(1 metr)\"}]},{\"@type\":\"WebSite\",\"@id\":\"https:\/\/dreamfilters.de\/pl\/#website\",\"url\":\"https:\/\/dreamfilters.de\/pl\/\",\"name\":\"DreamFilters\u00ae\",\"description\":\"Drink water with pleasure\",\"publisher\":{\"@id\":\"https:\/\/dreamfilters.de\/pl\/#organization\"},\"alternateName\":\"DreamFilters\",\"potentialAction\":[{\"@type\":\"SearchAction\",\"target\":{\"@type\":\"EntryPoint\",\"urlTemplate\":\"https:\/\/dreamfilters.de\/pl\/?s={search_term_string}\"},\"query-input\":{\"@type\":\"PropertyValueSpecification\",\"valueRequired\":true,\"valueName\":\"search_term_string\"}}],\"inLanguage\":\"pl-PL\"},{\"@type\":\"Organization\",\"@id\":\"https:\/\/dreamfilters.de\/pl\/#organization\",\"name\":\"DreamFilters\u00ae\",\"url\":\"https:\/\/dreamfilters.de\/pl\/\",\"logo\":{\"@type\":\"ImageObject\",\"inLanguage\":\"pl-PL\",\"@id\":\"https:\/\/dreamfilters.de\/pl\/#\/schema\/logo\/image\/\",\"url\":\"https:\/\/dreamfilters.de\/wp-content\/uploads\/2022\/12\/dream_filters_logo_black_F_CMYK.png\",\"contentUrl\":\"https:\/\/dreamfilters.de\/wp-content\/uploads\/2022\/12\/dream_filters_logo_black_F_CMYK.png\",\"width\":464,\"height\":588,\"caption\":\"DreamFilters\u00ae\"},\"image\":{\"@id\":\"https:\/\/dreamfilters.de\/pl\/#\/schema\/logo\/image\/\"},\"sameAs\":[\"https:\/\/www.youtube.com\/@dreamfilters6095\"]}]}<\/script>\n<!-- \/ Yoast SEO Premium plugin. -->","yoast_head_json":{"title":"W\u0105\u017c do wody pitnej, \u00d8 wewn\u0119trzna - 10mm, \u00d8 zewn\u0119trzna - 15mm","description":"W\u0105\u017c do wody pitnej LILIE 10-15mm , 88110 - odporny na temperatur\u0119 i elastyczny. Optymalne rozwi\u0105zanie do pe\u0142nej instalacji w poje\u017adzie.","robots":{"index":"index","follow":"follow","max-snippet":"max-snippet:-1","max-image-preview":"max-image-preview:large","max-video-preview":"max-video-preview:-1"},"canonical":"https:\/\/dreamfilters.de\/pl\/produkt\/waz-do-wody-pitnejo-wewnetrzna-10mmo-zewnetrzna-15mm1-metr\/","og_locale":"pl_PL","og_type":"article","og_title":"W\u0105\u017c do wody pitnej\u00d8 wewn\u0119trzna - 10mm\u00d8 zewn\u0119trzna - 15mm(1 metr)","og_description":"W\u0105\u017c do wody pitnej LILIE 10-15mm , 88110 - odporny na temperatur\u0119 i elastyczny. Optymalne rozwi\u0105zanie do pe\u0142nej instalacji w poje\u017adzie.","og_url":"https:\/\/dreamfilters.de\/pl\/produkt\/waz-do-wody-pitnejo-wewnetrzna-10mmo-zewnetrzna-15mm1-metr\/","og_site_name":"DreamFilters","article_modified_time":"2025-07-15T16:40:18+00:00","og_image":[{"width":2516,"height":1998,"url":"https:\/\/dreamfilters.de\/wp-content\/uploads\/2024\/07\/Bildschirmfoto-2025-07-15-um-17.55.55.png","type":"image\/png"}],"twitter_card":"summary_large_image","twitter_misc":{"Szacowany czas czytania":"1 minuta"},"schema":{"@context":"https:\/\/schema.org","@graph":[{"@type":"WebPage","@id":"https:\/\/dreamfilters.de\/pl\/produkt\/waz-do-wody-pitnejo-wewnetrzna-10mmo-zewnetrzna-15mm1-metr\/","url":"https:\/\/dreamfilters.de\/pl\/produkt\/waz-do-wody-pitnejo-wewnetrzna-10mmo-zewnetrzna-15mm1-metr\/","name":"W\u0105\u017c do wody pitnej, \u00d8 wewn\u0119trzna - 10mm, \u00d8 zewn\u0119trzna - 15mm","isPartOf":{"@id":"https:\/\/dreamfilters.de\/pl\/#website"},"primaryImageOfPage":{"@id":"https:\/\/dreamfilters.de\/pl\/produkt\/waz-do-wody-pitnejo-wewnetrzna-10mmo-zewnetrzna-15mm1-metr\/#primaryimage"},"image":{"@id":"https:\/\/dreamfilters.de\/pl\/produkt\/waz-do-wody-pitnejo-wewnetrzna-10mmo-zewnetrzna-15mm1-metr\/#primaryimage"},"thumbnailUrl":"https:\/\/dreamfilters.de\/wp-content\/uploads\/2024\/07\/Bildschirmfoto-2025-07-15-um-17.55.55.png","datePublished":"2024-07-22T13:46:35+00:00","dateModified":"2025-07-15T16:40:18+00:00","description":"W\u0105\u017c do wody pitnej LILIE 10-15mm , 88110 - odporny na temperatur\u0119 i elastyczny. Optymalne rozwi\u0105zanie do pe\u0142nej instalacji w poje\u017adzie.","breadcrumb":{"@id":"https:\/\/dreamfilters.de\/pl\/produkt\/waz-do-wody-pitnejo-wewnetrzna-10mmo-zewnetrzna-15mm1-metr\/#breadcrumb"},"inLanguage":"pl-PL","potentialAction":[{"@type":"ReadAction","target":["https:\/\/dreamfilters.de\/pl\/produkt\/waz-do-wody-pitnejo-wewnetrzna-10mmo-zewnetrzna-15mm1-metr\/"]}]},{"@type":"ImageObject","inLanguage":"pl-PL","@id":"https:\/\/dreamfilters.de\/pl\/produkt\/waz-do-wody-pitnejo-wewnetrzna-10mmo-zewnetrzna-15mm1-metr\/#primaryimage","url":"https:\/\/dreamfilters.de\/wp-content\/uploads\/2024\/07\/Bildschirmfoto-2025-07-15-um-17.55.55.png","contentUrl":"https:\/\/dreamfilters.de\/wp-content\/uploads\/2024\/07\/Bildschirmfoto-2025-07-15-um-17.55.55.png","width":2516,"height":1998,"caption":"Lilie Trinkwasserschlauch f\u00fcr Kaltwasser 10 x 15 mm."},{"@type":"BreadcrumbList","@id":"https:\/\/dreamfilters.de\/pl\/produkt\/waz-do-wody-pitnejo-wewnetrzna-10mmo-zewnetrzna-15mm1-metr\/#breadcrumb","itemListElement":[{"@type":"ListItem","position":1,"name":"Strona g\u0142\u00f3wna","item":"https:\/\/dreamfilters.de\/pl\/"},{"@type":"ListItem","position":2,"name":"Sklep","item":"https:\/\/dreamfilters.de\/shop\/"},{"@type":"ListItem","position":3,"name":"W\u0105\u017c do wody pitnej\u00d8 wewn\u0119trzna &#8211; 10mm\u00d8 zewn\u0119trzna &#8211; 15mm(1 metr)"}]},{"@type":"WebSite","@id":"https:\/\/dreamfilters.de\/pl\/#website","url":"https:\/\/dreamfilters.de\/pl\/","name":"DreamFilters\u00ae","description":"Drink water with pleasure","publisher":{"@id":"https:\/\/dreamfilters.de\/pl\/#organization"},"alternateName":"DreamFilters","potentialAction":[{"@type":"SearchAction","target":{"@type":"EntryPoint","urlTemplate":"https:\/\/dreamfilters.de\/pl\/?s={search_term_string}"},"query-input":{"@type":"PropertyValueSpecification","valueRequired":true,"valueName":"search_term_string"}}],"inLanguage":"pl-PL"},{"@type":"Organization","@id":"https:\/\/dreamfilters.de\/pl\/#organization","name":"DreamFilters\u00ae","url":"https:\/\/dreamfilters.de\/pl\/","logo":{"@type":"ImageObject","inLanguage":"pl-PL","@id":"https:\/\/dreamfilters.de\/pl\/#\/schema\/logo\/image\/","url":"https:\/\/dreamfilters.de\/wp-content\/uploads\/2022\/12\/dream_filters_logo_black_F_CMYK.png","contentUrl":"https:\/\/dreamfilters.de\/wp-content\/uploads\/2022\/12\/dream_filters_logo_black_F_CMYK.png","width":464,"height":588,"caption":"DreamFilters\u00ae"},"image":{"@id":"https:\/\/dreamfilters.de\/pl\/#\/schema\/logo\/image\/"},"sameAs":["https:\/\/www.youtube.com\/@dreamfilters6095"]}]}},"_links":{"self":[{"href":"https:\/\/dreamfilters.de\/pl\/wp-json\/wp\/v2\/product\/8361","targetHints":{"allow":["GET"]}}],"collection":[{"href":"https:\/\/dreamfilters.de\/pl\/wp-json\/wp\/v2\/product"}],"about":[{"href":"https:\/\/dreamfilters.de\/pl\/wp-json\/wp\/v2\/types\/product"}],"wp:featuredmedia":[{"embeddable":true,"href":"https:\/\/dreamfilters.de\/pl\/wp-json\/wp\/v2\/media\/9477"}],"wp:attachment":[{"href":"https:\/\/dreamfilters.de\/pl\/wp-json\/wp\/v2\/media?parent=8361"}],"wp:term":[{"taxonomy":"product_brand","embeddable":true,"href":"https:\/\/dreamfilters.de\/pl\/wp-json\/wp\/v2\/product_brand?post=8361"},{"taxonomy":"product_cat","embeddable":true,"href":"https:\/\/dreamfilters.de\/pl\/wp-json\/wp\/v2\/product_cat?post=8361"},{"taxonomy":"product_tag","embeddable":true,"href":"https:\/\/dreamfilters.de\/pl\/wp-json\/wp\/v2\/product_tag?post=8361"}],"curies":[{"name":"wp","href":"https:\/\/api.w.org\/{rel}","templated":true}]}}