{"id":8343,"date":"2024-07-21T11:54:38","date_gmt":"2024-07-21T09:54:38","guid":{"rendered":"https:\/\/dreamfilters.de\/?post_type=product&#038;p=8343"},"modified":"2025-01-22T15:15:30","modified_gmt":"2025-01-22T14:15:30","slug":"john-guest-szybkozlaczka-redukcyjna-5-16-rura-3-8-rura","status":"publish","type":"product","link":"https:\/\/dreamfilters.de\/pl\/produkt\/john-guest-szybkozlaczka-redukcyjna-5-16-rura-3-8-rura\/","title":{"rendered":"John Guest<br> Szybkoz\u0142\u0105czka redukcyjna<br> 5\/16&#8243; Rura &#8211; 3\/8&#8243; Rura"},"content":{"rendered":"<p>John Guest Z\u0142\u0105czka Push-Fit, redukcyjna szybkoz\u0142\u0105czka rurki 5\/16 cala do 3\/8 cala, zapewniaj\u0105ca bezpieczne i szczelne po\u0142\u0105czenie.<\/p>\n\n    <div class=\"xs_social_share_widget xs_share_url after_content \t\tmain_content  wslu-style-1 wslu-share-box-shaped wslu-fill-colored wslu-none wslu-share-horizontal wslu-theme-font-no wslu-main_content\">\n\n\t\t\n        <ul>\n\t\t\t        <\/ul>\n    <\/div> \n","protected":false},"excerpt":{"rendered":"<p>[sep] \u0141atwy w instalacji [sep] Materia\u0142 najwy\u017cszej jako\u015bci spo\u017cywczej<\/p>\n","protected":false},"featured_media":8347,"template":"","meta":{"_acf_changed":false},"product_brand":[],"product_cat":[22,23,29,30],"product_tag":[],"class_list":{"0":"post-8343","1":"product","2":"type-product","3":"status-publish","4":"has-post-thumbnail","6":"product_cat-czesci-wymienne","7":"product_cat-inne","8":"product_cat-czesci-wymienne-do-biur-i-gastronomii","9":"product_cat-inne-do-biur-i-gastronomii","10":"product_shipping_class-paczka-s","12":"first","13":"instock","14":"taxable","15":"shipping-taxable","16":"purchasable","17":"product-type-simple"},"acf":[],"yoast_head":"<!-- This site is optimized with the Yoast SEO Premium plugin v25.2 (Yoast SEO v27.1.1) - https:\/\/yoast.com\/product\/yoast-seo-premium-wordpress\/ -->\n<title>John Guest Szybkoz\u0142\u0105czka redukcyjna 5\/16&quot; Rura - 3\/8&quot; Rura<\/title>\n<meta name=\"description\" content=\"John Guest Z\u0142\u0105czka Push-Fit, redukcyjna szybkoz\u0142\u0105czka rurki 5\/16 cala do 3\/8 cala, zapewniaj\u0105ca bezpieczne i szczelne po\u0142\u0105czenie.\" \/>\n<meta name=\"robots\" content=\"index, follow, max-snippet:-1, max-image-preview:large, max-video-preview:-1\" \/>\n<link rel=\"canonical\" href=\"https:\/\/dreamfilters.de\/pl\/produkt\/john-guest-szybkozlaczka-redukcyjna-5-16-rura-3-8-rura\/\" \/>\n<meta property=\"og:locale\" content=\"pl_PL\" \/>\n<meta property=\"og:type\" content=\"article\" \/>\n<meta property=\"og:title\" content=\"John Guest Szybkoz\u0142\u0105czka redukcyjna 5\/16&quot; Rura - 3\/8&quot; Rura\" \/>\n<meta property=\"og:description\" content=\"John Guest Z\u0142\u0105czka Push-Fit, redukcyjna szybkoz\u0142\u0105czka rurki 5\/16 cala do 3\/8 cala, zapewniaj\u0105ca bezpieczne i szczelne po\u0142\u0105czenie.\" \/>\n<meta property=\"og:url\" content=\"https:\/\/dreamfilters.de\/pl\/produkt\/john-guest-szybkozlaczka-redukcyjna-5-16-rura-3-8-rura\/\" \/>\n<meta property=\"og:site_name\" content=\"DreamFilters\" \/>\n<meta property=\"article:modified_time\" content=\"2025-01-22T14:15:30+00:00\" \/>\n<meta property=\"og:image\" content=\"https:\/\/dreamfilters.de\/wp-content\/uploads\/2024\/07\/IMG_0028-Edit.jpg\" \/>\n\t<meta property=\"og:image:width\" content=\"1500\" \/>\n\t<meta property=\"og:image:height\" content=\"1500\" \/>\n\t<meta property=\"og:image:type\" content=\"image\/jpeg\" \/>\n<meta name=\"twitter:card\" content=\"summary_large_image\" \/>\n<meta name=\"twitter:label1\" content=\"Szacowany czas czytania\" \/>\n\t<meta name=\"twitter:data1\" content=\"1 minuta\" \/>\n<script type=\"application\/ld+json\" class=\"yoast-schema-graph\">{\"@context\":\"https:\/\/schema.org\",\"@graph\":[{\"@type\":\"WebPage\",\"@id\":\"https:\/\/dreamfilters.de\/pl\/produkt\/john-guest-szybkozlaczka-redukcyjna-5-16-rura-3-8-rura\/\",\"url\":\"https:\/\/dreamfilters.de\/pl\/produkt\/john-guest-szybkozlaczka-redukcyjna-5-16-rura-3-8-rura\/\",\"name\":\"John Guest Szybkoz\u0142\u0105czka redukcyjna 5\/16\\\" Rura - 3\/8\\\" Rura\",\"isPartOf\":{\"@id\":\"https:\/\/dreamfilters.de\/pl\/#website\"},\"primaryImageOfPage\":{\"@id\":\"https:\/\/dreamfilters.de\/pl\/produkt\/john-guest-szybkozlaczka-redukcyjna-5-16-rura-3-8-rura\/#primaryimage\"},\"image\":{\"@id\":\"https:\/\/dreamfilters.de\/pl\/produkt\/john-guest-szybkozlaczka-redukcyjna-5-16-rura-3-8-rura\/#primaryimage\"},\"thumbnailUrl\":\"https:\/\/dreamfilters.de\/wp-content\/uploads\/2024\/07\/IMG_0028-Edit.jpg\",\"datePublished\":\"2024-07-21T09:54:38+00:00\",\"dateModified\":\"2025-01-22T14:15:30+00:00\",\"description\":\"John Guest Z\u0142\u0105czka Push-Fit, redukcyjna szybkoz\u0142\u0105czka rurki 5\/16 cala do 3\/8 cala, zapewniaj\u0105ca bezpieczne i szczelne po\u0142\u0105czenie.\",\"breadcrumb\":{\"@id\":\"https:\/\/dreamfilters.de\/pl\/produkt\/john-guest-szybkozlaczka-redukcyjna-5-16-rura-3-8-rura\/#breadcrumb\"},\"inLanguage\":\"pl-PL\",\"potentialAction\":[{\"@type\":\"ReadAction\",\"target\":[\"https:\/\/dreamfilters.de\/pl\/produkt\/john-guest-szybkozlaczka-redukcyjna-5-16-rura-3-8-rura\/\"]}]},{\"@type\":\"ImageObject\",\"inLanguage\":\"pl-PL\",\"@id\":\"https:\/\/dreamfilters.de\/pl\/produkt\/john-guest-szybkozlaczka-redukcyjna-5-16-rura-3-8-rura\/#primaryimage\",\"url\":\"https:\/\/dreamfilters.de\/wp-content\/uploads\/2024\/07\/IMG_0028-Edit.jpg\",\"contentUrl\":\"https:\/\/dreamfilters.de\/wp-content\/uploads\/2024\/07\/IMG_0028-Edit.jpg\",\"width\":1500,\"height\":1500,\"caption\":\"Reduzierverbinder 5\/16 Zoll auf 3\/8 Zoll\"},{\"@type\":\"BreadcrumbList\",\"@id\":\"https:\/\/dreamfilters.de\/pl\/produkt\/john-guest-szybkozlaczka-redukcyjna-5-16-rura-3-8-rura\/#breadcrumb\",\"itemListElement\":[{\"@type\":\"ListItem\",\"position\":1,\"name\":\"Strona g\u0142\u00f3wna\",\"item\":\"https:\/\/dreamfilters.de\/pl\/\"},{\"@type\":\"ListItem\",\"position\":2,\"name\":\"Sklep\",\"item\":\"https:\/\/dreamfilters.de\/shop\/\"},{\"@type\":\"ListItem\",\"position\":3,\"name\":\"John Guest Szybkoz\u0142\u0105czka redukcyjna 5\/16&#8243; Rura &#8211; 3\/8&#8243; Rura\"}]},{\"@type\":\"WebSite\",\"@id\":\"https:\/\/dreamfilters.de\/pl\/#website\",\"url\":\"https:\/\/dreamfilters.de\/pl\/\",\"name\":\"DreamFilters\u00ae\",\"description\":\"Drink water with pleasure\",\"publisher\":{\"@id\":\"https:\/\/dreamfilters.de\/pl\/#organization\"},\"alternateName\":\"DreamFilters\",\"potentialAction\":[{\"@type\":\"SearchAction\",\"target\":{\"@type\":\"EntryPoint\",\"urlTemplate\":\"https:\/\/dreamfilters.de\/pl\/?s={search_term_string}\"},\"query-input\":{\"@type\":\"PropertyValueSpecification\",\"valueRequired\":true,\"valueName\":\"search_term_string\"}}],\"inLanguage\":\"pl-PL\"},{\"@type\":\"Organization\",\"@id\":\"https:\/\/dreamfilters.de\/pl\/#organization\",\"name\":\"DreamFilters\u00ae\",\"url\":\"https:\/\/dreamfilters.de\/pl\/\",\"logo\":{\"@type\":\"ImageObject\",\"inLanguage\":\"pl-PL\",\"@id\":\"https:\/\/dreamfilters.de\/pl\/#\/schema\/logo\/image\/\",\"url\":\"https:\/\/dreamfilters.de\/wp-content\/uploads\/2022\/12\/dream_filters_logo_black_F_CMYK.png\",\"contentUrl\":\"https:\/\/dreamfilters.de\/wp-content\/uploads\/2022\/12\/dream_filters_logo_black_F_CMYK.png\",\"width\":464,\"height\":588,\"caption\":\"DreamFilters\u00ae\"},\"image\":{\"@id\":\"https:\/\/dreamfilters.de\/pl\/#\/schema\/logo\/image\/\"},\"sameAs\":[\"https:\/\/www.youtube.com\/@dreamfilters6095\"]}]}<\/script>\n<!-- \/ Yoast SEO Premium plugin. -->","yoast_head_json":{"title":"John Guest Szybkoz\u0142\u0105czka redukcyjna 5\/16\" Rura - 3\/8\" Rura","description":"John Guest Z\u0142\u0105czka Push-Fit, redukcyjna szybkoz\u0142\u0105czka rurki 5\/16 cala do 3\/8 cala, zapewniaj\u0105ca bezpieczne i szczelne po\u0142\u0105czenie.","robots":{"index":"index","follow":"follow","max-snippet":"max-snippet:-1","max-image-preview":"max-image-preview:large","max-video-preview":"max-video-preview:-1"},"canonical":"https:\/\/dreamfilters.de\/pl\/produkt\/john-guest-szybkozlaczka-redukcyjna-5-16-rura-3-8-rura\/","og_locale":"pl_PL","og_type":"article","og_title":"John Guest Szybkoz\u0142\u0105czka redukcyjna 5\/16\" Rura - 3\/8\" Rura","og_description":"John Guest Z\u0142\u0105czka Push-Fit, redukcyjna szybkoz\u0142\u0105czka rurki 5\/16 cala do 3\/8 cala, zapewniaj\u0105ca bezpieczne i szczelne po\u0142\u0105czenie.","og_url":"https:\/\/dreamfilters.de\/pl\/produkt\/john-guest-szybkozlaczka-redukcyjna-5-16-rura-3-8-rura\/","og_site_name":"DreamFilters","article_modified_time":"2025-01-22T14:15:30+00:00","og_image":[{"width":1500,"height":1500,"url":"https:\/\/dreamfilters.de\/wp-content\/uploads\/2024\/07\/IMG_0028-Edit.jpg","type":"image\/jpeg"}],"twitter_card":"summary_large_image","twitter_misc":{"Szacowany czas czytania":"1 minuta"},"schema":{"@context":"https:\/\/schema.org","@graph":[{"@type":"WebPage","@id":"https:\/\/dreamfilters.de\/pl\/produkt\/john-guest-szybkozlaczka-redukcyjna-5-16-rura-3-8-rura\/","url":"https:\/\/dreamfilters.de\/pl\/produkt\/john-guest-szybkozlaczka-redukcyjna-5-16-rura-3-8-rura\/","name":"John Guest Szybkoz\u0142\u0105czka redukcyjna 5\/16\" Rura - 3\/8\" Rura","isPartOf":{"@id":"https:\/\/dreamfilters.de\/pl\/#website"},"primaryImageOfPage":{"@id":"https:\/\/dreamfilters.de\/pl\/produkt\/john-guest-szybkozlaczka-redukcyjna-5-16-rura-3-8-rura\/#primaryimage"},"image":{"@id":"https:\/\/dreamfilters.de\/pl\/produkt\/john-guest-szybkozlaczka-redukcyjna-5-16-rura-3-8-rura\/#primaryimage"},"thumbnailUrl":"https:\/\/dreamfilters.de\/wp-content\/uploads\/2024\/07\/IMG_0028-Edit.jpg","datePublished":"2024-07-21T09:54:38+00:00","dateModified":"2025-01-22T14:15:30+00:00","description":"John Guest Z\u0142\u0105czka Push-Fit, redukcyjna szybkoz\u0142\u0105czka rurki 5\/16 cala do 3\/8 cala, zapewniaj\u0105ca bezpieczne i szczelne po\u0142\u0105czenie.","breadcrumb":{"@id":"https:\/\/dreamfilters.de\/pl\/produkt\/john-guest-szybkozlaczka-redukcyjna-5-16-rura-3-8-rura\/#breadcrumb"},"inLanguage":"pl-PL","potentialAction":[{"@type":"ReadAction","target":["https:\/\/dreamfilters.de\/pl\/produkt\/john-guest-szybkozlaczka-redukcyjna-5-16-rura-3-8-rura\/"]}]},{"@type":"ImageObject","inLanguage":"pl-PL","@id":"https:\/\/dreamfilters.de\/pl\/produkt\/john-guest-szybkozlaczka-redukcyjna-5-16-rura-3-8-rura\/#primaryimage","url":"https:\/\/dreamfilters.de\/wp-content\/uploads\/2024\/07\/IMG_0028-Edit.jpg","contentUrl":"https:\/\/dreamfilters.de\/wp-content\/uploads\/2024\/07\/IMG_0028-Edit.jpg","width":1500,"height":1500,"caption":"Reduzierverbinder 5\/16 Zoll auf 3\/8 Zoll"},{"@type":"BreadcrumbList","@id":"https:\/\/dreamfilters.de\/pl\/produkt\/john-guest-szybkozlaczka-redukcyjna-5-16-rura-3-8-rura\/#breadcrumb","itemListElement":[{"@type":"ListItem","position":1,"name":"Strona g\u0142\u00f3wna","item":"https:\/\/dreamfilters.de\/pl\/"},{"@type":"ListItem","position":2,"name":"Sklep","item":"https:\/\/dreamfilters.de\/shop\/"},{"@type":"ListItem","position":3,"name":"John Guest Szybkoz\u0142\u0105czka redukcyjna 5\/16&#8243; Rura &#8211; 3\/8&#8243; Rura"}]},{"@type":"WebSite","@id":"https:\/\/dreamfilters.de\/pl\/#website","url":"https:\/\/dreamfilters.de\/pl\/","name":"DreamFilters\u00ae","description":"Drink water with pleasure","publisher":{"@id":"https:\/\/dreamfilters.de\/pl\/#organization"},"alternateName":"DreamFilters","potentialAction":[{"@type":"SearchAction","target":{"@type":"EntryPoint","urlTemplate":"https:\/\/dreamfilters.de\/pl\/?s={search_term_string}"},"query-input":{"@type":"PropertyValueSpecification","valueRequired":true,"valueName":"search_term_string"}}],"inLanguage":"pl-PL"},{"@type":"Organization","@id":"https:\/\/dreamfilters.de\/pl\/#organization","name":"DreamFilters\u00ae","url":"https:\/\/dreamfilters.de\/pl\/","logo":{"@type":"ImageObject","inLanguage":"pl-PL","@id":"https:\/\/dreamfilters.de\/pl\/#\/schema\/logo\/image\/","url":"https:\/\/dreamfilters.de\/wp-content\/uploads\/2022\/12\/dream_filters_logo_black_F_CMYK.png","contentUrl":"https:\/\/dreamfilters.de\/wp-content\/uploads\/2022\/12\/dream_filters_logo_black_F_CMYK.png","width":464,"height":588,"caption":"DreamFilters\u00ae"},"image":{"@id":"https:\/\/dreamfilters.de\/pl\/#\/schema\/logo\/image\/"},"sameAs":["https:\/\/www.youtube.com\/@dreamfilters6095"]}]}},"_links":{"self":[{"href":"https:\/\/dreamfilters.de\/pl\/wp-json\/wp\/v2\/product\/8343","targetHints":{"allow":["GET"]}}],"collection":[{"href":"https:\/\/dreamfilters.de\/pl\/wp-json\/wp\/v2\/product"}],"about":[{"href":"https:\/\/dreamfilters.de\/pl\/wp-json\/wp\/v2\/types\/product"}],"wp:featuredmedia":[{"embeddable":true,"href":"https:\/\/dreamfilters.de\/pl\/wp-json\/wp\/v2\/media\/8347"}],"wp:attachment":[{"href":"https:\/\/dreamfilters.de\/pl\/wp-json\/wp\/v2\/media?parent=8343"}],"wp:term":[{"taxonomy":"product_brand","embeddable":true,"href":"https:\/\/dreamfilters.de\/pl\/wp-json\/wp\/v2\/product_brand?post=8343"},{"taxonomy":"product_cat","embeddable":true,"href":"https:\/\/dreamfilters.de\/pl\/wp-json\/wp\/v2\/product_cat?post=8343"},{"taxonomy":"product_tag","embeddable":true,"href":"https:\/\/dreamfilters.de\/pl\/wp-json\/wp\/v2\/product_tag?post=8343"}],"curies":[{"name":"wp","href":"https:\/\/api.w.org\/{rel}","templated":true}]}}