{"id":7821,"date":"2024-04-30T13:01:21","date_gmt":"2024-04-30T11:01:21","guid":{"rendered":"https:\/\/dreamfilters.de\/?post_type=product&#038;p=7821"},"modified":"2025-01-22T17:31:28","modified_gmt":"2025-01-22T16:31:28","slug":"filtr-do-wody-aqua-flow-duo","status":"publish","type":"product","link":"https:\/\/dreamfilters.de\/pl\/produkt\/filtr-do-wody-aqua-flow-duo\/","title":{"rendered":"Filtr do wody, <br>system filtracji wst\u0119pnej <br> Aqua Flow Duo"},"content":{"rendered":"<p>Aqua Flow Duo jest przeznaczony dla urz\u0105dze\u0144 zasilanych wod\u0105 pitn\u0105 tj. na przyk\u0142ad w urz\u0105dzeniach takich jak dystrybutory wody czy ekspresy do kawy.<\/p>\n\n    <div class=\"xs_social_share_widget xs_share_url after_content \t\tmain_content  wslu-style-1 wslu-share-box-shaped wslu-fill-colored wslu-none wslu-share-horizontal wslu-theme-font-no wslu-main_content\">\n\n\t\t\n        <ul>\n\t\t\t        <\/ul>\n    <\/div> \n","protected":false},"excerpt":{"rendered":"<p>[sep] Filtr sedymentacyjny 1 mikronowy [sep] Ultrafiltracja + W\u0142\u00f3kno z w\u0119glem aktywnym z jonami srebra<\/p>\n","protected":false},"featured_media":7819,"template":"","meta":{"_acf_changed":false},"product_brand":[],"product_cat":[24,299,25,294],"product_tag":[],"class_list":{"0":"post-7821","1":"product","2":"type-product","3":"status-publish","4":"has-post-thumbnail","6":"product_cat-dla-domu","7":"product_cat-aqua-flow-duo-pl","8":"product_cat-filtry-dla-biznesu","9":"product_cat-aqua-flow-duo-led-uv-c","10":"product_shipping_class-spedycja","12":"first","13":"instock","14":"taxable","15":"shipping-taxable","16":"purchasable","17":"product-type-simple"},"acf":[],"yoast_head":"<!-- This site is optimized with the Yoast SEO Premium plugin v25.2 (Yoast SEO v27.5) - https:\/\/yoast.com\/product\/yoast-seo-premium-wordpress\/ -->\n<title>DreamFilters\u00ae Filtr do wody Aqua Flow Duo<\/title>\n<meta name=\"description\" content=\"Aqua Flow Duo jest przeznaczony dla urz\u0105dze\u0144 zasilanych wod\u0105 pitn\u0105 tj. na przyk\u0142ad w urz\u0105dzeniach takich jak dystrybutory wody czy ekspresy do kawy.\" \/>\n<meta name=\"robots\" content=\"index, follow, max-snippet:-1, max-image-preview:large, max-video-preview:-1\" \/>\n<link rel=\"canonical\" href=\"https:\/\/dreamfilters.de\/pl\/produkt\/filtr-do-wody-aqua-flow-duo\/\" \/>\n<meta property=\"og:locale\" content=\"pl_PL\" \/>\n<meta property=\"og:type\" content=\"article\" \/>\n<meta property=\"og:title\" content=\"Filtr do wody, system filtracji wst\u0119pnej  Aqua Flow Duo\" \/>\n<meta property=\"og:description\" content=\"Aqua Flow Duo jest przeznaczony dla urz\u0105dze\u0144 zasilanych wod\u0105 pitn\u0105 tj. na przyk\u0142ad w urz\u0105dzeniach takich jak dystrybutory wody czy ekspresy do kawy.\" \/>\n<meta property=\"og:url\" content=\"https:\/\/dreamfilters.de\/pl\/produkt\/filtr-do-wody-aqua-flow-duo\/\" \/>\n<meta property=\"og:site_name\" content=\"DreamFilters\" \/>\n<meta property=\"article:modified_time\" content=\"2025-01-22T16:31:28+00:00\" \/>\n<meta property=\"og:image\" content=\"https:\/\/dreamfilters.de\/wp-content\/uploads\/2024\/04\/Aqua-flow-duo-frontansicht.jpg\" \/>\n\t<meta property=\"og:image:width\" content=\"2066\" \/>\n\t<meta property=\"og:image:height\" content=\"2500\" \/>\n\t<meta property=\"og:image:type\" content=\"image\/jpeg\" \/>\n<meta name=\"twitter:card\" content=\"summary_large_image\" \/>\n<meta name=\"twitter:label1\" content=\"Szacowany czas czytania\" \/>\n\t<meta name=\"twitter:data1\" content=\"1 minuta\" \/>\n<script type=\"application\/ld+json\" class=\"yoast-schema-graph\">{\"@context\":\"https:\\\/\\\/schema.org\",\"@graph\":[{\"@type\":\"WebPage\",\"@id\":\"https:\\\/\\\/dreamfilters.de\\\/pl\\\/produkt\\\/filtr-do-wody-aqua-flow-duo\\\/\",\"url\":\"https:\\\/\\\/dreamfilters.de\\\/pl\\\/produkt\\\/filtr-do-wody-aqua-flow-duo\\\/\",\"name\":\"DreamFilters\u00ae Filtr do wody Aqua Flow Duo\",\"isPartOf\":{\"@id\":\"https:\\\/\\\/dreamfilters.de\\\/pl\\\/#website\"},\"primaryImageOfPage\":{\"@id\":\"https:\\\/\\\/dreamfilters.de\\\/pl\\\/produkt\\\/filtr-do-wody-aqua-flow-duo\\\/#primaryimage\"},\"image\":{\"@id\":\"https:\\\/\\\/dreamfilters.de\\\/pl\\\/produkt\\\/filtr-do-wody-aqua-flow-duo\\\/#primaryimage\"},\"thumbnailUrl\":\"https:\\\/\\\/dreamfilters.de\\\/wp-content\\\/uploads\\\/2024\\\/04\\\/Aqua-flow-duo-frontansicht.jpg\",\"datePublished\":\"2024-04-30T11:01:21+00:00\",\"dateModified\":\"2025-01-22T16:31:28+00:00\",\"description\":\"Aqua Flow Duo jest przeznaczony dla urz\u0105dze\u0144 zasilanych wod\u0105 pitn\u0105 tj. na przyk\u0142ad w urz\u0105dzeniach takich jak dystrybutory wody czy ekspresy do kawy.\",\"breadcrumb\":{\"@id\":\"https:\\\/\\\/dreamfilters.de\\\/pl\\\/produkt\\\/filtr-do-wody-aqua-flow-duo\\\/#breadcrumb\"},\"inLanguage\":\"pl-PL\",\"potentialAction\":[{\"@type\":\"ReadAction\",\"target\":[\"https:\\\/\\\/dreamfilters.de\\\/pl\\\/produkt\\\/filtr-do-wody-aqua-flow-duo\\\/\"]}]},{\"@type\":\"ImageObject\",\"inLanguage\":\"pl-PL\",\"@id\":\"https:\\\/\\\/dreamfilters.de\\\/pl\\\/produkt\\\/filtr-do-wody-aqua-flow-duo\\\/#primaryimage\",\"url\":\"https:\\\/\\\/dreamfilters.de\\\/wp-content\\\/uploads\\\/2024\\\/04\\\/Aqua-flow-duo-frontansicht.jpg\",\"contentUrl\":\"https:\\\/\\\/dreamfilters.de\\\/wp-content\\\/uploads\\\/2024\\\/04\\\/Aqua-flow-duo-frontansicht.jpg\",\"width\":2066,\"height\":2500,\"caption\":\"wasserfilter-aqua-flow-duo-frontansicht\"},{\"@type\":\"BreadcrumbList\",\"@id\":\"https:\\\/\\\/dreamfilters.de\\\/pl\\\/produkt\\\/filtr-do-wody-aqua-flow-duo\\\/#breadcrumb\",\"itemListElement\":[{\"@type\":\"ListItem\",\"position\":1,\"name\":\"Strona g\u0142\u00f3wna\",\"item\":\"https:\\\/\\\/dreamfilters.de\\\/pl\\\/\"},{\"@type\":\"ListItem\",\"position\":2,\"name\":\"Sklep\",\"item\":\"https:\\\/\\\/dreamfilters.de\\\/shop\\\/\"},{\"@type\":\"ListItem\",\"position\":3,\"name\":\"Filtr do wody, system filtracji wst\u0119pnej Aqua Flow Duo\"}]},{\"@type\":\"WebSite\",\"@id\":\"https:\\\/\\\/dreamfilters.de\\\/pl\\\/#website\",\"url\":\"https:\\\/\\\/dreamfilters.de\\\/pl\\\/\",\"name\":\"DreamFilters\u00ae\",\"description\":\"Drink water with pleasure\",\"publisher\":{\"@id\":\"https:\\\/\\\/dreamfilters.de\\\/pl\\\/#organization\"},\"alternateName\":\"DreamFilters\",\"potentialAction\":[{\"@type\":\"SearchAction\",\"target\":{\"@type\":\"EntryPoint\",\"urlTemplate\":\"https:\\\/\\\/dreamfilters.de\\\/pl\\\/?s={search_term_string}\"},\"query-input\":{\"@type\":\"PropertyValueSpecification\",\"valueRequired\":true,\"valueName\":\"search_term_string\"}}],\"inLanguage\":\"pl-PL\"},{\"@type\":\"Organization\",\"@id\":\"https:\\\/\\\/dreamfilters.de\\\/pl\\\/#organization\",\"name\":\"DreamFilters\u00ae\",\"url\":\"https:\\\/\\\/dreamfilters.de\\\/pl\\\/\",\"logo\":{\"@type\":\"ImageObject\",\"inLanguage\":\"pl-PL\",\"@id\":\"https:\\\/\\\/dreamfilters.de\\\/pl\\\/#\\\/schema\\\/logo\\\/image\\\/\",\"url\":\"https:\\\/\\\/dreamfilters.de\\\/wp-content\\\/uploads\\\/2022\\\/12\\\/dream_filters_logo_black_F_CMYK.png\",\"contentUrl\":\"https:\\\/\\\/dreamfilters.de\\\/wp-content\\\/uploads\\\/2022\\\/12\\\/dream_filters_logo_black_F_CMYK.png\",\"width\":464,\"height\":588,\"caption\":\"DreamFilters\u00ae\"},\"image\":{\"@id\":\"https:\\\/\\\/dreamfilters.de\\\/pl\\\/#\\\/schema\\\/logo\\\/image\\\/\"},\"sameAs\":[\"https:\\\/\\\/www.youtube.com\\\/@dreamfilters6095\"]}]}<\/script>\n<!-- \/ Yoast SEO Premium plugin. -->","yoast_head_json":{"title":"DreamFilters\u00ae Filtr do wody Aqua Flow Duo","description":"Aqua Flow Duo jest przeznaczony dla urz\u0105dze\u0144 zasilanych wod\u0105 pitn\u0105 tj. na przyk\u0142ad w urz\u0105dzeniach takich jak dystrybutory wody czy ekspresy do kawy.","robots":{"index":"index","follow":"follow","max-snippet":"max-snippet:-1","max-image-preview":"max-image-preview:large","max-video-preview":"max-video-preview:-1"},"canonical":"https:\/\/dreamfilters.de\/pl\/produkt\/filtr-do-wody-aqua-flow-duo\/","og_locale":"pl_PL","og_type":"article","og_title":"Filtr do wody, system filtracji wst\u0119pnej  Aqua Flow Duo","og_description":"Aqua Flow Duo jest przeznaczony dla urz\u0105dze\u0144 zasilanych wod\u0105 pitn\u0105 tj. na przyk\u0142ad w urz\u0105dzeniach takich jak dystrybutory wody czy ekspresy do kawy.","og_url":"https:\/\/dreamfilters.de\/pl\/produkt\/filtr-do-wody-aqua-flow-duo\/","og_site_name":"DreamFilters","article_modified_time":"2025-01-22T16:31:28+00:00","og_image":[{"width":2066,"height":2500,"url":"https:\/\/dreamfilters.de\/wp-content\/uploads\/2024\/04\/Aqua-flow-duo-frontansicht.jpg","type":"image\/jpeg"}],"twitter_card":"summary_large_image","twitter_misc":{"Szacowany czas czytania":"1 minuta"},"schema":{"@context":"https:\/\/schema.org","@graph":[{"@type":"WebPage","@id":"https:\/\/dreamfilters.de\/pl\/produkt\/filtr-do-wody-aqua-flow-duo\/","url":"https:\/\/dreamfilters.de\/pl\/produkt\/filtr-do-wody-aqua-flow-duo\/","name":"DreamFilters\u00ae Filtr do wody Aqua Flow Duo","isPartOf":{"@id":"https:\/\/dreamfilters.de\/pl\/#website"},"primaryImageOfPage":{"@id":"https:\/\/dreamfilters.de\/pl\/produkt\/filtr-do-wody-aqua-flow-duo\/#primaryimage"},"image":{"@id":"https:\/\/dreamfilters.de\/pl\/produkt\/filtr-do-wody-aqua-flow-duo\/#primaryimage"},"thumbnailUrl":"https:\/\/dreamfilters.de\/wp-content\/uploads\/2024\/04\/Aqua-flow-duo-frontansicht.jpg","datePublished":"2024-04-30T11:01:21+00:00","dateModified":"2025-01-22T16:31:28+00:00","description":"Aqua Flow Duo jest przeznaczony dla urz\u0105dze\u0144 zasilanych wod\u0105 pitn\u0105 tj. na przyk\u0142ad w urz\u0105dzeniach takich jak dystrybutory wody czy ekspresy do kawy.","breadcrumb":{"@id":"https:\/\/dreamfilters.de\/pl\/produkt\/filtr-do-wody-aqua-flow-duo\/#breadcrumb"},"inLanguage":"pl-PL","potentialAction":[{"@type":"ReadAction","target":["https:\/\/dreamfilters.de\/pl\/produkt\/filtr-do-wody-aqua-flow-duo\/"]}]},{"@type":"ImageObject","inLanguage":"pl-PL","@id":"https:\/\/dreamfilters.de\/pl\/produkt\/filtr-do-wody-aqua-flow-duo\/#primaryimage","url":"https:\/\/dreamfilters.de\/wp-content\/uploads\/2024\/04\/Aqua-flow-duo-frontansicht.jpg","contentUrl":"https:\/\/dreamfilters.de\/wp-content\/uploads\/2024\/04\/Aqua-flow-duo-frontansicht.jpg","width":2066,"height":2500,"caption":"wasserfilter-aqua-flow-duo-frontansicht"},{"@type":"BreadcrumbList","@id":"https:\/\/dreamfilters.de\/pl\/produkt\/filtr-do-wody-aqua-flow-duo\/#breadcrumb","itemListElement":[{"@type":"ListItem","position":1,"name":"Strona g\u0142\u00f3wna","item":"https:\/\/dreamfilters.de\/pl\/"},{"@type":"ListItem","position":2,"name":"Sklep","item":"https:\/\/dreamfilters.de\/shop\/"},{"@type":"ListItem","position":3,"name":"Filtr do wody, system filtracji wst\u0119pnej Aqua Flow Duo"}]},{"@type":"WebSite","@id":"https:\/\/dreamfilters.de\/pl\/#website","url":"https:\/\/dreamfilters.de\/pl\/","name":"DreamFilters\u00ae","description":"Drink water with pleasure","publisher":{"@id":"https:\/\/dreamfilters.de\/pl\/#organization"},"alternateName":"DreamFilters","potentialAction":[{"@type":"SearchAction","target":{"@type":"EntryPoint","urlTemplate":"https:\/\/dreamfilters.de\/pl\/?s={search_term_string}"},"query-input":{"@type":"PropertyValueSpecification","valueRequired":true,"valueName":"search_term_string"}}],"inLanguage":"pl-PL"},{"@type":"Organization","@id":"https:\/\/dreamfilters.de\/pl\/#organization","name":"DreamFilters\u00ae","url":"https:\/\/dreamfilters.de\/pl\/","logo":{"@type":"ImageObject","inLanguage":"pl-PL","@id":"https:\/\/dreamfilters.de\/pl\/#\/schema\/logo\/image\/","url":"https:\/\/dreamfilters.de\/wp-content\/uploads\/2022\/12\/dream_filters_logo_black_F_CMYK.png","contentUrl":"https:\/\/dreamfilters.de\/wp-content\/uploads\/2022\/12\/dream_filters_logo_black_F_CMYK.png","width":464,"height":588,"caption":"DreamFilters\u00ae"},"image":{"@id":"https:\/\/dreamfilters.de\/pl\/#\/schema\/logo\/image\/"},"sameAs":["https:\/\/www.youtube.com\/@dreamfilters6095"]}]}},"_links":{"self":[{"href":"https:\/\/dreamfilters.de\/pl\/wp-json\/wp\/v2\/product\/7821","targetHints":{"allow":["GET"]}}],"collection":[{"href":"https:\/\/dreamfilters.de\/pl\/wp-json\/wp\/v2\/product"}],"about":[{"href":"https:\/\/dreamfilters.de\/pl\/wp-json\/wp\/v2\/types\/product"}],"wp:featuredmedia":[{"embeddable":true,"href":"https:\/\/dreamfilters.de\/pl\/wp-json\/wp\/v2\/media\/7819"}],"wp:attachment":[{"href":"https:\/\/dreamfilters.de\/pl\/wp-json\/wp\/v2\/media?parent=7821"}],"wp:term":[{"taxonomy":"product_brand","embeddable":true,"href":"https:\/\/dreamfilters.de\/pl\/wp-json\/wp\/v2\/product_brand?post=7821"},{"taxonomy":"product_cat","embeddable":true,"href":"https:\/\/dreamfilters.de\/pl\/wp-json\/wp\/v2\/product_cat?post=7821"},{"taxonomy":"product_tag","embeddable":true,"href":"https:\/\/dreamfilters.de\/pl\/wp-json\/wp\/v2\/product_tag?post=7821"}],"curies":[{"name":"wp","href":"https:\/\/api.w.org\/{rel}","templated":true}]}}