{"id":7226,"date":"2024-02-13T15:28:44","date_gmt":"2024-02-13T14:28:44","guid":{"rendered":"https:\/\/dreamfilters.de\/?post_type=product&#038;p=7226"},"modified":"2025-01-22T18:01:02","modified_gmt":"2025-01-22T17:01:02","slug":"zbiornik-12-litrowy-do-systemow-odwroconej-osmozy-z-zaworem-kulowym-john-guest-3-8-cala","status":"publish","type":"product","link":"https:\/\/dreamfilters.de\/pl\/produkt\/zbiornik-12-litrowy-do-systemow-odwroconej-osmozy-z-zaworem-kulowym-john-guest-3-8-cala\/","title":{"rendered":"Zbiornik 8 litrowy do system\u00f3w odwr\u00f3conej osmozy z zaworem kulowym John Guest 3\/8 cala."},"content":{"rendered":"<p>Zbiornik do wody o pojemno\u015bci 8 litr\u00f3w, specjalnie zaprojektowany do system\u00f3w odwr\u00f3conej osmozy, odpowiedni do przechowywania przefiltrowanej wody.<\/p>\n\n    <div class=\"xs_social_share_widget xs_share_url after_content \t\tmain_content  wslu-style-1 wslu-share-box-shaped wslu-fill-colored wslu-none wslu-share-horizontal wslu-theme-font-no wslu-main_content\">\n\n\t\t\n        <ul>\n\t\t\t        <\/ul>\n    <\/div> \n","protected":false},"excerpt":{"rendered":"<p>[sep] bezpieczny do wody czystej [sep] \u0141atwy do zainstalowania [sep] Brak potrzeby narz\u0119dzi do monta\u017cu [sep] Kompatybilny z systemami odwr\u00f3conej osmozy r\u00f3\u017cnych marek.<\/p>\n","protected":false},"featured_media":7233,"template":"","meta":{"_acf_changed":false},"product_brand":[],"product_cat":[22,23,29,30],"product_tag":[],"class_list":{"0":"post-7226","1":"product","2":"type-product","3":"status-publish","4":"has-post-thumbnail","6":"product_cat-czesci-wymienne","7":"product_cat-inne","8":"product_cat-czesci-wymienne-do-biur-i-gastronomii","9":"product_cat-inne-do-biur-i-gastronomii","10":"product_shipping_class-paczka-s","12":"first","13":"instock","14":"taxable","15":"shipping-taxable","16":"purchasable","17":"product-type-simple"},"acf":[],"yoast_head":"<!-- This site is optimized with the Yoast SEO Premium plugin v25.2 (Yoast SEO v27.1.1) - https:\/\/yoast.com\/product\/yoast-seo-premium-wordpress\/ -->\n<title>Zbiornik 8 L do system\u00f3w odwr\u00f3conej osmozy z zaworem JG 3\/8&quot;<\/title>\n<meta name=\"description\" content=\"Zbiornik do wody o pojemno\u015bci 8 litr\u00f3w, specjalnie zaprojektowany do system\u00f3w odwr\u00f3conej osmozy, odpowiedni do przechowywania przefiltrowanej wody.\" \/>\n<meta name=\"robots\" content=\"index, follow, max-snippet:-1, max-image-preview:large, max-video-preview:-1\" \/>\n<link rel=\"canonical\" href=\"https:\/\/dreamfilters.de\/pl\/produkt\/zbiornik-12-litrowy-do-systemow-odwroconej-osmozy-z-zaworem-kulowym-john-guest-3-8-cala\/\" \/>\n<meta property=\"og:locale\" content=\"pl_PL\" \/>\n<meta property=\"og:type\" content=\"article\" \/>\n<meta property=\"og:title\" content=\"Zbiornik 8 litrowy do system\u00f3w odwr\u00f3conej osmozy z zaworem kulowym John Guest 3\/8 cala.\" \/>\n<meta property=\"og:description\" content=\"Zbiornik do wody o pojemno\u015bci 8 litr\u00f3w, specjalnie zaprojektowany do system\u00f3w odwr\u00f3conej osmozy, odpowiedni do przechowywania przefiltrowanej wody.\" \/>\n<meta property=\"og:url\" content=\"https:\/\/dreamfilters.de\/pl\/produkt\/zbiornik-12-litrowy-do-systemow-odwroconej-osmozy-z-zaworem-kulowym-john-guest-3-8-cala\/\" \/>\n<meta property=\"og:site_name\" content=\"DreamFilters\" \/>\n<meta property=\"article:modified_time\" content=\"2025-01-22T17:01:02+00:00\" \/>\n<meta property=\"og:image\" content=\"https:\/\/dreamfilters.de\/wp-content\/uploads\/2024\/02\/vorratsbehaelter-8-liter-mit-halterung-und-absperrhahn-3_8_-john-guest.jpg\" \/>\n\t<meta property=\"og:image:width\" content=\"2500\" \/>\n\t<meta property=\"og:image:height\" content=\"1969\" \/>\n\t<meta property=\"og:image:type\" content=\"image\/jpeg\" \/>\n<meta name=\"twitter:card\" content=\"summary_large_image\" \/>\n<meta name=\"twitter:label1\" content=\"Szacowany czas czytania\" \/>\n\t<meta name=\"twitter:data1\" content=\"1 minuta\" \/>\n<script type=\"application\/ld+json\" class=\"yoast-schema-graph\">{\"@context\":\"https:\/\/schema.org\",\"@graph\":[{\"@type\":\"WebPage\",\"@id\":\"https:\/\/dreamfilters.de\/pl\/produkt\/zbiornik-12-litrowy-do-systemow-odwroconej-osmozy-z-zaworem-kulowym-john-guest-3-8-cala\/\",\"url\":\"https:\/\/dreamfilters.de\/pl\/produkt\/zbiornik-12-litrowy-do-systemow-odwroconej-osmozy-z-zaworem-kulowym-john-guest-3-8-cala\/\",\"name\":\"Zbiornik 8 L do system\u00f3w odwr\u00f3conej osmozy z zaworem JG 3\/8\\\"\",\"isPartOf\":{\"@id\":\"https:\/\/dreamfilters.de\/pl\/#website\"},\"primaryImageOfPage\":{\"@id\":\"https:\/\/dreamfilters.de\/pl\/produkt\/zbiornik-12-litrowy-do-systemow-odwroconej-osmozy-z-zaworem-kulowym-john-guest-3-8-cala\/#primaryimage\"},\"image\":{\"@id\":\"https:\/\/dreamfilters.de\/pl\/produkt\/zbiornik-12-litrowy-do-systemow-odwroconej-osmozy-z-zaworem-kulowym-john-guest-3-8-cala\/#primaryimage\"},\"thumbnailUrl\":\"https:\/\/dreamfilters.de\/wp-content\/uploads\/2024\/02\/vorratsbehaelter-8-liter-mit-halterung-und-absperrhahn-3_8_-john-guest.jpg\",\"datePublished\":\"2024-02-13T14:28:44+00:00\",\"dateModified\":\"2025-01-22T17:01:02+00:00\",\"description\":\"Zbiornik do wody o pojemno\u015bci 8 litr\u00f3w, specjalnie zaprojektowany do system\u00f3w odwr\u00f3conej osmozy, odpowiedni do przechowywania przefiltrowanej wody.\",\"breadcrumb\":{\"@id\":\"https:\/\/dreamfilters.de\/pl\/produkt\/zbiornik-12-litrowy-do-systemow-odwroconej-osmozy-z-zaworem-kulowym-john-guest-3-8-cala\/#breadcrumb\"},\"inLanguage\":\"pl-PL\",\"potentialAction\":[{\"@type\":\"ReadAction\",\"target\":[\"https:\/\/dreamfilters.de\/pl\/produkt\/zbiornik-12-litrowy-do-systemow-odwroconej-osmozy-z-zaworem-kulowym-john-guest-3-8-cala\/\"]}]},{\"@type\":\"ImageObject\",\"inLanguage\":\"pl-PL\",\"@id\":\"https:\/\/dreamfilters.de\/pl\/produkt\/zbiornik-12-litrowy-do-systemow-odwroconej-osmozy-z-zaworem-kulowym-john-guest-3-8-cala\/#primaryimage\",\"url\":\"https:\/\/dreamfilters.de\/wp-content\/uploads\/2024\/02\/vorratsbehaelter-8-liter-mit-halterung-und-absperrhahn-3_8_-john-guest.jpg\",\"contentUrl\":\"https:\/\/dreamfilters.de\/wp-content\/uploads\/2024\/02\/vorratsbehaelter-8-liter-mit-halterung-und-absperrhahn-3_8_-john-guest.jpg\",\"width\":2500,\"height\":1969,\"caption\":\"Wassertank mit einem Fassungsverm\u00f6gen von 8 Litern, speziell f\u00fcr Umkehrosmoseanlagen geeignet zur Lagerung von gefiltertem Wasser inkl. Absperrhahn 3\/8 Zoll\"},{\"@type\":\"BreadcrumbList\",\"@id\":\"https:\/\/dreamfilters.de\/pl\/produkt\/zbiornik-12-litrowy-do-systemow-odwroconej-osmozy-z-zaworem-kulowym-john-guest-3-8-cala\/#breadcrumb\",\"itemListElement\":[{\"@type\":\"ListItem\",\"position\":1,\"name\":\"Strona g\u0142\u00f3wna\",\"item\":\"https:\/\/dreamfilters.de\/pl\/\"},{\"@type\":\"ListItem\",\"position\":2,\"name\":\"Sklep\",\"item\":\"https:\/\/dreamfilters.de\/shop\/\"},{\"@type\":\"ListItem\",\"position\":3,\"name\":\"Zbiornik 8 litrowy do system\u00f3w odwr\u00f3conej osmozy z zaworem kulowym John Guest 3\/8 cala.\"}]},{\"@type\":\"WebSite\",\"@id\":\"https:\/\/dreamfilters.de\/pl\/#website\",\"url\":\"https:\/\/dreamfilters.de\/pl\/\",\"name\":\"DreamFilters\u00ae\",\"description\":\"Drink water with pleasure\",\"publisher\":{\"@id\":\"https:\/\/dreamfilters.de\/pl\/#organization\"},\"alternateName\":\"DreamFilters\",\"potentialAction\":[{\"@type\":\"SearchAction\",\"target\":{\"@type\":\"EntryPoint\",\"urlTemplate\":\"https:\/\/dreamfilters.de\/pl\/?s={search_term_string}\"},\"query-input\":{\"@type\":\"PropertyValueSpecification\",\"valueRequired\":true,\"valueName\":\"search_term_string\"}}],\"inLanguage\":\"pl-PL\"},{\"@type\":\"Organization\",\"@id\":\"https:\/\/dreamfilters.de\/pl\/#organization\",\"name\":\"DreamFilters\u00ae\",\"url\":\"https:\/\/dreamfilters.de\/pl\/\",\"logo\":{\"@type\":\"ImageObject\",\"inLanguage\":\"pl-PL\",\"@id\":\"https:\/\/dreamfilters.de\/pl\/#\/schema\/logo\/image\/\",\"url\":\"https:\/\/dreamfilters.de\/wp-content\/uploads\/2022\/12\/dream_filters_logo_black_F_CMYK.png\",\"contentUrl\":\"https:\/\/dreamfilters.de\/wp-content\/uploads\/2022\/12\/dream_filters_logo_black_F_CMYK.png\",\"width\":464,\"height\":588,\"caption\":\"DreamFilters\u00ae\"},\"image\":{\"@id\":\"https:\/\/dreamfilters.de\/pl\/#\/schema\/logo\/image\/\"},\"sameAs\":[\"https:\/\/www.youtube.com\/@dreamfilters6095\"]}]}<\/script>\n<!-- \/ Yoast SEO Premium plugin. -->","yoast_head_json":{"title":"Zbiornik 8 L do system\u00f3w odwr\u00f3conej osmozy z zaworem JG 3\/8\"","description":"Zbiornik do wody o pojemno\u015bci 8 litr\u00f3w, specjalnie zaprojektowany do system\u00f3w odwr\u00f3conej osmozy, odpowiedni do przechowywania przefiltrowanej wody.","robots":{"index":"index","follow":"follow","max-snippet":"max-snippet:-1","max-image-preview":"max-image-preview:large","max-video-preview":"max-video-preview:-1"},"canonical":"https:\/\/dreamfilters.de\/pl\/produkt\/zbiornik-12-litrowy-do-systemow-odwroconej-osmozy-z-zaworem-kulowym-john-guest-3-8-cala\/","og_locale":"pl_PL","og_type":"article","og_title":"Zbiornik 8 litrowy do system\u00f3w odwr\u00f3conej osmozy z zaworem kulowym John Guest 3\/8 cala.","og_description":"Zbiornik do wody o pojemno\u015bci 8 litr\u00f3w, specjalnie zaprojektowany do system\u00f3w odwr\u00f3conej osmozy, odpowiedni do przechowywania przefiltrowanej wody.","og_url":"https:\/\/dreamfilters.de\/pl\/produkt\/zbiornik-12-litrowy-do-systemow-odwroconej-osmozy-z-zaworem-kulowym-john-guest-3-8-cala\/","og_site_name":"DreamFilters","article_modified_time":"2025-01-22T17:01:02+00:00","og_image":[{"width":2500,"height":1969,"url":"https:\/\/dreamfilters.de\/wp-content\/uploads\/2024\/02\/vorratsbehaelter-8-liter-mit-halterung-und-absperrhahn-3_8_-john-guest.jpg","type":"image\/jpeg"}],"twitter_card":"summary_large_image","twitter_misc":{"Szacowany czas czytania":"1 minuta"},"schema":{"@context":"https:\/\/schema.org","@graph":[{"@type":"WebPage","@id":"https:\/\/dreamfilters.de\/pl\/produkt\/zbiornik-12-litrowy-do-systemow-odwroconej-osmozy-z-zaworem-kulowym-john-guest-3-8-cala\/","url":"https:\/\/dreamfilters.de\/pl\/produkt\/zbiornik-12-litrowy-do-systemow-odwroconej-osmozy-z-zaworem-kulowym-john-guest-3-8-cala\/","name":"Zbiornik 8 L do system\u00f3w odwr\u00f3conej osmozy z zaworem JG 3\/8\"","isPartOf":{"@id":"https:\/\/dreamfilters.de\/pl\/#website"},"primaryImageOfPage":{"@id":"https:\/\/dreamfilters.de\/pl\/produkt\/zbiornik-12-litrowy-do-systemow-odwroconej-osmozy-z-zaworem-kulowym-john-guest-3-8-cala\/#primaryimage"},"image":{"@id":"https:\/\/dreamfilters.de\/pl\/produkt\/zbiornik-12-litrowy-do-systemow-odwroconej-osmozy-z-zaworem-kulowym-john-guest-3-8-cala\/#primaryimage"},"thumbnailUrl":"https:\/\/dreamfilters.de\/wp-content\/uploads\/2024\/02\/vorratsbehaelter-8-liter-mit-halterung-und-absperrhahn-3_8_-john-guest.jpg","datePublished":"2024-02-13T14:28:44+00:00","dateModified":"2025-01-22T17:01:02+00:00","description":"Zbiornik do wody o pojemno\u015bci 8 litr\u00f3w, specjalnie zaprojektowany do system\u00f3w odwr\u00f3conej osmozy, odpowiedni do przechowywania przefiltrowanej wody.","breadcrumb":{"@id":"https:\/\/dreamfilters.de\/pl\/produkt\/zbiornik-12-litrowy-do-systemow-odwroconej-osmozy-z-zaworem-kulowym-john-guest-3-8-cala\/#breadcrumb"},"inLanguage":"pl-PL","potentialAction":[{"@type":"ReadAction","target":["https:\/\/dreamfilters.de\/pl\/produkt\/zbiornik-12-litrowy-do-systemow-odwroconej-osmozy-z-zaworem-kulowym-john-guest-3-8-cala\/"]}]},{"@type":"ImageObject","inLanguage":"pl-PL","@id":"https:\/\/dreamfilters.de\/pl\/produkt\/zbiornik-12-litrowy-do-systemow-odwroconej-osmozy-z-zaworem-kulowym-john-guest-3-8-cala\/#primaryimage","url":"https:\/\/dreamfilters.de\/wp-content\/uploads\/2024\/02\/vorratsbehaelter-8-liter-mit-halterung-und-absperrhahn-3_8_-john-guest.jpg","contentUrl":"https:\/\/dreamfilters.de\/wp-content\/uploads\/2024\/02\/vorratsbehaelter-8-liter-mit-halterung-und-absperrhahn-3_8_-john-guest.jpg","width":2500,"height":1969,"caption":"Wassertank mit einem Fassungsverm\u00f6gen von 8 Litern, speziell f\u00fcr Umkehrosmoseanlagen geeignet zur Lagerung von gefiltertem Wasser inkl. Absperrhahn 3\/8 Zoll"},{"@type":"BreadcrumbList","@id":"https:\/\/dreamfilters.de\/pl\/produkt\/zbiornik-12-litrowy-do-systemow-odwroconej-osmozy-z-zaworem-kulowym-john-guest-3-8-cala\/#breadcrumb","itemListElement":[{"@type":"ListItem","position":1,"name":"Strona g\u0142\u00f3wna","item":"https:\/\/dreamfilters.de\/pl\/"},{"@type":"ListItem","position":2,"name":"Sklep","item":"https:\/\/dreamfilters.de\/shop\/"},{"@type":"ListItem","position":3,"name":"Zbiornik 8 litrowy do system\u00f3w odwr\u00f3conej osmozy z zaworem kulowym John Guest 3\/8 cala."}]},{"@type":"WebSite","@id":"https:\/\/dreamfilters.de\/pl\/#website","url":"https:\/\/dreamfilters.de\/pl\/","name":"DreamFilters\u00ae","description":"Drink water with pleasure","publisher":{"@id":"https:\/\/dreamfilters.de\/pl\/#organization"},"alternateName":"DreamFilters","potentialAction":[{"@type":"SearchAction","target":{"@type":"EntryPoint","urlTemplate":"https:\/\/dreamfilters.de\/pl\/?s={search_term_string}"},"query-input":{"@type":"PropertyValueSpecification","valueRequired":true,"valueName":"search_term_string"}}],"inLanguage":"pl-PL"},{"@type":"Organization","@id":"https:\/\/dreamfilters.de\/pl\/#organization","name":"DreamFilters\u00ae","url":"https:\/\/dreamfilters.de\/pl\/","logo":{"@type":"ImageObject","inLanguage":"pl-PL","@id":"https:\/\/dreamfilters.de\/pl\/#\/schema\/logo\/image\/","url":"https:\/\/dreamfilters.de\/wp-content\/uploads\/2022\/12\/dream_filters_logo_black_F_CMYK.png","contentUrl":"https:\/\/dreamfilters.de\/wp-content\/uploads\/2022\/12\/dream_filters_logo_black_F_CMYK.png","width":464,"height":588,"caption":"DreamFilters\u00ae"},"image":{"@id":"https:\/\/dreamfilters.de\/pl\/#\/schema\/logo\/image\/"},"sameAs":["https:\/\/www.youtube.com\/@dreamfilters6095"]}]}},"_links":{"self":[{"href":"https:\/\/dreamfilters.de\/pl\/wp-json\/wp\/v2\/product\/7226","targetHints":{"allow":["GET"]}}],"collection":[{"href":"https:\/\/dreamfilters.de\/pl\/wp-json\/wp\/v2\/product"}],"about":[{"href":"https:\/\/dreamfilters.de\/pl\/wp-json\/wp\/v2\/types\/product"}],"wp:featuredmedia":[{"embeddable":true,"href":"https:\/\/dreamfilters.de\/pl\/wp-json\/wp\/v2\/media\/7233"}],"wp:attachment":[{"href":"https:\/\/dreamfilters.de\/pl\/wp-json\/wp\/v2\/media?parent=7226"}],"wp:term":[{"taxonomy":"product_brand","embeddable":true,"href":"https:\/\/dreamfilters.de\/pl\/wp-json\/wp\/v2\/product_brand?post=7226"},{"taxonomy":"product_cat","embeddable":true,"href":"https:\/\/dreamfilters.de\/pl\/wp-json\/wp\/v2\/product_cat?post=7226"},{"taxonomy":"product_tag","embeddable":true,"href":"https:\/\/dreamfilters.de\/pl\/wp-json\/wp\/v2\/product_tag?post=7226"}],"curies":[{"name":"wp","href":"https:\/\/api.w.org\/{rel}","templated":true}]}}