{"id":7027,"date":"2023-12-23T16:26:44","date_gmt":"2023-12-23T15:26:45","guid":{"rendered":"https:\/\/dreamfilters.de\/?post_type=product&#038;p=7027"},"modified":"2025-01-22T18:29:00","modified_gmt":"2025-01-22T17:29:00","slug":"zlaczka-wtykowa-kolankowa-john-guest-1-4-1-4-pp220808w-kopie","status":"publish","type":"product","link":"https:\/\/dreamfilters.de\/pl\/produkt\/zlaczka-wtykowa-kolankowa-john-guest-1-4-1-4-pp220808w-kopie\/","title":{"rendered":"Z\u0142\u0105czka wtykowa kolankowa John Guest 3\/8&#8243;- 3\/8&#8243; PP221212W."},"content":{"rendered":"<p>Z\u0142\u0105czka wtykowa kolankowa John Guest 3\/8&#8243;- 3\/8&#8243; PP221212W zapewnia trwa\u0142e, pewne i szczelne po\u0142\u0105czenie rury z innymi elementami instalacji filtruj\u0105cej wod\u0119.<\/p>\n\n    <div class=\"xs_social_share_widget xs_share_url after_content \t\tmain_content  wslu-style-1 wslu-share-box-shaped wslu-fill-colored wslu-none wslu-share-horizontal wslu-theme-font-no wslu-main_content\">\n\n\t\t\n        <ul>\n\t\t\t        <\/ul>\n    <\/div> \n","protected":false},"excerpt":{"rendered":"<p>[sep] \u0141atwy w instalacji [sep] nie wymaga narz\u0119dzi do monta\u017cu.<\/p>\n","protected":false},"featured_media":7031,"template":"","meta":{"_acf_changed":false},"product_brand":[],"product_cat":[22,23,29,30],"product_tag":[],"class_list":{"0":"post-7027","1":"product","2":"type-product","3":"status-publish","4":"has-post-thumbnail","6":"product_cat-czesci-wymienne","7":"product_cat-inne","8":"product_cat-czesci-wymienne-do-biur-i-gastronomii","9":"product_cat-inne-do-biur-i-gastronomii","10":"product_shipping_class-paczka-s","12":"first","13":"instock","14":"taxable","15":"shipping-taxable","16":"purchasable","17":"product-type-simple"},"acf":[],"yoast_head":"<!-- This site is optimized with the Yoast SEO Premium plugin v25.2 (Yoast SEO v27.5) - https:\/\/yoast.com\/product\/yoast-seo-premium-wordpress\/ -->\n<title>Z\u0142\u0105czka wtykowa kolankowa John Guest 3\/8&quot;- 3\/8&quot; PP221212W.<\/title>\n<meta name=\"description\" content=\"Z\u0142\u0105czka wtykowa kolankowa John Guest 3\/8&quot;- 3\/8&quot; PP221212W zapewnia trwa\u0142e, pewne i szczelne po\u0142\u0105czenie rury z innymi elementami instalacji filtruj\u0105cej wod\u0119.\" \/>\n<meta name=\"robots\" content=\"index, follow, max-snippet:-1, max-image-preview:large, max-video-preview:-1\" \/>\n<link rel=\"canonical\" href=\"https:\/\/dreamfilters.de\/pl\/produkt\/zlaczka-wtykowa-kolankowa-john-guest-1-4-1-4-pp220808w-kopie\/\" \/>\n<meta property=\"og:locale\" content=\"pl_PL\" \/>\n<meta property=\"og:type\" content=\"article\" \/>\n<meta property=\"og:title\" content=\"Z\u0142\u0105czka wtykowa kolankowa John Guest 3\/8&quot;- 3\/8&quot; PP221212W.\" \/>\n<meta property=\"og:description\" content=\"Z\u0142\u0105czka wtykowa kolankowa John Guest 3\/8&quot;- 3\/8&quot; PP221212W zapewnia trwa\u0142e, pewne i szczelne po\u0142\u0105czenie rury z innymi elementami instalacji filtruj\u0105cej wod\u0119.\" \/>\n<meta property=\"og:url\" content=\"https:\/\/dreamfilters.de\/pl\/produkt\/zlaczka-wtykowa-kolankowa-john-guest-1-4-1-4-pp220808w-kopie\/\" \/>\n<meta property=\"og:site_name\" content=\"DreamFilters\" \/>\n<meta property=\"article:modified_time\" content=\"2025-01-22T17:29:00+00:00\" \/>\n<meta property=\"og:image\" content=\"https:\/\/dreamfilters.de\/wp-content\/uploads\/2023\/12\/JG_Einsteck_Winkel_3_8__PP221212W-8-Edit.jpg\" \/>\n\t<meta property=\"og:image:width\" content=\"1500\" \/>\n\t<meta property=\"og:image:height\" content=\"1500\" \/>\n\t<meta property=\"og:image:type\" content=\"image\/jpeg\" \/>\n<meta name=\"twitter:card\" content=\"summary_large_image\" \/>\n<meta name=\"twitter:label1\" content=\"Szacowany czas czytania\" \/>\n\t<meta name=\"twitter:data1\" content=\"1 minuta\" \/>\n<script type=\"application\/ld+json\" class=\"yoast-schema-graph\">{\"@context\":\"https:\\\/\\\/schema.org\",\"@graph\":[{\"@type\":\"WebPage\",\"@id\":\"https:\\\/\\\/dreamfilters.de\\\/pl\\\/produkt\\\/zlaczka-wtykowa-kolankowa-john-guest-1-4-1-4-pp220808w-kopie\\\/\",\"url\":\"https:\\\/\\\/dreamfilters.de\\\/pl\\\/produkt\\\/zlaczka-wtykowa-kolankowa-john-guest-1-4-1-4-pp220808w-kopie\\\/\",\"name\":\"Z\u0142\u0105czka wtykowa kolankowa John Guest 3\\\/8\\\"- 3\\\/8\\\" PP221212W.\",\"isPartOf\":{\"@id\":\"https:\\\/\\\/dreamfilters.de\\\/pl\\\/#website\"},\"primaryImageOfPage\":{\"@id\":\"https:\\\/\\\/dreamfilters.de\\\/pl\\\/produkt\\\/zlaczka-wtykowa-kolankowa-john-guest-1-4-1-4-pp220808w-kopie\\\/#primaryimage\"},\"image\":{\"@id\":\"https:\\\/\\\/dreamfilters.de\\\/pl\\\/produkt\\\/zlaczka-wtykowa-kolankowa-john-guest-1-4-1-4-pp220808w-kopie\\\/#primaryimage\"},\"thumbnailUrl\":\"https:\\\/\\\/dreamfilters.de\\\/wp-content\\\/uploads\\\/2023\\\/12\\\/JG_Einsteck_Winkel_3_8__PP221212W-8-Edit.jpg\",\"datePublished\":\"2023-12-23T15:26:45+00:00\",\"dateModified\":\"2025-01-22T17:29:00+00:00\",\"description\":\"Z\u0142\u0105czka wtykowa kolankowa John Guest 3\\\/8\\\"- 3\\\/8\\\" PP221212W zapewnia trwa\u0142e, pewne i szczelne po\u0142\u0105czenie rury z innymi elementami instalacji filtruj\u0105cej wod\u0119.\",\"breadcrumb\":{\"@id\":\"https:\\\/\\\/dreamfilters.de\\\/pl\\\/produkt\\\/zlaczka-wtykowa-kolankowa-john-guest-1-4-1-4-pp220808w-kopie\\\/#breadcrumb\"},\"inLanguage\":\"pl-PL\",\"potentialAction\":[{\"@type\":\"ReadAction\",\"target\":[\"https:\\\/\\\/dreamfilters.de\\\/pl\\\/produkt\\\/zlaczka-wtykowa-kolankowa-john-guest-1-4-1-4-pp220808w-kopie\\\/\"]}]},{\"@type\":\"ImageObject\",\"inLanguage\":\"pl-PL\",\"@id\":\"https:\\\/\\\/dreamfilters.de\\\/pl\\\/produkt\\\/zlaczka-wtykowa-kolankowa-john-guest-1-4-1-4-pp220808w-kopie\\\/#primaryimage\",\"url\":\"https:\\\/\\\/dreamfilters.de\\\/wp-content\\\/uploads\\\/2023\\\/12\\\/JG_Einsteck_Winkel_3_8__PP221212W-8-Edit.jpg\",\"contentUrl\":\"https:\\\/\\\/dreamfilters.de\\\/wp-content\\\/uploads\\\/2023\\\/12\\\/JG_Einsteck_Winkel_3_8__PP221212W-8-Edit.jpg\",\"width\":1500,\"height\":1500,\"caption\":\"John Guest Einsteck-Winkel-Verbinder\"},{\"@type\":\"BreadcrumbList\",\"@id\":\"https:\\\/\\\/dreamfilters.de\\\/pl\\\/produkt\\\/zlaczka-wtykowa-kolankowa-john-guest-1-4-1-4-pp220808w-kopie\\\/#breadcrumb\",\"itemListElement\":[{\"@type\":\"ListItem\",\"position\":1,\"name\":\"Strona g\u0142\u00f3wna\",\"item\":\"https:\\\/\\\/dreamfilters.de\\\/pl\\\/\"},{\"@type\":\"ListItem\",\"position\":2,\"name\":\"Sklep\",\"item\":\"https:\\\/\\\/dreamfilters.de\\\/shop\\\/\"},{\"@type\":\"ListItem\",\"position\":3,\"name\":\"Z\u0142\u0105czka wtykowa kolankowa John Guest 3\\\/8&#8243;- 3\\\/8&#8243; PP221212W.\"}]},{\"@type\":\"WebSite\",\"@id\":\"https:\\\/\\\/dreamfilters.de\\\/pl\\\/#website\",\"url\":\"https:\\\/\\\/dreamfilters.de\\\/pl\\\/\",\"name\":\"DreamFilters\u00ae\",\"description\":\"Drink water with pleasure\",\"publisher\":{\"@id\":\"https:\\\/\\\/dreamfilters.de\\\/pl\\\/#organization\"},\"alternateName\":\"DreamFilters\",\"potentialAction\":[{\"@type\":\"SearchAction\",\"target\":{\"@type\":\"EntryPoint\",\"urlTemplate\":\"https:\\\/\\\/dreamfilters.de\\\/pl\\\/?s={search_term_string}\"},\"query-input\":{\"@type\":\"PropertyValueSpecification\",\"valueRequired\":true,\"valueName\":\"search_term_string\"}}],\"inLanguage\":\"pl-PL\"},{\"@type\":\"Organization\",\"@id\":\"https:\\\/\\\/dreamfilters.de\\\/pl\\\/#organization\",\"name\":\"DreamFilters\u00ae\",\"url\":\"https:\\\/\\\/dreamfilters.de\\\/pl\\\/\",\"logo\":{\"@type\":\"ImageObject\",\"inLanguage\":\"pl-PL\",\"@id\":\"https:\\\/\\\/dreamfilters.de\\\/pl\\\/#\\\/schema\\\/logo\\\/image\\\/\",\"url\":\"https:\\\/\\\/dreamfilters.de\\\/wp-content\\\/uploads\\\/2022\\\/12\\\/dream_filters_logo_black_F_CMYK.png\",\"contentUrl\":\"https:\\\/\\\/dreamfilters.de\\\/wp-content\\\/uploads\\\/2022\\\/12\\\/dream_filters_logo_black_F_CMYK.png\",\"width\":464,\"height\":588,\"caption\":\"DreamFilters\u00ae\"},\"image\":{\"@id\":\"https:\\\/\\\/dreamfilters.de\\\/pl\\\/#\\\/schema\\\/logo\\\/image\\\/\"},\"sameAs\":[\"https:\\\/\\\/www.youtube.com\\\/@dreamfilters6095\"]}]}<\/script>\n<!-- \/ Yoast SEO Premium plugin. -->","yoast_head_json":{"title":"Z\u0142\u0105czka wtykowa kolankowa John Guest 3\/8\"- 3\/8\" PP221212W.","description":"Z\u0142\u0105czka wtykowa kolankowa John Guest 3\/8\"- 3\/8\" PP221212W zapewnia trwa\u0142e, pewne i szczelne po\u0142\u0105czenie rury z innymi elementami instalacji filtruj\u0105cej wod\u0119.","robots":{"index":"index","follow":"follow","max-snippet":"max-snippet:-1","max-image-preview":"max-image-preview:large","max-video-preview":"max-video-preview:-1"},"canonical":"https:\/\/dreamfilters.de\/pl\/produkt\/zlaczka-wtykowa-kolankowa-john-guest-1-4-1-4-pp220808w-kopie\/","og_locale":"pl_PL","og_type":"article","og_title":"Z\u0142\u0105czka wtykowa kolankowa John Guest 3\/8\"- 3\/8\" PP221212W.","og_description":"Z\u0142\u0105czka wtykowa kolankowa John Guest 3\/8\"- 3\/8\" PP221212W zapewnia trwa\u0142e, pewne i szczelne po\u0142\u0105czenie rury z innymi elementami instalacji filtruj\u0105cej wod\u0119.","og_url":"https:\/\/dreamfilters.de\/pl\/produkt\/zlaczka-wtykowa-kolankowa-john-guest-1-4-1-4-pp220808w-kopie\/","og_site_name":"DreamFilters","article_modified_time":"2025-01-22T17:29:00+00:00","og_image":[{"width":1500,"height":1500,"url":"https:\/\/dreamfilters.de\/wp-content\/uploads\/2023\/12\/JG_Einsteck_Winkel_3_8__PP221212W-8-Edit.jpg","type":"image\/jpeg"}],"twitter_card":"summary_large_image","twitter_misc":{"Szacowany czas czytania":"1 minuta"},"schema":{"@context":"https:\/\/schema.org","@graph":[{"@type":"WebPage","@id":"https:\/\/dreamfilters.de\/pl\/produkt\/zlaczka-wtykowa-kolankowa-john-guest-1-4-1-4-pp220808w-kopie\/","url":"https:\/\/dreamfilters.de\/pl\/produkt\/zlaczka-wtykowa-kolankowa-john-guest-1-4-1-4-pp220808w-kopie\/","name":"Z\u0142\u0105czka wtykowa kolankowa John Guest 3\/8\"- 3\/8\" PP221212W.","isPartOf":{"@id":"https:\/\/dreamfilters.de\/pl\/#website"},"primaryImageOfPage":{"@id":"https:\/\/dreamfilters.de\/pl\/produkt\/zlaczka-wtykowa-kolankowa-john-guest-1-4-1-4-pp220808w-kopie\/#primaryimage"},"image":{"@id":"https:\/\/dreamfilters.de\/pl\/produkt\/zlaczka-wtykowa-kolankowa-john-guest-1-4-1-4-pp220808w-kopie\/#primaryimage"},"thumbnailUrl":"https:\/\/dreamfilters.de\/wp-content\/uploads\/2023\/12\/JG_Einsteck_Winkel_3_8__PP221212W-8-Edit.jpg","datePublished":"2023-12-23T15:26:45+00:00","dateModified":"2025-01-22T17:29:00+00:00","description":"Z\u0142\u0105czka wtykowa kolankowa John Guest 3\/8\"- 3\/8\" PP221212W zapewnia trwa\u0142e, pewne i szczelne po\u0142\u0105czenie rury z innymi elementami instalacji filtruj\u0105cej wod\u0119.","breadcrumb":{"@id":"https:\/\/dreamfilters.de\/pl\/produkt\/zlaczka-wtykowa-kolankowa-john-guest-1-4-1-4-pp220808w-kopie\/#breadcrumb"},"inLanguage":"pl-PL","potentialAction":[{"@type":"ReadAction","target":["https:\/\/dreamfilters.de\/pl\/produkt\/zlaczka-wtykowa-kolankowa-john-guest-1-4-1-4-pp220808w-kopie\/"]}]},{"@type":"ImageObject","inLanguage":"pl-PL","@id":"https:\/\/dreamfilters.de\/pl\/produkt\/zlaczka-wtykowa-kolankowa-john-guest-1-4-1-4-pp220808w-kopie\/#primaryimage","url":"https:\/\/dreamfilters.de\/wp-content\/uploads\/2023\/12\/JG_Einsteck_Winkel_3_8__PP221212W-8-Edit.jpg","contentUrl":"https:\/\/dreamfilters.de\/wp-content\/uploads\/2023\/12\/JG_Einsteck_Winkel_3_8__PP221212W-8-Edit.jpg","width":1500,"height":1500,"caption":"John Guest Einsteck-Winkel-Verbinder"},{"@type":"BreadcrumbList","@id":"https:\/\/dreamfilters.de\/pl\/produkt\/zlaczka-wtykowa-kolankowa-john-guest-1-4-1-4-pp220808w-kopie\/#breadcrumb","itemListElement":[{"@type":"ListItem","position":1,"name":"Strona g\u0142\u00f3wna","item":"https:\/\/dreamfilters.de\/pl\/"},{"@type":"ListItem","position":2,"name":"Sklep","item":"https:\/\/dreamfilters.de\/shop\/"},{"@type":"ListItem","position":3,"name":"Z\u0142\u0105czka wtykowa kolankowa John Guest 3\/8&#8243;- 3\/8&#8243; PP221212W."}]},{"@type":"WebSite","@id":"https:\/\/dreamfilters.de\/pl\/#website","url":"https:\/\/dreamfilters.de\/pl\/","name":"DreamFilters\u00ae","description":"Drink water with pleasure","publisher":{"@id":"https:\/\/dreamfilters.de\/pl\/#organization"},"alternateName":"DreamFilters","potentialAction":[{"@type":"SearchAction","target":{"@type":"EntryPoint","urlTemplate":"https:\/\/dreamfilters.de\/pl\/?s={search_term_string}"},"query-input":{"@type":"PropertyValueSpecification","valueRequired":true,"valueName":"search_term_string"}}],"inLanguage":"pl-PL"},{"@type":"Organization","@id":"https:\/\/dreamfilters.de\/pl\/#organization","name":"DreamFilters\u00ae","url":"https:\/\/dreamfilters.de\/pl\/","logo":{"@type":"ImageObject","inLanguage":"pl-PL","@id":"https:\/\/dreamfilters.de\/pl\/#\/schema\/logo\/image\/","url":"https:\/\/dreamfilters.de\/wp-content\/uploads\/2022\/12\/dream_filters_logo_black_F_CMYK.png","contentUrl":"https:\/\/dreamfilters.de\/wp-content\/uploads\/2022\/12\/dream_filters_logo_black_F_CMYK.png","width":464,"height":588,"caption":"DreamFilters\u00ae"},"image":{"@id":"https:\/\/dreamfilters.de\/pl\/#\/schema\/logo\/image\/"},"sameAs":["https:\/\/www.youtube.com\/@dreamfilters6095"]}]}},"_links":{"self":[{"href":"https:\/\/dreamfilters.de\/pl\/wp-json\/wp\/v2\/product\/7027","targetHints":{"allow":["GET"]}}],"collection":[{"href":"https:\/\/dreamfilters.de\/pl\/wp-json\/wp\/v2\/product"}],"about":[{"href":"https:\/\/dreamfilters.de\/pl\/wp-json\/wp\/v2\/types\/product"}],"wp:featuredmedia":[{"embeddable":true,"href":"https:\/\/dreamfilters.de\/pl\/wp-json\/wp\/v2\/media\/7031"}],"wp:attachment":[{"href":"https:\/\/dreamfilters.de\/pl\/wp-json\/wp\/v2\/media?parent=7027"}],"wp:term":[{"taxonomy":"product_brand","embeddable":true,"href":"https:\/\/dreamfilters.de\/pl\/wp-json\/wp\/v2\/product_brand?post=7027"},{"taxonomy":"product_cat","embeddable":true,"href":"https:\/\/dreamfilters.de\/pl\/wp-json\/wp\/v2\/product_cat?post=7027"},{"taxonomy":"product_tag","embeddable":true,"href":"https:\/\/dreamfilters.de\/pl\/wp-json\/wp\/v2\/product_tag?post=7027"}],"curies":[{"name":"wp","href":"https:\/\/api.w.org\/{rel}","templated":true}]}}