{"id":6944,"date":"2023-12-18T08:29:58","date_gmt":"2023-12-18T07:29:58","guid":{"rendered":"https:\/\/dreamfilters.de\/?post_type=product&#038;p=6944"},"modified":"2025-01-22T18:47:00","modified_gmt":"2025-01-22T17:47:00","slug":"hydro-stopper-h001-aquastop-zawor-odcinajacy-z-zlaczem-3-4-do-pralki-zmywarki-kopie","status":"publish","type":"product","link":"https:\/\/dreamfilters.de\/pl\/produkt\/hydro-stopper-h001-aquastop-zawor-odcinajacy-z-zlaczem-3-4-do-pralki-zmywarki-kopie\/","title":{"rendered":"Zaw\u00f3r odcinaj\u0105cy, kulowy John Guest, szybkoz\u0142\u0105cze 1\/4&#8243; x 1\/4&#8243; NPTF gwint wewn\u0119trzny, PPSV500822W."},"content":{"rendered":"<p>Zaw\u00f3r kulowy John Guest 1\/4&#8243; x 1\/4&#8243; (PPSV500822W) jest u\u017cywany w systemach odwr\u00f3conej osmozy jako zaw\u00f3r odcinaj\u0105cy w zbiornikach RO.<\/p>\n\n    <div class=\"xs_social_share_widget xs_share_url after_content \t\tmain_content  wslu-style-1 wslu-share-box-shaped wslu-fill-colored wslu-none wslu-share-horizontal wslu-theme-font-no wslu-main_content\">\n\n\t\t\n        <ul>\n\t\t\t        <\/ul>\n    <\/div> \n","protected":false},"excerpt":{"rendered":"<p>[sep] \u0141atwy w instalacji [sep] nie wymaga narz\u0119dzi do monta\u017cu.<\/p>\n","protected":false},"featured_media":6948,"template":"","meta":{"_acf_changed":false},"product_brand":[],"product_cat":[22,23,29,30],"product_tag":[],"class_list":{"0":"post-6944","1":"product","2":"type-product","3":"status-publish","4":"has-post-thumbnail","6":"product_cat-czesci-wymienne","7":"product_cat-inne","8":"product_cat-czesci-wymienne-do-biur-i-gastronomii","9":"product_cat-inne-do-biur-i-gastronomii","10":"product_shipping_class-paczka-s","12":"first","13":"instock","14":"taxable","15":"shipping-taxable","16":"purchasable","17":"product-type-simple"},"acf":[],"yoast_head":"<!-- This site is optimized with the Yoast SEO Premium plugin v25.2 (Yoast SEO v27.1.1) - https:\/\/yoast.com\/product\/yoast-seo-premium-wordpress\/ -->\n<title>Zaw\u00f3r odcinaj\u0105cy John Guest PPSV500822W 1\/4&quot;- 1\/4&quot;.<\/title>\n<meta name=\"description\" content=\"Zaw\u00f3r kulowy John Guest 1\/4&quot; x 1\/4&quot; (PPSV500822W) jest u\u017cywany w systemach odwr\u00f3conej osmozy jako zaw\u00f3r odcinaj\u0105cy w zbiornikach RO.\" \/>\n<meta name=\"robots\" content=\"index, follow, max-snippet:-1, max-image-preview:large, max-video-preview:-1\" \/>\n<link rel=\"canonical\" href=\"https:\/\/dreamfilters.de\/pl\/produkt\/hydro-stopper-h001-aquastop-zawor-odcinajacy-z-zlaczem-3-4-do-pralki-zmywarki-kopie\/\" \/>\n<meta property=\"og:locale\" content=\"pl_PL\" \/>\n<meta property=\"og:type\" content=\"article\" \/>\n<meta property=\"og:title\" content=\"Zaw\u00f3r odcinaj\u0105cy, kulowy John Guest, szybkoz\u0142\u0105cze 1\/4&quot; x 1\/4&quot; NPTF gwint wewn\u0119trzny, PPSV500822W.\" \/>\n<meta property=\"og:description\" content=\"Zaw\u00f3r kulowy John Guest 1\/4&quot; x 1\/4&quot; (PPSV500822W) jest u\u017cywany w systemach odwr\u00f3conej osmozy jako zaw\u00f3r odcinaj\u0105cy w zbiornikach RO.\" \/>\n<meta property=\"og:url\" content=\"https:\/\/dreamfilters.de\/pl\/produkt\/hydro-stopper-h001-aquastop-zawor-odcinajacy-z-zlaczem-3-4-do-pralki-zmywarki-kopie\/\" \/>\n<meta property=\"og:site_name\" content=\"DreamFilters\" \/>\n<meta property=\"article:modified_time\" content=\"2025-01-22T17:47:00+00:00\" \/>\n<meta property=\"og:image\" content=\"https:\/\/dreamfilters.de\/wp-content\/uploads\/2023\/12\/john-guest-tankventil-fuer-wasserfliter.jpg\" \/>\n\t<meta property=\"og:image:width\" content=\"2500\" \/>\n\t<meta property=\"og:image:height\" content=\"2500\" \/>\n\t<meta property=\"og:image:type\" content=\"image\/jpeg\" \/>\n<meta name=\"twitter:card\" content=\"summary_large_image\" \/>\n<meta name=\"twitter:label1\" content=\"Szacowany czas czytania\" \/>\n\t<meta name=\"twitter:data1\" content=\"1 minuta\" \/>\n<script type=\"application\/ld+json\" class=\"yoast-schema-graph\">{\"@context\":\"https:\/\/schema.org\",\"@graph\":[{\"@type\":\"WebPage\",\"@id\":\"https:\/\/dreamfilters.de\/pl\/produkt\/hydro-stopper-h001-aquastop-zawor-odcinajacy-z-zlaczem-3-4-do-pralki-zmywarki-kopie\/\",\"url\":\"https:\/\/dreamfilters.de\/pl\/produkt\/hydro-stopper-h001-aquastop-zawor-odcinajacy-z-zlaczem-3-4-do-pralki-zmywarki-kopie\/\",\"name\":\"Zaw\u00f3r odcinaj\u0105cy John Guest PPSV500822W 1\/4\\\"- 1\/4\\\".\",\"isPartOf\":{\"@id\":\"https:\/\/dreamfilters.de\/pl\/#website\"},\"primaryImageOfPage\":{\"@id\":\"https:\/\/dreamfilters.de\/pl\/produkt\/hydro-stopper-h001-aquastop-zawor-odcinajacy-z-zlaczem-3-4-do-pralki-zmywarki-kopie\/#primaryimage\"},\"image\":{\"@id\":\"https:\/\/dreamfilters.de\/pl\/produkt\/hydro-stopper-h001-aquastop-zawor-odcinajacy-z-zlaczem-3-4-do-pralki-zmywarki-kopie\/#primaryimage\"},\"thumbnailUrl\":\"https:\/\/dreamfilters.de\/wp-content\/uploads\/2023\/12\/john-guest-tankventil-fuer-wasserfliter.jpg\",\"datePublished\":\"2023-12-18T07:29:58+00:00\",\"dateModified\":\"2025-01-22T17:47:00+00:00\",\"description\":\"Zaw\u00f3r kulowy John Guest 1\/4\\\" x 1\/4\\\" (PPSV500822W) jest u\u017cywany w systemach odwr\u00f3conej osmozy jako zaw\u00f3r odcinaj\u0105cy w zbiornikach RO.\",\"breadcrumb\":{\"@id\":\"https:\/\/dreamfilters.de\/pl\/produkt\/hydro-stopper-h001-aquastop-zawor-odcinajacy-z-zlaczem-3-4-do-pralki-zmywarki-kopie\/#breadcrumb\"},\"inLanguage\":\"pl-PL\",\"potentialAction\":[{\"@type\":\"ReadAction\",\"target\":[\"https:\/\/dreamfilters.de\/pl\/produkt\/hydro-stopper-h001-aquastop-zawor-odcinajacy-z-zlaczem-3-4-do-pralki-zmywarki-kopie\/\"]}]},{\"@type\":\"ImageObject\",\"inLanguage\":\"pl-PL\",\"@id\":\"https:\/\/dreamfilters.de\/pl\/produkt\/hydro-stopper-h001-aquastop-zawor-odcinajacy-z-zlaczem-3-4-do-pralki-zmywarki-kopie\/#primaryimage\",\"url\":\"https:\/\/dreamfilters.de\/wp-content\/uploads\/2023\/12\/john-guest-tankventil-fuer-wasserfliter.jpg\",\"contentUrl\":\"https:\/\/dreamfilters.de\/wp-content\/uploads\/2023\/12\/john-guest-tankventil-fuer-wasserfliter.jpg\",\"width\":2500,\"height\":2500,\"caption\":\"JG PPSV500822W\"},{\"@type\":\"BreadcrumbList\",\"@id\":\"https:\/\/dreamfilters.de\/pl\/produkt\/hydro-stopper-h001-aquastop-zawor-odcinajacy-z-zlaczem-3-4-do-pralki-zmywarki-kopie\/#breadcrumb\",\"itemListElement\":[{\"@type\":\"ListItem\",\"position\":1,\"name\":\"Strona g\u0142\u00f3wna\",\"item\":\"https:\/\/dreamfilters.de\/pl\/\"},{\"@type\":\"ListItem\",\"position\":2,\"name\":\"Sklep\",\"item\":\"https:\/\/dreamfilters.de\/shop\/\"},{\"@type\":\"ListItem\",\"position\":3,\"name\":\"Zaw\u00f3r odcinaj\u0105cy, kulowy John Guest, szybkoz\u0142\u0105cze 1\/4&#8243; x 1\/4&#8243; NPTF gwint wewn\u0119trzny, PPSV500822W.\"}]},{\"@type\":\"WebSite\",\"@id\":\"https:\/\/dreamfilters.de\/pl\/#website\",\"url\":\"https:\/\/dreamfilters.de\/pl\/\",\"name\":\"DreamFilters\u00ae\",\"description\":\"Drink water with pleasure\",\"publisher\":{\"@id\":\"https:\/\/dreamfilters.de\/pl\/#organization\"},\"alternateName\":\"DreamFilters\",\"potentialAction\":[{\"@type\":\"SearchAction\",\"target\":{\"@type\":\"EntryPoint\",\"urlTemplate\":\"https:\/\/dreamfilters.de\/pl\/?s={search_term_string}\"},\"query-input\":{\"@type\":\"PropertyValueSpecification\",\"valueRequired\":true,\"valueName\":\"search_term_string\"}}],\"inLanguage\":\"pl-PL\"},{\"@type\":\"Organization\",\"@id\":\"https:\/\/dreamfilters.de\/pl\/#organization\",\"name\":\"DreamFilters\u00ae\",\"url\":\"https:\/\/dreamfilters.de\/pl\/\",\"logo\":{\"@type\":\"ImageObject\",\"inLanguage\":\"pl-PL\",\"@id\":\"https:\/\/dreamfilters.de\/pl\/#\/schema\/logo\/image\/\",\"url\":\"https:\/\/dreamfilters.de\/wp-content\/uploads\/2022\/12\/dream_filters_logo_black_F_CMYK.png\",\"contentUrl\":\"https:\/\/dreamfilters.de\/wp-content\/uploads\/2022\/12\/dream_filters_logo_black_F_CMYK.png\",\"width\":464,\"height\":588,\"caption\":\"DreamFilters\u00ae\"},\"image\":{\"@id\":\"https:\/\/dreamfilters.de\/pl\/#\/schema\/logo\/image\/\"},\"sameAs\":[\"https:\/\/www.youtube.com\/@dreamfilters6095\"]}]}<\/script>\n<!-- \/ Yoast SEO Premium plugin. -->","yoast_head_json":{"title":"Zaw\u00f3r odcinaj\u0105cy John Guest PPSV500822W 1\/4\"- 1\/4\".","description":"Zaw\u00f3r kulowy John Guest 1\/4\" x 1\/4\" (PPSV500822W) jest u\u017cywany w systemach odwr\u00f3conej osmozy jako zaw\u00f3r odcinaj\u0105cy w zbiornikach RO.","robots":{"index":"index","follow":"follow","max-snippet":"max-snippet:-1","max-image-preview":"max-image-preview:large","max-video-preview":"max-video-preview:-1"},"canonical":"https:\/\/dreamfilters.de\/pl\/produkt\/hydro-stopper-h001-aquastop-zawor-odcinajacy-z-zlaczem-3-4-do-pralki-zmywarki-kopie\/","og_locale":"pl_PL","og_type":"article","og_title":"Zaw\u00f3r odcinaj\u0105cy, kulowy John Guest, szybkoz\u0142\u0105cze 1\/4\" x 1\/4\" NPTF gwint wewn\u0119trzny, PPSV500822W.","og_description":"Zaw\u00f3r kulowy John Guest 1\/4\" x 1\/4\" (PPSV500822W) jest u\u017cywany w systemach odwr\u00f3conej osmozy jako zaw\u00f3r odcinaj\u0105cy w zbiornikach RO.","og_url":"https:\/\/dreamfilters.de\/pl\/produkt\/hydro-stopper-h001-aquastop-zawor-odcinajacy-z-zlaczem-3-4-do-pralki-zmywarki-kopie\/","og_site_name":"DreamFilters","article_modified_time":"2025-01-22T17:47:00+00:00","og_image":[{"width":2500,"height":2500,"url":"https:\/\/dreamfilters.de\/wp-content\/uploads\/2023\/12\/john-guest-tankventil-fuer-wasserfliter.jpg","type":"image\/jpeg"}],"twitter_card":"summary_large_image","twitter_misc":{"Szacowany czas czytania":"1 minuta"},"schema":{"@context":"https:\/\/schema.org","@graph":[{"@type":"WebPage","@id":"https:\/\/dreamfilters.de\/pl\/produkt\/hydro-stopper-h001-aquastop-zawor-odcinajacy-z-zlaczem-3-4-do-pralki-zmywarki-kopie\/","url":"https:\/\/dreamfilters.de\/pl\/produkt\/hydro-stopper-h001-aquastop-zawor-odcinajacy-z-zlaczem-3-4-do-pralki-zmywarki-kopie\/","name":"Zaw\u00f3r odcinaj\u0105cy John Guest PPSV500822W 1\/4\"- 1\/4\".","isPartOf":{"@id":"https:\/\/dreamfilters.de\/pl\/#website"},"primaryImageOfPage":{"@id":"https:\/\/dreamfilters.de\/pl\/produkt\/hydro-stopper-h001-aquastop-zawor-odcinajacy-z-zlaczem-3-4-do-pralki-zmywarki-kopie\/#primaryimage"},"image":{"@id":"https:\/\/dreamfilters.de\/pl\/produkt\/hydro-stopper-h001-aquastop-zawor-odcinajacy-z-zlaczem-3-4-do-pralki-zmywarki-kopie\/#primaryimage"},"thumbnailUrl":"https:\/\/dreamfilters.de\/wp-content\/uploads\/2023\/12\/john-guest-tankventil-fuer-wasserfliter.jpg","datePublished":"2023-12-18T07:29:58+00:00","dateModified":"2025-01-22T17:47:00+00:00","description":"Zaw\u00f3r kulowy John Guest 1\/4\" x 1\/4\" (PPSV500822W) jest u\u017cywany w systemach odwr\u00f3conej osmozy jako zaw\u00f3r odcinaj\u0105cy w zbiornikach RO.","breadcrumb":{"@id":"https:\/\/dreamfilters.de\/pl\/produkt\/hydro-stopper-h001-aquastop-zawor-odcinajacy-z-zlaczem-3-4-do-pralki-zmywarki-kopie\/#breadcrumb"},"inLanguage":"pl-PL","potentialAction":[{"@type":"ReadAction","target":["https:\/\/dreamfilters.de\/pl\/produkt\/hydro-stopper-h001-aquastop-zawor-odcinajacy-z-zlaczem-3-4-do-pralki-zmywarki-kopie\/"]}]},{"@type":"ImageObject","inLanguage":"pl-PL","@id":"https:\/\/dreamfilters.de\/pl\/produkt\/hydro-stopper-h001-aquastop-zawor-odcinajacy-z-zlaczem-3-4-do-pralki-zmywarki-kopie\/#primaryimage","url":"https:\/\/dreamfilters.de\/wp-content\/uploads\/2023\/12\/john-guest-tankventil-fuer-wasserfliter.jpg","contentUrl":"https:\/\/dreamfilters.de\/wp-content\/uploads\/2023\/12\/john-guest-tankventil-fuer-wasserfliter.jpg","width":2500,"height":2500,"caption":"JG PPSV500822W"},{"@type":"BreadcrumbList","@id":"https:\/\/dreamfilters.de\/pl\/produkt\/hydro-stopper-h001-aquastop-zawor-odcinajacy-z-zlaczem-3-4-do-pralki-zmywarki-kopie\/#breadcrumb","itemListElement":[{"@type":"ListItem","position":1,"name":"Strona g\u0142\u00f3wna","item":"https:\/\/dreamfilters.de\/pl\/"},{"@type":"ListItem","position":2,"name":"Sklep","item":"https:\/\/dreamfilters.de\/shop\/"},{"@type":"ListItem","position":3,"name":"Zaw\u00f3r odcinaj\u0105cy, kulowy John Guest, szybkoz\u0142\u0105cze 1\/4&#8243; x 1\/4&#8243; NPTF gwint wewn\u0119trzny, PPSV500822W."}]},{"@type":"WebSite","@id":"https:\/\/dreamfilters.de\/pl\/#website","url":"https:\/\/dreamfilters.de\/pl\/","name":"DreamFilters\u00ae","description":"Drink water with pleasure","publisher":{"@id":"https:\/\/dreamfilters.de\/pl\/#organization"},"alternateName":"DreamFilters","potentialAction":[{"@type":"SearchAction","target":{"@type":"EntryPoint","urlTemplate":"https:\/\/dreamfilters.de\/pl\/?s={search_term_string}"},"query-input":{"@type":"PropertyValueSpecification","valueRequired":true,"valueName":"search_term_string"}}],"inLanguage":"pl-PL"},{"@type":"Organization","@id":"https:\/\/dreamfilters.de\/pl\/#organization","name":"DreamFilters\u00ae","url":"https:\/\/dreamfilters.de\/pl\/","logo":{"@type":"ImageObject","inLanguage":"pl-PL","@id":"https:\/\/dreamfilters.de\/pl\/#\/schema\/logo\/image\/","url":"https:\/\/dreamfilters.de\/wp-content\/uploads\/2022\/12\/dream_filters_logo_black_F_CMYK.png","contentUrl":"https:\/\/dreamfilters.de\/wp-content\/uploads\/2022\/12\/dream_filters_logo_black_F_CMYK.png","width":464,"height":588,"caption":"DreamFilters\u00ae"},"image":{"@id":"https:\/\/dreamfilters.de\/pl\/#\/schema\/logo\/image\/"},"sameAs":["https:\/\/www.youtube.com\/@dreamfilters6095"]}]}},"_links":{"self":[{"href":"https:\/\/dreamfilters.de\/pl\/wp-json\/wp\/v2\/product\/6944","targetHints":{"allow":["GET"]}}],"collection":[{"href":"https:\/\/dreamfilters.de\/pl\/wp-json\/wp\/v2\/product"}],"about":[{"href":"https:\/\/dreamfilters.de\/pl\/wp-json\/wp\/v2\/types\/product"}],"wp:featuredmedia":[{"embeddable":true,"href":"https:\/\/dreamfilters.de\/pl\/wp-json\/wp\/v2\/media\/6948"}],"wp:attachment":[{"href":"https:\/\/dreamfilters.de\/pl\/wp-json\/wp\/v2\/media?parent=6944"}],"wp:term":[{"taxonomy":"product_brand","embeddable":true,"href":"https:\/\/dreamfilters.de\/pl\/wp-json\/wp\/v2\/product_brand?post=6944"},{"taxonomy":"product_cat","embeddable":true,"href":"https:\/\/dreamfilters.de\/pl\/wp-json\/wp\/v2\/product_cat?post=6944"},{"taxonomy":"product_tag","embeddable":true,"href":"https:\/\/dreamfilters.de\/pl\/wp-json\/wp\/v2\/product_tag?post=6944"}],"curies":[{"name":"wp","href":"https:\/\/api.w.org\/{rel}","templated":true}]}}