{"id":5476,"date":"2023-03-09T14:41:38","date_gmt":"2023-03-09T13:41:38","guid":{"rendered":"https:\/\/dreamfilters.de\/?post_type=product&#038;p=5476"},"modified":"2025-01-22T19:14:19","modified_gmt":"2025-01-22T18:14:19","slug":"zawor-elektromagnetyczny-ac-230v-z-szybkozlaczami-1-4-dla-systemow-osmozy-odwroconej","status":"publish","type":"product","link":"https:\/\/dreamfilters.de\/pl\/produkt\/zawor-elektromagnetyczny-ac-230v-z-szybkozlaczami-1-4-dla-systemow-osmozy-odwroconej\/","title":{"rendered":"Zaw\u00f3r elektromagnetyczny AC 230V z szybkoz\u0142\u0105czami 1\/4&#8243; dla system\u00f3w osmozy odwr\u00f3conej."},"content":{"rendered":"<p>Zaw\u00f3r elektromagnetyczny znalaz\u0142 zastosowanie w systemach osmozy odwr\u00f3conej. Posiada szybkoz\u0142\u0105cza 1\/4 cala umo\u017cliwiaj\u0105cy szybki monta\u017c.<\/p>\n\n    <div class=\"xs_social_share_widget xs_share_url after_content \t\tmain_content  wslu-style-1 wslu-share-box-shaped wslu-fill-colored wslu-none wslu-share-horizontal wslu-theme-font-no wslu-main_content\">\n\n\t\t\n        <ul>\n\t\t\t        <\/ul>\n    <\/div> \n","protected":false},"excerpt":{"rendered":"<p>[sep] Nadaje si\u0119 do wody pitnej.<\/p>\n","protected":false},"featured_media":5515,"template":"","meta":{"_acf_changed":false},"product_brand":[],"product_cat":[23,30],"product_tag":[],"class_list":{"0":"post-5476","1":"product","2":"type-product","3":"status-publish","4":"has-post-thumbnail","6":"product_cat-inne","7":"product_cat-inne-do-biur-i-gastronomii","8":"product_shipping_class-paczka-s","10":"first","11":"instock","12":"taxable","13":"shipping-taxable","14":"purchasable","15":"product-type-simple"},"acf":[],"yoast_head":"<!-- This site is optimized with the Yoast SEO Premium plugin v25.2 (Yoast SEO v27.1.1) - https:\/\/yoast.com\/product\/yoast-seo-premium-wordpress\/ -->\n<title>Zaw\u00f3r elektromagnetyczny AC 230V z szybkoz\u0142\u0105czami 1\/4&quot;.<\/title>\n<meta name=\"description\" content=\"Zaw\u00f3r elektromagnetyczny znalaz\u0142 zastosowanie w systemach osmozy odwr\u00f3conej. Posiada szybkoz\u0142\u0105cza 1\/4 cala umo\u017cliwiaj\u0105cy szybki monta\u017c.\" \/>\n<meta name=\"robots\" content=\"index, follow, max-snippet:-1, max-image-preview:large, max-video-preview:-1\" \/>\n<link rel=\"canonical\" href=\"https:\/\/dreamfilters.de\/pl\/produkt\/zawor-elektromagnetyczny-ac-230v-z-szybkozlaczami-1-4-dla-systemow-osmozy-odwroconej\/\" \/>\n<meta property=\"og:locale\" content=\"pl_PL\" \/>\n<meta property=\"og:type\" content=\"article\" \/>\n<meta property=\"og:title\" content=\"Zaw\u00f3r elektromagnetyczny AC 230V z szybkoz\u0142\u0105czami 1\/4&quot; dla system\u00f3w osmozy odwr\u00f3conej.\" \/>\n<meta property=\"og:description\" content=\"Zaw\u00f3r elektromagnetyczny znalaz\u0142 zastosowanie w systemach osmozy odwr\u00f3conej. Posiada szybkoz\u0142\u0105cza 1\/4 cala umo\u017cliwiaj\u0105cy szybki monta\u017c.\" \/>\n<meta property=\"og:url\" content=\"https:\/\/dreamfilters.de\/pl\/produkt\/zawor-elektromagnetyczny-ac-230v-z-szybkozlaczami-1-4-dla-systemow-osmozy-odwroconej\/\" \/>\n<meta property=\"og:site_name\" content=\"DreamFilters\" \/>\n<meta property=\"article:modified_time\" content=\"2025-01-22T18:14:19+00:00\" \/>\n<meta property=\"og:image\" content=\"https:\/\/dreamfilters.de\/wp-content\/uploads\/2023\/03\/magnetventil-fuer-ro-anlage-230v-2.jpg\" \/>\n\t<meta property=\"og:image:width\" content=\"2500\" \/>\n\t<meta property=\"og:image:height\" content=\"1910\" \/>\n\t<meta property=\"og:image:type\" content=\"image\/jpeg\" \/>\n<meta name=\"twitter:card\" content=\"summary_large_image\" \/>\n<meta name=\"twitter:label1\" content=\"Szacowany czas czytania\" \/>\n\t<meta name=\"twitter:data1\" content=\"1 minuta\" \/>\n<script type=\"application\/ld+json\" class=\"yoast-schema-graph\">{\"@context\":\"https:\/\/schema.org\",\"@graph\":[{\"@type\":\"WebPage\",\"@id\":\"https:\/\/dreamfilters.de\/pl\/produkt\/zawor-elektromagnetyczny-ac-230v-z-szybkozlaczami-1-4-dla-systemow-osmozy-odwroconej\/\",\"url\":\"https:\/\/dreamfilters.de\/pl\/produkt\/zawor-elektromagnetyczny-ac-230v-z-szybkozlaczami-1-4-dla-systemow-osmozy-odwroconej\/\",\"name\":\"Zaw\u00f3r elektromagnetyczny AC 230V z szybkoz\u0142\u0105czami 1\/4\\\".\",\"isPartOf\":{\"@id\":\"https:\/\/dreamfilters.de\/pl\/#website\"},\"primaryImageOfPage\":{\"@id\":\"https:\/\/dreamfilters.de\/pl\/produkt\/zawor-elektromagnetyczny-ac-230v-z-szybkozlaczami-1-4-dla-systemow-osmozy-odwroconej\/#primaryimage\"},\"image\":{\"@id\":\"https:\/\/dreamfilters.de\/pl\/produkt\/zawor-elektromagnetyczny-ac-230v-z-szybkozlaczami-1-4-dla-systemow-osmozy-odwroconej\/#primaryimage\"},\"thumbnailUrl\":\"https:\/\/dreamfilters.de\/wp-content\/uploads\/2023\/03\/magnetventil-fuer-ro-anlage-230v-2.jpg\",\"datePublished\":\"2023-03-09T13:41:38+00:00\",\"dateModified\":\"2025-01-22T18:14:19+00:00\",\"description\":\"Zaw\u00f3r elektromagnetyczny znalaz\u0142 zastosowanie w systemach osmozy odwr\u00f3conej. Posiada szybkoz\u0142\u0105cza 1\/4 cala umo\u017cliwiaj\u0105cy szybki monta\u017c.\",\"breadcrumb\":{\"@id\":\"https:\/\/dreamfilters.de\/pl\/produkt\/zawor-elektromagnetyczny-ac-230v-z-szybkozlaczami-1-4-dla-systemow-osmozy-odwroconej\/#breadcrumb\"},\"inLanguage\":\"pl-PL\",\"potentialAction\":[{\"@type\":\"ReadAction\",\"target\":[\"https:\/\/dreamfilters.de\/pl\/produkt\/zawor-elektromagnetyczny-ac-230v-z-szybkozlaczami-1-4-dla-systemow-osmozy-odwroconej\/\"]}]},{\"@type\":\"ImageObject\",\"inLanguage\":\"pl-PL\",\"@id\":\"https:\/\/dreamfilters.de\/pl\/produkt\/zawor-elektromagnetyczny-ac-230v-z-szybkozlaczami-1-4-dla-systemow-osmozy-odwroconej\/#primaryimage\",\"url\":\"https:\/\/dreamfilters.de\/wp-content\/uploads\/2023\/03\/magnetventil-fuer-ro-anlage-230v-2.jpg\",\"contentUrl\":\"https:\/\/dreamfilters.de\/wp-content\/uploads\/2023\/03\/magnetventil-fuer-ro-anlage-230v-2.jpg\",\"width\":2500,\"height\":1910,\"caption\":\"Magnetventil AC 230V mit 1\/4\u201c Schnellanschluss f\u00fcr RO-Umkehrosmoseanlage.\"},{\"@type\":\"BreadcrumbList\",\"@id\":\"https:\/\/dreamfilters.de\/pl\/produkt\/zawor-elektromagnetyczny-ac-230v-z-szybkozlaczami-1-4-dla-systemow-osmozy-odwroconej\/#breadcrumb\",\"itemListElement\":[{\"@type\":\"ListItem\",\"position\":1,\"name\":\"Strona g\u0142\u00f3wna\",\"item\":\"https:\/\/dreamfilters.de\/pl\/\"},{\"@type\":\"ListItem\",\"position\":2,\"name\":\"Sklep\",\"item\":\"https:\/\/dreamfilters.de\/shop\/\"},{\"@type\":\"ListItem\",\"position\":3,\"name\":\"Zaw\u00f3r elektromagnetyczny AC 230V z szybkoz\u0142\u0105czami 1\/4&#8243; dla system\u00f3w osmozy odwr\u00f3conej.\"}]},{\"@type\":\"WebSite\",\"@id\":\"https:\/\/dreamfilters.de\/pl\/#website\",\"url\":\"https:\/\/dreamfilters.de\/pl\/\",\"name\":\"DreamFilters\u00ae\",\"description\":\"Drink water with pleasure\",\"publisher\":{\"@id\":\"https:\/\/dreamfilters.de\/pl\/#organization\"},\"alternateName\":\"DreamFilters\",\"potentialAction\":[{\"@type\":\"SearchAction\",\"target\":{\"@type\":\"EntryPoint\",\"urlTemplate\":\"https:\/\/dreamfilters.de\/pl\/?s={search_term_string}\"},\"query-input\":{\"@type\":\"PropertyValueSpecification\",\"valueRequired\":true,\"valueName\":\"search_term_string\"}}],\"inLanguage\":\"pl-PL\"},{\"@type\":\"Organization\",\"@id\":\"https:\/\/dreamfilters.de\/pl\/#organization\",\"name\":\"DreamFilters\u00ae\",\"url\":\"https:\/\/dreamfilters.de\/pl\/\",\"logo\":{\"@type\":\"ImageObject\",\"inLanguage\":\"pl-PL\",\"@id\":\"https:\/\/dreamfilters.de\/pl\/#\/schema\/logo\/image\/\",\"url\":\"https:\/\/dreamfilters.de\/wp-content\/uploads\/2022\/12\/dream_filters_logo_black_F_CMYK.png\",\"contentUrl\":\"https:\/\/dreamfilters.de\/wp-content\/uploads\/2022\/12\/dream_filters_logo_black_F_CMYK.png\",\"width\":464,\"height\":588,\"caption\":\"DreamFilters\u00ae\"},\"image\":{\"@id\":\"https:\/\/dreamfilters.de\/pl\/#\/schema\/logo\/image\/\"},\"sameAs\":[\"https:\/\/www.youtube.com\/@dreamfilters6095\"]}]}<\/script>\n<!-- \/ Yoast SEO Premium plugin. -->","yoast_head_json":{"title":"Zaw\u00f3r elektromagnetyczny AC 230V z szybkoz\u0142\u0105czami 1\/4\".","description":"Zaw\u00f3r elektromagnetyczny znalaz\u0142 zastosowanie w systemach osmozy odwr\u00f3conej. Posiada szybkoz\u0142\u0105cza 1\/4 cala umo\u017cliwiaj\u0105cy szybki monta\u017c.","robots":{"index":"index","follow":"follow","max-snippet":"max-snippet:-1","max-image-preview":"max-image-preview:large","max-video-preview":"max-video-preview:-1"},"canonical":"https:\/\/dreamfilters.de\/pl\/produkt\/zawor-elektromagnetyczny-ac-230v-z-szybkozlaczami-1-4-dla-systemow-osmozy-odwroconej\/","og_locale":"pl_PL","og_type":"article","og_title":"Zaw\u00f3r elektromagnetyczny AC 230V z szybkoz\u0142\u0105czami 1\/4\" dla system\u00f3w osmozy odwr\u00f3conej.","og_description":"Zaw\u00f3r elektromagnetyczny znalaz\u0142 zastosowanie w systemach osmozy odwr\u00f3conej. Posiada szybkoz\u0142\u0105cza 1\/4 cala umo\u017cliwiaj\u0105cy szybki monta\u017c.","og_url":"https:\/\/dreamfilters.de\/pl\/produkt\/zawor-elektromagnetyczny-ac-230v-z-szybkozlaczami-1-4-dla-systemow-osmozy-odwroconej\/","og_site_name":"DreamFilters","article_modified_time":"2025-01-22T18:14:19+00:00","og_image":[{"width":2500,"height":1910,"url":"https:\/\/dreamfilters.de\/wp-content\/uploads\/2023\/03\/magnetventil-fuer-ro-anlage-230v-2.jpg","type":"image\/jpeg"}],"twitter_card":"summary_large_image","twitter_misc":{"Szacowany czas czytania":"1 minuta"},"schema":{"@context":"https:\/\/schema.org","@graph":[{"@type":"WebPage","@id":"https:\/\/dreamfilters.de\/pl\/produkt\/zawor-elektromagnetyczny-ac-230v-z-szybkozlaczami-1-4-dla-systemow-osmozy-odwroconej\/","url":"https:\/\/dreamfilters.de\/pl\/produkt\/zawor-elektromagnetyczny-ac-230v-z-szybkozlaczami-1-4-dla-systemow-osmozy-odwroconej\/","name":"Zaw\u00f3r elektromagnetyczny AC 230V z szybkoz\u0142\u0105czami 1\/4\".","isPartOf":{"@id":"https:\/\/dreamfilters.de\/pl\/#website"},"primaryImageOfPage":{"@id":"https:\/\/dreamfilters.de\/pl\/produkt\/zawor-elektromagnetyczny-ac-230v-z-szybkozlaczami-1-4-dla-systemow-osmozy-odwroconej\/#primaryimage"},"image":{"@id":"https:\/\/dreamfilters.de\/pl\/produkt\/zawor-elektromagnetyczny-ac-230v-z-szybkozlaczami-1-4-dla-systemow-osmozy-odwroconej\/#primaryimage"},"thumbnailUrl":"https:\/\/dreamfilters.de\/wp-content\/uploads\/2023\/03\/magnetventil-fuer-ro-anlage-230v-2.jpg","datePublished":"2023-03-09T13:41:38+00:00","dateModified":"2025-01-22T18:14:19+00:00","description":"Zaw\u00f3r elektromagnetyczny znalaz\u0142 zastosowanie w systemach osmozy odwr\u00f3conej. Posiada szybkoz\u0142\u0105cza 1\/4 cala umo\u017cliwiaj\u0105cy szybki monta\u017c.","breadcrumb":{"@id":"https:\/\/dreamfilters.de\/pl\/produkt\/zawor-elektromagnetyczny-ac-230v-z-szybkozlaczami-1-4-dla-systemow-osmozy-odwroconej\/#breadcrumb"},"inLanguage":"pl-PL","potentialAction":[{"@type":"ReadAction","target":["https:\/\/dreamfilters.de\/pl\/produkt\/zawor-elektromagnetyczny-ac-230v-z-szybkozlaczami-1-4-dla-systemow-osmozy-odwroconej\/"]}]},{"@type":"ImageObject","inLanguage":"pl-PL","@id":"https:\/\/dreamfilters.de\/pl\/produkt\/zawor-elektromagnetyczny-ac-230v-z-szybkozlaczami-1-4-dla-systemow-osmozy-odwroconej\/#primaryimage","url":"https:\/\/dreamfilters.de\/wp-content\/uploads\/2023\/03\/magnetventil-fuer-ro-anlage-230v-2.jpg","contentUrl":"https:\/\/dreamfilters.de\/wp-content\/uploads\/2023\/03\/magnetventil-fuer-ro-anlage-230v-2.jpg","width":2500,"height":1910,"caption":"Magnetventil AC 230V mit 1\/4\u201c Schnellanschluss f\u00fcr RO-Umkehrosmoseanlage."},{"@type":"BreadcrumbList","@id":"https:\/\/dreamfilters.de\/pl\/produkt\/zawor-elektromagnetyczny-ac-230v-z-szybkozlaczami-1-4-dla-systemow-osmozy-odwroconej\/#breadcrumb","itemListElement":[{"@type":"ListItem","position":1,"name":"Strona g\u0142\u00f3wna","item":"https:\/\/dreamfilters.de\/pl\/"},{"@type":"ListItem","position":2,"name":"Sklep","item":"https:\/\/dreamfilters.de\/shop\/"},{"@type":"ListItem","position":3,"name":"Zaw\u00f3r elektromagnetyczny AC 230V z szybkoz\u0142\u0105czami 1\/4&#8243; dla system\u00f3w osmozy odwr\u00f3conej."}]},{"@type":"WebSite","@id":"https:\/\/dreamfilters.de\/pl\/#website","url":"https:\/\/dreamfilters.de\/pl\/","name":"DreamFilters\u00ae","description":"Drink water with pleasure","publisher":{"@id":"https:\/\/dreamfilters.de\/pl\/#organization"},"alternateName":"DreamFilters","potentialAction":[{"@type":"SearchAction","target":{"@type":"EntryPoint","urlTemplate":"https:\/\/dreamfilters.de\/pl\/?s={search_term_string}"},"query-input":{"@type":"PropertyValueSpecification","valueRequired":true,"valueName":"search_term_string"}}],"inLanguage":"pl-PL"},{"@type":"Organization","@id":"https:\/\/dreamfilters.de\/pl\/#organization","name":"DreamFilters\u00ae","url":"https:\/\/dreamfilters.de\/pl\/","logo":{"@type":"ImageObject","inLanguage":"pl-PL","@id":"https:\/\/dreamfilters.de\/pl\/#\/schema\/logo\/image\/","url":"https:\/\/dreamfilters.de\/wp-content\/uploads\/2022\/12\/dream_filters_logo_black_F_CMYK.png","contentUrl":"https:\/\/dreamfilters.de\/wp-content\/uploads\/2022\/12\/dream_filters_logo_black_F_CMYK.png","width":464,"height":588,"caption":"DreamFilters\u00ae"},"image":{"@id":"https:\/\/dreamfilters.de\/pl\/#\/schema\/logo\/image\/"},"sameAs":["https:\/\/www.youtube.com\/@dreamfilters6095"]}]}},"_links":{"self":[{"href":"https:\/\/dreamfilters.de\/pl\/wp-json\/wp\/v2\/product\/5476","targetHints":{"allow":["GET"]}}],"collection":[{"href":"https:\/\/dreamfilters.de\/pl\/wp-json\/wp\/v2\/product"}],"about":[{"href":"https:\/\/dreamfilters.de\/pl\/wp-json\/wp\/v2\/types\/product"}],"wp:featuredmedia":[{"embeddable":true,"href":"https:\/\/dreamfilters.de\/pl\/wp-json\/wp\/v2\/media\/5515"}],"wp:attachment":[{"href":"https:\/\/dreamfilters.de\/pl\/wp-json\/wp\/v2\/media?parent=5476"}],"wp:term":[{"taxonomy":"product_brand","embeddable":true,"href":"https:\/\/dreamfilters.de\/pl\/wp-json\/wp\/v2\/product_brand?post=5476"},{"taxonomy":"product_cat","embeddable":true,"href":"https:\/\/dreamfilters.de\/pl\/wp-json\/wp\/v2\/product_cat?post=5476"},{"taxonomy":"product_tag","embeddable":true,"href":"https:\/\/dreamfilters.de\/pl\/wp-json\/wp\/v2\/product_tag?post=5476"}],"curies":[{"name":"wp","href":"https:\/\/api.w.org\/{rel}","templated":true}]}}