{"id":4111,"date":"2022-07-18T11:53:53","date_gmt":"2022-07-18T09:53:53","guid":{"rendered":"https:\/\/dreamfilters.de\/?post_type=product&#038;p=4111"},"modified":"2025-07-22T13:57:51","modified_gmt":"2025-07-22T11:57:51","slug":"impuls-home","status":"publish","type":"product","link":"https:\/\/dreamfilters.de\/pl\/produkt\/impuls-home\/","title":{"rendered":"Systemy odkamieniania IMPULS HOME"},"content":{"rendered":"<p>Pozb\u0105d\u017a si\u0119 problemu z kamieniem raz na zawsze! Unikalana technologia impulsu daje doskona\u0142e efekty! Zastosuj juz teraz sytsemy Impuls Home w twoim domu.<\/p>\n\n    <div class=\"xs_social_share_widget xs_share_url after_content \t\tmain_content  wslu-style-1 wslu-share-box-shaped wslu-fill-colored wslu-none wslu-share-horizontal wslu-theme-font-no wslu-main_content\">\n\n\t\t\n        <ul>\n\t\t\t        <\/ul>\n    <\/div> \n","protected":false},"excerpt":{"rendered":"<p>[sep] Bez soli i chemikali\u00f3w [sep] Niskie koszty eksploatacji [sep] Prosty monta\u017c [sep]<br \/>\n[sep] Bezobs\u0142ugowy [sep] Przyjazny dla \u015brodowiska [sep]<\/p>\n","protected":false},"featured_media":4192,"template":"","meta":{"_acf_changed":false},"product_brand":[],"product_cat":[137,138],"product_tag":[],"class_list":{"0":"post-4111","1":"product","2":"type-product","3":"status-publish","4":"has-post-thumbnail","6":"product_cat-systemy-odkamieniania-wody-bez-soli","7":"product_cat-dom-pl","8":"product_shipping_class-paczka-s","10":"first","11":"instock","12":"taxable","13":"shipping-taxable","14":"purchasable","15":"product-type-variable"},"acf":[],"yoast_head":"<!-- This site is optimized with the Yoast SEO Premium plugin v25.2 (Yoast SEO v27.1.1) - https:\/\/yoast.com\/product\/yoast-seo-premium-wordpress\/ -->\n<title>Systemy odkamieniania IMPULS HOME - DreamFilters<\/title>\n<meta name=\"description\" content=\"Pozb\u0105d\u017a si\u0119 problemu z kamieniem raz na zawsze! Unikalana technologia impulsu daje doskona\u0142e efekty! Zastosuj ju\u017c teraz systemy Impuls Home w twoim domu.\" \/>\n<meta name=\"robots\" content=\"index, follow, max-snippet:-1, max-image-preview:large, max-video-preview:-1\" \/>\n<link rel=\"canonical\" href=\"https:\/\/dreamfilters.de\/pl\/produkt\/impuls-home\/\" \/>\n<meta property=\"og:locale\" content=\"pl_PL\" \/>\n<meta property=\"og:type\" content=\"article\" \/>\n<meta property=\"og:title\" content=\"Systemy odkamieniania IMPULS HOME\" \/>\n<meta property=\"og:description\" content=\"Pozb\u0105d\u017a si\u0119 problemu z kamieniem raz na zawsze! Unikalana technologia impulsu daje doskona\u0142e efekty! Zastosuj ju\u017c teraz systemy Impuls Home w twoim domu.\" \/>\n<meta property=\"og:url\" content=\"https:\/\/dreamfilters.de\/pl\/produkt\/impuls-home\/\" \/>\n<meta property=\"og:site_name\" content=\"DreamFilters\" \/>\n<meta property=\"article:modified_time\" content=\"2025-07-22T11:57:51+00:00\" \/>\n<meta property=\"og:image\" content=\"https:\/\/dreamfilters.de\/wp-content\/uploads\/2022\/07\/IMPULS-HOME-by-DreamFilters-scaled.jpg\" \/>\n\t<meta property=\"og:image:width\" content=\"2560\" \/>\n\t<meta property=\"og:image:height\" content=\"2560\" \/>\n\t<meta property=\"og:image:type\" content=\"image\/jpeg\" \/>\n<meta name=\"twitter:card\" content=\"summary_large_image\" \/>\n<meta name=\"twitter:label1\" content=\"Szacowany czas czytania\" \/>\n\t<meta name=\"twitter:data1\" content=\"1 minuta\" \/>\n<script type=\"application\/ld+json\" class=\"yoast-schema-graph\">{\"@context\":\"https:\/\/schema.org\",\"@graph\":[{\"@type\":\"WebPage\",\"@id\":\"https:\/\/dreamfilters.de\/pl\/produkt\/impuls-home\/\",\"url\":\"https:\/\/dreamfilters.de\/pl\/produkt\/impuls-home\/\",\"name\":\"Systemy odkamieniania IMPULS HOME - DreamFilters\",\"isPartOf\":{\"@id\":\"https:\/\/dreamfilters.de\/pl\/#website\"},\"primaryImageOfPage\":{\"@id\":\"https:\/\/dreamfilters.de\/pl\/produkt\/impuls-home\/#primaryimage\"},\"image\":{\"@id\":\"https:\/\/dreamfilters.de\/pl\/produkt\/impuls-home\/#primaryimage\"},\"thumbnailUrl\":\"https:\/\/dreamfilters.de\/wp-content\/uploads\/2022\/07\/IMPULS-HOME-by-DreamFilters-scaled.jpg\",\"datePublished\":\"2022-07-18T09:53:53+00:00\",\"dateModified\":\"2025-07-22T11:57:51+00:00\",\"description\":\"Pozb\u0105d\u017a si\u0119 problemu z kamieniem raz na zawsze! Unikalana technologia impulsu daje doskona\u0142e efekty! Zastosuj ju\u017c teraz systemy Impuls Home w twoim domu.\",\"breadcrumb\":{\"@id\":\"https:\/\/dreamfilters.de\/pl\/produkt\/impuls-home\/#breadcrumb\"},\"inLanguage\":\"pl-PL\",\"potentialAction\":[{\"@type\":\"ReadAction\",\"target\":[\"https:\/\/dreamfilters.de\/pl\/produkt\/impuls-home\/\"]}]},{\"@type\":\"ImageObject\",\"inLanguage\":\"pl-PL\",\"@id\":\"https:\/\/dreamfilters.de\/pl\/produkt\/impuls-home\/#primaryimage\",\"url\":\"https:\/\/dreamfilters.de\/wp-content\/uploads\/2022\/07\/IMPULS-HOME-by-DreamFilters-scaled.jpg\",\"contentUrl\":\"https:\/\/dreamfilters.de\/wp-content\/uploads\/2022\/07\/IMPULS-HOME-by-DreamFilters-scaled.jpg\",\"width\":2560,\"height\":2560},{\"@type\":\"BreadcrumbList\",\"@id\":\"https:\/\/dreamfilters.de\/pl\/produkt\/impuls-home\/#breadcrumb\",\"itemListElement\":[{\"@type\":\"ListItem\",\"position\":1,\"name\":\"Strona g\u0142\u00f3wna\",\"item\":\"https:\/\/dreamfilters.de\/pl\/\"},{\"@type\":\"ListItem\",\"position\":2,\"name\":\"Sklep\",\"item\":\"https:\/\/dreamfilters.de\/shop\/\"},{\"@type\":\"ListItem\",\"position\":3,\"name\":\"Systemy odkamieniania IMPULS HOME\"}]},{\"@type\":\"WebSite\",\"@id\":\"https:\/\/dreamfilters.de\/pl\/#website\",\"url\":\"https:\/\/dreamfilters.de\/pl\/\",\"name\":\"DreamFilters\u00ae\",\"description\":\"Drink water with pleasure\",\"publisher\":{\"@id\":\"https:\/\/dreamfilters.de\/pl\/#organization\"},\"alternateName\":\"DreamFilters\",\"potentialAction\":[{\"@type\":\"SearchAction\",\"target\":{\"@type\":\"EntryPoint\",\"urlTemplate\":\"https:\/\/dreamfilters.de\/pl\/?s={search_term_string}\"},\"query-input\":{\"@type\":\"PropertyValueSpecification\",\"valueRequired\":true,\"valueName\":\"search_term_string\"}}],\"inLanguage\":\"pl-PL\"},{\"@type\":\"Organization\",\"@id\":\"https:\/\/dreamfilters.de\/pl\/#organization\",\"name\":\"DreamFilters\u00ae\",\"url\":\"https:\/\/dreamfilters.de\/pl\/\",\"logo\":{\"@type\":\"ImageObject\",\"inLanguage\":\"pl-PL\",\"@id\":\"https:\/\/dreamfilters.de\/pl\/#\/schema\/logo\/image\/\",\"url\":\"https:\/\/dreamfilters.de\/wp-content\/uploads\/2022\/12\/dream_filters_logo_black_F_CMYK.png\",\"contentUrl\":\"https:\/\/dreamfilters.de\/wp-content\/uploads\/2022\/12\/dream_filters_logo_black_F_CMYK.png\",\"width\":464,\"height\":588,\"caption\":\"DreamFilters\u00ae\"},\"image\":{\"@id\":\"https:\/\/dreamfilters.de\/pl\/#\/schema\/logo\/image\/\"},\"sameAs\":[\"https:\/\/www.youtube.com\/@dreamfilters6095\"]}]}<\/script>\n<!-- \/ Yoast SEO Premium plugin. -->","yoast_head_json":{"title":"Systemy odkamieniania IMPULS HOME - DreamFilters","description":"Pozb\u0105d\u017a si\u0119 problemu z kamieniem raz na zawsze! Unikalana technologia impulsu daje doskona\u0142e efekty! Zastosuj ju\u017c teraz systemy Impuls Home w twoim domu.","robots":{"index":"index","follow":"follow","max-snippet":"max-snippet:-1","max-image-preview":"max-image-preview:large","max-video-preview":"max-video-preview:-1"},"canonical":"https:\/\/dreamfilters.de\/pl\/produkt\/impuls-home\/","og_locale":"pl_PL","og_type":"article","og_title":"Systemy odkamieniania IMPULS HOME","og_description":"Pozb\u0105d\u017a si\u0119 problemu z kamieniem raz na zawsze! Unikalana technologia impulsu daje doskona\u0142e efekty! Zastosuj ju\u017c teraz systemy Impuls Home w twoim domu.","og_url":"https:\/\/dreamfilters.de\/pl\/produkt\/impuls-home\/","og_site_name":"DreamFilters","article_modified_time":"2025-07-22T11:57:51+00:00","og_image":[{"width":2560,"height":2560,"url":"https:\/\/dreamfilters.de\/wp-content\/uploads\/2022\/07\/IMPULS-HOME-by-DreamFilters-scaled.jpg","type":"image\/jpeg"}],"twitter_card":"summary_large_image","twitter_misc":{"Szacowany czas czytania":"1 minuta"},"schema":{"@context":"https:\/\/schema.org","@graph":[{"@type":"WebPage","@id":"https:\/\/dreamfilters.de\/pl\/produkt\/impuls-home\/","url":"https:\/\/dreamfilters.de\/pl\/produkt\/impuls-home\/","name":"Systemy odkamieniania IMPULS HOME - DreamFilters","isPartOf":{"@id":"https:\/\/dreamfilters.de\/pl\/#website"},"primaryImageOfPage":{"@id":"https:\/\/dreamfilters.de\/pl\/produkt\/impuls-home\/#primaryimage"},"image":{"@id":"https:\/\/dreamfilters.de\/pl\/produkt\/impuls-home\/#primaryimage"},"thumbnailUrl":"https:\/\/dreamfilters.de\/wp-content\/uploads\/2022\/07\/IMPULS-HOME-by-DreamFilters-scaled.jpg","datePublished":"2022-07-18T09:53:53+00:00","dateModified":"2025-07-22T11:57:51+00:00","description":"Pozb\u0105d\u017a si\u0119 problemu z kamieniem raz na zawsze! Unikalana technologia impulsu daje doskona\u0142e efekty! Zastosuj ju\u017c teraz systemy Impuls Home w twoim domu.","breadcrumb":{"@id":"https:\/\/dreamfilters.de\/pl\/produkt\/impuls-home\/#breadcrumb"},"inLanguage":"pl-PL","potentialAction":[{"@type":"ReadAction","target":["https:\/\/dreamfilters.de\/pl\/produkt\/impuls-home\/"]}]},{"@type":"ImageObject","inLanguage":"pl-PL","@id":"https:\/\/dreamfilters.de\/pl\/produkt\/impuls-home\/#primaryimage","url":"https:\/\/dreamfilters.de\/wp-content\/uploads\/2022\/07\/IMPULS-HOME-by-DreamFilters-scaled.jpg","contentUrl":"https:\/\/dreamfilters.de\/wp-content\/uploads\/2022\/07\/IMPULS-HOME-by-DreamFilters-scaled.jpg","width":2560,"height":2560},{"@type":"BreadcrumbList","@id":"https:\/\/dreamfilters.de\/pl\/produkt\/impuls-home\/#breadcrumb","itemListElement":[{"@type":"ListItem","position":1,"name":"Strona g\u0142\u00f3wna","item":"https:\/\/dreamfilters.de\/pl\/"},{"@type":"ListItem","position":2,"name":"Sklep","item":"https:\/\/dreamfilters.de\/shop\/"},{"@type":"ListItem","position":3,"name":"Systemy odkamieniania IMPULS HOME"}]},{"@type":"WebSite","@id":"https:\/\/dreamfilters.de\/pl\/#website","url":"https:\/\/dreamfilters.de\/pl\/","name":"DreamFilters\u00ae","description":"Drink water with pleasure","publisher":{"@id":"https:\/\/dreamfilters.de\/pl\/#organization"},"alternateName":"DreamFilters","potentialAction":[{"@type":"SearchAction","target":{"@type":"EntryPoint","urlTemplate":"https:\/\/dreamfilters.de\/pl\/?s={search_term_string}"},"query-input":{"@type":"PropertyValueSpecification","valueRequired":true,"valueName":"search_term_string"}}],"inLanguage":"pl-PL"},{"@type":"Organization","@id":"https:\/\/dreamfilters.de\/pl\/#organization","name":"DreamFilters\u00ae","url":"https:\/\/dreamfilters.de\/pl\/","logo":{"@type":"ImageObject","inLanguage":"pl-PL","@id":"https:\/\/dreamfilters.de\/pl\/#\/schema\/logo\/image\/","url":"https:\/\/dreamfilters.de\/wp-content\/uploads\/2022\/12\/dream_filters_logo_black_F_CMYK.png","contentUrl":"https:\/\/dreamfilters.de\/wp-content\/uploads\/2022\/12\/dream_filters_logo_black_F_CMYK.png","width":464,"height":588,"caption":"DreamFilters\u00ae"},"image":{"@id":"https:\/\/dreamfilters.de\/pl\/#\/schema\/logo\/image\/"},"sameAs":["https:\/\/www.youtube.com\/@dreamfilters6095"]}]}},"_links":{"self":[{"href":"https:\/\/dreamfilters.de\/pl\/wp-json\/wp\/v2\/product\/4111","targetHints":{"allow":["GET"]}}],"collection":[{"href":"https:\/\/dreamfilters.de\/pl\/wp-json\/wp\/v2\/product"}],"about":[{"href":"https:\/\/dreamfilters.de\/pl\/wp-json\/wp\/v2\/types\/product"}],"wp:featuredmedia":[{"embeddable":true,"href":"https:\/\/dreamfilters.de\/pl\/wp-json\/wp\/v2\/media\/4192"}],"wp:attachment":[{"href":"https:\/\/dreamfilters.de\/pl\/wp-json\/wp\/v2\/media?parent=4111"}],"wp:term":[{"taxonomy":"product_brand","embeddable":true,"href":"https:\/\/dreamfilters.de\/pl\/wp-json\/wp\/v2\/product_brand?post=4111"},{"taxonomy":"product_cat","embeddable":true,"href":"https:\/\/dreamfilters.de\/pl\/wp-json\/wp\/v2\/product_cat?post=4111"},{"taxonomy":"product_tag","embeddable":true,"href":"https:\/\/dreamfilters.de\/pl\/wp-json\/wp\/v2\/product_tag?post=4111"}],"curies":[{"name":"wp","href":"https:\/\/api.w.org\/{rel}","templated":true}]}}