{"id":375,"date":"2021-12-31T17:23:38","date_gmt":"2021-12-31T16:23:38","guid":{"rendered":"https:\/\/dreamfilters.de\/?post_type=product&#038;p=375"},"modified":"2025-01-24T14:57:07","modified_gmt":"2025-01-24T13:57:07","slug":"bateria-wylewka","status":"publish","type":"product","link":"https:\/\/dreamfilters.de\/pl\/produkt\/bateria-wylewka\/","title":{"rendered":"Wylewka DreamFilters\u00ae z stali nierdzewnej do czystej wody"},"content":{"rendered":"<p>Kran wykonany jest z wysokiej jako\u015bci stali nierdzewnej do system\u00f3w odwr\u00f3conej osmozy, z wbudowanym systemem rewitalizacji wody poprzez wirowanie.<\/p>\n\n    <div class=\"xs_social_share_widget xs_share_url after_content \t\tmain_content  wslu-style-1 wslu-share-box-shaped wslu-fill-colored wslu-none wslu-share-horizontal wslu-theme-font-no wslu-main_content\">\n\n\t\t\n        <ul>\n\t\t\t        <\/ul>\n    <\/div> \n","protected":false},"excerpt":{"rendered":"<p>[sep] z wysokiej jako\u015bci stali nierdzewnej, o satynowym wyko\u0144czeniu.<\/p>\n","protected":false},"featured_media":3512,"template":"","meta":{"_acf_changed":false},"product_brand":[],"product_cat":[24,23,25,30],"product_tag":[],"class_list":{"0":"post-375","1":"product","2":"type-product","3":"status-publish","4":"has-post-thumbnail","6":"product_cat-dla-domu","7":"product_cat-inne","8":"product_cat-filtry-dla-biznesu","9":"product_cat-inne-do-biur-i-gastronomii","10":"product_shipping_class-paczka-m","12":"first","13":"instock","14":"taxable","15":"shipping-taxable","16":"purchasable","17":"product-type-simple"},"acf":[],"yoast_head":"<!-- This site is optimized with the Yoast SEO Premium plugin v25.2 (Yoast SEO v27.1.1) - https:\/\/yoast.com\/product\/yoast-seo-premium-wordpress\/ -->\n<title>Wylewka DreamFilters\u00ae z stali nierdzewnej do czystej wody<\/title>\n<meta name=\"description\" content=\"Kran wykonany jest z wysokiej jako\u015bci stali nierdzewnej do system\u00f3w odwr\u00f3conej osmozy, z wbudowanym systemem rewitalizacji wody poprzez wirowanie.\" \/>\n<meta name=\"robots\" content=\"index, follow, max-snippet:-1, max-image-preview:large, max-video-preview:-1\" \/>\n<link rel=\"canonical\" href=\"https:\/\/dreamfilters.de\/pl\/produkt\/bateria-wylewka\/\" \/>\n<meta property=\"og:locale\" content=\"pl_PL\" \/>\n<meta property=\"og:type\" content=\"article\" \/>\n<meta property=\"og:title\" content=\"Wylewka DreamFilters\u00ae z stali nierdzewnej do czystej wody\" \/>\n<meta property=\"og:description\" content=\"Kran wykonany jest z wysokiej jako\u015bci stali nierdzewnej do system\u00f3w odwr\u00f3conej osmozy, z wbudowanym systemem rewitalizacji wody poprzez wirowanie.\" \/>\n<meta property=\"og:url\" content=\"https:\/\/dreamfilters.de\/pl\/produkt\/bateria-wylewka\/\" \/>\n<meta property=\"og:site_name\" content=\"DreamFilters\" \/>\n<meta property=\"article:modified_time\" content=\"2025-01-24T13:57:07+00:00\" \/>\n<meta property=\"og:image\" content=\"https:\/\/dreamfilters.de\/wp-content\/uploads\/2021\/12\/DreamFilters_Edelstahlhahn_1.jpeg\" \/>\n\t<meta property=\"og:image:width\" content=\"2000\" \/>\n\t<meta property=\"og:image:height\" content=\"2521\" \/>\n\t<meta property=\"og:image:type\" content=\"image\/jpeg\" \/>\n<meta name=\"twitter:card\" content=\"summary_large_image\" \/>\n<meta name=\"twitter:label1\" content=\"Szacowany czas czytania\" \/>\n\t<meta name=\"twitter:data1\" content=\"1 minuta\" \/>\n<script type=\"application\/ld+json\" class=\"yoast-schema-graph\">{\"@context\":\"https:\/\/schema.org\",\"@graph\":[{\"@type\":\"WebPage\",\"@id\":\"https:\/\/dreamfilters.de\/pl\/produkt\/bateria-wylewka\/\",\"url\":\"https:\/\/dreamfilters.de\/pl\/produkt\/bateria-wylewka\/\",\"name\":\"Wylewka DreamFilters\u00ae z stali nierdzewnej do czystej wody\",\"isPartOf\":{\"@id\":\"https:\/\/dreamfilters.de\/pl\/#website\"},\"primaryImageOfPage\":{\"@id\":\"https:\/\/dreamfilters.de\/pl\/produkt\/bateria-wylewka\/#primaryimage\"},\"image\":{\"@id\":\"https:\/\/dreamfilters.de\/pl\/produkt\/bateria-wylewka\/#primaryimage\"},\"thumbnailUrl\":\"https:\/\/dreamfilters.de\/wp-content\/uploads\/2021\/12\/DreamFilters_Edelstahlhahn_1.jpeg\",\"datePublished\":\"2021-12-31T16:23:38+00:00\",\"dateModified\":\"2025-01-24T13:57:07+00:00\",\"description\":\"Kran wykonany jest z wysokiej jako\u015bci stali nierdzewnej do system\u00f3w odwr\u00f3conej osmozy, z wbudowanym systemem rewitalizacji wody poprzez wirowanie.\",\"breadcrumb\":{\"@id\":\"https:\/\/dreamfilters.de\/pl\/produkt\/bateria-wylewka\/#breadcrumb\"},\"inLanguage\":\"pl-PL\",\"potentialAction\":[{\"@type\":\"ReadAction\",\"target\":[\"https:\/\/dreamfilters.de\/pl\/produkt\/bateria-wylewka\/\"]}]},{\"@type\":\"ImageObject\",\"inLanguage\":\"pl-PL\",\"@id\":\"https:\/\/dreamfilters.de\/pl\/produkt\/bateria-wylewka\/#primaryimage\",\"url\":\"https:\/\/dreamfilters.de\/wp-content\/uploads\/2021\/12\/DreamFilters_Edelstahlhahn_1.jpeg\",\"contentUrl\":\"https:\/\/dreamfilters.de\/wp-content\/uploads\/2021\/12\/DreamFilters_Edelstahlhahn_1.jpeg\",\"width\":2000,\"height\":2521},{\"@type\":\"BreadcrumbList\",\"@id\":\"https:\/\/dreamfilters.de\/pl\/produkt\/bateria-wylewka\/#breadcrumb\",\"itemListElement\":[{\"@type\":\"ListItem\",\"position\":1,\"name\":\"Strona g\u0142\u00f3wna\",\"item\":\"https:\/\/dreamfilters.de\/pl\/\"},{\"@type\":\"ListItem\",\"position\":2,\"name\":\"Sklep\",\"item\":\"https:\/\/dreamfilters.de\/shop\/\"},{\"@type\":\"ListItem\",\"position\":3,\"name\":\"Wylewka DreamFilters\u00ae z stali nierdzewnej do czystej wody\"}]},{\"@type\":\"WebSite\",\"@id\":\"https:\/\/dreamfilters.de\/pl\/#website\",\"url\":\"https:\/\/dreamfilters.de\/pl\/\",\"name\":\"DreamFilters\u00ae\",\"description\":\"Drink water with pleasure\",\"publisher\":{\"@id\":\"https:\/\/dreamfilters.de\/pl\/#organization\"},\"alternateName\":\"DreamFilters\",\"potentialAction\":[{\"@type\":\"SearchAction\",\"target\":{\"@type\":\"EntryPoint\",\"urlTemplate\":\"https:\/\/dreamfilters.de\/pl\/?s={search_term_string}\"},\"query-input\":{\"@type\":\"PropertyValueSpecification\",\"valueRequired\":true,\"valueName\":\"search_term_string\"}}],\"inLanguage\":\"pl-PL\"},{\"@type\":\"Organization\",\"@id\":\"https:\/\/dreamfilters.de\/pl\/#organization\",\"name\":\"DreamFilters\u00ae\",\"url\":\"https:\/\/dreamfilters.de\/pl\/\",\"logo\":{\"@type\":\"ImageObject\",\"inLanguage\":\"pl-PL\",\"@id\":\"https:\/\/dreamfilters.de\/pl\/#\/schema\/logo\/image\/\",\"url\":\"https:\/\/dreamfilters.de\/wp-content\/uploads\/2022\/12\/dream_filters_logo_black_F_CMYK.png\",\"contentUrl\":\"https:\/\/dreamfilters.de\/wp-content\/uploads\/2022\/12\/dream_filters_logo_black_F_CMYK.png\",\"width\":464,\"height\":588,\"caption\":\"DreamFilters\u00ae\"},\"image\":{\"@id\":\"https:\/\/dreamfilters.de\/pl\/#\/schema\/logo\/image\/\"},\"sameAs\":[\"https:\/\/www.youtube.com\/@dreamfilters6095\"]}]}<\/script>\n<!-- \/ Yoast SEO Premium plugin. -->","yoast_head_json":{"title":"Wylewka DreamFilters\u00ae z stali nierdzewnej do czystej wody","description":"Kran wykonany jest z wysokiej jako\u015bci stali nierdzewnej do system\u00f3w odwr\u00f3conej osmozy, z wbudowanym systemem rewitalizacji wody poprzez wirowanie.","robots":{"index":"index","follow":"follow","max-snippet":"max-snippet:-1","max-image-preview":"max-image-preview:large","max-video-preview":"max-video-preview:-1"},"canonical":"https:\/\/dreamfilters.de\/pl\/produkt\/bateria-wylewka\/","og_locale":"pl_PL","og_type":"article","og_title":"Wylewka DreamFilters\u00ae z stali nierdzewnej do czystej wody","og_description":"Kran wykonany jest z wysokiej jako\u015bci stali nierdzewnej do system\u00f3w odwr\u00f3conej osmozy, z wbudowanym systemem rewitalizacji wody poprzez wirowanie.","og_url":"https:\/\/dreamfilters.de\/pl\/produkt\/bateria-wylewka\/","og_site_name":"DreamFilters","article_modified_time":"2025-01-24T13:57:07+00:00","og_image":[{"width":2000,"height":2521,"url":"https:\/\/dreamfilters.de\/wp-content\/uploads\/2021\/12\/DreamFilters_Edelstahlhahn_1.jpeg","type":"image\/jpeg"}],"twitter_card":"summary_large_image","twitter_misc":{"Szacowany czas czytania":"1 minuta"},"schema":{"@context":"https:\/\/schema.org","@graph":[{"@type":"WebPage","@id":"https:\/\/dreamfilters.de\/pl\/produkt\/bateria-wylewka\/","url":"https:\/\/dreamfilters.de\/pl\/produkt\/bateria-wylewka\/","name":"Wylewka DreamFilters\u00ae z stali nierdzewnej do czystej wody","isPartOf":{"@id":"https:\/\/dreamfilters.de\/pl\/#website"},"primaryImageOfPage":{"@id":"https:\/\/dreamfilters.de\/pl\/produkt\/bateria-wylewka\/#primaryimage"},"image":{"@id":"https:\/\/dreamfilters.de\/pl\/produkt\/bateria-wylewka\/#primaryimage"},"thumbnailUrl":"https:\/\/dreamfilters.de\/wp-content\/uploads\/2021\/12\/DreamFilters_Edelstahlhahn_1.jpeg","datePublished":"2021-12-31T16:23:38+00:00","dateModified":"2025-01-24T13:57:07+00:00","description":"Kran wykonany jest z wysokiej jako\u015bci stali nierdzewnej do system\u00f3w odwr\u00f3conej osmozy, z wbudowanym systemem rewitalizacji wody poprzez wirowanie.","breadcrumb":{"@id":"https:\/\/dreamfilters.de\/pl\/produkt\/bateria-wylewka\/#breadcrumb"},"inLanguage":"pl-PL","potentialAction":[{"@type":"ReadAction","target":["https:\/\/dreamfilters.de\/pl\/produkt\/bateria-wylewka\/"]}]},{"@type":"ImageObject","inLanguage":"pl-PL","@id":"https:\/\/dreamfilters.de\/pl\/produkt\/bateria-wylewka\/#primaryimage","url":"https:\/\/dreamfilters.de\/wp-content\/uploads\/2021\/12\/DreamFilters_Edelstahlhahn_1.jpeg","contentUrl":"https:\/\/dreamfilters.de\/wp-content\/uploads\/2021\/12\/DreamFilters_Edelstahlhahn_1.jpeg","width":2000,"height":2521},{"@type":"BreadcrumbList","@id":"https:\/\/dreamfilters.de\/pl\/produkt\/bateria-wylewka\/#breadcrumb","itemListElement":[{"@type":"ListItem","position":1,"name":"Strona g\u0142\u00f3wna","item":"https:\/\/dreamfilters.de\/pl\/"},{"@type":"ListItem","position":2,"name":"Sklep","item":"https:\/\/dreamfilters.de\/shop\/"},{"@type":"ListItem","position":3,"name":"Wylewka DreamFilters\u00ae z stali nierdzewnej do czystej wody"}]},{"@type":"WebSite","@id":"https:\/\/dreamfilters.de\/pl\/#website","url":"https:\/\/dreamfilters.de\/pl\/","name":"DreamFilters\u00ae","description":"Drink water with pleasure","publisher":{"@id":"https:\/\/dreamfilters.de\/pl\/#organization"},"alternateName":"DreamFilters","potentialAction":[{"@type":"SearchAction","target":{"@type":"EntryPoint","urlTemplate":"https:\/\/dreamfilters.de\/pl\/?s={search_term_string}"},"query-input":{"@type":"PropertyValueSpecification","valueRequired":true,"valueName":"search_term_string"}}],"inLanguage":"pl-PL"},{"@type":"Organization","@id":"https:\/\/dreamfilters.de\/pl\/#organization","name":"DreamFilters\u00ae","url":"https:\/\/dreamfilters.de\/pl\/","logo":{"@type":"ImageObject","inLanguage":"pl-PL","@id":"https:\/\/dreamfilters.de\/pl\/#\/schema\/logo\/image\/","url":"https:\/\/dreamfilters.de\/wp-content\/uploads\/2022\/12\/dream_filters_logo_black_F_CMYK.png","contentUrl":"https:\/\/dreamfilters.de\/wp-content\/uploads\/2022\/12\/dream_filters_logo_black_F_CMYK.png","width":464,"height":588,"caption":"DreamFilters\u00ae"},"image":{"@id":"https:\/\/dreamfilters.de\/pl\/#\/schema\/logo\/image\/"},"sameAs":["https:\/\/www.youtube.com\/@dreamfilters6095"]}]}},"_links":{"self":[{"href":"https:\/\/dreamfilters.de\/pl\/wp-json\/wp\/v2\/product\/375","targetHints":{"allow":["GET"]}}],"collection":[{"href":"https:\/\/dreamfilters.de\/pl\/wp-json\/wp\/v2\/product"}],"about":[{"href":"https:\/\/dreamfilters.de\/pl\/wp-json\/wp\/v2\/types\/product"}],"wp:featuredmedia":[{"embeddable":true,"href":"https:\/\/dreamfilters.de\/pl\/wp-json\/wp\/v2\/media\/3512"}],"wp:attachment":[{"href":"https:\/\/dreamfilters.de\/pl\/wp-json\/wp\/v2\/media?parent=375"}],"wp:term":[{"taxonomy":"product_brand","embeddable":true,"href":"https:\/\/dreamfilters.de\/pl\/wp-json\/wp\/v2\/product_brand?post=375"},{"taxonomy":"product_cat","embeddable":true,"href":"https:\/\/dreamfilters.de\/pl\/wp-json\/wp\/v2\/product_cat?post=375"},{"taxonomy":"product_tag","embeddable":true,"href":"https:\/\/dreamfilters.de\/pl\/wp-json\/wp\/v2\/product_tag?post=375"}],"curies":[{"name":"wp","href":"https:\/\/api.w.org\/{rel}","templated":true}]}}