{"id":3742,"date":"2022-06-11T07:13:42","date_gmt":"2022-06-11T05:13:42","guid":{"rendered":"https:\/\/dreamfilters.de\/?post_type=product&#038;p=3742"},"modified":"2025-02-13T16:24:07","modified_gmt":"2025-02-13T15:24:07","slug":"dystrybutor-wody-pearlmax-5-cornelius","status":"publish","type":"product","link":"https:\/\/dreamfilters.de\/pl\/produkt\/dystrybutor-wody-pearlmax-5-cornelius\/","title":{"rendered":"Dystrybutor wody PearlMax 5 z lamp\u0105 UV-C"},"content":{"rendered":"<p>PearlMax 5 to wydajny, wolnostoj\u0105cy dystrybutor wody, kt\u00f3ry dostarcza sch\u0142odzon\u0105 wod\u0119 niegazowan\u0105, \u015bredni\u0105 lub gazowan\u0105. Przeznaczony dla maksymalnie 100 os\u00f3b.<\/p>\n\n    <div class=\"xs_social_share_widget xs_share_url after_content \t\tmain_content  wslu-style-1 wslu-share-box-shaped wslu-fill-colored wslu-none wslu-share-horizontal wslu-theme-font-no wslu-main_content\">\n\n\t\t\n        <ul>\n\t\t\t        <\/ul>\n    <\/div> \n","protected":false},"excerpt":{"rendered":"<p>[sep] sch\u0142odzona woda gazowana [sep] sch\u0142odzona woda \u015brednio gazowana<br \/>\n[sep] sch\u0142odzona woda niegazowana<\/p>\n","protected":false},"featured_media":3753,"template":"","meta":{"_acf_changed":false},"product_brand":[],"product_cat":[115],"product_tag":[],"class_list":{"0":"post-3742","1":"product","2":"type-product","3":"status-publish","4":"has-post-thumbnail","6":"product_cat-dystrybutory-wody","7":"product_shipping_class-spedycja","9":"first","10":"instock","11":"taxable","12":"shipping-taxable","13":"purchasable","14":"product-type-simple"},"acf":[],"yoast_head":"<!-- This site is optimized with the Yoast SEO Premium plugin v25.2 (Yoast SEO v27.1.1) - https:\/\/yoast.com\/product\/yoast-seo-premium-wordpress\/ -->\n<title>Dystrybutor wody PearlMax 5 z lamp\u0105 UV-C DreamFilters\u00ae<\/title>\n<meta name=\"description\" content=\"PearlMax 5 do dystrybutora wody, kt\u00f3ry dostarcza s\u0142odzon\u0105 wod\u0119 niegazowan\u0105, \u015bredniogazowan\u0105 lub mocno gazowan\u0105.\" \/>\n<meta name=\"robots\" content=\"index, follow, max-snippet:-1, max-image-preview:large, max-video-preview:-1\" \/>\n<link rel=\"canonical\" href=\"https:\/\/dreamfilters.de\/pl\/produkt\/dystrybutor-wody-pearlmax-5-cornelius\/\" \/>\n<meta property=\"og:locale\" content=\"pl_PL\" \/>\n<meta property=\"og:type\" content=\"article\" \/>\n<meta property=\"og:title\" content=\"Dystrybutor wody PearlMax 5 z lamp\u0105 UV-C\" \/>\n<meta property=\"og:description\" content=\"PearlMax 5 do dystrybutora wody, kt\u00f3ry dostarcza s\u0142odzon\u0105 wod\u0119 niegazowan\u0105, \u015bredniogazowan\u0105 lub mocno gazowan\u0105.\" \/>\n<meta property=\"og:url\" content=\"https:\/\/dreamfilters.de\/pl\/produkt\/dystrybutor-wody-pearlmax-5-cornelius\/\" \/>\n<meta property=\"og:site_name\" content=\"DreamFilters\" \/>\n<meta property=\"article:modified_time\" content=\"2025-02-13T15:24:07+00:00\" \/>\n<meta property=\"og:image\" content=\"https:\/\/dreamfilters.de\/wp-content\/uploads\/2022\/06\/PearlMax-5-Wasserspender-scaled.jpeg\" \/>\n\t<meta property=\"og:image:width\" content=\"2560\" \/>\n\t<meta property=\"og:image:height\" content=\"2560\" \/>\n\t<meta property=\"og:image:type\" content=\"image\/jpeg\" \/>\n<meta name=\"twitter:card\" content=\"summary_large_image\" \/>\n<meta name=\"twitter:label1\" content=\"Szacowany czas czytania\" \/>\n\t<meta name=\"twitter:data1\" content=\"1 minuta\" \/>\n<script type=\"application\/ld+json\" class=\"yoast-schema-graph\">{\"@context\":\"https:\/\/schema.org\",\"@graph\":[{\"@type\":\"WebPage\",\"@id\":\"https:\/\/dreamfilters.de\/pl\/produkt\/dystrybutor-wody-pearlmax-5-cornelius\/\",\"url\":\"https:\/\/dreamfilters.de\/pl\/produkt\/dystrybutor-wody-pearlmax-5-cornelius\/\",\"name\":\"Dystrybutor wody PearlMax 5 z lamp\u0105 UV-C DreamFilters\u00ae\",\"isPartOf\":{\"@id\":\"https:\/\/dreamfilters.de\/pl\/#website\"},\"primaryImageOfPage\":{\"@id\":\"https:\/\/dreamfilters.de\/pl\/produkt\/dystrybutor-wody-pearlmax-5-cornelius\/#primaryimage\"},\"image\":{\"@id\":\"https:\/\/dreamfilters.de\/pl\/produkt\/dystrybutor-wody-pearlmax-5-cornelius\/#primaryimage\"},\"thumbnailUrl\":\"https:\/\/dreamfilters.de\/wp-content\/uploads\/2022\/06\/PearlMax-5-Wasserspender-scaled.jpeg\",\"datePublished\":\"2022-06-11T05:13:42+00:00\",\"dateModified\":\"2025-02-13T15:24:07+00:00\",\"description\":\"PearlMax 5 do dystrybutora wody, kt\u00f3ry dostarcza s\u0142odzon\u0105 wod\u0119 niegazowan\u0105, \u015bredniogazowan\u0105 lub mocno gazowan\u0105.\",\"breadcrumb\":{\"@id\":\"https:\/\/dreamfilters.de\/pl\/produkt\/dystrybutor-wody-pearlmax-5-cornelius\/#breadcrumb\"},\"inLanguage\":\"pl-PL\",\"potentialAction\":[{\"@type\":\"ReadAction\",\"target\":[\"https:\/\/dreamfilters.de\/pl\/produkt\/dystrybutor-wody-pearlmax-5-cornelius\/\"]}]},{\"@type\":\"ImageObject\",\"inLanguage\":\"pl-PL\",\"@id\":\"https:\/\/dreamfilters.de\/pl\/produkt\/dystrybutor-wody-pearlmax-5-cornelius\/#primaryimage\",\"url\":\"https:\/\/dreamfilters.de\/wp-content\/uploads\/2022\/06\/PearlMax-5-Wasserspender-scaled.jpeg\",\"contentUrl\":\"https:\/\/dreamfilters.de\/wp-content\/uploads\/2022\/06\/PearlMax-5-Wasserspender-scaled.jpeg\",\"width\":2560,\"height\":2560},{\"@type\":\"BreadcrumbList\",\"@id\":\"https:\/\/dreamfilters.de\/pl\/produkt\/dystrybutor-wody-pearlmax-5-cornelius\/#breadcrumb\",\"itemListElement\":[{\"@type\":\"ListItem\",\"position\":1,\"name\":\"Strona g\u0142\u00f3wna\",\"item\":\"https:\/\/dreamfilters.de\/pl\/\"},{\"@type\":\"ListItem\",\"position\":2,\"name\":\"Sklep\",\"item\":\"https:\/\/dreamfilters.de\/shop\/\"},{\"@type\":\"ListItem\",\"position\":3,\"name\":\"Dystrybutor wody PearlMax 5 z lamp\u0105 UV-C\"}]},{\"@type\":\"WebSite\",\"@id\":\"https:\/\/dreamfilters.de\/pl\/#website\",\"url\":\"https:\/\/dreamfilters.de\/pl\/\",\"name\":\"DreamFilters\u00ae\",\"description\":\"Drink water with pleasure\",\"publisher\":{\"@id\":\"https:\/\/dreamfilters.de\/pl\/#organization\"},\"alternateName\":\"DreamFilters\",\"potentialAction\":[{\"@type\":\"SearchAction\",\"target\":{\"@type\":\"EntryPoint\",\"urlTemplate\":\"https:\/\/dreamfilters.de\/pl\/?s={search_term_string}\"},\"query-input\":{\"@type\":\"PropertyValueSpecification\",\"valueRequired\":true,\"valueName\":\"search_term_string\"}}],\"inLanguage\":\"pl-PL\"},{\"@type\":\"Organization\",\"@id\":\"https:\/\/dreamfilters.de\/pl\/#organization\",\"name\":\"DreamFilters\u00ae\",\"url\":\"https:\/\/dreamfilters.de\/pl\/\",\"logo\":{\"@type\":\"ImageObject\",\"inLanguage\":\"pl-PL\",\"@id\":\"https:\/\/dreamfilters.de\/pl\/#\/schema\/logo\/image\/\",\"url\":\"https:\/\/dreamfilters.de\/wp-content\/uploads\/2022\/12\/dream_filters_logo_black_F_CMYK.png\",\"contentUrl\":\"https:\/\/dreamfilters.de\/wp-content\/uploads\/2022\/12\/dream_filters_logo_black_F_CMYK.png\",\"width\":464,\"height\":588,\"caption\":\"DreamFilters\u00ae\"},\"image\":{\"@id\":\"https:\/\/dreamfilters.de\/pl\/#\/schema\/logo\/image\/\"},\"sameAs\":[\"https:\/\/www.youtube.com\/@dreamfilters6095\"]}]}<\/script>\n<!-- \/ Yoast SEO Premium plugin. -->","yoast_head_json":{"title":"Dystrybutor wody PearlMax 5 z lamp\u0105 UV-C DreamFilters\u00ae","description":"PearlMax 5 do dystrybutora wody, kt\u00f3ry dostarcza s\u0142odzon\u0105 wod\u0119 niegazowan\u0105, \u015bredniogazowan\u0105 lub mocno gazowan\u0105.","robots":{"index":"index","follow":"follow","max-snippet":"max-snippet:-1","max-image-preview":"max-image-preview:large","max-video-preview":"max-video-preview:-1"},"canonical":"https:\/\/dreamfilters.de\/pl\/produkt\/dystrybutor-wody-pearlmax-5-cornelius\/","og_locale":"pl_PL","og_type":"article","og_title":"Dystrybutor wody PearlMax 5 z lamp\u0105 UV-C","og_description":"PearlMax 5 do dystrybutora wody, kt\u00f3ry dostarcza s\u0142odzon\u0105 wod\u0119 niegazowan\u0105, \u015bredniogazowan\u0105 lub mocno gazowan\u0105.","og_url":"https:\/\/dreamfilters.de\/pl\/produkt\/dystrybutor-wody-pearlmax-5-cornelius\/","og_site_name":"DreamFilters","article_modified_time":"2025-02-13T15:24:07+00:00","og_image":[{"width":2560,"height":2560,"url":"https:\/\/dreamfilters.de\/wp-content\/uploads\/2022\/06\/PearlMax-5-Wasserspender-scaled.jpeg","type":"image\/jpeg"}],"twitter_card":"summary_large_image","twitter_misc":{"Szacowany czas czytania":"1 minuta"},"schema":{"@context":"https:\/\/schema.org","@graph":[{"@type":"WebPage","@id":"https:\/\/dreamfilters.de\/pl\/produkt\/dystrybutor-wody-pearlmax-5-cornelius\/","url":"https:\/\/dreamfilters.de\/pl\/produkt\/dystrybutor-wody-pearlmax-5-cornelius\/","name":"Dystrybutor wody PearlMax 5 z lamp\u0105 UV-C DreamFilters\u00ae","isPartOf":{"@id":"https:\/\/dreamfilters.de\/pl\/#website"},"primaryImageOfPage":{"@id":"https:\/\/dreamfilters.de\/pl\/produkt\/dystrybutor-wody-pearlmax-5-cornelius\/#primaryimage"},"image":{"@id":"https:\/\/dreamfilters.de\/pl\/produkt\/dystrybutor-wody-pearlmax-5-cornelius\/#primaryimage"},"thumbnailUrl":"https:\/\/dreamfilters.de\/wp-content\/uploads\/2022\/06\/PearlMax-5-Wasserspender-scaled.jpeg","datePublished":"2022-06-11T05:13:42+00:00","dateModified":"2025-02-13T15:24:07+00:00","description":"PearlMax 5 do dystrybutora wody, kt\u00f3ry dostarcza s\u0142odzon\u0105 wod\u0119 niegazowan\u0105, \u015bredniogazowan\u0105 lub mocno gazowan\u0105.","breadcrumb":{"@id":"https:\/\/dreamfilters.de\/pl\/produkt\/dystrybutor-wody-pearlmax-5-cornelius\/#breadcrumb"},"inLanguage":"pl-PL","potentialAction":[{"@type":"ReadAction","target":["https:\/\/dreamfilters.de\/pl\/produkt\/dystrybutor-wody-pearlmax-5-cornelius\/"]}]},{"@type":"ImageObject","inLanguage":"pl-PL","@id":"https:\/\/dreamfilters.de\/pl\/produkt\/dystrybutor-wody-pearlmax-5-cornelius\/#primaryimage","url":"https:\/\/dreamfilters.de\/wp-content\/uploads\/2022\/06\/PearlMax-5-Wasserspender-scaled.jpeg","contentUrl":"https:\/\/dreamfilters.de\/wp-content\/uploads\/2022\/06\/PearlMax-5-Wasserspender-scaled.jpeg","width":2560,"height":2560},{"@type":"BreadcrumbList","@id":"https:\/\/dreamfilters.de\/pl\/produkt\/dystrybutor-wody-pearlmax-5-cornelius\/#breadcrumb","itemListElement":[{"@type":"ListItem","position":1,"name":"Strona g\u0142\u00f3wna","item":"https:\/\/dreamfilters.de\/pl\/"},{"@type":"ListItem","position":2,"name":"Sklep","item":"https:\/\/dreamfilters.de\/shop\/"},{"@type":"ListItem","position":3,"name":"Dystrybutor wody PearlMax 5 z lamp\u0105 UV-C"}]},{"@type":"WebSite","@id":"https:\/\/dreamfilters.de\/pl\/#website","url":"https:\/\/dreamfilters.de\/pl\/","name":"DreamFilters\u00ae","description":"Drink water with pleasure","publisher":{"@id":"https:\/\/dreamfilters.de\/pl\/#organization"},"alternateName":"DreamFilters","potentialAction":[{"@type":"SearchAction","target":{"@type":"EntryPoint","urlTemplate":"https:\/\/dreamfilters.de\/pl\/?s={search_term_string}"},"query-input":{"@type":"PropertyValueSpecification","valueRequired":true,"valueName":"search_term_string"}}],"inLanguage":"pl-PL"},{"@type":"Organization","@id":"https:\/\/dreamfilters.de\/pl\/#organization","name":"DreamFilters\u00ae","url":"https:\/\/dreamfilters.de\/pl\/","logo":{"@type":"ImageObject","inLanguage":"pl-PL","@id":"https:\/\/dreamfilters.de\/pl\/#\/schema\/logo\/image\/","url":"https:\/\/dreamfilters.de\/wp-content\/uploads\/2022\/12\/dream_filters_logo_black_F_CMYK.png","contentUrl":"https:\/\/dreamfilters.de\/wp-content\/uploads\/2022\/12\/dream_filters_logo_black_F_CMYK.png","width":464,"height":588,"caption":"DreamFilters\u00ae"},"image":{"@id":"https:\/\/dreamfilters.de\/pl\/#\/schema\/logo\/image\/"},"sameAs":["https:\/\/www.youtube.com\/@dreamfilters6095"]}]}},"_links":{"self":[{"href":"https:\/\/dreamfilters.de\/pl\/wp-json\/wp\/v2\/product\/3742","targetHints":{"allow":["GET"]}}],"collection":[{"href":"https:\/\/dreamfilters.de\/pl\/wp-json\/wp\/v2\/product"}],"about":[{"href":"https:\/\/dreamfilters.de\/pl\/wp-json\/wp\/v2\/types\/product"}],"wp:featuredmedia":[{"embeddable":true,"href":"https:\/\/dreamfilters.de\/pl\/wp-json\/wp\/v2\/media\/3753"}],"wp:attachment":[{"href":"https:\/\/dreamfilters.de\/pl\/wp-json\/wp\/v2\/media?parent=3742"}],"wp:term":[{"taxonomy":"product_brand","embeddable":true,"href":"https:\/\/dreamfilters.de\/pl\/wp-json\/wp\/v2\/product_brand?post=3742"},{"taxonomy":"product_cat","embeddable":true,"href":"https:\/\/dreamfilters.de\/pl\/wp-json\/wp\/v2\/product_cat?post=3742"},{"taxonomy":"product_tag","embeddable":true,"href":"https:\/\/dreamfilters.de\/pl\/wp-json\/wp\/v2\/product_tag?post=3742"}],"curies":[{"name":"wp","href":"https:\/\/api.w.org\/{rel}","templated":true}]}}