{"id":346,"date":"2021-12-31T16:06:13","date_gmt":"2021-12-31T15:06:13","guid":{"rendered":"https:\/\/dreamfilters.de\/?post_type=product&#038;p=346"},"modified":"2025-03-25T11:37:10","modified_gmt":"2025-03-25T10:37:10","slug":"aqua-barista","status":"publish","type":"product","link":"https:\/\/dreamfilters.de\/pl\/produkt\/aqua-barista\/","title":{"rendered":"Filtr do wody Aqua Barista"},"content":{"rendered":"\n    <div class=\"xs_social_share_widget xs_share_url after_content \t\tmain_content  wslu-style-1 wslu-share-box-shaped wslu-fill-colored wslu-none wslu-share-horizontal wslu-theme-font-no wslu-main_content\">\n\n\t\t\n        <ul>\n\t\t\t        <\/ul>\n    <\/div> \n","protected":false},"excerpt":{"rendered":"<p>5 Mikron [sep] W\u0119giel aktywny [sep] 1 mikron [sep] Ultrafiltracja + W\u0142\u00f3kno z w\u0119glem aktywnym i jonami srebra [sep] Odwr\u00f3cona osmoza [sep] Energetyzacja wody [sep] Sterylizacja UV<\/p>\n","protected":false},"featured_media":3021,"template":"","meta":{"_acf_changed":false},"product_brand":[],"product_cat":[25,59],"product_tag":[200,194,195,203,197,202,204,201,198,196,199],"class_list":{"0":"post-346","1":"product","2":"type-product","3":"status-publish","4":"has-post-thumbnail","6":"product_cat-filtry-dla-biznesu","7":"product_cat-aqua-barista","8":"product_tag-filtr-do-uzdatniania-wody","9":"product_tag-filtr-do-wody","10":"product_tag-filtr-do-wody-pitnej","11":"product_tag-filtr-do-wody-pod-zlew","12":"product_tag-filtr-podzlewozmywakowy","13":"product_tag-filtr-wody","14":"product_tag-filtr-wody-osmoza","15":"product_tag-filtracja-wody-pitnej","16":"product_tag-odwrocona-osmoza","17":"product_tag-osmoza","18":"product_tag-uzdaczniacz-do-wody","19":"product_shipping_class-spedycja","21":"first","22":"instock","23":"taxable","24":"shipping-taxable","25":"purchasable","26":"product-type-simple"},"acf":[],"yoast_head":"<!-- This site is optimized with the Yoast SEO Premium plugin v25.2 (Yoast SEO v27.1.1) - https:\/\/yoast.com\/product\/yoast-seo-premium-wordpress\/ -->\n<title>Filtr do wody Aqua Barista - DreamFilters<\/title>\n<meta name=\"robots\" content=\"index, follow, max-snippet:-1, max-image-preview:large, max-video-preview:-1\" \/>\n<link rel=\"canonical\" href=\"https:\/\/dreamfilters.de\/pl\/produkt\/aqua-barista\/\" \/>\n<meta property=\"og:locale\" content=\"pl_PL\" \/>\n<meta property=\"og:type\" content=\"article\" \/>\n<meta property=\"og:title\" content=\"Filtr do wody Aqua Barista\" \/>\n<meta property=\"og:description\" content=\"5 Mikron W\u0119giel aktywny 1 mikron Ultrafiltracja + W\u0142\u00f3kno z w\u0119glem aktywnym i jonami srebra Odwr\u00f3cona osmoza Energetyzacja wody Sterylizacja UV\" \/>\n<meta property=\"og:url\" content=\"https:\/\/dreamfilters.de\/pl\/produkt\/aqua-barista\/\" \/>\n<meta property=\"og:site_name\" content=\"DreamFilters\" \/>\n<meta property=\"article:modified_time\" content=\"2025-03-25T10:37:10+00:00\" \/>\n<meta property=\"og:image\" content=\"https:\/\/dreamfilters.de\/wp-content\/uploads\/2021\/12\/Aqua_Barista_DreamFilters-1.jpg\" \/>\n\t<meta property=\"og:image:width\" content=\"1996\" \/>\n\t<meta property=\"og:image:height\" content=\"2006\" \/>\n\t<meta property=\"og:image:type\" content=\"image\/jpeg\" \/>\n<meta name=\"twitter:card\" content=\"summary_large_image\" \/>\n<meta name=\"twitter:label1\" content=\"Szacowany czas czytania\" \/>\n\t<meta name=\"twitter:data1\" content=\"1 minuta\" \/>\n<script type=\"application\/ld+json\" class=\"yoast-schema-graph\">{\"@context\":\"https:\/\/schema.org\",\"@graph\":[{\"@type\":\"WebPage\",\"@id\":\"https:\/\/dreamfilters.de\/pl\/produkt\/aqua-barista\/\",\"url\":\"https:\/\/dreamfilters.de\/pl\/produkt\/aqua-barista\/\",\"name\":\"Filtr do wody Aqua Barista - DreamFilters\",\"isPartOf\":{\"@id\":\"https:\/\/dreamfilters.de\/pl\/#website\"},\"primaryImageOfPage\":{\"@id\":\"https:\/\/dreamfilters.de\/pl\/produkt\/aqua-barista\/#primaryimage\"},\"image\":{\"@id\":\"https:\/\/dreamfilters.de\/pl\/produkt\/aqua-barista\/#primaryimage\"},\"thumbnailUrl\":\"https:\/\/dreamfilters.de\/wp-content\/uploads\/2021\/12\/Aqua_Barista_DreamFilters-1.jpg\",\"datePublished\":\"2021-12-31T15:06:13+00:00\",\"dateModified\":\"2025-03-25T10:37:10+00:00\",\"breadcrumb\":{\"@id\":\"https:\/\/dreamfilters.de\/pl\/produkt\/aqua-barista\/#breadcrumb\"},\"inLanguage\":\"pl-PL\",\"potentialAction\":[{\"@type\":\"ReadAction\",\"target\":[\"https:\/\/dreamfilters.de\/pl\/produkt\/aqua-barista\/\"]}]},{\"@type\":\"ImageObject\",\"inLanguage\":\"pl-PL\",\"@id\":\"https:\/\/dreamfilters.de\/pl\/produkt\/aqua-barista\/#primaryimage\",\"url\":\"https:\/\/dreamfilters.de\/wp-content\/uploads\/2021\/12\/Aqua_Barista_DreamFilters-1.jpg\",\"contentUrl\":\"https:\/\/dreamfilters.de\/wp-content\/uploads\/2021\/12\/Aqua_Barista_DreamFilters-1.jpg\",\"width\":1996,\"height\":2006},{\"@type\":\"BreadcrumbList\",\"@id\":\"https:\/\/dreamfilters.de\/pl\/produkt\/aqua-barista\/#breadcrumb\",\"itemListElement\":[{\"@type\":\"ListItem\",\"position\":1,\"name\":\"Strona g\u0142\u00f3wna\",\"item\":\"https:\/\/dreamfilters.de\/pl\/\"},{\"@type\":\"ListItem\",\"position\":2,\"name\":\"Sklep\",\"item\":\"https:\/\/dreamfilters.de\/shop\/\"},{\"@type\":\"ListItem\",\"position\":3,\"name\":\"Filtr do wody Aqua Barista\"}]},{\"@type\":\"WebSite\",\"@id\":\"https:\/\/dreamfilters.de\/pl\/#website\",\"url\":\"https:\/\/dreamfilters.de\/pl\/\",\"name\":\"DreamFilters\u00ae\",\"description\":\"Drink water with pleasure\",\"publisher\":{\"@id\":\"https:\/\/dreamfilters.de\/pl\/#organization\"},\"alternateName\":\"DreamFilters\",\"potentialAction\":[{\"@type\":\"SearchAction\",\"target\":{\"@type\":\"EntryPoint\",\"urlTemplate\":\"https:\/\/dreamfilters.de\/pl\/?s={search_term_string}\"},\"query-input\":{\"@type\":\"PropertyValueSpecification\",\"valueRequired\":true,\"valueName\":\"search_term_string\"}}],\"inLanguage\":\"pl-PL\"},{\"@type\":\"Organization\",\"@id\":\"https:\/\/dreamfilters.de\/pl\/#organization\",\"name\":\"DreamFilters\u00ae\",\"url\":\"https:\/\/dreamfilters.de\/pl\/\",\"logo\":{\"@type\":\"ImageObject\",\"inLanguage\":\"pl-PL\",\"@id\":\"https:\/\/dreamfilters.de\/pl\/#\/schema\/logo\/image\/\",\"url\":\"https:\/\/dreamfilters.de\/wp-content\/uploads\/2022\/12\/dream_filters_logo_black_F_CMYK.png\",\"contentUrl\":\"https:\/\/dreamfilters.de\/wp-content\/uploads\/2022\/12\/dream_filters_logo_black_F_CMYK.png\",\"width\":464,\"height\":588,\"caption\":\"DreamFilters\u00ae\"},\"image\":{\"@id\":\"https:\/\/dreamfilters.de\/pl\/#\/schema\/logo\/image\/\"},\"sameAs\":[\"https:\/\/www.youtube.com\/@dreamfilters6095\"]}]}<\/script>\n<!-- \/ Yoast SEO Premium plugin. -->","yoast_head_json":{"title":"Filtr do wody Aqua Barista - DreamFilters","robots":{"index":"index","follow":"follow","max-snippet":"max-snippet:-1","max-image-preview":"max-image-preview:large","max-video-preview":"max-video-preview:-1"},"canonical":"https:\/\/dreamfilters.de\/pl\/produkt\/aqua-barista\/","og_locale":"pl_PL","og_type":"article","og_title":"Filtr do wody Aqua Barista","og_description":"5 Mikron W\u0119giel aktywny 1 mikron Ultrafiltracja + W\u0142\u00f3kno z w\u0119glem aktywnym i jonami srebra Odwr\u00f3cona osmoza Energetyzacja wody Sterylizacja UV","og_url":"https:\/\/dreamfilters.de\/pl\/produkt\/aqua-barista\/","og_site_name":"DreamFilters","article_modified_time":"2025-03-25T10:37:10+00:00","og_image":[{"width":1996,"height":2006,"url":"https:\/\/dreamfilters.de\/wp-content\/uploads\/2021\/12\/Aqua_Barista_DreamFilters-1.jpg","type":"image\/jpeg"}],"twitter_card":"summary_large_image","twitter_misc":{"Szacowany czas czytania":"1 minuta"},"schema":{"@context":"https:\/\/schema.org","@graph":[{"@type":"WebPage","@id":"https:\/\/dreamfilters.de\/pl\/produkt\/aqua-barista\/","url":"https:\/\/dreamfilters.de\/pl\/produkt\/aqua-barista\/","name":"Filtr do wody Aqua Barista - DreamFilters","isPartOf":{"@id":"https:\/\/dreamfilters.de\/pl\/#website"},"primaryImageOfPage":{"@id":"https:\/\/dreamfilters.de\/pl\/produkt\/aqua-barista\/#primaryimage"},"image":{"@id":"https:\/\/dreamfilters.de\/pl\/produkt\/aqua-barista\/#primaryimage"},"thumbnailUrl":"https:\/\/dreamfilters.de\/wp-content\/uploads\/2021\/12\/Aqua_Barista_DreamFilters-1.jpg","datePublished":"2021-12-31T15:06:13+00:00","dateModified":"2025-03-25T10:37:10+00:00","breadcrumb":{"@id":"https:\/\/dreamfilters.de\/pl\/produkt\/aqua-barista\/#breadcrumb"},"inLanguage":"pl-PL","potentialAction":[{"@type":"ReadAction","target":["https:\/\/dreamfilters.de\/pl\/produkt\/aqua-barista\/"]}]},{"@type":"ImageObject","inLanguage":"pl-PL","@id":"https:\/\/dreamfilters.de\/pl\/produkt\/aqua-barista\/#primaryimage","url":"https:\/\/dreamfilters.de\/wp-content\/uploads\/2021\/12\/Aqua_Barista_DreamFilters-1.jpg","contentUrl":"https:\/\/dreamfilters.de\/wp-content\/uploads\/2021\/12\/Aqua_Barista_DreamFilters-1.jpg","width":1996,"height":2006},{"@type":"BreadcrumbList","@id":"https:\/\/dreamfilters.de\/pl\/produkt\/aqua-barista\/#breadcrumb","itemListElement":[{"@type":"ListItem","position":1,"name":"Strona g\u0142\u00f3wna","item":"https:\/\/dreamfilters.de\/pl\/"},{"@type":"ListItem","position":2,"name":"Sklep","item":"https:\/\/dreamfilters.de\/shop\/"},{"@type":"ListItem","position":3,"name":"Filtr do wody Aqua Barista"}]},{"@type":"WebSite","@id":"https:\/\/dreamfilters.de\/pl\/#website","url":"https:\/\/dreamfilters.de\/pl\/","name":"DreamFilters\u00ae","description":"Drink water with pleasure","publisher":{"@id":"https:\/\/dreamfilters.de\/pl\/#organization"},"alternateName":"DreamFilters","potentialAction":[{"@type":"SearchAction","target":{"@type":"EntryPoint","urlTemplate":"https:\/\/dreamfilters.de\/pl\/?s={search_term_string}"},"query-input":{"@type":"PropertyValueSpecification","valueRequired":true,"valueName":"search_term_string"}}],"inLanguage":"pl-PL"},{"@type":"Organization","@id":"https:\/\/dreamfilters.de\/pl\/#organization","name":"DreamFilters\u00ae","url":"https:\/\/dreamfilters.de\/pl\/","logo":{"@type":"ImageObject","inLanguage":"pl-PL","@id":"https:\/\/dreamfilters.de\/pl\/#\/schema\/logo\/image\/","url":"https:\/\/dreamfilters.de\/wp-content\/uploads\/2022\/12\/dream_filters_logo_black_F_CMYK.png","contentUrl":"https:\/\/dreamfilters.de\/wp-content\/uploads\/2022\/12\/dream_filters_logo_black_F_CMYK.png","width":464,"height":588,"caption":"DreamFilters\u00ae"},"image":{"@id":"https:\/\/dreamfilters.de\/pl\/#\/schema\/logo\/image\/"},"sameAs":["https:\/\/www.youtube.com\/@dreamfilters6095"]}]}},"_links":{"self":[{"href":"https:\/\/dreamfilters.de\/pl\/wp-json\/wp\/v2\/product\/346","targetHints":{"allow":["GET"]}}],"collection":[{"href":"https:\/\/dreamfilters.de\/pl\/wp-json\/wp\/v2\/product"}],"about":[{"href":"https:\/\/dreamfilters.de\/pl\/wp-json\/wp\/v2\/types\/product"}],"wp:featuredmedia":[{"embeddable":true,"href":"https:\/\/dreamfilters.de\/pl\/wp-json\/wp\/v2\/media\/3021"}],"wp:attachment":[{"href":"https:\/\/dreamfilters.de\/pl\/wp-json\/wp\/v2\/media?parent=346"}],"wp:term":[{"taxonomy":"product_brand","embeddable":true,"href":"https:\/\/dreamfilters.de\/pl\/wp-json\/wp\/v2\/product_brand?post=346"},{"taxonomy":"product_cat","embeddable":true,"href":"https:\/\/dreamfilters.de\/pl\/wp-json\/wp\/v2\/product_cat?post=346"},{"taxonomy":"product_tag","embeddable":true,"href":"https:\/\/dreamfilters.de\/pl\/wp-json\/wp\/v2\/product_tag?post=346"}],"curies":[{"name":"wp","href":"https:\/\/api.w.org\/{rel}","templated":true}]}}