{"id":10626,"date":"2026-04-21T23:26:00","date_gmt":"2026-04-21T21:26:00","guid":{"rendered":"https:\/\/dreamfilters.de\/?post_type=product&#038;p=10626"},"modified":"2026-04-26T13:31:38","modified_gmt":"2026-04-26T11:31:38","slug":"modul-led-uvc-12-24v-dezynfekcja-wody-do-kamperow-i-systemow-filtracji-2","status":"publish","type":"product","link":"https:\/\/dreamfilters.de\/pl\/produkt\/modul-led-uvc-12-24v-dezynfekcja-wody-do-kamperow-i-systemow-filtracji-2\/","title":{"rendered":"Modu\u0142 LED-UVC 12\/24V.<br>Dezynfekcja wody do kamper\u00f3w i food trackow. 15L\/Min."},"content":{"rendered":"<p>Modu\u0142 LED-UVC <span class=\"hover:entity-accent entity-underline inline cursor-pointer align-baseline\"><span class=\"whitespace-normal\">DreamFilters<\/span><\/span>\u00ae zosta\u0142 opracowany do dezynfekcji wody i idealnie nadaje si\u0119 do instalacji w kamperach, vanach kempingowych lub food truckach. Zwi\u0119kszony przep\u0142yw do 15 litr\u00f3w na minut\u0119.<\/p>\n\n    <div class=\"xs_social_share_widget xs_share_url after_content \t\tmain_content  wslu-style-1 wslu-share-box-shaped wslu-fill-colored wslu-none wslu-share-horizontal wslu-theme-font-no wslu-main_content\">\n\n\t\t\n        <ul>\n\t\t\t        <\/ul>\n    <\/div> \n","protected":false},"excerpt":{"rendered":"<p>[sep] Niezawodna ochrona przed zarazkami \u2013 idealny do kamper\u00f3w [sep]<br \/>\n[sep] \u0141atwa instalacja [sep] Ma\u0142y rozmiar [sep]<br \/>\n[sep] Szybkoz\u0142\u0105cza JG do w\u0119\u017cy 1\/2&#8243; (12,70 mm) [sep]<br \/>\n[sep] Modu\u0142 UVC-LED z automatycznym wykrywaniem przep\u0142ywu wody [sep]<br \/>\n[sep] Ekologiczny, wolny od rt\u0119ci [sep]<br \/>\n[sep] Idealny jako ostatni etap filtracji [sep]<\/p>\n","protected":false},"featured_media":10673,"template":"","meta":{"_acf_changed":false},"product_brand":[],"product_cat":[299,22,23,294,29,30],"product_tag":[],"class_list":{"0":"post-10626","1":"product","2":"type-product","3":"status-publish","4":"has-post-thumbnail","6":"product_cat-aqua-flow-duo-pl","7":"product_cat-czesci-wymienne","8":"product_cat-inne","9":"product_cat-aqua-flow-duo-led-uv-c","10":"product_cat-czesci-wymienne-do-biur-i-gastronomii","11":"product_cat-inne-do-biur-i-gastronomii","12":"product_shipping_class-paczka-s","14":"first","15":"instock","16":"taxable","17":"shipping-taxable","18":"purchasable","19":"product-type-simple"},"acf":[],"yoast_head":"<!-- This site is optimized with the Yoast SEO Premium plugin v25.2 (Yoast SEO v27.5) - https:\/\/yoast.com\/product\/yoast-seo-premium-wordpress\/ -->\n<title>Modu\u0142 do dezynfekcji wody LED-UVC 12\/24V dla kamper\u00f3w i filtr\u00f3w do wody.<\/title>\n<meta name=\"description\" content=\"Kompaktowy modu\u0142 LED-UVC do bezpiecznej, wolnej od drobnoustroj\u00f3w wody \u2013 idealny do kamper\u00f3w \u2013 Zwi\u0119kszony przep\u0142yw do 15 litr\u00f3w na minut\u0119.\" \/>\n<meta name=\"robots\" content=\"index, follow, max-snippet:-1, max-image-preview:large, max-video-preview:-1\" \/>\n<link rel=\"canonical\" href=\"https:\/\/dreamfilters.de\/pl\/produkt\/modul-led-uvc-12-24v-dezynfekcja-wody-do-kamperow-i-systemow-filtracji-2\/\" \/>\n<meta property=\"og:locale\" content=\"pl_PL\" \/>\n<meta property=\"og:type\" content=\"article\" \/>\n<meta property=\"og:title\" content=\"Modu\u0142 LED-UVC 12\/24V.Dezynfekcja wody do kamper\u00f3w i food trackow. 15L\/Min.\" \/>\n<meta property=\"og:description\" content=\"Kompaktowy modu\u0142 LED-UVC do bezpiecznej, wolnej od drobnoustroj\u00f3w wody \u2013 idealny do kamper\u00f3w \u2013 Zwi\u0119kszony przep\u0142yw do 15 litr\u00f3w na minut\u0119.\" \/>\n<meta property=\"og:url\" content=\"https:\/\/dreamfilters.de\/pl\/produkt\/modul-led-uvc-12-24v-dezynfekcja-wody-do-kamperow-i-systemow-filtracji-2\/\" \/>\n<meta property=\"og:site_name\" content=\"DreamFilters\" \/>\n<meta property=\"article:modified_time\" content=\"2026-04-26T11:31:38+00:00\" \/>\n<meta property=\"og:image\" content=\"https:\/\/dreamfilters.de\/wp-content\/uploads\/2026\/04\/led-uvc-15l-dreamfilters-camper.jpg\" \/>\n\t<meta property=\"og:image:width\" content=\"2500\" \/>\n\t<meta property=\"og:image:height\" content=\"2500\" \/>\n\t<meta property=\"og:image:type\" content=\"image\/jpeg\" \/>\n<meta name=\"twitter:card\" content=\"summary_large_image\" \/>\n<meta name=\"twitter:label1\" content=\"Szacowany czas czytania\" \/>\n\t<meta name=\"twitter:data1\" content=\"1 minuta\" \/>\n<script type=\"application\/ld+json\" class=\"yoast-schema-graph\">{\"@context\":\"https:\\\/\\\/schema.org\",\"@graph\":[{\"@type\":\"WebPage\",\"@id\":\"https:\\\/\\\/dreamfilters.de\\\/pl\\\/produkt\\\/modul-led-uvc-12-24v-dezynfekcja-wody-do-kamperow-i-systemow-filtracji-2\\\/\",\"url\":\"https:\\\/\\\/dreamfilters.de\\\/pl\\\/produkt\\\/modul-led-uvc-12-24v-dezynfekcja-wody-do-kamperow-i-systemow-filtracji-2\\\/\",\"name\":\"Modu\u0142 do dezynfekcji wody LED-UVC 12\\\/24V dla kamper\u00f3w i filtr\u00f3w do wody.\",\"isPartOf\":{\"@id\":\"https:\\\/\\\/dreamfilters.de\\\/pl\\\/#website\"},\"primaryImageOfPage\":{\"@id\":\"https:\\\/\\\/dreamfilters.de\\\/pl\\\/produkt\\\/modul-led-uvc-12-24v-dezynfekcja-wody-do-kamperow-i-systemow-filtracji-2\\\/#primaryimage\"},\"image\":{\"@id\":\"https:\\\/\\\/dreamfilters.de\\\/pl\\\/produkt\\\/modul-led-uvc-12-24v-dezynfekcja-wody-do-kamperow-i-systemow-filtracji-2\\\/#primaryimage\"},\"thumbnailUrl\":\"https:\\\/\\\/dreamfilters.de\\\/wp-content\\\/uploads\\\/2026\\\/04\\\/led-uvc-15l-dreamfilters-camper.jpg\",\"datePublished\":\"2026-04-21T21:26:00+00:00\",\"dateModified\":\"2026-04-26T11:31:38+00:00\",\"description\":\"Kompaktowy modu\u0142 LED-UVC do bezpiecznej, wolnej od drobnoustroj\u00f3w wody \u2013 idealny do kamper\u00f3w \u2013 Zwi\u0119kszony przep\u0142yw do 15 litr\u00f3w na minut\u0119.\",\"breadcrumb\":{\"@id\":\"https:\\\/\\\/dreamfilters.de\\\/pl\\\/produkt\\\/modul-led-uvc-12-24v-dezynfekcja-wody-do-kamperow-i-systemow-filtracji-2\\\/#breadcrumb\"},\"inLanguage\":\"pl-PL\",\"potentialAction\":[{\"@type\":\"ReadAction\",\"target\":[\"https:\\\/\\\/dreamfilters.de\\\/pl\\\/produkt\\\/modul-led-uvc-12-24v-dezynfekcja-wody-do-kamperow-i-systemow-filtracji-2\\\/\"]}]},{\"@type\":\"ImageObject\",\"inLanguage\":\"pl-PL\",\"@id\":\"https:\\\/\\\/dreamfilters.de\\\/pl\\\/produkt\\\/modul-led-uvc-12-24v-dezynfekcja-wody-do-kamperow-i-systemow-filtracji-2\\\/#primaryimage\",\"url\":\"https:\\\/\\\/dreamfilters.de\\\/wp-content\\\/uploads\\\/2026\\\/04\\\/led-uvc-15l-dreamfilters-camper.jpg\",\"contentUrl\":\"https:\\\/\\\/dreamfilters.de\\\/wp-content\\\/uploads\\\/2026\\\/04\\\/led-uvc-15l-dreamfilters-camper.jpg\",\"width\":2500,\"height\":2500,\"caption\":\"LED-UV-C Desinfektionsger\u00e4t f\u00fcr Wohnmobile 15L\\\/Min.\"},{\"@type\":\"BreadcrumbList\",\"@id\":\"https:\\\/\\\/dreamfilters.de\\\/pl\\\/produkt\\\/modul-led-uvc-12-24v-dezynfekcja-wody-do-kamperow-i-systemow-filtracji-2\\\/#breadcrumb\",\"itemListElement\":[{\"@type\":\"ListItem\",\"position\":1,\"name\":\"Strona g\u0142\u00f3wna\",\"item\":\"https:\\\/\\\/dreamfilters.de\\\/pl\\\/\"},{\"@type\":\"ListItem\",\"position\":2,\"name\":\"Sklep\",\"item\":\"https:\\\/\\\/dreamfilters.de\\\/shop\\\/\"},{\"@type\":\"ListItem\",\"position\":3,\"name\":\"Modu\u0142 LED-UVC 12\\\/24V.Dezynfekcja wody do kamper\u00f3w i food trackow. 15L\\\/Min.\"}]},{\"@type\":\"WebSite\",\"@id\":\"https:\\\/\\\/dreamfilters.de\\\/pl\\\/#website\",\"url\":\"https:\\\/\\\/dreamfilters.de\\\/pl\\\/\",\"name\":\"DreamFilters\u00ae\",\"description\":\"Drink water with pleasure\",\"publisher\":{\"@id\":\"https:\\\/\\\/dreamfilters.de\\\/pl\\\/#organization\"},\"alternateName\":\"DreamFilters\",\"potentialAction\":[{\"@type\":\"SearchAction\",\"target\":{\"@type\":\"EntryPoint\",\"urlTemplate\":\"https:\\\/\\\/dreamfilters.de\\\/pl\\\/?s={search_term_string}\"},\"query-input\":{\"@type\":\"PropertyValueSpecification\",\"valueRequired\":true,\"valueName\":\"search_term_string\"}}],\"inLanguage\":\"pl-PL\"},{\"@type\":\"Organization\",\"@id\":\"https:\\\/\\\/dreamfilters.de\\\/pl\\\/#organization\",\"name\":\"DreamFilters\u00ae\",\"url\":\"https:\\\/\\\/dreamfilters.de\\\/pl\\\/\",\"logo\":{\"@type\":\"ImageObject\",\"inLanguage\":\"pl-PL\",\"@id\":\"https:\\\/\\\/dreamfilters.de\\\/pl\\\/#\\\/schema\\\/logo\\\/image\\\/\",\"url\":\"https:\\\/\\\/dreamfilters.de\\\/wp-content\\\/uploads\\\/2022\\\/12\\\/dream_filters_logo_black_F_CMYK.png\",\"contentUrl\":\"https:\\\/\\\/dreamfilters.de\\\/wp-content\\\/uploads\\\/2022\\\/12\\\/dream_filters_logo_black_F_CMYK.png\",\"width\":464,\"height\":588,\"caption\":\"DreamFilters\u00ae\"},\"image\":{\"@id\":\"https:\\\/\\\/dreamfilters.de\\\/pl\\\/#\\\/schema\\\/logo\\\/image\\\/\"},\"sameAs\":[\"https:\\\/\\\/www.youtube.com\\\/@dreamfilters6095\"]}]}<\/script>\n<!-- \/ Yoast SEO Premium plugin. -->","yoast_head_json":{"title":"Modu\u0142 do dezynfekcji wody LED-UVC 12\/24V dla kamper\u00f3w i filtr\u00f3w do wody.","description":"Kompaktowy modu\u0142 LED-UVC do bezpiecznej, wolnej od drobnoustroj\u00f3w wody \u2013 idealny do kamper\u00f3w \u2013 Zwi\u0119kszony przep\u0142yw do 15 litr\u00f3w na minut\u0119.","robots":{"index":"index","follow":"follow","max-snippet":"max-snippet:-1","max-image-preview":"max-image-preview:large","max-video-preview":"max-video-preview:-1"},"canonical":"https:\/\/dreamfilters.de\/pl\/produkt\/modul-led-uvc-12-24v-dezynfekcja-wody-do-kamperow-i-systemow-filtracji-2\/","og_locale":"pl_PL","og_type":"article","og_title":"Modu\u0142 LED-UVC 12\/24V.Dezynfekcja wody do kamper\u00f3w i food trackow. 15L\/Min.","og_description":"Kompaktowy modu\u0142 LED-UVC do bezpiecznej, wolnej od drobnoustroj\u00f3w wody \u2013 idealny do kamper\u00f3w \u2013 Zwi\u0119kszony przep\u0142yw do 15 litr\u00f3w na minut\u0119.","og_url":"https:\/\/dreamfilters.de\/pl\/produkt\/modul-led-uvc-12-24v-dezynfekcja-wody-do-kamperow-i-systemow-filtracji-2\/","og_site_name":"DreamFilters","article_modified_time":"2026-04-26T11:31:38+00:00","og_image":[{"width":2500,"height":2500,"url":"https:\/\/dreamfilters.de\/wp-content\/uploads\/2026\/04\/led-uvc-15l-dreamfilters-camper.jpg","type":"image\/jpeg"}],"twitter_card":"summary_large_image","twitter_misc":{"Szacowany czas czytania":"1 minuta"},"schema":{"@context":"https:\/\/schema.org","@graph":[{"@type":"WebPage","@id":"https:\/\/dreamfilters.de\/pl\/produkt\/modul-led-uvc-12-24v-dezynfekcja-wody-do-kamperow-i-systemow-filtracji-2\/","url":"https:\/\/dreamfilters.de\/pl\/produkt\/modul-led-uvc-12-24v-dezynfekcja-wody-do-kamperow-i-systemow-filtracji-2\/","name":"Modu\u0142 do dezynfekcji wody LED-UVC 12\/24V dla kamper\u00f3w i filtr\u00f3w do wody.","isPartOf":{"@id":"https:\/\/dreamfilters.de\/pl\/#website"},"primaryImageOfPage":{"@id":"https:\/\/dreamfilters.de\/pl\/produkt\/modul-led-uvc-12-24v-dezynfekcja-wody-do-kamperow-i-systemow-filtracji-2\/#primaryimage"},"image":{"@id":"https:\/\/dreamfilters.de\/pl\/produkt\/modul-led-uvc-12-24v-dezynfekcja-wody-do-kamperow-i-systemow-filtracji-2\/#primaryimage"},"thumbnailUrl":"https:\/\/dreamfilters.de\/wp-content\/uploads\/2026\/04\/led-uvc-15l-dreamfilters-camper.jpg","datePublished":"2026-04-21T21:26:00+00:00","dateModified":"2026-04-26T11:31:38+00:00","description":"Kompaktowy modu\u0142 LED-UVC do bezpiecznej, wolnej od drobnoustroj\u00f3w wody \u2013 idealny do kamper\u00f3w \u2013 Zwi\u0119kszony przep\u0142yw do 15 litr\u00f3w na minut\u0119.","breadcrumb":{"@id":"https:\/\/dreamfilters.de\/pl\/produkt\/modul-led-uvc-12-24v-dezynfekcja-wody-do-kamperow-i-systemow-filtracji-2\/#breadcrumb"},"inLanguage":"pl-PL","potentialAction":[{"@type":"ReadAction","target":["https:\/\/dreamfilters.de\/pl\/produkt\/modul-led-uvc-12-24v-dezynfekcja-wody-do-kamperow-i-systemow-filtracji-2\/"]}]},{"@type":"ImageObject","inLanguage":"pl-PL","@id":"https:\/\/dreamfilters.de\/pl\/produkt\/modul-led-uvc-12-24v-dezynfekcja-wody-do-kamperow-i-systemow-filtracji-2\/#primaryimage","url":"https:\/\/dreamfilters.de\/wp-content\/uploads\/2026\/04\/led-uvc-15l-dreamfilters-camper.jpg","contentUrl":"https:\/\/dreamfilters.de\/wp-content\/uploads\/2026\/04\/led-uvc-15l-dreamfilters-camper.jpg","width":2500,"height":2500,"caption":"LED-UV-C Desinfektionsger\u00e4t f\u00fcr Wohnmobile 15L\/Min."},{"@type":"BreadcrumbList","@id":"https:\/\/dreamfilters.de\/pl\/produkt\/modul-led-uvc-12-24v-dezynfekcja-wody-do-kamperow-i-systemow-filtracji-2\/#breadcrumb","itemListElement":[{"@type":"ListItem","position":1,"name":"Strona g\u0142\u00f3wna","item":"https:\/\/dreamfilters.de\/pl\/"},{"@type":"ListItem","position":2,"name":"Sklep","item":"https:\/\/dreamfilters.de\/shop\/"},{"@type":"ListItem","position":3,"name":"Modu\u0142 LED-UVC 12\/24V.Dezynfekcja wody do kamper\u00f3w i food trackow. 15L\/Min."}]},{"@type":"WebSite","@id":"https:\/\/dreamfilters.de\/pl\/#website","url":"https:\/\/dreamfilters.de\/pl\/","name":"DreamFilters\u00ae","description":"Drink water with pleasure","publisher":{"@id":"https:\/\/dreamfilters.de\/pl\/#organization"},"alternateName":"DreamFilters","potentialAction":[{"@type":"SearchAction","target":{"@type":"EntryPoint","urlTemplate":"https:\/\/dreamfilters.de\/pl\/?s={search_term_string}"},"query-input":{"@type":"PropertyValueSpecification","valueRequired":true,"valueName":"search_term_string"}}],"inLanguage":"pl-PL"},{"@type":"Organization","@id":"https:\/\/dreamfilters.de\/pl\/#organization","name":"DreamFilters\u00ae","url":"https:\/\/dreamfilters.de\/pl\/","logo":{"@type":"ImageObject","inLanguage":"pl-PL","@id":"https:\/\/dreamfilters.de\/pl\/#\/schema\/logo\/image\/","url":"https:\/\/dreamfilters.de\/wp-content\/uploads\/2022\/12\/dream_filters_logo_black_F_CMYK.png","contentUrl":"https:\/\/dreamfilters.de\/wp-content\/uploads\/2022\/12\/dream_filters_logo_black_F_CMYK.png","width":464,"height":588,"caption":"DreamFilters\u00ae"},"image":{"@id":"https:\/\/dreamfilters.de\/pl\/#\/schema\/logo\/image\/"},"sameAs":["https:\/\/www.youtube.com\/@dreamfilters6095"]}]}},"_links":{"self":[{"href":"https:\/\/dreamfilters.de\/pl\/wp-json\/wp\/v2\/product\/10626","targetHints":{"allow":["GET"]}}],"collection":[{"href":"https:\/\/dreamfilters.de\/pl\/wp-json\/wp\/v2\/product"}],"about":[{"href":"https:\/\/dreamfilters.de\/pl\/wp-json\/wp\/v2\/types\/product"}],"wp:featuredmedia":[{"embeddable":true,"href":"https:\/\/dreamfilters.de\/pl\/wp-json\/wp\/v2\/media\/10673"}],"wp:attachment":[{"href":"https:\/\/dreamfilters.de\/pl\/wp-json\/wp\/v2\/media?parent=10626"}],"wp:term":[{"taxonomy":"product_brand","embeddable":true,"href":"https:\/\/dreamfilters.de\/pl\/wp-json\/wp\/v2\/product_brand?post=10626"},{"taxonomy":"product_cat","embeddable":true,"href":"https:\/\/dreamfilters.de\/pl\/wp-json\/wp\/v2\/product_cat?post=10626"},{"taxonomy":"product_tag","embeddable":true,"href":"https:\/\/dreamfilters.de\/pl\/wp-json\/wp\/v2\/product_tag?post=10626"}],"curies":[{"name":"wp","href":"https:\/\/api.w.org\/{rel}","templated":true}]}}