{"id":453,"date":"2022-01-17T17:11:13","date_gmt":"2022-01-17T16:11:13","guid":{"rendered":"https:\/\/dreamfilters.de\/?page_id=453"},"modified":"2022-06-08T11:57:55","modified_gmt":"2022-06-08T09:57:55","slug":"platnosci","status":"publish","type":"page","link":"https:\/\/dreamfilters.de\/pl\/platnosci\/","title":{"rendered":"P\u0142atno\u015bci"},"content":{"rendered":"\n<div class=\"wp-block-media-text alignwide is-stacked-on-mobile\"><figure class=\"wp-block-media-text__media\"><img loading=\"lazy\" decoding=\"async\" width=\"9406\" height=\"5868\" src=\"https:\/\/dreamfilters.de\/wp-content\/uploads\/2022\/04\/Payments_terms-min-1.png\" alt=\"\" class=\"wp-image-2741 size-full\" srcset=\"https:\/\/dreamfilters.de\/wp-content\/uploads\/2022\/04\/Payments_terms-min-1.png 9406w, https:\/\/dreamfilters.de\/wp-content\/uploads\/2022\/04\/Payments_terms-min-1-300x187.png 300w, https:\/\/dreamfilters.de\/wp-content\/uploads\/2022\/04\/Payments_terms-min-1-475x296.png 475w\" sizes=\"auto, (max-width: 9406px) 100vw, 9406px\" \/><\/figure><div class=\"wp-block-media-text__content\">\n<p style=\"font-size:30px\">W sklepie internetowym DreamFilters oferujemy Tobie r\u00f3\u017cne opcje p\u0142atno\u015bci:<\/p>\n<\/div><\/div>\n\n\n\n<div style=\"height:80px\" aria-hidden=\"true\" class=\"wp-block-spacer\"><\/div>\n\n\n\n<div class=\"wp-block-media-text alignwide is-stacked-on-mobile\" style=\"grid-template-columns:15% auto\"><figure class=\"wp-block-media-text__media\"><img loading=\"lazy\" decoding=\"async\" width=\"428\" height=\"246\" src=\"https:\/\/dreamfilters.de\/wp-content\/uploads\/2022\/04\/Barzahlung-min.png\" alt=\"\" class=\"wp-image-2832 size-full\" srcset=\"https:\/\/dreamfilters.de\/wp-content\/uploads\/2022\/04\/Barzahlung-min.png 428w, https:\/\/dreamfilters.de\/wp-content\/uploads\/2022\/04\/Barzahlung-min-300x172.png 300w\" sizes=\"auto, (max-width: 428px) 100vw, 428px\" \/><\/figure><div class=\"wp-block-media-text__content\">\n<p style=\"font-size:15px\"><strong>P\u0142atno\u015b\u0107 got\u00f3wk\u0105<\/strong> \u2013 Oczywi\u015bcie mo\u017cesz r\u00f3wnie\u017c zap\u0142aci\u0107 za sw\u00f3j towar got\u00f3wk\u0105. Nale\u017cy pami\u0119ta\u0107, \u017ce w przypadku p\u0142atno\u015bci got\u00f3wkowych o warto\u015bci powy\u017cej 10.000,00 EUR jeste\u015bmy zobowi\u0105zani do identyfikacji kupuj\u0105cego i p\u0142atnika zgodnie z ustaw\u0105 \u00a74 Abs. 3 i 4 GwG o praniu brudnych pieni\u0119dzy.<\/p>\n<\/div><\/div>\n\n\n\n<div style=\"height:80px\" aria-hidden=\"true\" class=\"wp-block-spacer\"><\/div>\n\n\n\n<div class=\"wp-block-media-text alignwide is-stacked-on-mobile\" style=\"grid-template-columns:15% auto\"><figure class=\"wp-block-media-text__media\"><img loading=\"lazy\" decoding=\"async\" width=\"427\" height=\"246\" src=\"https:\/\/dreamfilters.de\/wp-content\/uploads\/2022\/04\/Vorkasse-Banku\u0308berweisung-2.png\" alt=\"\" class=\"wp-image-2826 size-full\" srcset=\"https:\/\/dreamfilters.de\/wp-content\/uploads\/2022\/04\/Vorkasse-Banku\u0308berweisung-2.png 427w, https:\/\/dreamfilters.de\/wp-content\/uploads\/2022\/04\/Vorkasse-Banku\u0308berweisung-2-300x173.png 300w\" sizes=\"auto, (max-width: 427px) 100vw, 427px\" \/><\/figure><div class=\"wp-block-media-text__content\">\n<p style=\"font-size:15px\"><strong>Przelew bankowy-<\/strong> Je\u015bli wybra\u0142e\u015b t\u0119 metod\u0119 p\u0142atno\u015bci, natychmiast po z\u0142o\u017ceniu zam\u00f3wienia otrzymasz wiadomo\u015b\u0107 e-mail zawieraj\u0105c\u0105 nasze dane bankowe i dalsze informacje.<\/p>\n\n\n\n<p style=\"font-size:15px\">Jak tylko otrzymamy wp\u0142at\u0119 (zwykle w ci\u0105gu 1 do 3 dni roboczych w przypadku przelew\u00f3w krajowych) niezw\u0142ocznie przygotujemy Tw\u00f3j towar do wysy\u0142ki i przeka\u017cemy go naszemu dostawcy us\u0142ug logistycznych.<\/p>\n<\/div><\/div>\n\n\n\n<div style=\"height:80px\" aria-hidden=\"true\" class=\"wp-block-spacer\"><\/div>\n\n\n\n<div class=\"wp-block-media-text alignwide is-stacked-on-mobile\" style=\"grid-template-columns:15% auto\"><figure class=\"wp-block-media-text__media\"><img loading=\"lazy\" decoding=\"async\" width=\"427\" height=\"246\" src=\"https:\/\/dreamfilters.de\/wp-content\/uploads\/2022\/04\/PayPal-6.png\" alt=\"\" class=\"wp-image-2788 size-full\" srcset=\"https:\/\/dreamfilters.de\/wp-content\/uploads\/2022\/04\/PayPal-6.png 427w, https:\/\/dreamfilters.de\/wp-content\/uploads\/2022\/04\/PayPal-6-300x173.png 300w\" sizes=\"auto, (max-width: 427px) 100vw, 427px\" \/><\/figure><div class=\"wp-block-media-text__content\">\n<p style=\"font-size:15px\">Dzi\u0119ki opcjom p\u0142atno\u015bci PayPal, p\u0142atno\u015b\u0107 online dostosowuje si\u0119 ca\u0142kowicie do Twoich potrzeb. Po prostu tak, jak sobie \u017cyczysz: natychmiastowo, przez polecenie zap\u0142aty, 30 dni p\u00f3\u017aniej lub kart\u0105 kredytow\u0105 na koniec miesi\u0105ca. Wi\u0119ksze zakupy mo\u017cesz wygodnie sp\u0142aci\u0107 w 3, 6, 12 lub 24 miesi\u0119cznych ratach.<\/p>\n<\/div><\/div>\n\n\n\n<div style=\"height:80px\" aria-hidden=\"true\" class=\"wp-block-spacer\"><\/div>\n\n\n\n<div class=\"wp-block-media-text alignwide is-stacked-on-mobile\" style=\"grid-template-columns:15% auto\"><figure class=\"wp-block-media-text__media\"><img loading=\"lazy\" decoding=\"async\" width=\"427\" height=\"245\" src=\"https:\/\/dreamfilters.de\/wp-content\/uploads\/2022\/04\/Klarna.png\" alt=\"\" class=\"wp-image-2791 size-full\" srcset=\"https:\/\/dreamfilters.de\/wp-content\/uploads\/2022\/04\/Klarna.png 427w, https:\/\/dreamfilters.de\/wp-content\/uploads\/2022\/04\/Klarna-300x172.png 300w\" sizes=\"auto, (max-width: 427px) 100vw, 427px\" \/><\/figure><div class=\"wp-block-media-text__content\">\n<p style=\"font-size:15px\">Dost\u0119pne metody p\u0142atno\u015bci to: zap\u0142a\u0107 teraz (p\u0142atno\u015b\u0107 kart\u0105, Klarna Direct i Sofort), zap\u0142a\u0107 p\u00f3\u017aniej (faktura) oraz p\u0142a\u0107 w ratach (plany ratalne na 6, 12, 24 i 36 miesi\u0119cy oraz elastyczne p\u0142atno\u015bci).<\/p>\n<\/div><\/div>\n\n\n\n<div style=\"height:80px\" aria-hidden=\"true\" class=\"wp-block-spacer\"><\/div>\n\n\n\n<div class=\"wp-block-media-text alignwide is-stacked-on-mobile\" style=\"grid-template-columns:15% auto\"><figure class=\"wp-block-media-text__media\"><img loading=\"lazy\" decoding=\"async\" width=\"430\" height=\"247\" src=\"https:\/\/dreamfilters.de\/wp-content\/uploads\/2022\/04\/Credit_card.png\" alt=\"\" class=\"wp-image-2804 size-full\" srcset=\"https:\/\/dreamfilters.de\/wp-content\/uploads\/2022\/04\/Credit_card.png 430w, https:\/\/dreamfilters.de\/wp-content\/uploads\/2022\/04\/Credit_card-300x172.png 300w\" sizes=\"auto, (max-width: 430px) 100vw, 430px\" \/><\/figure><div class=\"wp-block-media-text__content\">\n<p style=\"font-size:15px\">Zap\u0142a\u0107 za swoje zam\u00f3wienie w naszym sklepie szybko i \u0142atwo za pomoc\u0105 najcz\u0119\u015bciej u\u017cywanych na \u015bwiecie \u015brodk\u00f3w p\u0142atniczych czyli <strong>karty kredytowej<\/strong>: Visa, MasterCard, Maestro.<\/p>\n<\/div><\/div>\n\n\n\n<div style=\"height:80px\" aria-hidden=\"true\" class=\"wp-block-spacer\"><\/div>\n\n\n\n<div class=\"wp-block-media-text alignwide is-stacked-on-mobile\" style=\"grid-template-columns:15% auto\"><figure class=\"wp-block-media-text__media\"><img loading=\"lazy\" decoding=\"async\" width=\"430\" height=\"251\" src=\"https:\/\/dreamfilters.de\/wp-content\/uploads\/2022\/04\/ratenkauf-by-easycredit-logo-vector.png\" alt=\"\" class=\"wp-image-2799 size-full\" srcset=\"https:\/\/dreamfilters.de\/wp-content\/uploads\/2022\/04\/ratenkauf-by-easycredit-logo-vector.png 430w, https:\/\/dreamfilters.de\/wp-content\/uploads\/2022\/04\/ratenkauf-by-easycredit-logo-vector-300x175.png 300w\" sizes=\"auto, (max-width: 430px) 100vw, 430px\" \/><\/figure><div class=\"wp-block-media-text__content\">\n<p style=\"font-size:15px\"><strong>Ratenkauf by easyCredit<\/strong> oferuje mo\u017cliwo\u015b\u0107 wygodnej i \u0142atwej p\u0142atno\u015bci w ratach. Bezpo\u015brednio z domu i bez \u017cadnego ryzyka. Poniewa\u017c najpierw otrzymasz zam\u00f3wienie, a p\u00f3\u017aniej wygodnie zap\u0142acisz w \u017c\u0105danych ratach.<\/p>\n\n\n\n<p style=\"font-size:15px\"><strong>Warto\u015bci zam\u00f3wienia:<\/strong> od 200 do 10 000 euro<br><strong>Terminy:<\/strong> od 2 do 60 miesi\u0119cy<br><strong>Wszystkie niezb\u0119dne informacje<\/strong> s\u0105 rejestrowane bezpo\u015brednio online po z\u0142o\u017ceniu zam\u00f3wienia. Sprawdzenie i decyzja podejmowane s\u0105 natychmiast online.<br><strong>Zwrot pieni\u0119dzy:<\/strong> Najpierw otrzymasz zam\u00f3wienie i mo\u017cesz podj\u0105\u0107 decyzj\u0119 w wolnym czasie. Pierwsz\u0105 rat\u0119 sp\u0142acasz nie wcze\u015bniej ni\u017c 30 dni po dostawie. Szczeg\u00f3\u0142owy plan ratalny otrzymasz e-mailem. Wcze\u015bniejsze sp\u0142aty i przerwy w p\u0142atno\u015bciach s\u0105 mo\u017cliwe bezp\u0142atnie.<br><strong>Op\u0142aty manipulacyjne:<\/strong> Brak<\/p>\n<\/div><\/div>\n\n    <div class=\"xs_social_share_widget xs_share_url after_content \t\tmain_content  wslu-style-1 wslu-share-box-shaped wslu-fill-colored wslu-none wslu-share-horizontal wslu-theme-font-no wslu-main_content\">\n\n\t\t\n        <ul>\n\t\t\t        <\/ul>\n    <\/div> \n","protected":false},"excerpt":{"rendered":"<p>W sklepie internetowym DreamFilters oferujemy Tobie r\u00f3\u017cne opcje p\u0142atno\u015bci: P\u0142atno\u015b\u0107 got\u00f3wk\u0105 \u2013 Oczywi\u015bcie mo\u017cesz r\u00f3wnie\u017c zap\u0142aci\u0107 za sw\u00f3j towar got\u00f3wk\u0105. Nale\u017cy pami\u0119ta\u0107, \u017ce w przypadku p\u0142atno\u015bci got\u00f3wkowych o warto\u015bci powy\u017cej 10.000,00 EUR jeste\u015bmy zobowi\u0105zani do identyfikacji kupuj\u0105cego i p\u0142atnika zgodnie z ustaw\u0105 \u00a74 Abs. 3 i 4 GwG o praniu brudnych pieni\u0119dzy. Przelew bankowy- Je\u015bli [&hellip;]<\/p>\n","protected":false},"author":1,"featured_media":0,"parent":0,"menu_order":0,"comment_status":"closed","ping_status":"closed","template":"","meta":{"_acf_changed":false,"footnotes":""},"class_list":["post-453","page","type-page","status-publish","hentry"],"acf":[],"yoast_head":"<!-- This site is optimized with the Yoast SEO Premium plugin v25.2 (Yoast SEO v27.5) - https:\/\/yoast.com\/product\/yoast-seo-premium-wordpress\/ -->\n<title>P\u0142atno\u015bci - DreamFilters<\/title>\n<meta name=\"robots\" content=\"index, follow, max-snippet:-1, max-image-preview:large, max-video-preview:-1\" \/>\n<link rel=\"canonical\" href=\"https:\/\/dreamfilters.de\/pl\/platnosci\/\" \/>\n<meta property=\"og:locale\" content=\"pl_PL\" \/>\n<meta property=\"og:type\" content=\"article\" \/>\n<meta property=\"og:title\" content=\"P\u0142atno\u015bci\" \/>\n<meta property=\"og:description\" content=\"W sklepie internetowym DreamFilters oferujemy Tobie r\u00f3\u017cne opcje p\u0142atno\u015bci: P\u0142atno\u015b\u0107 got\u00f3wk\u0105 \u2013 Oczywi\u015bcie mo\u017cesz r\u00f3wnie\u017c zap\u0142aci\u0107 za sw\u00f3j towar got\u00f3wk\u0105. Nale\u017cy pami\u0119ta\u0107, \u017ce w przypadku p\u0142atno\u015bci got\u00f3wkowych o warto\u015bci powy\u017cej 10.000,00 EUR jeste\u015bmy zobowi\u0105zani do identyfikacji kupuj\u0105cego i p\u0142atnika zgodnie z ustaw\u0105 \u00a74 Abs. 3 i 4 GwG o praniu brudnych pieni\u0119dzy. Przelew bankowy- Je\u015bli [&hellip;]\" \/>\n<meta property=\"og:url\" content=\"https:\/\/dreamfilters.de\/pl\/platnosci\/\" \/>\n<meta property=\"og:site_name\" content=\"DreamFilters\" \/>\n<meta property=\"article:modified_time\" content=\"2022-06-08T09:57:55+00:00\" \/>\n<meta property=\"og:image\" content=\"https:\/\/dreamfilters.de\/wp-content\/uploads\/2022\/04\/Payments_terms-min-1.png\" \/>\n<meta name=\"twitter:card\" content=\"summary_large_image\" \/>\n<meta name=\"twitter:label1\" content=\"Szacowany czas czytania\" \/>\n\t<meta name=\"twitter:data1\" content=\"2 minuty\" \/>\n<script type=\"application\/ld+json\" class=\"yoast-schema-graph\">{\"@context\":\"https:\\\/\\\/schema.org\",\"@graph\":[{\"@type\":\"WebPage\",\"@id\":\"https:\\\/\\\/dreamfilters.de\\\/pl\\\/platnosci\\\/\",\"url\":\"https:\\\/\\\/dreamfilters.de\\\/pl\\\/platnosci\\\/\",\"name\":\"P\u0142atno\u015bci - DreamFilters\",\"isPartOf\":{\"@id\":\"https:\\\/\\\/dreamfilters.de\\\/pl\\\/#website\"},\"primaryImageOfPage\":{\"@id\":\"https:\\\/\\\/dreamfilters.de\\\/pl\\\/platnosci\\\/#primaryimage\"},\"image\":{\"@id\":\"https:\\\/\\\/dreamfilters.de\\\/pl\\\/platnosci\\\/#primaryimage\"},\"thumbnailUrl\":\"https:\\\/\\\/dreamfilters.de\\\/wp-content\\\/uploads\\\/2022\\\/04\\\/Payments_terms-min-1.png\",\"datePublished\":\"2022-01-17T16:11:13+00:00\",\"dateModified\":\"2022-06-08T09:57:55+00:00\",\"breadcrumb\":{\"@id\":\"https:\\\/\\\/dreamfilters.de\\\/pl\\\/platnosci\\\/#breadcrumb\"},\"inLanguage\":\"pl-PL\",\"potentialAction\":[{\"@type\":\"ReadAction\",\"target\":[\"https:\\\/\\\/dreamfilters.de\\\/pl\\\/platnosci\\\/\"]}]},{\"@type\":\"ImageObject\",\"inLanguage\":\"pl-PL\",\"@id\":\"https:\\\/\\\/dreamfilters.de\\\/pl\\\/platnosci\\\/#primaryimage\",\"url\":\"https:\\\/\\\/dreamfilters.de\\\/wp-content\\\/uploads\\\/2022\\\/04\\\/Payments_terms-min-1.png\",\"contentUrl\":\"https:\\\/\\\/dreamfilters.de\\\/wp-content\\\/uploads\\\/2022\\\/04\\\/Payments_terms-min-1.png\"},{\"@type\":\"BreadcrumbList\",\"@id\":\"https:\\\/\\\/dreamfilters.de\\\/pl\\\/platnosci\\\/#breadcrumb\",\"itemListElement\":[{\"@type\":\"ListItem\",\"position\":1,\"name\":\"Strona g\u0142\u00f3wna\",\"item\":\"https:\\\/\\\/dreamfilters.de\\\/pl\\\/\"},{\"@type\":\"ListItem\",\"position\":2,\"name\":\"P\u0142atno\u015bci\"}]},{\"@type\":\"WebSite\",\"@id\":\"https:\\\/\\\/dreamfilters.de\\\/pl\\\/#website\",\"url\":\"https:\\\/\\\/dreamfilters.de\\\/pl\\\/\",\"name\":\"DreamFilters\u00ae\",\"description\":\"Drink water with pleasure\",\"publisher\":{\"@id\":\"https:\\\/\\\/dreamfilters.de\\\/pl\\\/#organization\"},\"alternateName\":\"DreamFilters\",\"potentialAction\":[{\"@type\":\"SearchAction\",\"target\":{\"@type\":\"EntryPoint\",\"urlTemplate\":\"https:\\\/\\\/dreamfilters.de\\\/pl\\\/?s={search_term_string}\"},\"query-input\":{\"@type\":\"PropertyValueSpecification\",\"valueRequired\":true,\"valueName\":\"search_term_string\"}}],\"inLanguage\":\"pl-PL\"},{\"@type\":\"Organization\",\"@id\":\"https:\\\/\\\/dreamfilters.de\\\/pl\\\/#organization\",\"name\":\"DreamFilters\u00ae\",\"url\":\"https:\\\/\\\/dreamfilters.de\\\/pl\\\/\",\"logo\":{\"@type\":\"ImageObject\",\"inLanguage\":\"pl-PL\",\"@id\":\"https:\\\/\\\/dreamfilters.de\\\/pl\\\/#\\\/schema\\\/logo\\\/image\\\/\",\"url\":\"https:\\\/\\\/dreamfilters.de\\\/wp-content\\\/uploads\\\/2022\\\/12\\\/dream_filters_logo_black_F_CMYK.png\",\"contentUrl\":\"https:\\\/\\\/dreamfilters.de\\\/wp-content\\\/uploads\\\/2022\\\/12\\\/dream_filters_logo_black_F_CMYK.png\",\"width\":464,\"height\":588,\"caption\":\"DreamFilters\u00ae\"},\"image\":{\"@id\":\"https:\\\/\\\/dreamfilters.de\\\/pl\\\/#\\\/schema\\\/logo\\\/image\\\/\"},\"sameAs\":[\"https:\\\/\\\/www.youtube.com\\\/@dreamfilters6095\"]}]}<\/script>\n<!-- \/ Yoast SEO Premium plugin. -->","yoast_head_json":{"title":"P\u0142atno\u015bci - DreamFilters","robots":{"index":"index","follow":"follow","max-snippet":"max-snippet:-1","max-image-preview":"max-image-preview:large","max-video-preview":"max-video-preview:-1"},"canonical":"https:\/\/dreamfilters.de\/pl\/platnosci\/","og_locale":"pl_PL","og_type":"article","og_title":"P\u0142atno\u015bci","og_description":"W sklepie internetowym DreamFilters oferujemy Tobie r\u00f3\u017cne opcje p\u0142atno\u015bci: P\u0142atno\u015b\u0107 got\u00f3wk\u0105 \u2013 Oczywi\u015bcie mo\u017cesz r\u00f3wnie\u017c zap\u0142aci\u0107 za sw\u00f3j towar got\u00f3wk\u0105. Nale\u017cy pami\u0119ta\u0107, \u017ce w przypadku p\u0142atno\u015bci got\u00f3wkowych o warto\u015bci powy\u017cej 10.000,00 EUR jeste\u015bmy zobowi\u0105zani do identyfikacji kupuj\u0105cego i p\u0142atnika zgodnie z ustaw\u0105 \u00a74 Abs. 3 i 4 GwG o praniu brudnych pieni\u0119dzy. Przelew bankowy- Je\u015bli [&hellip;]","og_url":"https:\/\/dreamfilters.de\/pl\/platnosci\/","og_site_name":"DreamFilters","article_modified_time":"2022-06-08T09:57:55+00:00","og_image":[{"url":"https:\/\/dreamfilters.de\/wp-content\/uploads\/2022\/04\/Payments_terms-min-1.png","type":"","width":"","height":""}],"twitter_card":"summary_large_image","twitter_misc":{"Szacowany czas czytania":"2 minuty"},"schema":{"@context":"https:\/\/schema.org","@graph":[{"@type":"WebPage","@id":"https:\/\/dreamfilters.de\/pl\/platnosci\/","url":"https:\/\/dreamfilters.de\/pl\/platnosci\/","name":"P\u0142atno\u015bci - DreamFilters","isPartOf":{"@id":"https:\/\/dreamfilters.de\/pl\/#website"},"primaryImageOfPage":{"@id":"https:\/\/dreamfilters.de\/pl\/platnosci\/#primaryimage"},"image":{"@id":"https:\/\/dreamfilters.de\/pl\/platnosci\/#primaryimage"},"thumbnailUrl":"https:\/\/dreamfilters.de\/wp-content\/uploads\/2022\/04\/Payments_terms-min-1.png","datePublished":"2022-01-17T16:11:13+00:00","dateModified":"2022-06-08T09:57:55+00:00","breadcrumb":{"@id":"https:\/\/dreamfilters.de\/pl\/platnosci\/#breadcrumb"},"inLanguage":"pl-PL","potentialAction":[{"@type":"ReadAction","target":["https:\/\/dreamfilters.de\/pl\/platnosci\/"]}]},{"@type":"ImageObject","inLanguage":"pl-PL","@id":"https:\/\/dreamfilters.de\/pl\/platnosci\/#primaryimage","url":"https:\/\/dreamfilters.de\/wp-content\/uploads\/2022\/04\/Payments_terms-min-1.png","contentUrl":"https:\/\/dreamfilters.de\/wp-content\/uploads\/2022\/04\/Payments_terms-min-1.png"},{"@type":"BreadcrumbList","@id":"https:\/\/dreamfilters.de\/pl\/platnosci\/#breadcrumb","itemListElement":[{"@type":"ListItem","position":1,"name":"Strona g\u0142\u00f3wna","item":"https:\/\/dreamfilters.de\/pl\/"},{"@type":"ListItem","position":2,"name":"P\u0142atno\u015bci"}]},{"@type":"WebSite","@id":"https:\/\/dreamfilters.de\/pl\/#website","url":"https:\/\/dreamfilters.de\/pl\/","name":"DreamFilters\u00ae","description":"Drink water with pleasure","publisher":{"@id":"https:\/\/dreamfilters.de\/pl\/#organization"},"alternateName":"DreamFilters","potentialAction":[{"@type":"SearchAction","target":{"@type":"EntryPoint","urlTemplate":"https:\/\/dreamfilters.de\/pl\/?s={search_term_string}"},"query-input":{"@type":"PropertyValueSpecification","valueRequired":true,"valueName":"search_term_string"}}],"inLanguage":"pl-PL"},{"@type":"Organization","@id":"https:\/\/dreamfilters.de\/pl\/#organization","name":"DreamFilters\u00ae","url":"https:\/\/dreamfilters.de\/pl\/","logo":{"@type":"ImageObject","inLanguage":"pl-PL","@id":"https:\/\/dreamfilters.de\/pl\/#\/schema\/logo\/image\/","url":"https:\/\/dreamfilters.de\/wp-content\/uploads\/2022\/12\/dream_filters_logo_black_F_CMYK.png","contentUrl":"https:\/\/dreamfilters.de\/wp-content\/uploads\/2022\/12\/dream_filters_logo_black_F_CMYK.png","width":464,"height":588,"caption":"DreamFilters\u00ae"},"image":{"@id":"https:\/\/dreamfilters.de\/pl\/#\/schema\/logo\/image\/"},"sameAs":["https:\/\/www.youtube.com\/@dreamfilters6095"]}]}},"_links":{"self":[{"href":"https:\/\/dreamfilters.de\/pl\/wp-json\/wp\/v2\/pages\/453","targetHints":{"allow":["GET"]}}],"collection":[{"href":"https:\/\/dreamfilters.de\/pl\/wp-json\/wp\/v2\/pages"}],"about":[{"href":"https:\/\/dreamfilters.de\/pl\/wp-json\/wp\/v2\/types\/page"}],"author":[{"embeddable":true,"href":"https:\/\/dreamfilters.de\/pl\/wp-json\/wp\/v2\/users\/1"}],"replies":[{"embeddable":true,"href":"https:\/\/dreamfilters.de\/pl\/wp-json\/wp\/v2\/comments?post=453"}],"version-history":[{"count":0,"href":"https:\/\/dreamfilters.de\/pl\/wp-json\/wp\/v2\/pages\/453\/revisions"}],"wp:attachment":[{"href":"https:\/\/dreamfilters.de\/pl\/wp-json\/wp\/v2\/media?parent=453"}],"curies":[{"name":"wp","href":"https:\/\/api.w.org\/{rel}","templated":true}]}}