{"id":444,"date":"2022-01-17T16:58:18","date_gmt":"2022-01-17T15:58:18","guid":{"rendered":"https:\/\/dreamfilters.de\/?page_id=444"},"modified":"2023-09-24T17:56:14","modified_gmt":"2023-09-24T15:56:14","slug":"filmy","status":"publish","type":"page","link":"https:\/\/dreamfilters.de\/pl\/filmy\/","title":{"rendered":"Filmy"},"content":{"rendered":"\n<h1 class=\"wp-block-heading has-text-align-center\" id=\"filmy-instruktazowe\">Filmy instrukta\u017cowe<\/h1>\n\n\n\n<div class=\"wp-block-columns is-layout-flex wp-container-core-columns-is-layout-9d6595d7 wp-block-columns-is-layout-flex\">\n<div class=\"wp-block-column is-layout-flow wp-block-column-is-layout-flow\" style=\"flex-basis:10%\"><\/div>\n\n\n\n<div class=\"wp-block-column is-layout-flow wp-block-column-is-layout-flow\" style=\"flex-basis:80%\">\n<h3 class=\"wp-block-heading\" id=\"1-wymiana-filtrow\">1. Instalacja filtra do wody DreamFilters&nbsp;<\/h3>\n\n\n\n<figure class=\"wp-block-video\"><video controls poster=\"https:\/\/dreamfilters.de\/wp-content\/uploads\/2022\/02\/cover.jpg\" src=\"\/wp-content\/uploads\/df.mp4\"><\/video><\/figure>\n\n\n\n<h3 class=\"wp-block-heading\">2. Coroczna wymiana filtr\u00f3w w systemach DreamFilters<\/h3>\n\n\n\n<figure class=\"wp-block-video\"><video controls poster=\"https:\/\/dreamfilters.de\/wp-content\/uploads\/2022\/04\/Bildschirmfoto-2022-04-14-um-17.19.09.png\" src=\"https:\/\/dreamfilters.de\/wp-content\/uploads\/2022\/04\/DF-wymiana-filtrow-FINAL-3.mov\"><\/video><\/figure>\n\n\n\n<h3 class=\"wp-block-heading\">3. Instalacja baterii tr\u00f3jdro\u017cnej DreamFilters<\/h3>\n\n\n\n<figure class=\"wp-block-video\"><video controls poster=\"https:\/\/dreamfilters.de\/wp-content\/uploads\/2022\/04\/DreamFilters_Drei-Wege-Hahn_Installation.png\" src=\"https:\/\/dreamfilters.de\/wp-content\/uploads\/2022\/04\/DREAMFILTERS-montaz-baterii-2.mov\"><\/video><\/figure>\n\n\n\n<div style=\"height:40px\" aria-hidden=\"true\" class=\"wp-block-spacer\"><\/div>\n<\/div>\n\n\n\n<div class=\"wp-block-column is-layout-flow wp-block-column-is-layout-flow\" style=\"flex-basis:10%\"><\/div>\n<\/div>\n\n\n\n<p><\/p>\n\n\n\n<h3 class=\"wp-block-heading\"> 4. B\u0105d\u017a bezpieczny z Hydro-Stopper!<\/h3>\n\n\n\n<figure class=\"wp-block-embed is-type-video is-provider-youtube wp-block-embed-youtube wp-embed-aspect-16-9 wp-has-aspect-ratio\"><div class=\"wp-block-embed__wrapper\">\n<iframe loading=\"lazy\" title=\"Bleiben Sie flutsicher! \ud83c\udf0a\ud83c\udfe0\" width=\"1200\" height=\"675\" src=\"https:\/\/www.youtube.com\/embed\/1YN8K9-TTto?feature=oembed\" frameborder=\"0\" allow=\"accelerometer; autoplay; clipboard-write; encrypted-media; gyroscope; picture-in-picture; web-share\" allowfullscreen><\/iframe>\n<\/div><\/figure>\n\n\n\n<h2 class=\"wp-block-heading\">Filtr do wody nowej ery\ud83d\udca7\ud83e\ude75<\/h2>\n\n\n\n<figure class=\"wp-block-embed is-type-video is-provider-youtube wp-block-embed-youtube wp-embed-aspect-16-9 wp-has-aspect-ratio\"><div class=\"wp-block-embed__wrapper\">\n<iframe loading=\"lazy\" title=\"The water filter of the new era\ud83d\udca7\ud83e\ude75\" width=\"1200\" height=\"675\" src=\"https:\/\/www.youtube.com\/embed\/0QPK5Yz_nPg?feature=oembed\" frameborder=\"0\" allow=\"accelerometer; autoplay; clipboard-write; encrypted-media; gyroscope; picture-in-picture; web-share\" allowfullscreen><\/iframe>\n<\/div><\/figure>\n\n    <div class=\"xs_social_share_widget xs_share_url after_content \t\tmain_content  wslu-style-1 wslu-share-box-shaped wslu-fill-colored wslu-none wslu-share-horizontal wslu-theme-font-no wslu-main_content\">\n\n\t\t\n        <ul>\n\t\t\t        <\/ul>\n    <\/div> \n","protected":false},"excerpt":{"rendered":"<p>Filmy instrukta\u017cowe 1. Instalacja filtra do wody DreamFilters&nbsp; 2. Coroczna wymiana filtr\u00f3w w systemach DreamFilters 3. Instalacja baterii tr\u00f3jdro\u017cnej DreamFilters 4. B\u0105d\u017a bezpieczny z Hydro-Stopper! Filtr do wody nowej ery\ud83d\udca7\ud83e\ude75<\/p>\n","protected":false},"author":1,"featured_media":0,"parent":0,"menu_order":0,"comment_status":"closed","ping_status":"closed","template":"page-fullwidth.php","meta":{"_acf_changed":false,"footnotes":""},"class_list":["post-444","page","type-page","status-publish","hentry"],"acf":[],"yoast_head":"<!-- This site is optimized with the Yoast SEO Premium plugin v25.2 (Yoast SEO v27.1.1) - https:\/\/yoast.com\/product\/yoast-seo-premium-wordpress\/ -->\n<title>Filmy - DreamFilters<\/title>\n<meta name=\"robots\" content=\"index, follow, max-snippet:-1, max-image-preview:large, max-video-preview:-1\" \/>\n<link rel=\"canonical\" href=\"https:\/\/dreamfilters.de\/pl\/filmy\/\" \/>\n<meta property=\"og:locale\" content=\"pl_PL\" \/>\n<meta property=\"og:type\" content=\"article\" \/>\n<meta property=\"og:title\" content=\"Filmy\" \/>\n<meta property=\"og:description\" content=\"Filmy instrukta\u017cowe 1. Instalacja filtra do wody DreamFilters&nbsp; 2. Coroczna wymiana filtr\u00f3w w systemach DreamFilters 3. Instalacja baterii tr\u00f3jdro\u017cnej DreamFilters 4. B\u0105d\u017a bezpieczny z Hydro-Stopper! Filtr do wody nowej ery\ud83d\udca7\ud83e\ude75\" \/>\n<meta property=\"og:url\" content=\"https:\/\/dreamfilters.de\/pl\/filmy\/\" \/>\n<meta property=\"og:site_name\" content=\"DreamFilters\" \/>\n<meta property=\"article:modified_time\" content=\"2023-09-24T15:56:14+00:00\" \/>\n<meta name=\"twitter:card\" content=\"summary_large_image\" \/>\n<meta name=\"twitter:label1\" content=\"Szacowany czas czytania\" \/>\n\t<meta name=\"twitter:data1\" content=\"1 minuta\" \/>\n<script type=\"application\/ld+json\" class=\"yoast-schema-graph\">{\"@context\":\"https:\/\/schema.org\",\"@graph\":[{\"@type\":\"WebPage\",\"@id\":\"https:\/\/dreamfilters.de\/pl\/filmy\/\",\"url\":\"https:\/\/dreamfilters.de\/pl\/filmy\/\",\"name\":\"Filmy - DreamFilters\",\"isPartOf\":{\"@id\":\"https:\/\/dreamfilters.de\/pl\/#website\"},\"datePublished\":\"2022-01-17T15:58:18+00:00\",\"dateModified\":\"2023-09-24T15:56:14+00:00\",\"breadcrumb\":{\"@id\":\"https:\/\/dreamfilters.de\/pl\/filmy\/#breadcrumb\"},\"inLanguage\":\"pl-PL\",\"potentialAction\":[{\"@type\":\"ReadAction\",\"target\":[\"https:\/\/dreamfilters.de\/pl\/filmy\/\"]}]},{\"@type\":\"BreadcrumbList\",\"@id\":\"https:\/\/dreamfilters.de\/pl\/filmy\/#breadcrumb\",\"itemListElement\":[{\"@type\":\"ListItem\",\"position\":1,\"name\":\"Strona g\u0142\u00f3wna\",\"item\":\"https:\/\/dreamfilters.de\/pl\/\"},{\"@type\":\"ListItem\",\"position\":2,\"name\":\"Filmy\"}]},{\"@type\":\"WebSite\",\"@id\":\"https:\/\/dreamfilters.de\/pl\/#website\",\"url\":\"https:\/\/dreamfilters.de\/pl\/\",\"name\":\"DreamFilters\u00ae\",\"description\":\"Drink water with pleasure\",\"publisher\":{\"@id\":\"https:\/\/dreamfilters.de\/pl\/#organization\"},\"alternateName\":\"DreamFilters\",\"potentialAction\":[{\"@type\":\"SearchAction\",\"target\":{\"@type\":\"EntryPoint\",\"urlTemplate\":\"https:\/\/dreamfilters.de\/pl\/?s={search_term_string}\"},\"query-input\":{\"@type\":\"PropertyValueSpecification\",\"valueRequired\":true,\"valueName\":\"search_term_string\"}}],\"inLanguage\":\"pl-PL\"},{\"@type\":\"Organization\",\"@id\":\"https:\/\/dreamfilters.de\/pl\/#organization\",\"name\":\"DreamFilters\u00ae\",\"url\":\"https:\/\/dreamfilters.de\/pl\/\",\"logo\":{\"@type\":\"ImageObject\",\"inLanguage\":\"pl-PL\",\"@id\":\"https:\/\/dreamfilters.de\/pl\/#\/schema\/logo\/image\/\",\"url\":\"https:\/\/dreamfilters.de\/wp-content\/uploads\/2022\/12\/dream_filters_logo_black_F_CMYK.png\",\"contentUrl\":\"https:\/\/dreamfilters.de\/wp-content\/uploads\/2022\/12\/dream_filters_logo_black_F_CMYK.png\",\"width\":464,\"height\":588,\"caption\":\"DreamFilters\u00ae\"},\"image\":{\"@id\":\"https:\/\/dreamfilters.de\/pl\/#\/schema\/logo\/image\/\"},\"sameAs\":[\"https:\/\/www.youtube.com\/@dreamfilters6095\"]}]}<\/script>\n<!-- \/ Yoast SEO Premium plugin. -->","yoast_head_json":{"title":"Filmy - DreamFilters","robots":{"index":"index","follow":"follow","max-snippet":"max-snippet:-1","max-image-preview":"max-image-preview:large","max-video-preview":"max-video-preview:-1"},"canonical":"https:\/\/dreamfilters.de\/pl\/filmy\/","og_locale":"pl_PL","og_type":"article","og_title":"Filmy","og_description":"Filmy instrukta\u017cowe 1. Instalacja filtra do wody DreamFilters&nbsp; 2. Coroczna wymiana filtr\u00f3w w systemach DreamFilters 3. Instalacja baterii tr\u00f3jdro\u017cnej DreamFilters 4. B\u0105d\u017a bezpieczny z Hydro-Stopper! Filtr do wody nowej ery\ud83d\udca7\ud83e\ude75","og_url":"https:\/\/dreamfilters.de\/pl\/filmy\/","og_site_name":"DreamFilters","article_modified_time":"2023-09-24T15:56:14+00:00","twitter_card":"summary_large_image","twitter_misc":{"Szacowany czas czytania":"1 minuta"},"schema":{"@context":"https:\/\/schema.org","@graph":[{"@type":"WebPage","@id":"https:\/\/dreamfilters.de\/pl\/filmy\/","url":"https:\/\/dreamfilters.de\/pl\/filmy\/","name":"Filmy - DreamFilters","isPartOf":{"@id":"https:\/\/dreamfilters.de\/pl\/#website"},"datePublished":"2022-01-17T15:58:18+00:00","dateModified":"2023-09-24T15:56:14+00:00","breadcrumb":{"@id":"https:\/\/dreamfilters.de\/pl\/filmy\/#breadcrumb"},"inLanguage":"pl-PL","potentialAction":[{"@type":"ReadAction","target":["https:\/\/dreamfilters.de\/pl\/filmy\/"]}]},{"@type":"BreadcrumbList","@id":"https:\/\/dreamfilters.de\/pl\/filmy\/#breadcrumb","itemListElement":[{"@type":"ListItem","position":1,"name":"Strona g\u0142\u00f3wna","item":"https:\/\/dreamfilters.de\/pl\/"},{"@type":"ListItem","position":2,"name":"Filmy"}]},{"@type":"WebSite","@id":"https:\/\/dreamfilters.de\/pl\/#website","url":"https:\/\/dreamfilters.de\/pl\/","name":"DreamFilters\u00ae","description":"Drink water with pleasure","publisher":{"@id":"https:\/\/dreamfilters.de\/pl\/#organization"},"alternateName":"DreamFilters","potentialAction":[{"@type":"SearchAction","target":{"@type":"EntryPoint","urlTemplate":"https:\/\/dreamfilters.de\/pl\/?s={search_term_string}"},"query-input":{"@type":"PropertyValueSpecification","valueRequired":true,"valueName":"search_term_string"}}],"inLanguage":"pl-PL"},{"@type":"Organization","@id":"https:\/\/dreamfilters.de\/pl\/#organization","name":"DreamFilters\u00ae","url":"https:\/\/dreamfilters.de\/pl\/","logo":{"@type":"ImageObject","inLanguage":"pl-PL","@id":"https:\/\/dreamfilters.de\/pl\/#\/schema\/logo\/image\/","url":"https:\/\/dreamfilters.de\/wp-content\/uploads\/2022\/12\/dream_filters_logo_black_F_CMYK.png","contentUrl":"https:\/\/dreamfilters.de\/wp-content\/uploads\/2022\/12\/dream_filters_logo_black_F_CMYK.png","width":464,"height":588,"caption":"DreamFilters\u00ae"},"image":{"@id":"https:\/\/dreamfilters.de\/pl\/#\/schema\/logo\/image\/"},"sameAs":["https:\/\/www.youtube.com\/@dreamfilters6095"]}]}},"_links":{"self":[{"href":"https:\/\/dreamfilters.de\/pl\/wp-json\/wp\/v2\/pages\/444","targetHints":{"allow":["GET"]}}],"collection":[{"href":"https:\/\/dreamfilters.de\/pl\/wp-json\/wp\/v2\/pages"}],"about":[{"href":"https:\/\/dreamfilters.de\/pl\/wp-json\/wp\/v2\/types\/page"}],"author":[{"embeddable":true,"href":"https:\/\/dreamfilters.de\/pl\/wp-json\/wp\/v2\/users\/1"}],"replies":[{"embeddable":true,"href":"https:\/\/dreamfilters.de\/pl\/wp-json\/wp\/v2\/comments?post=444"}],"version-history":[{"count":0,"href":"https:\/\/dreamfilters.de\/pl\/wp-json\/wp\/v2\/pages\/444\/revisions"}],"wp:attachment":[{"href":"https:\/\/dreamfilters.de\/pl\/wp-json\/wp\/v2\/media?parent=444"}],"curies":[{"name":"wp","href":"https:\/\/api.w.org\/{rel}","templated":true}]}}