{"id":1557,"date":"2022-02-25T12:04:09","date_gmt":"2022-02-25T11:04:09","guid":{"rendered":"https:\/\/dreamfilters.de\/?page_id=1557"},"modified":"2022-02-28T12:57:18","modified_gmt":"2022-02-28T11:57:18","slug":"zostan-ambasadorem%ef%bf%bc","status":"publish","type":"page","link":"https:\/\/dreamfilters.de\/pl\/zostan-ambasadorem%ef%bf%bc\/","title":{"rendered":"Zosta\u0144 Ambasadorem"},"content":{"rendered":"\n<div style=\"height:50px\" aria-hidden=\"true\" class=\"wp-block-spacer\"><\/div>\n\n\n\n<section class=\"wp-block-group newsletter\"><div class=\"wp-block-group__inner-container is-layout-flow wp-block-group-is-layout-flow\">\n<h2 class=\"wp-block-heading has-text-align-center\" id=\"zostan-naszym-ambasadorem\"><strong>Zosta\u0144 naszym <span class=\"color\">ambasadorem<\/span>.<\/strong><\/h2>\n\n\n\n<p class=\"has-text-align-center txt-big\">Zarabiaj, polecaj\u0105c nas nowym klientom \u2014 bez zobowi\u0105za\u0144 \u2014 bez ukrytych koszt\u00f3w.<\/p>\n\n\n\n<div class=\"wp-block-contact-form-7-contact-form-selector\">\n<div class=\"wpcf7 no-js\" id=\"wpcf7-f403-o1\" lang=\"pl-PL\" dir=\"ltr\" data-wpcf7-id=\"403\">\n<div class=\"screen-reader-response\"><p role=\"status\" aria-live=\"polite\" aria-atomic=\"true\"><\/p> <ul><\/ul><\/div>\n<form action=\"\/pl\/wp-json\/wp\/v2\/pages\/1557#wpcf7-f403-o1\" method=\"post\" class=\"wpcf7-form init\" aria-label=\"Formularz kontaktowy\" novalidate=\"novalidate\" data-status=\"init\">\n<fieldset class=\"hidden-fields-container\"><input type=\"hidden\" name=\"_wpcf7\" value=\"403\" \/><input type=\"hidden\" name=\"_wpcf7_version\" value=\"6.1.5\" \/><input type=\"hidden\" name=\"_wpcf7_locale\" value=\"pl_PL\" \/><input type=\"hidden\" name=\"_wpcf7_unit_tag\" value=\"wpcf7-f403-o1\" \/><input type=\"hidden\" name=\"_wpcf7_container_post\" value=\"0\" \/><input type=\"hidden\" name=\"_wpcf7_posted_data_hash\" value=\"\" \/><input type=\"hidden\" name=\"_wpcf7_recaptcha_response\" value=\"\" \/>\n<\/fieldset>\n<p><span class=\"wpcf7-form-control-wrap\" data-name=\"your-email\"><input size=\"40\" maxlength=\"400\" class=\"wpcf7-form-control wpcf7-email wpcf7-validates-as-required wpcf7-text wpcf7-validates-as-email\" aria-required=\"true\" aria-invalid=\"false\" placeholder=\"Tw\u00f3j e-mail\" value=\"\" type=\"email\" name=\"your-email\" \/><\/span><input class=\"wpcf7-form-control wpcf7-submit has-spinner\" type=\"submit\" value=\"Wy\u015blij\" \/>\n<\/p>\n<div class=\"letternews\">\n\t<p><span class=\"wpcf7-form-control-wrap\" data-name=\"acceptance-393\"><span class=\"wpcf7-form-control wpcf7-acceptance\"><span class=\"wpcf7-list-item\"><label><input type=\"checkbox\" name=\"acceptance-393\" value=\"1\" aria-invalid=\"false\" \/><span class=\"wpcf7-list-item-label\">O\u015bwiadczam, \u017ce zapozna\u0142em si\u0119 z tre\u015bci\u0105   <a href=\"https:\/\/dreamfilters.de\/pl\/polityka-prywatnosci\/\" >o\u015bwiadczenia o ochronie danych.<\/a><\/span><\/label><\/span><\/span><\/span>\n\t<\/p>\n<\/div><p style=\"display: none !important;\" class=\"akismet-fields-container\" data-prefix=\"_wpcf7_ak_\"><label>&#916;<textarea name=\"_wpcf7_ak_hp_textarea\" cols=\"45\" rows=\"8\" maxlength=\"100\"><\/textarea><\/label><input type=\"hidden\" id=\"ak_js_1\" name=\"_wpcf7_ak_js\" value=\"164\"\/><script>document.getElementById( \"ak_js_1\" ).setAttribute( \"value\", ( new Date() ).getTime() );<\/script><\/p><div class=\"wpcf7-response-output\" aria-hidden=\"true\"><\/div>\n<\/form>\n<\/div>\n<\/div>\n<\/div><\/section>\n\n    <div class=\"xs_social_share_widget xs_share_url after_content \t\tmain_content  wslu-style-1 wslu-share-box-shaped wslu-fill-colored wslu-none wslu-share-horizontal wslu-theme-font-no wslu-main_content\">\n\n\t\t\n        <ul>\n\t\t\t        <\/ul>\n    <\/div> \n","protected":false},"excerpt":{"rendered":"","protected":false},"author":1,"featured_media":0,"parent":0,"menu_order":0,"comment_status":"closed","ping_status":"closed","template":"page-fullwidth.php","meta":{"_acf_changed":false,"footnotes":""},"class_list":["post-1557","page","type-page","status-publish","hentry"],"acf":[],"yoast_head":"<!-- This site is optimized with the Yoast SEO Premium plugin v25.2 (Yoast SEO v27.1.1) - https:\/\/yoast.com\/product\/yoast-seo-premium-wordpress\/ -->\n<title>Zosta\u0144 Ambasadorem - DreamFilters<\/title>\n<meta name=\"robots\" content=\"index, follow, max-snippet:-1, max-image-preview:large, max-video-preview:-1\" \/>\n<link rel=\"canonical\" href=\"https:\/\/dreamfilters.de\/pl\/zostan-ambasadorem%ef%bf%bc\/\" \/>\n<meta property=\"og:locale\" content=\"pl_PL\" \/>\n<meta property=\"og:type\" content=\"article\" \/>\n<meta property=\"og:title\" content=\"Zosta\u0144 Ambasadorem\" \/>\n<meta property=\"og:url\" content=\"https:\/\/dreamfilters.de\/pl\/zostan-ambasadorem%ef%bf%bc\/\" \/>\n<meta property=\"og:site_name\" content=\"DreamFilters\" \/>\n<meta property=\"article:modified_time\" content=\"2022-02-28T11:57:18+00:00\" \/>\n<meta name=\"twitter:card\" content=\"summary_large_image\" \/>\n<script type=\"application\/ld+json\" class=\"yoast-schema-graph\">{\"@context\":\"https:\/\/schema.org\",\"@graph\":[{\"@type\":\"WebPage\",\"@id\":\"https:\/\/dreamfilters.de\/pl\/zostan-ambasadorem%ef%bf%bc\/\",\"url\":\"https:\/\/dreamfilters.de\/pl\/zostan-ambasadorem%ef%bf%bc\/\",\"name\":\"Zosta\u0144 Ambasadorem - DreamFilters\",\"isPartOf\":{\"@id\":\"https:\/\/dreamfilters.de\/pl\/#website\"},\"datePublished\":\"2022-02-25T11:04:09+00:00\",\"dateModified\":\"2022-02-28T11:57:18+00:00\",\"breadcrumb\":{\"@id\":\"https:\/\/dreamfilters.de\/pl\/zostan-ambasadorem%ef%bf%bc\/#breadcrumb\"},\"inLanguage\":\"pl-PL\",\"potentialAction\":[{\"@type\":\"ReadAction\",\"target\":[\"https:\/\/dreamfilters.de\/pl\/zostan-ambasadorem%ef%bf%bc\/\"]}]},{\"@type\":\"BreadcrumbList\",\"@id\":\"https:\/\/dreamfilters.de\/pl\/zostan-ambasadorem%ef%bf%bc\/#breadcrumb\",\"itemListElement\":[{\"@type\":\"ListItem\",\"position\":1,\"name\":\"Strona g\u0142\u00f3wna\",\"item\":\"https:\/\/dreamfilters.de\/pl\/\"},{\"@type\":\"ListItem\",\"position\":2,\"name\":\"Zosta\u0144 Ambasadorem\"}]},{\"@type\":\"WebSite\",\"@id\":\"https:\/\/dreamfilters.de\/pl\/#website\",\"url\":\"https:\/\/dreamfilters.de\/pl\/\",\"name\":\"DreamFilters\u00ae\",\"description\":\"Drink water with pleasure\",\"publisher\":{\"@id\":\"https:\/\/dreamfilters.de\/pl\/#organization\"},\"alternateName\":\"DreamFilters\",\"potentialAction\":[{\"@type\":\"SearchAction\",\"target\":{\"@type\":\"EntryPoint\",\"urlTemplate\":\"https:\/\/dreamfilters.de\/pl\/?s={search_term_string}\"},\"query-input\":{\"@type\":\"PropertyValueSpecification\",\"valueRequired\":true,\"valueName\":\"search_term_string\"}}],\"inLanguage\":\"pl-PL\"},{\"@type\":\"Organization\",\"@id\":\"https:\/\/dreamfilters.de\/pl\/#organization\",\"name\":\"DreamFilters\u00ae\",\"url\":\"https:\/\/dreamfilters.de\/pl\/\",\"logo\":{\"@type\":\"ImageObject\",\"inLanguage\":\"pl-PL\",\"@id\":\"https:\/\/dreamfilters.de\/pl\/#\/schema\/logo\/image\/\",\"url\":\"https:\/\/dreamfilters.de\/wp-content\/uploads\/2022\/12\/dream_filters_logo_black_F_CMYK.png\",\"contentUrl\":\"https:\/\/dreamfilters.de\/wp-content\/uploads\/2022\/12\/dream_filters_logo_black_F_CMYK.png\",\"width\":464,\"height\":588,\"caption\":\"DreamFilters\u00ae\"},\"image\":{\"@id\":\"https:\/\/dreamfilters.de\/pl\/#\/schema\/logo\/image\/\"},\"sameAs\":[\"https:\/\/www.youtube.com\/@dreamfilters6095\"]}]}<\/script>\n<!-- \/ Yoast SEO Premium plugin. -->","yoast_head_json":{"title":"Zosta\u0144 Ambasadorem - DreamFilters","robots":{"index":"index","follow":"follow","max-snippet":"max-snippet:-1","max-image-preview":"max-image-preview:large","max-video-preview":"max-video-preview:-1"},"canonical":"https:\/\/dreamfilters.de\/pl\/zostan-ambasadorem%ef%bf%bc\/","og_locale":"pl_PL","og_type":"article","og_title":"Zosta\u0144 Ambasadorem","og_url":"https:\/\/dreamfilters.de\/pl\/zostan-ambasadorem%ef%bf%bc\/","og_site_name":"DreamFilters","article_modified_time":"2022-02-28T11:57:18+00:00","twitter_card":"summary_large_image","schema":{"@context":"https:\/\/schema.org","@graph":[{"@type":"WebPage","@id":"https:\/\/dreamfilters.de\/pl\/zostan-ambasadorem%ef%bf%bc\/","url":"https:\/\/dreamfilters.de\/pl\/zostan-ambasadorem%ef%bf%bc\/","name":"Zosta\u0144 Ambasadorem - DreamFilters","isPartOf":{"@id":"https:\/\/dreamfilters.de\/pl\/#website"},"datePublished":"2022-02-25T11:04:09+00:00","dateModified":"2022-02-28T11:57:18+00:00","breadcrumb":{"@id":"https:\/\/dreamfilters.de\/pl\/zostan-ambasadorem%ef%bf%bc\/#breadcrumb"},"inLanguage":"pl-PL","potentialAction":[{"@type":"ReadAction","target":["https:\/\/dreamfilters.de\/pl\/zostan-ambasadorem%ef%bf%bc\/"]}]},{"@type":"BreadcrumbList","@id":"https:\/\/dreamfilters.de\/pl\/zostan-ambasadorem%ef%bf%bc\/#breadcrumb","itemListElement":[{"@type":"ListItem","position":1,"name":"Strona g\u0142\u00f3wna","item":"https:\/\/dreamfilters.de\/pl\/"},{"@type":"ListItem","position":2,"name":"Zosta\u0144 Ambasadorem"}]},{"@type":"WebSite","@id":"https:\/\/dreamfilters.de\/pl\/#website","url":"https:\/\/dreamfilters.de\/pl\/","name":"DreamFilters\u00ae","description":"Drink water with pleasure","publisher":{"@id":"https:\/\/dreamfilters.de\/pl\/#organization"},"alternateName":"DreamFilters","potentialAction":[{"@type":"SearchAction","target":{"@type":"EntryPoint","urlTemplate":"https:\/\/dreamfilters.de\/pl\/?s={search_term_string}"},"query-input":{"@type":"PropertyValueSpecification","valueRequired":true,"valueName":"search_term_string"}}],"inLanguage":"pl-PL"},{"@type":"Organization","@id":"https:\/\/dreamfilters.de\/pl\/#organization","name":"DreamFilters\u00ae","url":"https:\/\/dreamfilters.de\/pl\/","logo":{"@type":"ImageObject","inLanguage":"pl-PL","@id":"https:\/\/dreamfilters.de\/pl\/#\/schema\/logo\/image\/","url":"https:\/\/dreamfilters.de\/wp-content\/uploads\/2022\/12\/dream_filters_logo_black_F_CMYK.png","contentUrl":"https:\/\/dreamfilters.de\/wp-content\/uploads\/2022\/12\/dream_filters_logo_black_F_CMYK.png","width":464,"height":588,"caption":"DreamFilters\u00ae"},"image":{"@id":"https:\/\/dreamfilters.de\/pl\/#\/schema\/logo\/image\/"},"sameAs":["https:\/\/www.youtube.com\/@dreamfilters6095"]}]}},"_links":{"self":[{"href":"https:\/\/dreamfilters.de\/pl\/wp-json\/wp\/v2\/pages\/1557","targetHints":{"allow":["GET"]}}],"collection":[{"href":"https:\/\/dreamfilters.de\/pl\/wp-json\/wp\/v2\/pages"}],"about":[{"href":"https:\/\/dreamfilters.de\/pl\/wp-json\/wp\/v2\/types\/page"}],"author":[{"embeddable":true,"href":"https:\/\/dreamfilters.de\/pl\/wp-json\/wp\/v2\/users\/1"}],"replies":[{"embeddable":true,"href":"https:\/\/dreamfilters.de\/pl\/wp-json\/wp\/v2\/comments?post=1557"}],"version-history":[{"count":0,"href":"https:\/\/dreamfilters.de\/pl\/wp-json\/wp\/v2\/pages\/1557\/revisions"}],"wp:attachment":[{"href":"https:\/\/dreamfilters.de\/pl\/wp-json\/wp\/v2\/media?parent=1557"}],"curies":[{"name":"wp","href":"https:\/\/api.w.org\/{rel}","templated":true}]}}